{"id":13638,"date":"2022-01-27T15:52:32","date_gmt":"2022-01-27T13:52:32","guid":{"rendered":"https:\/\/www.electrahotels.gr\/aplicacion-movil-de-electra-hotels\/"},"modified":"2024-05-30T16:31:48","modified_gmt":"2024-05-30T13:31:48","slug":"aplicacion-movil-de-electra-hotels","status":"publish","type":"page","link":"https:\/\/www.electrahotels.gr\/es\/aplicacion-movil-de-electra-hotels\/","title":{"rendered":"Aplicaci\u00f3n m\u00f3vil de Electra Hotels"},"content":{"rendered":"\n<h2 class=\"wp-block-heading\"><strong>Mejore su experiencia con la aplicaci\u00f3n m\u00f3vil de Electra Hotels<\/strong><\/h2>\n\n\n\n<p class=\"has-text-align-left text-right\"><\/p>\n\n\n\n<div class=\"wp-block-columns mt-5 row\">\n<div class=\"wp-block-column col-12 col-md-6\">\n<div class=\"wp-block-columns\">\n<div class=\"wp-block-column\" style=\"flex-basis:100%\"><div data-scroll data-scroll-clip>\n<figure class=\"wp-block-image size-full is-resized\"><a href=\"https:\/\/play.google.com\/store\/apps\/details?id=eurotel.electrahotels.app&amp;hl=en&amp;gl=US\" target=\"_blank\" rel=\"noopener\"><img loading=\"lazy\" decoding=\"async\" width=\"413\" height=\"143\" src=\"https:\/\/www.electrahotels.gr\/app\/uploads\/2021\/10\/1_OIIv4FEjJQMqh-zEPhtlYA-1-1.png\" alt=\"\" class=\"wp-image-5482\" style=\"width:539px;height:186px\"\/><\/a><\/figure>\n<\/div><\/div>\n<\/div>\n\n\n\n<div class=\"wp-block-columns\">\n<div class=\"wp-block-column\" style=\"flex-basis:100%\"><div data-scroll data-scroll-clip>\n<figure class=\"wp-block-image size-full is-resized\"><a href=\"https:\/\/apps.apple.com\/gr\/app\/electra-hotels\/id6444285108\" target=\"_blank\" rel=\"noopener\"><img loading=\"lazy\" decoding=\"async\" width=\"413\" height=\"142\" src=\"https:\/\/www.electrahotels.gr\/app\/uploads\/2021\/10\/235-2356674_download-on-app-store-png-app-store-logo.jpg\" alt=\"\" class=\"wp-image-5488\" style=\"width:537px;height:184px\"\/><\/a><\/figure>\n<\/div><\/div>\n<\/div>\n\n\n\n<div class=\"wp-block-group\"><div class=\"wp-block-group__inner-container\">\n<div class=\"wp-block-group\"><div class=\"wp-block-group__inner-container\"><\/div><\/div>\n<\/div><\/div>\n\n\n\n<ul class=\"wp-block-list\">\n<li>Registro r\u00e1pido<\/li>\n\n\n\n<li>Informaci\u00f3n de seguridad<\/li>\n\n\n\n<li>Organice su traslado  <\/li>\n\n\n\n<li>Restaurantes Reservas<\/li>\n\n\n\n<li>Sugerencias de excursiones y actividades  <\/li>\n\n\n\n<li>Servicios de spa<\/li>\n\n\n\n<li>Men\u00fas de restaurantes y bares<\/li>\n\n\n\n<li>Mapas virtuales  <\/li>\n\n\n\n<li>Ofertas especiales para los usuarios de la aplicaci\u00f3n<\/li>\n<\/ul>\n\n\n\n<p>y muchos m\u00e1s&#8230;<\/p>\n\n\n\n<div class=\"wp-block-buttons\"><\/div>\n<\/div>\n\n\n\n<div class=\"wp-block-column is-vertically-aligned-top col-12 col-md-6 mt-5 mt-md-0\">\n<p><\/p>\n\n\n\n<p><\/p>\n<\/div>\n<\/div>\n\n\n\n<div class=\"wp-block-columns mt-5 row\">\n<div class=\"wp-block-column col-12 col-md-6\">\n<h4 class=\"wp-block-heading\"><\/h4>\n<\/div>\n\n\n\n<div class=\"wp-block-column col-12 col-md-6 mt-5 mt-md-0\">\n<h4 class=\"wp-block-heading\"><\/h4>\n<\/div>\n<\/div>\n\n\n\n<p><\/p>\n\n\n\n<h2 class=\"wp-block-heading text-center my-5\"><\/h2>\n\n\n\n<div class=\"wp-block-columns mt-5 row\"><\/div>\n\n\n\n<div class=\"wp-block-columns mt-5 row\">\n<div class=\"wp-block-column col-12 col-md-6\"><\/div>\n\n\n\n<div class=\"wp-block-column col-12 col-md-6 mt-5 mt-md-0\"><\/div>\n<\/div>\n\n\n\n<div class=\"wp-block-columns mt-5 row\">\n<div class=\"wp-block-column col-12 col-md-6\"><\/div>\n\n\n\n<div class=\"wp-block-column col-12 col-md-6 mt-5 mt-md-0\"><\/div>\n<\/div>\n","protected":false},"excerpt":{"rendered":"<p>Mejore su experiencia con la aplicaci\u00f3n m\u00f3vil de Electra Hotels y muchos m\u00e1s&#8230;<\/p>\n","protected":false},"author":1,"featured_media":0,"parent":0,"menu_order":0,"comment_status":"closed","ping_status":"closed","template":"","meta":{"_acf_changed":false,"footnotes":""},"page_tag":[],"class_list":["post-13638","page","type-page","status-publish","hentry"],"acf":[],"yoast_head":"<!-- This site is optimized with the Yoast SEO plugin v27.4 - https:\/\/yoast.com\/product\/yoast-seo-wordpress\/ -->\n<title>Aplicaci\u00f3n m\u00f3vil de Electra Hotels - Electra Hotels &amp; Resorts<\/title>\n<meta name=\"description\" content=\"Mejore la experiencia de su estancia con nuestra aplicaci\u00f3n m\u00f3vil Electra Hotels, que le permite personalizar su estancia con nosotros de forma eficiente y sin contacto.\" \/>\n<meta name=\"robots\" content=\"index, follow, max-snippet:-1, max-image-preview:large, max-video-preview:-1\" \/>\n<link rel=\"canonical\" href=\"https:\/\/www.electrahotels.gr\/es\/aplicacion-movil-de-electra-hotels\/\" \/>\n<meta property=\"og:locale\" content=\"es_ES\" \/>\n<meta property=\"og:type\" content=\"article\" \/>\n<meta property=\"og:title\" content=\"Aplicaci\u00f3n m\u00f3vil de Electra Hotels - Electra Hotels &amp; Resorts\" \/>\n<meta property=\"og:description\" content=\"Mejore la experiencia de su estancia con nuestra aplicaci\u00f3n m\u00f3vil Electra Hotels, que le permite personalizar su estancia con nosotros de forma eficiente y sin contacto.\" \/>\n<meta property=\"og:url\" content=\"https:\/\/www.electrahotels.gr\/es\/aplicacion-movil-de-electra-hotels\/\" \/>\n<meta property=\"og:site_name\" content=\"Electra Hotels &amp; Resorts\" \/>\n<meta property=\"article:modified_time\" content=\"2024-05-30T13:31:48+00:00\" \/>\n<meta property=\"og:image\" content=\"https:\/\/www.electrahotels.gr\/app\/uploads\/2021\/10\/1_OIIv4FEjJQMqh-zEPhtlYA-1-1.png\" \/>\n<meta name=\"twitter:card\" content=\"summary_large_image\" \/>\n<meta name=\"twitter:label1\" content=\"Tiempo de lectura\" \/>\n\t<meta name=\"twitter:data1\" content=\"1 minuto\" \/>\n<script type=\"application\/ld+json\" class=\"yoast-schema-graph\">{\"@context\":\"https:\\\/\\\/schema.org\",\"@graph\":[{\"@type\":\"WebPage\",\"@id\":\"https:\\\/\\\/www.electrahotels.gr\\\/es\\\/aplicacion-movil-de-electra-hotels\\\/\",\"url\":\"https:\\\/\\\/www.electrahotels.gr\\\/es\\\/aplicacion-movil-de-electra-hotels\\\/\",\"name\":\"Aplicaci\u00f3n m\u00f3vil de Electra Hotels - Electra Hotels &amp; Resorts\",\"isPartOf\":{\"@id\":\"https:\\\/\\\/www.electrahotels.gr\\\/es\\\/#website\"},\"primaryImageOfPage\":{\"@id\":\"https:\\\/\\\/www.electrahotels.gr\\\/es\\\/aplicacion-movil-de-electra-hotels\\\/#primaryimage\"},\"image\":{\"@id\":\"https:\\\/\\\/www.electrahotels.gr\\\/es\\\/aplicacion-movil-de-electra-hotels\\\/#primaryimage\"},\"thumbnailUrl\":\"https:\\\/\\\/www.electrahotels.gr\\\/app\\\/uploads\\\/2021\\\/10\\\/1_OIIv4FEjJQMqh-zEPhtlYA-1-1.png\",\"datePublished\":\"2022-01-27T13:52:32+00:00\",\"dateModified\":\"2024-05-30T13:31:48+00:00\",\"description\":\"Mejore la experiencia de su estancia con nuestra aplicaci\u00f3n m\u00f3vil Electra Hotels, que le permite personalizar su estancia con nosotros de forma eficiente y sin contacto.\",\"breadcrumb\":{\"@id\":\"https:\\\/\\\/www.electrahotels.gr\\\/es\\\/aplicacion-movil-de-electra-hotels\\\/#breadcrumb\"},\"inLanguage\":\"es\",\"potentialAction\":[{\"@type\":\"ReadAction\",\"target\":[\"https:\\\/\\\/www.electrahotels.gr\\\/es\\\/aplicacion-movil-de-electra-hotels\\\/\"]}]},{\"@type\":\"ImageObject\",\"inLanguage\":\"es\",\"@id\":\"https:\\\/\\\/www.electrahotels.gr\\\/es\\\/aplicacion-movil-de-electra-hotels\\\/#primaryimage\",\"url\":\"https:\\\/\\\/www.electrahotels.gr\\\/app\\\/uploads\\\/2021\\\/10\\\/1_OIIv4FEjJQMqh-zEPhtlYA-1-1.png\",\"contentUrl\":\"https:\\\/\\\/www.electrahotels.gr\\\/app\\\/uploads\\\/2021\\\/10\\\/1_OIIv4FEjJQMqh-zEPhtlYA-1-1.png\"},{\"@type\":\"BreadcrumbList\",\"@id\":\"https:\\\/\\\/www.electrahotels.gr\\\/es\\\/aplicacion-movil-de-electra-hotels\\\/#breadcrumb\",\"itemListElement\":[{\"@type\":\"ListItem\",\"position\":1,\"name\":\"Home\",\"item\":\"https:\\\/\\\/www.electrahotels.gr\\\/es\\\/\"},{\"@type\":\"ListItem\",\"position\":2,\"name\":\"Aplicaci\u00f3n m\u00f3vil de Electra Hotels\"}]},{\"@type\":\"WebSite\",\"@id\":\"https:\\\/\\\/www.electrahotels.gr\\\/es\\\/#website\",\"url\":\"https:\\\/\\\/www.electrahotels.gr\\\/es\\\/\",\"name\":\"Electra Hotels &amp; Resorts\",\"description\":\"A group of luxury hotels in Athens, Thessaloniki, Rhodes and Kefalonia committed to offering quality hospitality, service and luxury\",\"potentialAction\":[{\"@type\":\"SearchAction\",\"target\":{\"@type\":\"EntryPoint\",\"urlTemplate\":\"https:\\\/\\\/www.electrahotels.gr\\\/es\\\/?s={search_term_string}\"},\"query-input\":{\"@type\":\"PropertyValueSpecification\",\"valueRequired\":true,\"valueName\":\"search_term_string\"}}],\"inLanguage\":\"es\"}]}<\/script>\n<!-- \/ Yoast SEO plugin. -->","yoast_head_json":{"title":"Aplicaci\u00f3n m\u00f3vil de Electra Hotels - Electra Hotels &amp; Resorts","description":"Mejore la experiencia de su estancia con nuestra aplicaci\u00f3n m\u00f3vil Electra Hotels, que le permite personalizar su estancia con nosotros de forma eficiente y sin contacto.","robots":{"index":"index","follow":"follow","max-snippet":"max-snippet:-1","max-image-preview":"max-image-preview:large","max-video-preview":"max-video-preview:-1"},"canonical":"https:\/\/www.electrahotels.gr\/es\/aplicacion-movil-de-electra-hotels\/","og_locale":"es_ES","og_type":"article","og_title":"Aplicaci\u00f3n m\u00f3vil de Electra Hotels - Electra Hotels &amp; Resorts","og_description":"Mejore la experiencia de su estancia con nuestra aplicaci\u00f3n m\u00f3vil Electra Hotels, que le permite personalizar su estancia con nosotros de forma eficiente y sin contacto.","og_url":"https:\/\/www.electrahotels.gr\/es\/aplicacion-movil-de-electra-hotels\/","og_site_name":"Electra Hotels &amp; Resorts","article_modified_time":"2024-05-30T13:31:48+00:00","og_image":[{"url":"https:\/\/www.electrahotels.gr\/app\/uploads\/2021\/10\/1_OIIv4FEjJQMqh-zEPhtlYA-1-1.png","type":"","width":"","height":""}],"twitter_card":"summary_large_image","twitter_misc":{"Tiempo de lectura":"1 minuto"},"schema":{"@context":"https:\/\/schema.org","@graph":[{"@type":"WebPage","@id":"https:\/\/www.electrahotels.gr\/es\/aplicacion-movil-de-electra-hotels\/","url":"https:\/\/www.electrahotels.gr\/es\/aplicacion-movil-de-electra-hotels\/","name":"Aplicaci\u00f3n m\u00f3vil de Electra Hotels - Electra Hotels &amp; Resorts","isPartOf":{"@id":"https:\/\/www.electrahotels.gr\/es\/#website"},"primaryImageOfPage":{"@id":"https:\/\/www.electrahotels.gr\/es\/aplicacion-movil-de-electra-hotels\/#primaryimage"},"image":{"@id":"https:\/\/www.electrahotels.gr\/es\/aplicacion-movil-de-electra-hotels\/#primaryimage"},"thumbnailUrl":"https:\/\/www.electrahotels.gr\/app\/uploads\/2021\/10\/1_OIIv4FEjJQMqh-zEPhtlYA-1-1.png","datePublished":"2022-01-27T13:52:32+00:00","dateModified":"2024-05-30T13:31:48+00:00","description":"Mejore la experiencia de su estancia con nuestra aplicaci\u00f3n m\u00f3vil Electra Hotels, que le permite personalizar su estancia con nosotros de forma eficiente y sin contacto.","breadcrumb":{"@id":"https:\/\/www.electrahotels.gr\/es\/aplicacion-movil-de-electra-hotels\/#breadcrumb"},"inLanguage":"es","potentialAction":[{"@type":"ReadAction","target":["https:\/\/www.electrahotels.gr\/es\/aplicacion-movil-de-electra-hotels\/"]}]},{"@type":"ImageObject","inLanguage":"es","@id":"https:\/\/www.electrahotels.gr\/es\/aplicacion-movil-de-electra-hotels\/#primaryimage","url":"https:\/\/www.electrahotels.gr\/app\/uploads\/2021\/10\/1_OIIv4FEjJQMqh-zEPhtlYA-1-1.png","contentUrl":"https:\/\/www.electrahotels.gr\/app\/uploads\/2021\/10\/1_OIIv4FEjJQMqh-zEPhtlYA-1-1.png"},{"@type":"BreadcrumbList","@id":"https:\/\/www.electrahotels.gr\/es\/aplicacion-movil-de-electra-hotels\/#breadcrumb","itemListElement":[{"@type":"ListItem","position":1,"name":"Home","item":"https:\/\/www.electrahotels.gr\/es\/"},{"@type":"ListItem","position":2,"name":"Aplicaci\u00f3n m\u00f3vil de Electra Hotels"}]},{"@type":"WebSite","@id":"https:\/\/www.electrahotels.gr\/es\/#website","url":"https:\/\/www.electrahotels.gr\/es\/","name":"Electra Hotels &amp; Resorts","description":"A group of luxury hotels in Athens, Thessaloniki, Rhodes and Kefalonia committed to offering quality hospitality, service and luxury","potentialAction":[{"@type":"SearchAction","target":{"@type":"EntryPoint","urlTemplate":"https:\/\/www.electrahotels.gr\/es\/?s={search_term_string}"},"query-input":{"@type":"PropertyValueSpecification","valueRequired":true,"valueName":"search_term_string"}}],"inLanguage":"es"}]}},"_links":{"self":[{"href":"https:\/\/www.electrahotels.gr\/es\/wp-json\/wp\/v2\/pages\/13638","targetHints":{"allow":["GET"]}}],"collection":[{"href":"https:\/\/www.electrahotels.gr\/es\/wp-json\/wp\/v2\/pages"}],"about":[{"href":"https:\/\/www.electrahotels.gr\/es\/wp-json\/wp\/v2\/types\/page"}],"author":[{"embeddable":true,"href":"https:\/\/www.electrahotels.gr\/es\/wp-json\/wp\/v2\/users\/1"}],"replies":[{"embeddable":true,"href":"https:\/\/www.electrahotels.gr\/es\/wp-json\/wp\/v2\/comments?post=13638"}],"version-history":[{"count":5,"href":"https:\/\/www.electrahotels.gr\/es\/wp-json\/wp\/v2\/pages\/13638\/revisions"}],"predecessor-version":[{"id":47996,"href":"https:\/\/www.electrahotels.gr\/es\/wp-json\/wp\/v2\/pages\/13638\/revisions\/47996"}],"wp:attachment":[{"href":"https:\/\/www.electrahotels.gr\/es\/wp-json\/wp\/v2\/media?parent=13638"}],"wp:term":[{"taxonomy":"page_tag","embeddable":true,"href":"https:\/\/www.electrahotels.gr\/es\/wp-json\/wp\/v2\/page_tag?post=13638"}],"curies":[{"name":"wp","href":"https:\/\/api.w.org\/{rel}","templated":true}]}}