{"id":13836,"date":"2022-01-27T15:53:41","date_gmt":"2022-01-27T13:53:41","guid":{"rendered":"https:\/\/www.electrahotels.gr\/inicio\/"},"modified":"2024-07-01T15:35:58","modified_gmt":"2024-07-01T12:35:58","slug":"inicio","status":"publish","type":"page","link":"https:\/\/www.electrahotels.gr\/es\/","title":{"rendered":"Inicio"},"content":{"rendered":"\n<div class=\"wp-block-columns pt-3 pt-xl-5 pb-4 pb-xl-5\">\n<div class=\"wp-block-column col-12 col-lg-4\">\n<h6 class=\"wp-block-heading opacity-2 pl-lg-5\" id=\"our-philosophy\">Nuestra filosof\u00eda<\/h6>\n\n\n\n<h3 class=\"wp-block-heading pl-lg-5 mb-5 mb-lg-0\" id=\"we-create-warm-and-welcoming-environments\"><strong>Creamos ambientes c\u00e1lidos y acogedores<\/strong><\/h3>\n\n\n\n<p><\/p>\n<\/div>\n\n\n\n<div class=\"wp-block-column col-lg-2 d-none d-lg-block\"><\/div>\n\n\n\n<div class=\"wp-block-column col-12 col-lg-6\">\n<p class=\"pl-0\">Todos los hoteles de Electra Hotels &amp; Resorts se rigen por los mismos principios, pero se caracterizan por su magn\u00e9tica individualidad. Cada uno de nuestros hoteles, que se inspira en el ambiente del lugar en el que se encuentra, tiene un car\u00e1cter distintivo que lo distingue claramente. Su car\u00e1cter se complementa con propuestas gastron\u00f3micas idiosincr\u00e1sicas, exclusivas de cada hotel.<\/p>\n\n\n\n<hr class=\"wp-block-separator max-20 ml-0 bg-secondary mt-5 mb-4\"\/>\n\n\n\n\n\t<div class=\"rating-wrapper position-relative d-flex\">\n\n\t\t<div class=\"rating mr-4 d-flex flex-column align-items-center\">\n\n\t\t\t<div class=\"title\">Calificaci\u00f3n<\/div>\n\n\t\t\t<div class=\"value opacity-4\">3.8<\/div>\n\n\t\t<\/div>\n\n\t\t<div class=\"reviews d-flex flex-column align-items-center\">\n\n\t\t\t<div class=\"title mb-3\">Comentarios<\/div>\n\n\t\t\t<div class=\"stars-wrapper\">\n\n\t\t\t\t<div class=\"actual-rating\" style=\"width: 76%\"><\/div>\n\n\t\t\t<\/div>\n\n\t\t\t<div class=\"subtitle opacity-2 mt-2\">\n\n\t\t\t\tBasado en 12030 rese\u00f1as\n\t\t\t<\/div>\n\n\t\t<\/div>\n\n\t<\/div>\n\n\n<\/div>\n<\/div>\n\n<div class=\"wp-block-columns\">\n<div class=\"wp-block-column\" style=\"flex-basis:100%\"><div data-scroll data-scroll-clip>\n<figure class=\"wp-block-image size-large is-resized is-style-default home-main-img\"><img loading=\"lazy\" decoding=\"async\" src=\"https:\/\/www.electrahotels.gr\/app\/uploads\/2021\/10\/1-EXTERIOR-MAIN-1.jpg-1-900x374.jpg\" alt=\"Electra Palace Tesal&#xF3;nica\" class=\"wp-image-5265\" width=\"1920\" height=\"798\" srcset=\"https:\/\/www.electrahotels.gr\/app\/uploads\/2021\/10\/1-EXTERIOR-MAIN-1.jpg-1-900x374.jpg 900w, https:\/\/www.electrahotels.gr\/app\/uploads\/2021\/10\/1-EXTERIOR-MAIN-1.jpg-1-600x249.jpg 600w, https:\/\/www.electrahotels.gr\/app\/uploads\/2021\/10\/1-EXTERIOR-MAIN-1.jpg-1-768x319.jpg 768w, https:\/\/www.electrahotels.gr\/app\/uploads\/2021\/10\/1-EXTERIOR-MAIN-1.jpg-1-1536x638.jpg 1536w, https:\/\/www.electrahotels.gr\/app\/uploads\/2021\/10\/1-EXTERIOR-MAIN-1.jpg-1-480x200.jpg 480w, https:\/\/www.electrahotels.gr\/app\/uploads\/2021\/10\/1-EXTERIOR-MAIN-1.jpg-1.jpg 1920w\" sizes=\"auto, (max-width: 1920px) 100vw, 1920px\" \/><\/figure>\n<\/div>\n\n\n<p><\/p>\n<\/div>\n<\/div>\n\n<div class=\"wp-block-columns pt-5 pb-5\">\n<div class=\"wp-block-column d-none d-lg-block col-lg-1\"><\/div>\n\n\n\n<div class=\"wp-block-column col-lg-5 col-12\">\n<p class=\"has-text-align-left pr-0 text-right\">Todo parte de una ubicaci\u00f3n estrat\u00e9gica, siempre en lugares seleccionados, llenos de car\u00e1cter y en el coraz\u00f3n de las cosas. Por eso, cada hotel Electra, adem\u00e1s de ser el lugar perfecto para los viajeros que buscan experiencias de alta gama con car\u00e1cter, es tambi\u00e9n la base ideal para explorar la ciudad en la que se encuentra.<\/p>\n\n\n\n<hr class=\"wp-block-separator has-css-opacity w-25 mr-0 bg-secondary my-5\"\/>\n<\/div>\n\n\n\n<div class=\"wp-block-column col-lg-5 text-left col-12\">\n<p class=\"pl-0\">Independientemente del hotel que elija, podr\u00e1 sumergirse en experiencias tan \u00fanicas como gratificantes. Le damos la bienvenida a su propia base.<\/p>\n<\/div>\n\n\n\n<div class=\"wp-block-column d-none d-lg-block col-lg-1\"><\/div>\n<\/div>\n\n<div class=\"wp-block-columns\">\n<div class=\"wp-block-column d-none d-md-block\"><div data-scroll data-scroll-clip>\n<figure class=\"wp-block-image size-large\"><img loading=\"lazy\" decoding=\"async\" width=\"900\" height=\"600\" src=\"https:\/\/www.electrahotels.gr\/app\/uploads\/2021\/08\/electra_metropolis_athens_entrance_girl_luggage-2_resized-900x600.jpg\" alt=\"Electra Palace Atenas\" class=\"wp-image-1325\" srcset=\"https:\/\/www.electrahotels.gr\/app\/uploads\/2021\/08\/electra_metropolis_athens_entrance_girl_luggage-2_resized-900x600.jpg 900w, https:\/\/www.electrahotels.gr\/app\/uploads\/2021\/08\/electra_metropolis_athens_entrance_girl_luggage-2_resized-600x400.jpg 600w, https:\/\/www.electrahotels.gr\/app\/uploads\/2021\/08\/electra_metropolis_athens_entrance_girl_luggage-2_resized-768x512.jpg 768w, https:\/\/www.electrahotels.gr\/app\/uploads\/2021\/08\/electra_metropolis_athens_entrance_girl_luggage-2_resized-1536x1024.jpg 1536w, https:\/\/www.electrahotels.gr\/app\/uploads\/2021\/08\/electra_metropolis_athens_entrance_girl_luggage-2_resized-480x320.jpg 480w, https:\/\/www.electrahotels.gr\/app\/uploads\/2021\/08\/electra_metropolis_athens_entrance_girl_luggage-2_resized.jpg 1920w\" sizes=\"auto, (max-width: 900px) 100vw, 900px\" \/><figcaption class=\"wp-element-caption\">Electra Metropolis Atenas<\/figcaption><\/figure>\n<\/div><\/div>\n\n\n\n<div class=\"wp-block-column\"><div data-scroll data-scroll-clip>\n<figure class=\"wp-block-image size-large\"><img loading=\"lazy\" decoding=\"async\" width=\"900\" height=\"600\" src=\"https:\/\/www.electrahotels.gr\/app\/uploads\/2021\/08\/Electra_Kefalonia_Hotel_And_Spa_Overview_Drone-19-1-900x600.jpg\" alt=\"\" class=\"wp-image-1414\" srcset=\"https:\/\/www.electrahotels.gr\/app\/uploads\/2021\/08\/Electra_Kefalonia_Hotel_And_Spa_Overview_Drone-19-1-900x600.jpg 900w, https:\/\/www.electrahotels.gr\/app\/uploads\/2021\/08\/Electra_Kefalonia_Hotel_And_Spa_Overview_Drone-19-1-600x400.jpg 600w, https:\/\/www.electrahotels.gr\/app\/uploads\/2021\/08\/Electra_Kefalonia_Hotel_And_Spa_Overview_Drone-19-1-768x512.jpg 768w, https:\/\/www.electrahotels.gr\/app\/uploads\/2021\/08\/Electra_Kefalonia_Hotel_And_Spa_Overview_Drone-19-1-1536x1023.jpg 1536w, https:\/\/www.electrahotels.gr\/app\/uploads\/2021\/08\/Electra_Kefalonia_Hotel_And_Spa_Overview_Drone-19-1-480x320.jpg 480w, https:\/\/www.electrahotels.gr\/app\/uploads\/2021\/08\/Electra_Kefalonia_Hotel_And_Spa_Overview_Drone-19-1.jpg 1920w\" sizes=\"auto, (max-width: 900px) 100vw, 900px\" \/><figcaption class=\"wp-element-caption\">Electra Cefalonia<\/figcaption><\/figure>\n<\/div><\/div>\n<\/div>\n\n<p><\/p>\n","protected":false},"excerpt":{"rendered":"<p>Nuestra filosof\u00eda Creamos ambientes c\u00e1lidos y acogedores Todos los hoteles de Electra Hotels &amp; Resorts se rigen por los mismos principios, pero se caracterizan por su magn\u00e9tica individualidad. Cada uno de nuestros hoteles, que se inspira en el ambiente del lugar en el que se encuentra, tiene un car\u00e1cter distintivo que lo distingue claramente. Su<\/p>\n","protected":false},"author":1,"featured_media":0,"parent":0,"menu_order":0,"comment_status":"closed","ping_status":"closed","template":"","meta":{"_acf_changed":false,"footnotes":""},"page_tag":[],"class_list":["post-13836","page","type-page","status-publish","hentry"],"acf":[],"yoast_head":"<!-- This site is optimized with the Yoast SEO plugin v27.4 - https:\/\/yoast.com\/product\/yoast-seo-wordpress\/ -->\n<title>Una colecci\u00f3n premium de hoteles de lujo en Grecia || Electra Hotels<\/title>\n<meta name=\"description\" content=\"Electra Hotels es una colecci\u00f3n premium de hoteles de lujo en Grecia inspirada en la mundialmente famosa hospitalidad griega a la que hemos dado nuestro toque caracter\u00edstico.\" \/>\n<meta name=\"robots\" content=\"index, follow, max-snippet:-1, max-image-preview:large, max-video-preview:-1\" \/>\n<link rel=\"canonical\" href=\"https:\/\/www.electrahotels.gr\/es\/\" \/>\n<meta property=\"og:locale\" content=\"es_ES\" \/>\n<meta property=\"og:type\" content=\"article\" \/>\n<meta property=\"og:title\" content=\"Una colecci\u00f3n premium de hoteles de lujo en Grecia || Electra Hotels\" \/>\n<meta property=\"og:description\" content=\"Electra Hotels es una colecci\u00f3n premium de hoteles de lujo en Grecia inspirada en la mundialmente famosa hospitalidad griega a la que hemos dado nuestro toque caracter\u00edstico.\" \/>\n<meta property=\"og:url\" content=\"https:\/\/www.electrahotels.gr\/es\/\" \/>\n<meta property=\"og:site_name\" content=\"Electra Hotels &amp; Resorts\" \/>\n<meta property=\"article:modified_time\" content=\"2024-07-01T12:35:58+00:00\" \/>\n<meta property=\"og:image\" content=\"https:\/\/www.electrahotels.gr\/app\/uploads\/2021\/10\/1-EXTERIOR-MAIN-1.jpg-1-900x374.jpg\" \/>\n<meta name=\"twitter:card\" content=\"summary_large_image\" \/>\n<meta name=\"twitter:label1\" content=\"Tiempo de lectura\" \/>\n\t<meta name=\"twitter:data1\" content=\"2 minutos\" \/>\n<script type=\"application\/ld+json\" class=\"yoast-schema-graph\">{\"@context\":\"https:\\\/\\\/schema.org\",\"@graph\":[{\"@type\":\"WebPage\",\"@id\":\"https:\\\/\\\/www.electrahotels.gr\\\/es\\\/\",\"url\":\"https:\\\/\\\/www.electrahotels.gr\\\/es\\\/\",\"name\":\"Una colecci\u00f3n premium de hoteles de lujo en Grecia || Electra Hotels\",\"isPartOf\":{\"@id\":\"https:\\\/\\\/www.electrahotels.gr\\\/es\\\/#website\"},\"primaryImageOfPage\":{\"@id\":\"https:\\\/\\\/www.electrahotels.gr\\\/es\\\/#primaryimage\"},\"image\":{\"@id\":\"https:\\\/\\\/www.electrahotels.gr\\\/es\\\/#primaryimage\"},\"thumbnailUrl\":\"https:\\\/\\\/www.electrahotels.gr\\\/app\\\/uploads\\\/2021\\\/10\\\/1-EXTERIOR-MAIN-1.jpg-1-900x374.jpg\",\"datePublished\":\"2022-01-27T13:53:41+00:00\",\"dateModified\":\"2024-07-01T12:35:58+00:00\",\"description\":\"Electra Hotels es una colecci\u00f3n premium de hoteles de lujo en Grecia inspirada en la mundialmente famosa hospitalidad griega a la que hemos dado nuestro toque caracter\u00edstico.\",\"breadcrumb\":{\"@id\":\"https:\\\/\\\/www.electrahotels.gr\\\/es\\\/#breadcrumb\"},\"inLanguage\":\"es\",\"potentialAction\":[{\"@type\":\"ReadAction\",\"target\":[\"https:\\\/\\\/www.electrahotels.gr\\\/es\\\/\"]}]},{\"@type\":\"ImageObject\",\"inLanguage\":\"es\",\"@id\":\"https:\\\/\\\/www.electrahotels.gr\\\/es\\\/#primaryimage\",\"url\":\"https:\\\/\\\/www.electrahotels.gr\\\/app\\\/uploads\\\/2021\\\/10\\\/1-EXTERIOR-MAIN-1.jpg-1-900x374.jpg\",\"contentUrl\":\"https:\\\/\\\/www.electrahotels.gr\\\/app\\\/uploads\\\/2021\\\/10\\\/1-EXTERIOR-MAIN-1.jpg-1-900x374.jpg\"},{\"@type\":\"BreadcrumbList\",\"@id\":\"https:\\\/\\\/www.electrahotels.gr\\\/es\\\/#breadcrumb\",\"itemListElement\":[{\"@type\":\"ListItem\",\"position\":1,\"name\":\"Home\",\"item\":\"https:\\\/\\\/www.electrahotels.gr\\\/es\\\/\"},{\"@type\":\"ListItem\",\"position\":2,\"name\":\"Inicio\"}]},{\"@type\":\"WebSite\",\"@id\":\"https:\\\/\\\/www.electrahotels.gr\\\/es\\\/#website\",\"url\":\"https:\\\/\\\/www.electrahotels.gr\\\/es\\\/\",\"name\":\"Electra Hotels &amp; Resorts\",\"description\":\"A group of luxury hotels in Athens, Thessaloniki, Rhodes and Kefalonia committed to offering quality hospitality, service and luxury\",\"potentialAction\":[{\"@type\":\"SearchAction\",\"target\":{\"@type\":\"EntryPoint\",\"urlTemplate\":\"https:\\\/\\\/www.electrahotels.gr\\\/es\\\/?s={search_term_string}\"},\"query-input\":{\"@type\":\"PropertyValueSpecification\",\"valueRequired\":true,\"valueName\":\"search_term_string\"}}],\"inLanguage\":\"es\"}]}<\/script>\n<!-- \/ Yoast SEO plugin. -->","yoast_head_json":{"title":"Una colecci\u00f3n premium de hoteles de lujo en Grecia || Electra Hotels","description":"Electra Hotels es una colecci\u00f3n premium de hoteles de lujo en Grecia inspirada en la mundialmente famosa hospitalidad griega a la que hemos dado nuestro toque caracter\u00edstico.","robots":{"index":"index","follow":"follow","max-snippet":"max-snippet:-1","max-image-preview":"max-image-preview:large","max-video-preview":"max-video-preview:-1"},"canonical":"https:\/\/www.electrahotels.gr\/es\/","og_locale":"es_ES","og_type":"article","og_title":"Una colecci\u00f3n premium de hoteles de lujo en Grecia || Electra Hotels","og_description":"Electra Hotels es una colecci\u00f3n premium de hoteles de lujo en Grecia inspirada en la mundialmente famosa hospitalidad griega a la que hemos dado nuestro toque caracter\u00edstico.","og_url":"https:\/\/www.electrahotels.gr\/es\/","og_site_name":"Electra Hotels &amp; Resorts","article_modified_time":"2024-07-01T12:35:58+00:00","og_image":[{"url":"https:\/\/www.electrahotels.gr\/app\/uploads\/2021\/10\/1-EXTERIOR-MAIN-1.jpg-1-900x374.jpg","type":"","width":"","height":""}],"twitter_card":"summary_large_image","twitter_misc":{"Tiempo de lectura":"2 minutos"},"schema":{"@context":"https:\/\/schema.org","@graph":[{"@type":"WebPage","@id":"https:\/\/www.electrahotels.gr\/es\/","url":"https:\/\/www.electrahotels.gr\/es\/","name":"Una colecci\u00f3n premium de hoteles de lujo en Grecia || Electra Hotels","isPartOf":{"@id":"https:\/\/www.electrahotels.gr\/es\/#website"},"primaryImageOfPage":{"@id":"https:\/\/www.electrahotels.gr\/es\/#primaryimage"},"image":{"@id":"https:\/\/www.electrahotels.gr\/es\/#primaryimage"},"thumbnailUrl":"https:\/\/www.electrahotels.gr\/app\/uploads\/2021\/10\/1-EXTERIOR-MAIN-1.jpg-1-900x374.jpg","datePublished":"2022-01-27T13:53:41+00:00","dateModified":"2024-07-01T12:35:58+00:00","description":"Electra Hotels es una colecci\u00f3n premium de hoteles de lujo en Grecia inspirada en la mundialmente famosa hospitalidad griega a la que hemos dado nuestro toque caracter\u00edstico.","breadcrumb":{"@id":"https:\/\/www.electrahotels.gr\/es\/#breadcrumb"},"inLanguage":"es","potentialAction":[{"@type":"ReadAction","target":["https:\/\/www.electrahotels.gr\/es\/"]}]},{"@type":"ImageObject","inLanguage":"es","@id":"https:\/\/www.electrahotels.gr\/es\/#primaryimage","url":"https:\/\/www.electrahotels.gr\/app\/uploads\/2021\/10\/1-EXTERIOR-MAIN-1.jpg-1-900x374.jpg","contentUrl":"https:\/\/www.electrahotels.gr\/app\/uploads\/2021\/10\/1-EXTERIOR-MAIN-1.jpg-1-900x374.jpg"},{"@type":"BreadcrumbList","@id":"https:\/\/www.electrahotels.gr\/es\/#breadcrumb","itemListElement":[{"@type":"ListItem","position":1,"name":"Home","item":"https:\/\/www.electrahotels.gr\/es\/"},{"@type":"ListItem","position":2,"name":"Inicio"}]},{"@type":"WebSite","@id":"https:\/\/www.electrahotels.gr\/es\/#website","url":"https:\/\/www.electrahotels.gr\/es\/","name":"Electra Hotels &amp; Resorts","description":"A group of luxury hotels in Athens, Thessaloniki, Rhodes and Kefalonia committed to offering quality hospitality, service and luxury","potentialAction":[{"@type":"SearchAction","target":{"@type":"EntryPoint","urlTemplate":"https:\/\/www.electrahotels.gr\/es\/?s={search_term_string}"},"query-input":{"@type":"PropertyValueSpecification","valueRequired":true,"valueName":"search_term_string"}}],"inLanguage":"es"}]}},"_links":{"self":[{"href":"https:\/\/www.electrahotels.gr\/es\/wp-json\/wp\/v2\/pages\/13836","targetHints":{"allow":["GET"]}}],"collection":[{"href":"https:\/\/www.electrahotels.gr\/es\/wp-json\/wp\/v2\/pages"}],"about":[{"href":"https:\/\/www.electrahotels.gr\/es\/wp-json\/wp\/v2\/types\/page"}],"author":[{"embeddable":true,"href":"https:\/\/www.electrahotels.gr\/es\/wp-json\/wp\/v2\/users\/1"}],"replies":[{"embeddable":true,"href":"https:\/\/www.electrahotels.gr\/es\/wp-json\/wp\/v2\/comments?post=13836"}],"version-history":[{"count":10,"href":"https:\/\/www.electrahotels.gr\/es\/wp-json\/wp\/v2\/pages\/13836\/revisions"}],"predecessor-version":[{"id":49002,"href":"https:\/\/www.electrahotels.gr\/es\/wp-json\/wp\/v2\/pages\/13836\/revisions\/49002"}],"wp:attachment":[{"href":"https:\/\/www.electrahotels.gr\/es\/wp-json\/wp\/v2\/media?parent=13836"}],"wp:term":[{"taxonomy":"page_tag","embeddable":true,"href":"https:\/\/www.electrahotels.gr\/es\/wp-json\/wp\/v2\/page_tag?post=13836"}],"curies":[{"name":"wp","href":"https:\/\/api.w.org\/{rel}","templated":true}]}}