{"id":14141,"date":"2022-01-27T16:16:46","date_gmt":"2022-01-27T14:16:46","guid":{"rendered":"https:\/\/www.electrahotels.gr\/nuestros-hoteles\/palacio-electra-de-atenas\/"},"modified":"2023-05-15T11:44:55","modified_gmt":"2023-05-15T08:44:55","slug":"palacio-electra-de-atenas","status":"publish","type":"page","link":"https:\/\/www.electrahotels.gr\/es\/nuestros-hoteles\/palacio-electra-de-atenas\/","title":{"rendered":"Electra Palace Atenas"},"content":{"rendered":"\n<p>En el rostro del Electra Palace Athens, el pasado aristocr\u00e1tico de la ciudad se une a su emocionante presente y futuro en una interpretaci\u00f3n intemporal del lujo.<\/p>\n","protected":false},"excerpt":{"rendered":"<p>En el rostro del Electra Palace Athens, el pasado aristocr\u00e1tico de la ciudad se une a su emocionante presente y futuro en una interpretaci\u00f3n intemporal del lujo.<\/p>\n","protected":false},"author":1,"featured_media":54540,"parent":14138,"menu_order":0,"comment_status":"closed","ping_status":"closed","template":"page-templates\/hotel.php","meta":{"_acf_changed":false,"footnotes":""},"page_tag":[440,442,439,443],"class_list":["post-14141","page","type-page","status-publish","has-post-thumbnail","hentry","page_tag-momentos-familiares","page_tag-negocios-y-ocio","page_tag-sentir-las-vibraciones-de-la-ciudad","page_tag-trabajo-a-distancia"],"acf":[],"yoast_head":"<!-- This site is optimized with the Yoast SEO plugin v27.3 - https:\/\/yoast.com\/product\/yoast-seo-wordpress\/ -->\n<title>Hotel neocl\u00e1sico de 5 estrellas en Atenas, Plaka | Electra Palace Athens<\/title>\n<meta name=\"description\" content=\"Combinando el pasado aristocr\u00e1tico ateniense con los lujos de la hospitalidad moderna, este hotel neocl\u00e1sico de 5 estrellas en Atenas fusiona la elegancia a trav\u00e9s de los siglos.\" \/>\n<meta name=\"robots\" content=\"index, follow, max-snippet:-1, max-image-preview:large, max-video-preview:-1\" \/>\n<link rel=\"canonical\" href=\"https:\/\/www.electrahotels.gr\/es\/nuestros-hoteles\/palacio-electra-de-atenas\/\" \/>\n<meta property=\"og:locale\" content=\"es_ES\" \/>\n<meta property=\"og:type\" content=\"article\" \/>\n<meta property=\"og:title\" content=\"Hotel neocl\u00e1sico de 5 estrellas en Atenas, Plaka | Electra Palace Athens\" \/>\n<meta property=\"og:description\" content=\"Combinando el pasado aristocr\u00e1tico ateniense con los lujos de la hospitalidad moderna, este hotel neocl\u00e1sico de 5 estrellas en Atenas fusiona la elegancia a trav\u00e9s de los siglos.\" \/>\n<meta property=\"og:url\" content=\"https:\/\/www.electrahotels.gr\/es\/nuestros-hoteles\/palacio-electra-de-atenas\/\" \/>\n<meta property=\"og:site_name\" content=\"Electra Hotels &amp; Resorts\" \/>\n<meta property=\"article:modified_time\" content=\"2023-05-15T08:44:55+00:00\" \/>\n<meta property=\"og:image\" content=\"https:\/\/www.electrahotels.gr\/app\/uploads\/sites\/75\/2021\/09\/img_1769_ok-custom_resized.jpg\" \/>\n\t<meta property=\"og:image:width\" content=\"853\" \/>\n\t<meta property=\"og:image:height\" content=\"1280\" \/>\n\t<meta property=\"og:image:type\" content=\"image\/jpeg\" \/>\n<meta name=\"twitter:card\" content=\"summary_large_image\" \/>\n<script type=\"application\/ld+json\" class=\"yoast-schema-graph\">{\"@context\":\"https:\\\/\\\/schema.org\",\"@graph\":[{\"@type\":\"WebPage\",\"@id\":\"https:\\\/\\\/www.electrahotels.gr\\\/es\\\/nuestros-hoteles\\\/palacio-electra-de-atenas\\\/\",\"url\":\"https:\\\/\\\/www.electrahotels.gr\\\/es\\\/nuestros-hoteles\\\/palacio-electra-de-atenas\\\/\",\"name\":\"Hotel neocl\u00e1sico de 5 estrellas en Atenas, Plaka | Electra Palace Athens\",\"isPartOf\":{\"@id\":\"https:\\\/\\\/www.electrahotels.gr\\\/es\\\/#website\"},\"primaryImageOfPage\":{\"@id\":\"https:\\\/\\\/www.electrahotels.gr\\\/es\\\/nuestros-hoteles\\\/palacio-electra-de-atenas\\\/#primaryimage\"},\"image\":{\"@id\":\"https:\\\/\\\/www.electrahotels.gr\\\/es\\\/nuestros-hoteles\\\/palacio-electra-de-atenas\\\/#primaryimage\"},\"thumbnailUrl\":\"https:\\\/\\\/www.electrahotels.gr\\\/app\\\/uploads\\\/2025\\\/07\\\/electra-palace-athens-hotel-exterior-flags-balcony.jpg\",\"datePublished\":\"2022-01-27T14:16:46+00:00\",\"dateModified\":\"2023-05-15T08:44:55+00:00\",\"description\":\"Combinando el pasado aristocr\u00e1tico ateniense con los lujos de la hospitalidad moderna, este hotel neocl\u00e1sico de 5 estrellas en Atenas fusiona la elegancia a trav\u00e9s de los siglos.\",\"breadcrumb\":{\"@id\":\"https:\\\/\\\/www.electrahotels.gr\\\/es\\\/nuestros-hoteles\\\/palacio-electra-de-atenas\\\/#breadcrumb\"},\"inLanguage\":\"es\",\"potentialAction\":[{\"@type\":\"ReadAction\",\"target\":[\"https:\\\/\\\/www.electrahotels.gr\\\/es\\\/nuestros-hoteles\\\/palacio-electra-de-atenas\\\/\"]}]},{\"@type\":\"ImageObject\",\"inLanguage\":\"es\",\"@id\":\"https:\\\/\\\/www.electrahotels.gr\\\/es\\\/nuestros-hoteles\\\/palacio-electra-de-atenas\\\/#primaryimage\",\"url\":\"https:\\\/\\\/www.electrahotels.gr\\\/app\\\/uploads\\\/2025\\\/07\\\/electra-palace-athens-hotel-exterior-flags-balcony.jpg\",\"contentUrl\":\"https:\\\/\\\/www.electrahotels.gr\\\/app\\\/uploads\\\/2025\\\/07\\\/electra-palace-athens-hotel-exterior-flags-balcony.jpg\",\"width\":2250,\"height\":1687},{\"@type\":\"BreadcrumbList\",\"@id\":\"https:\\\/\\\/www.electrahotels.gr\\\/es\\\/nuestros-hoteles\\\/palacio-electra-de-atenas\\\/#breadcrumb\",\"itemListElement\":[{\"@type\":\"ListItem\",\"position\":1,\"name\":\"Home\",\"item\":\"https:\\\/\\\/www.electrahotels.gr\\\/es\\\/\"},{\"@type\":\"ListItem\",\"position\":2,\"name\":\"Nuestros hoteles\",\"item\":\"https:\\\/\\\/www.electrahotels.gr\\\/es\\\/nuestros-hoteles\\\/\"},{\"@type\":\"ListItem\",\"position\":3,\"name\":\"Electra Palace Atenas\"}]},{\"@type\":\"WebSite\",\"@id\":\"https:\\\/\\\/www.electrahotels.gr\\\/es\\\/#website\",\"url\":\"https:\\\/\\\/www.electrahotels.gr\\\/es\\\/\",\"name\":\"Electra Hotels &amp; Resorts\",\"description\":\"A group of luxury hotels in Athens, Thessaloniki, Rhodes and Kefalonia committed to offering quality hospitality, service and luxury\",\"potentialAction\":[{\"@type\":\"SearchAction\",\"target\":{\"@type\":\"EntryPoint\",\"urlTemplate\":\"https:\\\/\\\/www.electrahotels.gr\\\/es\\\/?s={search_term_string}\"},\"query-input\":{\"@type\":\"PropertyValueSpecification\",\"valueRequired\":true,\"valueName\":\"search_term_string\"}}],\"inLanguage\":\"es\"}]}<\/script>\n<!-- \/ Yoast SEO plugin. -->","yoast_head_json":{"title":"Hotel neocl\u00e1sico de 5 estrellas en Atenas, Plaka | Electra Palace Athens","description":"Combinando el pasado aristocr\u00e1tico ateniense con los lujos de la hospitalidad moderna, este hotel neocl\u00e1sico de 5 estrellas en Atenas fusiona la elegancia a trav\u00e9s de los siglos.","robots":{"index":"index","follow":"follow","max-snippet":"max-snippet:-1","max-image-preview":"max-image-preview:large","max-video-preview":"max-video-preview:-1"},"canonical":"https:\/\/www.electrahotels.gr\/es\/nuestros-hoteles\/palacio-electra-de-atenas\/","og_locale":"es_ES","og_type":"article","og_title":"Hotel neocl\u00e1sico de 5 estrellas en Atenas, Plaka | Electra Palace Athens","og_description":"Combinando el pasado aristocr\u00e1tico ateniense con los lujos de la hospitalidad moderna, este hotel neocl\u00e1sico de 5 estrellas en Atenas fusiona la elegancia a trav\u00e9s de los siglos.","og_url":"https:\/\/www.electrahotels.gr\/es\/nuestros-hoteles\/palacio-electra-de-atenas\/","og_site_name":"Electra Hotels &amp; Resorts","article_modified_time":"2023-05-15T08:44:55+00:00","og_image":[{"width":853,"height":1280,"url":"https:\/\/www.electrahotels.gr\/app\/uploads\/sites\/75\/2021\/09\/img_1769_ok-custom_resized.jpg","type":"image\/jpeg"}],"twitter_card":"summary_large_image","schema":{"@context":"https:\/\/schema.org","@graph":[{"@type":"WebPage","@id":"https:\/\/www.electrahotels.gr\/es\/nuestros-hoteles\/palacio-electra-de-atenas\/","url":"https:\/\/www.electrahotels.gr\/es\/nuestros-hoteles\/palacio-electra-de-atenas\/","name":"Hotel neocl\u00e1sico de 5 estrellas en Atenas, Plaka | Electra Palace Athens","isPartOf":{"@id":"https:\/\/www.electrahotels.gr\/es\/#website"},"primaryImageOfPage":{"@id":"https:\/\/www.electrahotels.gr\/es\/nuestros-hoteles\/palacio-electra-de-atenas\/#primaryimage"},"image":{"@id":"https:\/\/www.electrahotels.gr\/es\/nuestros-hoteles\/palacio-electra-de-atenas\/#primaryimage"},"thumbnailUrl":"https:\/\/www.electrahotels.gr\/app\/uploads\/2025\/07\/electra-palace-athens-hotel-exterior-flags-balcony.jpg","datePublished":"2022-01-27T14:16:46+00:00","dateModified":"2023-05-15T08:44:55+00:00","description":"Combinando el pasado aristocr\u00e1tico ateniense con los lujos de la hospitalidad moderna, este hotel neocl\u00e1sico de 5 estrellas en Atenas fusiona la elegancia a trav\u00e9s de los siglos.","breadcrumb":{"@id":"https:\/\/www.electrahotels.gr\/es\/nuestros-hoteles\/palacio-electra-de-atenas\/#breadcrumb"},"inLanguage":"es","potentialAction":[{"@type":"ReadAction","target":["https:\/\/www.electrahotels.gr\/es\/nuestros-hoteles\/palacio-electra-de-atenas\/"]}]},{"@type":"ImageObject","inLanguage":"es","@id":"https:\/\/www.electrahotels.gr\/es\/nuestros-hoteles\/palacio-electra-de-atenas\/#primaryimage","url":"https:\/\/www.electrahotels.gr\/app\/uploads\/2025\/07\/electra-palace-athens-hotel-exterior-flags-balcony.jpg","contentUrl":"https:\/\/www.electrahotels.gr\/app\/uploads\/2025\/07\/electra-palace-athens-hotel-exterior-flags-balcony.jpg","width":2250,"height":1687},{"@type":"BreadcrumbList","@id":"https:\/\/www.electrahotels.gr\/es\/nuestros-hoteles\/palacio-electra-de-atenas\/#breadcrumb","itemListElement":[{"@type":"ListItem","position":1,"name":"Home","item":"https:\/\/www.electrahotels.gr\/es\/"},{"@type":"ListItem","position":2,"name":"Nuestros hoteles","item":"https:\/\/www.electrahotels.gr\/es\/nuestros-hoteles\/"},{"@type":"ListItem","position":3,"name":"Electra Palace Atenas"}]},{"@type":"WebSite","@id":"https:\/\/www.electrahotels.gr\/es\/#website","url":"https:\/\/www.electrahotels.gr\/es\/","name":"Electra Hotels &amp; Resorts","description":"A group of luxury hotels in Athens, Thessaloniki, Rhodes and Kefalonia committed to offering quality hospitality, service and luxury","potentialAction":[{"@type":"SearchAction","target":{"@type":"EntryPoint","urlTemplate":"https:\/\/www.electrahotels.gr\/es\/?s={search_term_string}"},"query-input":{"@type":"PropertyValueSpecification","valueRequired":true,"valueName":"search_term_string"}}],"inLanguage":"es"}]}},"_links":{"self":[{"href":"https:\/\/www.electrahotels.gr\/es\/wp-json\/wp\/v2\/pages\/14141","targetHints":{"allow":["GET"]}}],"collection":[{"href":"https:\/\/www.electrahotels.gr\/es\/wp-json\/wp\/v2\/pages"}],"about":[{"href":"https:\/\/www.electrahotels.gr\/es\/wp-json\/wp\/v2\/types\/page"}],"author":[{"embeddable":true,"href":"https:\/\/www.electrahotels.gr\/es\/wp-json\/wp\/v2\/users\/1"}],"replies":[{"embeddable":true,"href":"https:\/\/www.electrahotels.gr\/es\/wp-json\/wp\/v2\/comments?post=14141"}],"version-history":[{"count":4,"href":"https:\/\/www.electrahotels.gr\/es\/wp-json\/wp\/v2\/pages\/14141\/revisions"}],"predecessor-version":[{"id":30721,"href":"https:\/\/www.electrahotels.gr\/es\/wp-json\/wp\/v2\/pages\/14141\/revisions\/30721"}],"up":[{"embeddable":true,"href":"https:\/\/www.electrahotels.gr\/es\/wp-json\/wp\/v2\/pages\/14138"}],"wp:featuredmedia":[{"embeddable":true,"href":"https:\/\/www.electrahotels.gr\/es\/wp-json\/wp\/v2\/media\/54540"}],"wp:attachment":[{"href":"https:\/\/www.electrahotels.gr\/es\/wp-json\/wp\/v2\/media?parent=14141"}],"wp:term":[{"taxonomy":"page_tag","embeddable":true,"href":"https:\/\/www.electrahotels.gr\/es\/wp-json\/wp\/v2\/page_tag?post=14141"}],"curies":[{"name":"wp","href":"https:\/\/api.w.org\/{rel}","templated":true}]}}