{"id":14147,"date":"2022-01-27T16:16:48","date_gmt":"2022-01-27T14:16:48","guid":{"rendered":"https:\/\/www.electrahotels.gr\/nuestros-hoteles\/hotel-electra-de-atenas\/"},"modified":"2024-11-20T14:45:04","modified_gmt":"2024-11-20T12:45:04","slug":"electra-rhythm-athens","status":"publish","type":"page","link":"https:\/\/www.electrahotels.gr\/es\/nuestros-hoteles\/electra-rhythm-athens\/","title":{"rendered":"Electra Rhythm Athens"},"content":{"rendered":"\n<p>Desde sus primeros d\u00edas en 1965, Electra Athens presenta la propuesta m\u00e1s atractiva en el centro de la actividad comercial de la ciudad. El Electra Athens, un punto de referencia de la famosa calle Ermou por derecho propio, se alimenta y colorea con las vibraciones de la bulliciosa e interminable actividad que hay debajo. Una opci\u00f3n ideal para los viajeros de negocios o los visitantes que premian el f\u00e1cil acceso y las compras, el Electra Athens combina la comodidad y la elecci\u00f3n con la elegancia y el estilo.<\/p>\n\n<p><\/p>\n\n<p><\/p>\n\n<p><\/p>\n","protected":false},"excerpt":{"rendered":"<p>Desde sus primeros d\u00edas en 1965, Electra Athens presenta la propuesta m\u00e1s atractiva en el centro de la actividad comercial de la ciudad. El Electra Athens, un punto de referencia de la famosa calle Ermou por derecho propio, se alimenta y colorea con las vibraciones de la bulliciosa e interminable actividad que hay debajo. Una<\/p>\n","protected":false},"author":1,"featured_media":55128,"parent":14138,"menu_order":0,"comment_status":"closed","ping_status":"closed","template":"page-templates\/hotel.php","meta":{"_acf_changed":false,"footnotes":""},"page_tag":[441,439,443],"class_list":["post-14147","page","type-page","status-publish","has-post-thumbnail","hentry","page_tag-portal-romantico","page_tag-sentir-las-vibraciones-de-la-ciudad","page_tag-trabajo-a-distancia"],"acf":[],"yoast_head":"<!-- This site is optimized with the Yoast SEO plugin v27.4 - https:\/\/yoast.com\/product\/yoast-seo-wordpress\/ -->\n<title>Hotel de 4 estrellas en Atenas, Grecia - Ubicaci\u00f3n c\u00e9ntrica || Electra Atenas<\/title>\n<meta name=\"description\" content=\"El Electra Rhythm Athens es un c\u00e9ntrico hotel de 4 estrellas en la ciudad de Atenas, para estancias en el coraz\u00f3n de la capital griega impregnadas de toda la quintaesencia ateniense.\" \/>\n<meta name=\"robots\" content=\"index, follow, max-snippet:-1, max-image-preview:large, max-video-preview:-1\" \/>\n<link rel=\"canonical\" href=\"https:\/\/www.electrahotels.gr\/es\/nuestros-hoteles\/electra-rhythm-athens\/\" \/>\n<meta property=\"og:locale\" content=\"es_ES\" \/>\n<meta property=\"og:type\" content=\"article\" \/>\n<meta property=\"og:title\" content=\"Hotel de 4 estrellas en Atenas, Grecia - Ubicaci\u00f3n c\u00e9ntrica || Electra Atenas\" \/>\n<meta property=\"og:description\" content=\"El Electra Rhythm Athens es un c\u00e9ntrico hotel de 4 estrellas en la ciudad de Atenas, para estancias en el coraz\u00f3n de la capital griega impregnadas de toda la quintaesencia ateniense.\" \/>\n<meta property=\"og:url\" content=\"https:\/\/www.electrahotels.gr\/es\/nuestros-hoteles\/electra-rhythm-athens\/\" \/>\n<meta property=\"og:site_name\" content=\"Electra Hotels &amp; Resorts\" \/>\n<meta property=\"article:modified_time\" content=\"2024-11-20T12:45:04+00:00\" \/>\n<meta property=\"og:image\" content=\"https:\/\/www.electrahotels.gr\/app\/uploads\/2024\/05\/Electra_Hotel_Athens_Lifestyle_Couple_Balcony_-scaled-2.jpg\" \/>\n\t<meta property=\"og:image:width\" content=\"2048\" \/>\n\t<meta property=\"og:image:height\" content=\"1366\" \/>\n\t<meta property=\"og:image:type\" content=\"image\/jpeg\" \/>\n<meta name=\"twitter:card\" content=\"summary_large_image\" \/>\n<meta name=\"twitter:label1\" content=\"Tiempo de lectura\" \/>\n\t<meta name=\"twitter:data1\" content=\"1 minuto\" \/>\n<script type=\"application\/ld+json\" class=\"yoast-schema-graph\">{\"@context\":\"https:\\\/\\\/schema.org\",\"@graph\":[{\"@type\":\"WebPage\",\"@id\":\"https:\\\/\\\/www.electrahotels.gr\\\/es\\\/nuestros-hoteles\\\/electra-rhythm-athens\\\/\",\"url\":\"https:\\\/\\\/www.electrahotels.gr\\\/es\\\/nuestros-hoteles\\\/electra-rhythm-athens\\\/\",\"name\":\"Hotel de 4 estrellas en Atenas, Grecia - Ubicaci\u00f3n c\u00e9ntrica || Electra Atenas\",\"isPartOf\":{\"@id\":\"https:\\\/\\\/www.electrahotels.gr\\\/es\\\/#website\"},\"primaryImageOfPage\":{\"@id\":\"https:\\\/\\\/www.electrahotels.gr\\\/es\\\/nuestros-hoteles\\\/electra-rhythm-athens\\\/#primaryimage\"},\"image\":{\"@id\":\"https:\\\/\\\/www.electrahotels.gr\\\/es\\\/nuestros-hoteles\\\/electra-rhythm-athens\\\/#primaryimage\"},\"thumbnailUrl\":\"https:\\\/\\\/www.electrahotels.gr\\\/app\\\/uploads\\\/2025\\\/08\\\/electra-rhythm-athens-hotel-terrace-acropolis-view.jpg\",\"datePublished\":\"2022-01-27T14:16:48+00:00\",\"dateModified\":\"2024-11-20T12:45:04+00:00\",\"description\":\"El Electra Rhythm Athens es un c\u00e9ntrico hotel de 4 estrellas en la ciudad de Atenas, para estancias en el coraz\u00f3n de la capital griega impregnadas de toda la quintaesencia ateniense.\",\"breadcrumb\":{\"@id\":\"https:\\\/\\\/www.electrahotels.gr\\\/es\\\/nuestros-hoteles\\\/electra-rhythm-athens\\\/#breadcrumb\"},\"inLanguage\":\"es\",\"potentialAction\":[{\"@type\":\"ReadAction\",\"target\":[\"https:\\\/\\\/www.electrahotels.gr\\\/es\\\/nuestros-hoteles\\\/electra-rhythm-athens\\\/\"]}]},{\"@type\":\"ImageObject\",\"inLanguage\":\"es\",\"@id\":\"https:\\\/\\\/www.electrahotels.gr\\\/es\\\/nuestros-hoteles\\\/electra-rhythm-athens\\\/#primaryimage\",\"url\":\"https:\\\/\\\/www.electrahotels.gr\\\/app\\\/uploads\\\/2025\\\/08\\\/electra-rhythm-athens-hotel-terrace-acropolis-view.jpg\",\"contentUrl\":\"https:\\\/\\\/www.electrahotels.gr\\\/app\\\/uploads\\\/2025\\\/08\\\/electra-rhythm-athens-hotel-terrace-acropolis-view.jpg\",\"width\":1120,\"height\":1494},{\"@type\":\"BreadcrumbList\",\"@id\":\"https:\\\/\\\/www.electrahotels.gr\\\/es\\\/nuestros-hoteles\\\/electra-rhythm-athens\\\/#breadcrumb\",\"itemListElement\":[{\"@type\":\"ListItem\",\"position\":1,\"name\":\"Home\",\"item\":\"https:\\\/\\\/www.electrahotels.gr\\\/es\\\/\"},{\"@type\":\"ListItem\",\"position\":2,\"name\":\"Nuestros hoteles\",\"item\":\"https:\\\/\\\/www.electrahotels.gr\\\/es\\\/nuestros-hoteles\\\/\"},{\"@type\":\"ListItem\",\"position\":3,\"name\":\"Electra Rhythm Athens\"}]},{\"@type\":\"WebSite\",\"@id\":\"https:\\\/\\\/www.electrahotels.gr\\\/es\\\/#website\",\"url\":\"https:\\\/\\\/www.electrahotels.gr\\\/es\\\/\",\"name\":\"Electra Hotels &amp; Resorts\",\"description\":\"A group of luxury hotels in Athens, Thessaloniki, Rhodes and Kefalonia committed to offering quality hospitality, service and luxury\",\"potentialAction\":[{\"@type\":\"SearchAction\",\"target\":{\"@type\":\"EntryPoint\",\"urlTemplate\":\"https:\\\/\\\/www.electrahotels.gr\\\/es\\\/?s={search_term_string}\"},\"query-input\":{\"@type\":\"PropertyValueSpecification\",\"valueRequired\":true,\"valueName\":\"search_term_string\"}}],\"inLanguage\":\"es\"}]}<\/script>\n<!-- \/ Yoast SEO plugin. -->","yoast_head_json":{"title":"Hotel de 4 estrellas en Atenas, Grecia - Ubicaci\u00f3n c\u00e9ntrica || Electra Atenas","description":"El Electra Rhythm Athens es un c\u00e9ntrico hotel de 4 estrellas en la ciudad de Atenas, para estancias en el coraz\u00f3n de la capital griega impregnadas de toda la quintaesencia ateniense.","robots":{"index":"index","follow":"follow","max-snippet":"max-snippet:-1","max-image-preview":"max-image-preview:large","max-video-preview":"max-video-preview:-1"},"canonical":"https:\/\/www.electrahotels.gr\/es\/nuestros-hoteles\/electra-rhythm-athens\/","og_locale":"es_ES","og_type":"article","og_title":"Hotel de 4 estrellas en Atenas, Grecia - Ubicaci\u00f3n c\u00e9ntrica || Electra Atenas","og_description":"El Electra Rhythm Athens es un c\u00e9ntrico hotel de 4 estrellas en la ciudad de Atenas, para estancias en el coraz\u00f3n de la capital griega impregnadas de toda la quintaesencia ateniense.","og_url":"https:\/\/www.electrahotels.gr\/es\/nuestros-hoteles\/electra-rhythm-athens\/","og_site_name":"Electra Hotels &amp; Resorts","article_modified_time":"2024-11-20T12:45:04+00:00","og_image":[{"width":2048,"height":1366,"url":"https:\/\/www.electrahotels.gr\/app\/uploads\/2024\/05\/Electra_Hotel_Athens_Lifestyle_Couple_Balcony_-scaled-2.jpg","type":"image\/jpeg"}],"twitter_card":"summary_large_image","twitter_misc":{"Tiempo de lectura":"1 minuto"},"schema":{"@context":"https:\/\/schema.org","@graph":[{"@type":"WebPage","@id":"https:\/\/www.electrahotels.gr\/es\/nuestros-hoteles\/electra-rhythm-athens\/","url":"https:\/\/www.electrahotels.gr\/es\/nuestros-hoteles\/electra-rhythm-athens\/","name":"Hotel de 4 estrellas en Atenas, Grecia - Ubicaci\u00f3n c\u00e9ntrica || Electra Atenas","isPartOf":{"@id":"https:\/\/www.electrahotels.gr\/es\/#website"},"primaryImageOfPage":{"@id":"https:\/\/www.electrahotels.gr\/es\/nuestros-hoteles\/electra-rhythm-athens\/#primaryimage"},"image":{"@id":"https:\/\/www.electrahotels.gr\/es\/nuestros-hoteles\/electra-rhythm-athens\/#primaryimage"},"thumbnailUrl":"https:\/\/www.electrahotels.gr\/app\/uploads\/2025\/08\/electra-rhythm-athens-hotel-terrace-acropolis-view.jpg","datePublished":"2022-01-27T14:16:48+00:00","dateModified":"2024-11-20T12:45:04+00:00","description":"El Electra Rhythm Athens es un c\u00e9ntrico hotel de 4 estrellas en la ciudad de Atenas, para estancias en el coraz\u00f3n de la capital griega impregnadas de toda la quintaesencia ateniense.","breadcrumb":{"@id":"https:\/\/www.electrahotels.gr\/es\/nuestros-hoteles\/electra-rhythm-athens\/#breadcrumb"},"inLanguage":"es","potentialAction":[{"@type":"ReadAction","target":["https:\/\/www.electrahotels.gr\/es\/nuestros-hoteles\/electra-rhythm-athens\/"]}]},{"@type":"ImageObject","inLanguage":"es","@id":"https:\/\/www.electrahotels.gr\/es\/nuestros-hoteles\/electra-rhythm-athens\/#primaryimage","url":"https:\/\/www.electrahotels.gr\/app\/uploads\/2025\/08\/electra-rhythm-athens-hotel-terrace-acropolis-view.jpg","contentUrl":"https:\/\/www.electrahotels.gr\/app\/uploads\/2025\/08\/electra-rhythm-athens-hotel-terrace-acropolis-view.jpg","width":1120,"height":1494},{"@type":"BreadcrumbList","@id":"https:\/\/www.electrahotels.gr\/es\/nuestros-hoteles\/electra-rhythm-athens\/#breadcrumb","itemListElement":[{"@type":"ListItem","position":1,"name":"Home","item":"https:\/\/www.electrahotels.gr\/es\/"},{"@type":"ListItem","position":2,"name":"Nuestros hoteles","item":"https:\/\/www.electrahotels.gr\/es\/nuestros-hoteles\/"},{"@type":"ListItem","position":3,"name":"Electra Rhythm Athens"}]},{"@type":"WebSite","@id":"https:\/\/www.electrahotels.gr\/es\/#website","url":"https:\/\/www.electrahotels.gr\/es\/","name":"Electra Hotels &amp; Resorts","description":"A group of luxury hotels in Athens, Thessaloniki, Rhodes and Kefalonia committed to offering quality hospitality, service and luxury","potentialAction":[{"@type":"SearchAction","target":{"@type":"EntryPoint","urlTemplate":"https:\/\/www.electrahotels.gr\/es\/?s={search_term_string}"},"query-input":{"@type":"PropertyValueSpecification","valueRequired":true,"valueName":"search_term_string"}}],"inLanguage":"es"}]}},"_links":{"self":[{"href":"https:\/\/www.electrahotels.gr\/es\/wp-json\/wp\/v2\/pages\/14147","targetHints":{"allow":["GET"]}}],"collection":[{"href":"https:\/\/www.electrahotels.gr\/es\/wp-json\/wp\/v2\/pages"}],"about":[{"href":"https:\/\/www.electrahotels.gr\/es\/wp-json\/wp\/v2\/types\/page"}],"author":[{"embeddable":true,"href":"https:\/\/www.electrahotels.gr\/es\/wp-json\/wp\/v2\/users\/1"}],"replies":[{"embeddable":true,"href":"https:\/\/www.electrahotels.gr\/es\/wp-json\/wp\/v2\/comments?post=14147"}],"version-history":[{"count":8,"href":"https:\/\/www.electrahotels.gr\/es\/wp-json\/wp\/v2\/pages\/14147\/revisions"}],"predecessor-version":[{"id":50718,"href":"https:\/\/www.electrahotels.gr\/es\/wp-json\/wp\/v2\/pages\/14147\/revisions\/50718"}],"up":[{"embeddable":true,"href":"https:\/\/www.electrahotels.gr\/es\/wp-json\/wp\/v2\/pages\/14138"}],"wp:featuredmedia":[{"embeddable":true,"href":"https:\/\/www.electrahotels.gr\/es\/wp-json\/wp\/v2\/media\/55128"}],"wp:attachment":[{"href":"https:\/\/www.electrahotels.gr\/es\/wp-json\/wp\/v2\/media?parent=14147"}],"wp:term":[{"taxonomy":"page_tag","embeddable":true,"href":"https:\/\/www.electrahotels.gr\/es\/wp-json\/wp\/v2\/page_tag?post=14147"}],"curies":[{"name":"wp","href":"https:\/\/api.w.org\/{rel}","templated":true}]}}