{"id":14820,"date":"2022-01-27T16:34:05","date_gmt":"2022-01-27T14:34:05","guid":{"rendered":"https:\/\/www.electrahotels.gr\/galeria-2\/"},"modified":"2023-04-05T09:06:49","modified_gmt":"2023-04-05T06:06:49","slug":"galeria-2","status":"publish","type":"page","link":"https:\/\/www.electrahotels.gr\/es\/nuestros-hoteles\/palacio-electra-de-tesalonica\/galeria-2\/","title":{"rendered":"Galer\u00eda"},"content":{"rendered":"","protected":false},"excerpt":{"rendered":"","protected":false},"author":1,"featured_media":13850,"parent":15581,"menu_order":0,"comment_status":"closed","ping_status":"closed","template":"page-templates\/gallery.php","meta":{"_acf_changed":false,"footnotes":""},"page_tag":[],"class_list":["post-14820","page","type-page","status-publish","has-post-thumbnail","hentry"],"acf":[],"yoast_head":"<!-- This site is optimized with the Yoast SEO plugin v27.3 - https:\/\/yoast.com\/product\/yoast-seo-wordpress\/ -->\n<title>Eche un vistazo - Navegue por nuestra galer\u00eda de fotos || Electra Sal\u00f3nica<\/title>\n<meta name=\"description\" content=\"Eche un vistazo a la galer\u00eda de fotos de Electra Thessaloniki para hacerse una idea de lo que puede esperar de nuestras instalaciones y ubicaci\u00f3n en sus pr\u00f3ximas vacaciones con nosotros.\" \/>\n<meta name=\"robots\" content=\"index, follow, max-snippet:-1, max-image-preview:large, max-video-preview:-1\" \/>\n<link rel=\"canonical\" href=\"https:\/\/www.electrahotels.gr\/es\/nuestros-hoteles\/palacio-electra-de-tesalonica\/galeria-2\/\" \/>\n<meta property=\"og:locale\" content=\"es_ES\" \/>\n<meta property=\"og:type\" content=\"article\" \/>\n<meta property=\"og:title\" content=\"Eche un vistazo - Navegue por nuestra galer\u00eda de fotos || Electra Sal\u00f3nica\" \/>\n<meta property=\"og:description\" content=\"Eche un vistazo a la galer\u00eda de fotos de Electra Thessaloniki para hacerse una idea de lo que puede esperar de nuestras instalaciones y ubicaci\u00f3n en sus pr\u00f3ximas vacaciones con nosotros.\" \/>\n<meta property=\"og:url\" content=\"https:\/\/www.electrahotels.gr\/es\/nuestros-hoteles\/palacio-electra-de-tesalonica\/galeria-2\/\" \/>\n<meta property=\"og:site_name\" content=\"Electra Hotels &amp; Resorts\" \/>\n<meta property=\"article:modified_time\" content=\"2023-04-05T06:06:49+00:00\" \/>\n<meta property=\"og:image\" content=\"https:\/\/www.electrahotels.gr\/app\/uploads\/sites\/75\/2021\/09\/07-r615.jpg\" \/>\n\t<meta property=\"og:image:width\" content=\"1920\" \/>\n\t<meta property=\"og:image:height\" content=\"1280\" \/>\n\t<meta property=\"og:image:type\" content=\"image\/jpeg\" \/>\n<meta name=\"twitter:card\" content=\"summary_large_image\" \/>\n<script type=\"application\/ld+json\" class=\"yoast-schema-graph\">{\"@context\":\"https:\\\/\\\/schema.org\",\"@graph\":[{\"@type\":\"WebPage\",\"@id\":\"https:\\\/\\\/www.electrahotels.gr\\\/es\\\/nuestros-hoteles\\\/palacio-electra-de-tesalonica\\\/galeria-2\\\/\",\"url\":\"https:\\\/\\\/www.electrahotels.gr\\\/es\\\/nuestros-hoteles\\\/palacio-electra-de-tesalonica\\\/galeria-2\\\/\",\"name\":\"Eche un vistazo - Navegue por nuestra galer\u00eda de fotos || Electra Sal\u00f3nica\",\"isPartOf\":{\"@id\":\"https:\\\/\\\/www.electrahotels.gr\\\/es\\\/#website\"},\"primaryImageOfPage\":{\"@id\":\"https:\\\/\\\/www.electrahotels.gr\\\/es\\\/nuestros-hoteles\\\/palacio-electra-de-tesalonica\\\/galeria-2\\\/#primaryimage\"},\"image\":{\"@id\":\"https:\\\/\\\/www.electrahotels.gr\\\/es\\\/nuestros-hoteles\\\/palacio-electra-de-tesalonica\\\/galeria-2\\\/#primaryimage\"},\"thumbnailUrl\":\"https:\\\/\\\/www.electrahotels.gr\\\/app\\\/uploads\\\/2021\\\/09\\\/07-r615.jpg\",\"datePublished\":\"2022-01-27T14:34:05+00:00\",\"dateModified\":\"2023-04-05T06:06:49+00:00\",\"description\":\"Eche un vistazo a la galer\u00eda de fotos de Electra Thessaloniki para hacerse una idea de lo que puede esperar de nuestras instalaciones y ubicaci\u00f3n en sus pr\u00f3ximas vacaciones con nosotros.\",\"breadcrumb\":{\"@id\":\"https:\\\/\\\/www.electrahotels.gr\\\/es\\\/nuestros-hoteles\\\/palacio-electra-de-tesalonica\\\/galeria-2\\\/#breadcrumb\"},\"inLanguage\":\"es\",\"potentialAction\":[{\"@type\":\"ReadAction\",\"target\":[\"https:\\\/\\\/www.electrahotels.gr\\\/es\\\/nuestros-hoteles\\\/palacio-electra-de-tesalonica\\\/galeria-2\\\/\"]}]},{\"@type\":\"ImageObject\",\"inLanguage\":\"es\",\"@id\":\"https:\\\/\\\/www.electrahotels.gr\\\/es\\\/nuestros-hoteles\\\/palacio-electra-de-tesalonica\\\/galeria-2\\\/#primaryimage\",\"url\":\"https:\\\/\\\/www.electrahotels.gr\\\/app\\\/uploads\\\/2021\\\/09\\\/07-r615.jpg\",\"contentUrl\":\"https:\\\/\\\/www.electrahotels.gr\\\/app\\\/uploads\\\/2021\\\/09\\\/07-r615.jpg\",\"width\":1920,\"height\":1280},{\"@type\":\"BreadcrumbList\",\"@id\":\"https:\\\/\\\/www.electrahotels.gr\\\/es\\\/nuestros-hoteles\\\/palacio-electra-de-tesalonica\\\/galeria-2\\\/#breadcrumb\",\"itemListElement\":[{\"@type\":\"ListItem\",\"position\":1,\"name\":\"Home\",\"item\":\"https:\\\/\\\/www.electrahotels.gr\\\/es\\\/\"},{\"@type\":\"ListItem\",\"position\":2,\"name\":\"Nuestros hoteles\",\"item\":\"https:\\\/\\\/www.electrahotels.gr\\\/es\\\/nuestros-hoteles\\\/\"},{\"@type\":\"ListItem\",\"position\":3,\"name\":\"Electra Palace Tesal\u00f3nica\",\"item\":\"https:\\\/\\\/www.electrahotels.gr\\\/es\\\/nuestros-hoteles\\\/palacio-electra-de-tesalonica\\\/\"},{\"@type\":\"ListItem\",\"position\":4,\"name\":\"Galer\u00eda\"}]},{\"@type\":\"WebSite\",\"@id\":\"https:\\\/\\\/www.electrahotels.gr\\\/es\\\/#website\",\"url\":\"https:\\\/\\\/www.electrahotels.gr\\\/es\\\/\",\"name\":\"Electra Hotels &amp; Resorts\",\"description\":\"A group of luxury hotels in Athens, Thessaloniki, Rhodes and Kefalonia committed to offering quality hospitality, service and luxury\",\"potentialAction\":[{\"@type\":\"SearchAction\",\"target\":{\"@type\":\"EntryPoint\",\"urlTemplate\":\"https:\\\/\\\/www.electrahotels.gr\\\/es\\\/?s={search_term_string}\"},\"query-input\":{\"@type\":\"PropertyValueSpecification\",\"valueRequired\":true,\"valueName\":\"search_term_string\"}}],\"inLanguage\":\"es\"}]}<\/script>\n<!-- \/ Yoast SEO plugin. -->","yoast_head_json":{"title":"Eche un vistazo - Navegue por nuestra galer\u00eda de fotos || Electra Sal\u00f3nica","description":"Eche un vistazo a la galer\u00eda de fotos de Electra Thessaloniki para hacerse una idea de lo que puede esperar de nuestras instalaciones y ubicaci\u00f3n en sus pr\u00f3ximas vacaciones con nosotros.","robots":{"index":"index","follow":"follow","max-snippet":"max-snippet:-1","max-image-preview":"max-image-preview:large","max-video-preview":"max-video-preview:-1"},"canonical":"https:\/\/www.electrahotels.gr\/es\/nuestros-hoteles\/palacio-electra-de-tesalonica\/galeria-2\/","og_locale":"es_ES","og_type":"article","og_title":"Eche un vistazo - Navegue por nuestra galer\u00eda de fotos || Electra Sal\u00f3nica","og_description":"Eche un vistazo a la galer\u00eda de fotos de Electra Thessaloniki para hacerse una idea de lo que puede esperar de nuestras instalaciones y ubicaci\u00f3n en sus pr\u00f3ximas vacaciones con nosotros.","og_url":"https:\/\/www.electrahotels.gr\/es\/nuestros-hoteles\/palacio-electra-de-tesalonica\/galeria-2\/","og_site_name":"Electra Hotels &amp; Resorts","article_modified_time":"2023-04-05T06:06:49+00:00","og_image":[{"width":1920,"height":1280,"url":"https:\/\/www.electrahotels.gr\/app\/uploads\/sites\/75\/2021\/09\/07-r615.jpg","type":"image\/jpeg"}],"twitter_card":"summary_large_image","schema":{"@context":"https:\/\/schema.org","@graph":[{"@type":"WebPage","@id":"https:\/\/www.electrahotels.gr\/es\/nuestros-hoteles\/palacio-electra-de-tesalonica\/galeria-2\/","url":"https:\/\/www.electrahotels.gr\/es\/nuestros-hoteles\/palacio-electra-de-tesalonica\/galeria-2\/","name":"Eche un vistazo - Navegue por nuestra galer\u00eda de fotos || Electra Sal\u00f3nica","isPartOf":{"@id":"https:\/\/www.electrahotels.gr\/es\/#website"},"primaryImageOfPage":{"@id":"https:\/\/www.electrahotels.gr\/es\/nuestros-hoteles\/palacio-electra-de-tesalonica\/galeria-2\/#primaryimage"},"image":{"@id":"https:\/\/www.electrahotels.gr\/es\/nuestros-hoteles\/palacio-electra-de-tesalonica\/galeria-2\/#primaryimage"},"thumbnailUrl":"https:\/\/www.electrahotels.gr\/app\/uploads\/2021\/09\/07-r615.jpg","datePublished":"2022-01-27T14:34:05+00:00","dateModified":"2023-04-05T06:06:49+00:00","description":"Eche un vistazo a la galer\u00eda de fotos de Electra Thessaloniki para hacerse una idea de lo que puede esperar de nuestras instalaciones y ubicaci\u00f3n en sus pr\u00f3ximas vacaciones con nosotros.","breadcrumb":{"@id":"https:\/\/www.electrahotels.gr\/es\/nuestros-hoteles\/palacio-electra-de-tesalonica\/galeria-2\/#breadcrumb"},"inLanguage":"es","potentialAction":[{"@type":"ReadAction","target":["https:\/\/www.electrahotels.gr\/es\/nuestros-hoteles\/palacio-electra-de-tesalonica\/galeria-2\/"]}]},{"@type":"ImageObject","inLanguage":"es","@id":"https:\/\/www.electrahotels.gr\/es\/nuestros-hoteles\/palacio-electra-de-tesalonica\/galeria-2\/#primaryimage","url":"https:\/\/www.electrahotels.gr\/app\/uploads\/2021\/09\/07-r615.jpg","contentUrl":"https:\/\/www.electrahotels.gr\/app\/uploads\/2021\/09\/07-r615.jpg","width":1920,"height":1280},{"@type":"BreadcrumbList","@id":"https:\/\/www.electrahotels.gr\/es\/nuestros-hoteles\/palacio-electra-de-tesalonica\/galeria-2\/#breadcrumb","itemListElement":[{"@type":"ListItem","position":1,"name":"Home","item":"https:\/\/www.electrahotels.gr\/es\/"},{"@type":"ListItem","position":2,"name":"Nuestros hoteles","item":"https:\/\/www.electrahotels.gr\/es\/nuestros-hoteles\/"},{"@type":"ListItem","position":3,"name":"Electra Palace Tesal\u00f3nica","item":"https:\/\/www.electrahotels.gr\/es\/nuestros-hoteles\/palacio-electra-de-tesalonica\/"},{"@type":"ListItem","position":4,"name":"Galer\u00eda"}]},{"@type":"WebSite","@id":"https:\/\/www.electrahotels.gr\/es\/#website","url":"https:\/\/www.electrahotels.gr\/es\/","name":"Electra Hotels &amp; Resorts","description":"A group of luxury hotels in Athens, Thessaloniki, Rhodes and Kefalonia committed to offering quality hospitality, service and luxury","potentialAction":[{"@type":"SearchAction","target":{"@type":"EntryPoint","urlTemplate":"https:\/\/www.electrahotels.gr\/es\/?s={search_term_string}"},"query-input":{"@type":"PropertyValueSpecification","valueRequired":true,"valueName":"search_term_string"}}],"inLanguage":"es"}]}},"_links":{"self":[{"href":"https:\/\/www.electrahotels.gr\/es\/wp-json\/wp\/v2\/pages\/14820","targetHints":{"allow":["GET"]}}],"collection":[{"href":"https:\/\/www.electrahotels.gr\/es\/wp-json\/wp\/v2\/pages"}],"about":[{"href":"https:\/\/www.electrahotels.gr\/es\/wp-json\/wp\/v2\/types\/page"}],"author":[{"embeddable":true,"href":"https:\/\/www.electrahotels.gr\/es\/wp-json\/wp\/v2\/users\/1"}],"replies":[{"embeddable":true,"href":"https:\/\/www.electrahotels.gr\/es\/wp-json\/wp\/v2\/comments?post=14820"}],"version-history":[{"count":1,"href":"https:\/\/www.electrahotels.gr\/es\/wp-json\/wp\/v2\/pages\/14820\/revisions"}],"predecessor-version":[{"id":14822,"href":"https:\/\/www.electrahotels.gr\/es\/wp-json\/wp\/v2\/pages\/14820\/revisions\/14822"}],"up":[{"embeddable":true,"href":"https:\/\/www.electrahotels.gr\/es\/wp-json\/wp\/v2\/pages\/15581"}],"wp:featuredmedia":[{"embeddable":true,"href":"https:\/\/www.electrahotels.gr\/es\/wp-json\/wp\/v2\/media\/13850"}],"wp:attachment":[{"href":"https:\/\/www.electrahotels.gr\/es\/wp-json\/wp\/v2\/media?parent=14820"}],"wp:term":[{"taxonomy":"page_tag","embeddable":true,"href":"https:\/\/www.electrahotels.gr\/es\/wp-json\/wp\/v2\/page_tag?post=14820"}],"curies":[{"name":"wp","href":"https:\/\/api.w.org\/{rel}","templated":true}]}}