{"id":15075,"date":"2022-01-28T12:36:04","date_gmt":"2022-01-28T10:36:04","guid":{"rendered":"https:\/\/www.electrahotels.gr\/reuniones-y-eventos\/"},"modified":"2023-04-04T13:55:03","modified_gmt":"2023-04-04T10:55:03","slug":"reuniones-y-eventos","status":"publish","type":"page","link":"https:\/\/www.electrahotels.gr\/es\/nuestros-hoteles\/palacio-electra-de-tesalonica\/reuniones-y-eventos\/","title":{"rendered":"Reuniones y eventos"},"content":{"rendered":"\n<p>Su lugar ideal para reuniones y eventos est\u00e1 aqu\u00ed esperando a ser descubierto. Nuestras salas de conferencias se encuentran en la primera planta. Est\u00e1n ba\u00f1ados por la luz natural y comprenden espacios flexibles que pueden soportar eventos de diferentes tama\u00f1os y filosof\u00edas. Es una experiencia en s\u00ed misma. Enormes ventanales en forma de arco inundan los salones de luz natural, mientras que todas las paredes del vest\u00edbulo rinden homenaje a la gloriosa y polifac\u00e9tica historia de Tesal\u00f3nica con im\u00e1genes en blanco y negro del c\u00e9lebre fot\u00f3grafo local Yiannis Kyriakidis.<\/p>\n","protected":false},"excerpt":{"rendered":"<p>Su lugar ideal para reuniones y eventos est\u00e1 aqu\u00ed esperando a ser descubierto. Nuestras salas de conferencias se encuentran en la primera planta. Est\u00e1n ba\u00f1ados por la luz natural y comprenden espacios flexibles que pueden soportar eventos de diferentes tama\u00f1os y filosof\u00edas. Es una experiencia en s\u00ed misma. Enormes ventanales en forma de arco inundan<\/p>\n","protected":false},"author":1,"featured_media":13702,"parent":15581,"menu_order":0,"comment_status":"closed","ping_status":"closed","template":"page-templates\/events.php","meta":{"_acf_changed":false,"footnotes":""},"page_tag":[],"class_list":["post-15075","page","type-page","status-publish","has-post-thumbnail","hentry"],"acf":[],"yoast_head":"<!-- This site is optimized with the Yoast SEO plugin v27.4 - https:\/\/yoast.com\/product\/yoast-seo-wordpress\/ -->\n<title>Hotel de conferencias en Tesal\u00f3nica | Electra Palace Thessaloniki<\/title>\n<meta name=\"description\" content=\"Espacios polivalentes y totalmente equipados que ofrecen flexibilidad para diversos eventos y reuniones de negocios en un lujoso y c\u00e9ntrico hotel de conferencias de Tesal\u00f3nica.\" \/>\n<meta name=\"robots\" content=\"index, follow, max-snippet:-1, max-image-preview:large, max-video-preview:-1\" \/>\n<link rel=\"canonical\" href=\"https:\/\/www.electrahotels.gr\/es\/nuestros-hoteles\/palacio-electra-de-tesalonica\/reuniones-y-eventos\/\" \/>\n<meta property=\"og:locale\" content=\"es_ES\" \/>\n<meta property=\"og:type\" content=\"article\" \/>\n<meta property=\"og:title\" content=\"Hotel de conferencias en Tesal\u00f3nica | Electra Palace Thessaloniki\" \/>\n<meta property=\"og:description\" content=\"Espacios polivalentes y totalmente equipados que ofrecen flexibilidad para diversos eventos y reuniones de negocios en un lujoso y c\u00e9ntrico hotel de conferencias de Tesal\u00f3nica.\" \/>\n<meta property=\"og:url\" content=\"https:\/\/www.electrahotels.gr\/es\/nuestros-hoteles\/palacio-electra-de-tesalonica\/reuniones-y-eventos\/\" \/>\n<meta property=\"og:site_name\" content=\"Electra Hotels &amp; Resorts\" \/>\n<meta property=\"article:modified_time\" content=\"2023-04-04T10:55:03+00:00\" \/>\n<meta property=\"og:image\" content=\"https:\/\/www.electrahotels.gr\/app\/uploads\/sites\/75\/2021\/09\/03-olympiada.jpg\" \/>\n\t<meta property=\"og:image:width\" content=\"1920\" \/>\n\t<meta property=\"og:image:height\" content=\"1280\" \/>\n\t<meta property=\"og:image:type\" content=\"image\/jpeg\" \/>\n<meta name=\"twitter:card\" content=\"summary_large_image\" \/>\n<script type=\"application\/ld+json\" class=\"yoast-schema-graph\">{\"@context\":\"https:\\\/\\\/schema.org\",\"@graph\":[{\"@type\":\"WebPage\",\"@id\":\"https:\\\/\\\/www.electrahotels.gr\\\/es\\\/nuestros-hoteles\\\/palacio-electra-de-tesalonica\\\/reuniones-y-eventos\\\/\",\"url\":\"https:\\\/\\\/www.electrahotels.gr\\\/es\\\/nuestros-hoteles\\\/palacio-electra-de-tesalonica\\\/reuniones-y-eventos\\\/\",\"name\":\"Hotel de conferencias en Tesal\u00f3nica | Electra Palace Thessaloniki\",\"isPartOf\":{\"@id\":\"https:\\\/\\\/www.electrahotels.gr\\\/es\\\/#website\"},\"primaryImageOfPage\":{\"@id\":\"https:\\\/\\\/www.electrahotels.gr\\\/es\\\/nuestros-hoteles\\\/palacio-electra-de-tesalonica\\\/reuniones-y-eventos\\\/#primaryimage\"},\"image\":{\"@id\":\"https:\\\/\\\/www.electrahotels.gr\\\/es\\\/nuestros-hoteles\\\/palacio-electra-de-tesalonica\\\/reuniones-y-eventos\\\/#primaryimage\"},\"thumbnailUrl\":\"https:\\\/\\\/www.electrahotels.gr\\\/app\\\/uploads\\\/2021\\\/09\\\/03-olympiada.jpg\",\"datePublished\":\"2022-01-28T10:36:04+00:00\",\"dateModified\":\"2023-04-04T10:55:03+00:00\",\"description\":\"Espacios polivalentes y totalmente equipados que ofrecen flexibilidad para diversos eventos y reuniones de negocios en un lujoso y c\u00e9ntrico hotel de conferencias de Tesal\u00f3nica.\",\"breadcrumb\":{\"@id\":\"https:\\\/\\\/www.electrahotels.gr\\\/es\\\/nuestros-hoteles\\\/palacio-electra-de-tesalonica\\\/reuniones-y-eventos\\\/#breadcrumb\"},\"inLanguage\":\"es\",\"potentialAction\":[{\"@type\":\"ReadAction\",\"target\":[\"https:\\\/\\\/www.electrahotels.gr\\\/es\\\/nuestros-hoteles\\\/palacio-electra-de-tesalonica\\\/reuniones-y-eventos\\\/\"]}]},{\"@type\":\"ImageObject\",\"inLanguage\":\"es\",\"@id\":\"https:\\\/\\\/www.electrahotels.gr\\\/es\\\/nuestros-hoteles\\\/palacio-electra-de-tesalonica\\\/reuniones-y-eventos\\\/#primaryimage\",\"url\":\"https:\\\/\\\/www.electrahotels.gr\\\/app\\\/uploads\\\/2021\\\/09\\\/03-olympiada.jpg\",\"contentUrl\":\"https:\\\/\\\/www.electrahotels.gr\\\/app\\\/uploads\\\/2021\\\/09\\\/03-olympiada.jpg\",\"width\":1920,\"height\":1280},{\"@type\":\"BreadcrumbList\",\"@id\":\"https:\\\/\\\/www.electrahotels.gr\\\/es\\\/nuestros-hoteles\\\/palacio-electra-de-tesalonica\\\/reuniones-y-eventos\\\/#breadcrumb\",\"itemListElement\":[{\"@type\":\"ListItem\",\"position\":1,\"name\":\"Home\",\"item\":\"https:\\\/\\\/www.electrahotels.gr\\\/es\\\/\"},{\"@type\":\"ListItem\",\"position\":2,\"name\":\"Nuestros hoteles\",\"item\":\"https:\\\/\\\/www.electrahotels.gr\\\/es\\\/nuestros-hoteles\\\/\"},{\"@type\":\"ListItem\",\"position\":3,\"name\":\"Electra Palace Tesal\u00f3nica\",\"item\":\"https:\\\/\\\/www.electrahotels.gr\\\/es\\\/nuestros-hoteles\\\/palacio-electra-de-tesalonica\\\/\"},{\"@type\":\"ListItem\",\"position\":4,\"name\":\"Reuniones y eventos\"}]},{\"@type\":\"WebSite\",\"@id\":\"https:\\\/\\\/www.electrahotels.gr\\\/es\\\/#website\",\"url\":\"https:\\\/\\\/www.electrahotels.gr\\\/es\\\/\",\"name\":\"Electra Hotels &amp; Resorts\",\"description\":\"A group of luxury hotels in Athens, Thessaloniki, Rhodes and Kefalonia committed to offering quality hospitality, service and luxury\",\"potentialAction\":[{\"@type\":\"SearchAction\",\"target\":{\"@type\":\"EntryPoint\",\"urlTemplate\":\"https:\\\/\\\/www.electrahotels.gr\\\/es\\\/?s={search_term_string}\"},\"query-input\":{\"@type\":\"PropertyValueSpecification\",\"valueRequired\":true,\"valueName\":\"search_term_string\"}}],\"inLanguage\":\"es\"}]}<\/script>\n<!-- \/ Yoast SEO plugin. -->","yoast_head_json":{"title":"Hotel de conferencias en Tesal\u00f3nica | Electra Palace Thessaloniki","description":"Espacios polivalentes y totalmente equipados que ofrecen flexibilidad para diversos eventos y reuniones de negocios en un lujoso y c\u00e9ntrico hotel de conferencias de Tesal\u00f3nica.","robots":{"index":"index","follow":"follow","max-snippet":"max-snippet:-1","max-image-preview":"max-image-preview:large","max-video-preview":"max-video-preview:-1"},"canonical":"https:\/\/www.electrahotels.gr\/es\/nuestros-hoteles\/palacio-electra-de-tesalonica\/reuniones-y-eventos\/","og_locale":"es_ES","og_type":"article","og_title":"Hotel de conferencias en Tesal\u00f3nica | Electra Palace Thessaloniki","og_description":"Espacios polivalentes y totalmente equipados que ofrecen flexibilidad para diversos eventos y reuniones de negocios en un lujoso y c\u00e9ntrico hotel de conferencias de Tesal\u00f3nica.","og_url":"https:\/\/www.electrahotels.gr\/es\/nuestros-hoteles\/palacio-electra-de-tesalonica\/reuniones-y-eventos\/","og_site_name":"Electra Hotels &amp; Resorts","article_modified_time":"2023-04-04T10:55:03+00:00","og_image":[{"width":1920,"height":1280,"url":"https:\/\/www.electrahotels.gr\/app\/uploads\/sites\/75\/2021\/09\/03-olympiada.jpg","type":"image\/jpeg"}],"twitter_card":"summary_large_image","schema":{"@context":"https:\/\/schema.org","@graph":[{"@type":"WebPage","@id":"https:\/\/www.electrahotels.gr\/es\/nuestros-hoteles\/palacio-electra-de-tesalonica\/reuniones-y-eventos\/","url":"https:\/\/www.electrahotels.gr\/es\/nuestros-hoteles\/palacio-electra-de-tesalonica\/reuniones-y-eventos\/","name":"Hotel de conferencias en Tesal\u00f3nica | Electra Palace Thessaloniki","isPartOf":{"@id":"https:\/\/www.electrahotels.gr\/es\/#website"},"primaryImageOfPage":{"@id":"https:\/\/www.electrahotels.gr\/es\/nuestros-hoteles\/palacio-electra-de-tesalonica\/reuniones-y-eventos\/#primaryimage"},"image":{"@id":"https:\/\/www.electrahotels.gr\/es\/nuestros-hoteles\/palacio-electra-de-tesalonica\/reuniones-y-eventos\/#primaryimage"},"thumbnailUrl":"https:\/\/www.electrahotels.gr\/app\/uploads\/2021\/09\/03-olympiada.jpg","datePublished":"2022-01-28T10:36:04+00:00","dateModified":"2023-04-04T10:55:03+00:00","description":"Espacios polivalentes y totalmente equipados que ofrecen flexibilidad para diversos eventos y reuniones de negocios en un lujoso y c\u00e9ntrico hotel de conferencias de Tesal\u00f3nica.","breadcrumb":{"@id":"https:\/\/www.electrahotels.gr\/es\/nuestros-hoteles\/palacio-electra-de-tesalonica\/reuniones-y-eventos\/#breadcrumb"},"inLanguage":"es","potentialAction":[{"@type":"ReadAction","target":["https:\/\/www.electrahotels.gr\/es\/nuestros-hoteles\/palacio-electra-de-tesalonica\/reuniones-y-eventos\/"]}]},{"@type":"ImageObject","inLanguage":"es","@id":"https:\/\/www.electrahotels.gr\/es\/nuestros-hoteles\/palacio-electra-de-tesalonica\/reuniones-y-eventos\/#primaryimage","url":"https:\/\/www.electrahotels.gr\/app\/uploads\/2021\/09\/03-olympiada.jpg","contentUrl":"https:\/\/www.electrahotels.gr\/app\/uploads\/2021\/09\/03-olympiada.jpg","width":1920,"height":1280},{"@type":"BreadcrumbList","@id":"https:\/\/www.electrahotels.gr\/es\/nuestros-hoteles\/palacio-electra-de-tesalonica\/reuniones-y-eventos\/#breadcrumb","itemListElement":[{"@type":"ListItem","position":1,"name":"Home","item":"https:\/\/www.electrahotels.gr\/es\/"},{"@type":"ListItem","position":2,"name":"Nuestros hoteles","item":"https:\/\/www.electrahotels.gr\/es\/nuestros-hoteles\/"},{"@type":"ListItem","position":3,"name":"Electra Palace Tesal\u00f3nica","item":"https:\/\/www.electrahotels.gr\/es\/nuestros-hoteles\/palacio-electra-de-tesalonica\/"},{"@type":"ListItem","position":4,"name":"Reuniones y eventos"}]},{"@type":"WebSite","@id":"https:\/\/www.electrahotels.gr\/es\/#website","url":"https:\/\/www.electrahotels.gr\/es\/","name":"Electra Hotels &amp; Resorts","description":"A group of luxury hotels in Athens, Thessaloniki, Rhodes and Kefalonia committed to offering quality hospitality, service and luxury","potentialAction":[{"@type":"SearchAction","target":{"@type":"EntryPoint","urlTemplate":"https:\/\/www.electrahotels.gr\/es\/?s={search_term_string}"},"query-input":{"@type":"PropertyValueSpecification","valueRequired":true,"valueName":"search_term_string"}}],"inLanguage":"es"}]}},"_links":{"self":[{"href":"https:\/\/www.electrahotels.gr\/es\/wp-json\/wp\/v2\/pages\/15075","targetHints":{"allow":["GET"]}}],"collection":[{"href":"https:\/\/www.electrahotels.gr\/es\/wp-json\/wp\/v2\/pages"}],"about":[{"href":"https:\/\/www.electrahotels.gr\/es\/wp-json\/wp\/v2\/types\/page"}],"author":[{"embeddable":true,"href":"https:\/\/www.electrahotels.gr\/es\/wp-json\/wp\/v2\/users\/1"}],"replies":[{"embeddable":true,"href":"https:\/\/www.electrahotels.gr\/es\/wp-json\/wp\/v2\/comments?post=15075"}],"version-history":[{"count":2,"href":"https:\/\/www.electrahotels.gr\/es\/wp-json\/wp\/v2\/pages\/15075\/revisions"}],"predecessor-version":[{"id":15085,"href":"https:\/\/www.electrahotels.gr\/es\/wp-json\/wp\/v2\/pages\/15075\/revisions\/15085"}],"up":[{"embeddable":true,"href":"https:\/\/www.electrahotels.gr\/es\/wp-json\/wp\/v2\/pages\/15581"}],"wp:featuredmedia":[{"embeddable":true,"href":"https:\/\/www.electrahotels.gr\/es\/wp-json\/wp\/v2\/media\/13702"}],"wp:attachment":[{"href":"https:\/\/www.electrahotels.gr\/es\/wp-json\/wp\/v2\/media?parent=15075"}],"wp:term":[{"taxonomy":"page_tag","embeddable":true,"href":"https:\/\/www.electrahotels.gr\/es\/wp-json\/wp\/v2\/page_tag?post=15075"}],"curies":[{"name":"wp","href":"https:\/\/api.w.org\/{rel}","templated":true}]}}