{"id":15078,"date":"2022-01-28T12:36:04","date_gmt":"2022-01-28T10:36:04","guid":{"rendered":"https:\/\/www.electrahotels.gr\/cosas-que-hacer\/"},"modified":"2024-07-17T11:42:03","modified_gmt":"2024-07-17T08:42:03","slug":"nuestra-ubicacion","status":"publish","type":"page","link":"https:\/\/www.electrahotels.gr\/es\/nuestros-hoteles\/palacio-electra-de-rodas\/nuestra-ubicacion\/","title":{"rendered":"Nuestra Ubicaci\u00f3n"},"content":{"rendered":"\n<p><p><\/p><p>Ciudad vieja de Rodas<\/p>\n\t\n<p>A poca distancia, la encantadora ciudad de Rodas es una maravilla arquitect\u00f3nica: su parte medieval, construida por los Caballeros Hospitalarios, es un monumento del patrimonio mundial de la UNESCO. Junto a ella, edificios art dec\u00f3 y futuristas atestiguan la ocupaci\u00f3n italiana de Rodas. Fuera de las murallas medievales de la ciudad, en la colina de St. Stefanos, el parque arqueol\u00f3gico incluye la antigua acr\u00f3polis de Rodas, con magn\u00edficas vistas sobre la ciudad vieja y la nueva y las islas cercanas.<\/p><\/p>\n\n\n\n<p>La peque\u00f1a ciudad de Lindos<br><\/p>\n\n\n\n<p>En la parte sureste de la isla, la peque\u00f1a ciudad de Lindos es otro lugar popular entre los visitantes, y por una buena raz\u00f3n tambi\u00e9n: su Acr\u00f3polis, una ciudadela natural habitada continuamente desde la antig\u00fcedad, cuenta con impresionantes monumentos antiguos y medievales, y con vistas al mar hacia el este, mientras que la propia ciudad, declarada como tal, es hermosa y acogedora, con sus casas y calles decoradas con peque\u00f1os mosaicos de guijarros.<\/p>\n","protected":false},"excerpt":{"rendered":"<p>Ciudad vieja de Rodas A poca distancia, la encantadora ciudad de Rodas es una maravilla arquitect\u00f3nica: su parte medieval, construida por los Caballeros Hospitalarios, es un monumento del patrimonio mundial de la UNESCO. Junto a ella, edificios art dec\u00f3 y futuristas atestiguan la ocupaci\u00f3n italiana de Rodas. Fuera de las murallas medievales de la ciudad,<\/p>\n","protected":false},"author":1,"featured_media":14257,"parent":15585,"menu_order":0,"comment_status":"closed","ping_status":"closed","template":"page-templates\/single-restaurant.php","meta":{"_acf_changed":false,"footnotes":""},"page_tag":[],"class_list":["post-15078","page","type-page","status-publish","has-post-thumbnail","hentry"],"acf":[],"yoast_head":"<!-- This site is optimized with the Yoast SEO plugin v27.3 - https:\/\/yoast.com\/product\/yoast-seo-wordpress\/ -->\n<title>Lo m\u00e1s esencial que hacer en Rodas || Electra Palace Rhodes<\/title>\n<meta name=\"description\" content=\"Para descubrir la esencia absoluta de Rodas, he aqu\u00ed la recomendaci\u00f3n de Electra Hotels sobre las cuatro cosas m\u00e1s esenciales que hay que hacer en la isla de Rodas.\" \/>\n<meta name=\"robots\" content=\"index, follow, max-snippet:-1, max-image-preview:large, max-video-preview:-1\" \/>\n<link rel=\"canonical\" href=\"https:\/\/www.electrahotels.gr\/es\/nuestros-hoteles\/palacio-electra-de-rodas\/nuestra-ubicacion\/\" \/>\n<meta property=\"og:locale\" content=\"es_ES\" \/>\n<meta property=\"og:type\" content=\"article\" \/>\n<meta property=\"og:title\" content=\"Lo m\u00e1s esencial que hacer en Rodas || Electra Palace Rhodes\" \/>\n<meta property=\"og:description\" content=\"Para descubrir la esencia absoluta de Rodas, he aqu\u00ed la recomendaci\u00f3n de Electra Hotels sobre las cuatro cosas m\u00e1s esenciales que hay que hacer en la isla de Rodas.\" \/>\n<meta property=\"og:url\" content=\"https:\/\/www.electrahotels.gr\/es\/nuestros-hoteles\/palacio-electra-de-rodas\/nuestra-ubicacion\/\" \/>\n<meta property=\"og:site_name\" content=\"Electra Hotels &amp; Resorts\" \/>\n<meta property=\"article:modified_time\" content=\"2024-07-17T08:42:03+00:00\" \/>\n<meta property=\"og:image\" content=\"https:\/\/www.electrahotels.gr\/app\/uploads\/2021\/10\/stamenisnikiforos_Electra_Palace_Rhodes3616.jpg\" \/>\n\t<meta property=\"og:image:width\" content=\"1920\" \/>\n\t<meta property=\"og:image:height\" content=\"1280\" \/>\n\t<meta property=\"og:image:type\" content=\"image\/jpeg\" \/>\n<meta name=\"twitter:card\" content=\"summary_large_image\" \/>\n<meta name=\"twitter:label1\" content=\"Tiempo de lectura\" \/>\n\t<meta name=\"twitter:data1\" content=\"1 minuto\" \/>\n<script type=\"application\/ld+json\" class=\"yoast-schema-graph\">{\"@context\":\"https:\\\/\\\/schema.org\",\"@graph\":[{\"@type\":\"WebPage\",\"@id\":\"https:\\\/\\\/www.electrahotels.gr\\\/es\\\/nuestros-hoteles\\\/palacio-electra-de-rodas\\\/nuestra-ubicacion\\\/\",\"url\":\"https:\\\/\\\/www.electrahotels.gr\\\/es\\\/nuestros-hoteles\\\/palacio-electra-de-rodas\\\/nuestra-ubicacion\\\/\",\"name\":\"Lo m\u00e1s esencial que hacer en Rodas || Electra Palace Rhodes\",\"isPartOf\":{\"@id\":\"https:\\\/\\\/www.electrahotels.gr\\\/es\\\/#website\"},\"primaryImageOfPage\":{\"@id\":\"https:\\\/\\\/www.electrahotels.gr\\\/es\\\/nuestros-hoteles\\\/palacio-electra-de-rodas\\\/nuestra-ubicacion\\\/#primaryimage\"},\"image\":{\"@id\":\"https:\\\/\\\/www.electrahotels.gr\\\/es\\\/nuestros-hoteles\\\/palacio-electra-de-rodas\\\/nuestra-ubicacion\\\/#primaryimage\"},\"thumbnailUrl\":\"https:\\\/\\\/www.electrahotels.gr\\\/app\\\/uploads\\\/2021\\\/10\\\/stamenisnikiforos_Electra_Palace_Rhodes3616.jpg\",\"datePublished\":\"2022-01-28T10:36:04+00:00\",\"dateModified\":\"2024-07-17T08:42:03+00:00\",\"description\":\"Para descubrir la esencia absoluta de Rodas, he aqu\u00ed la recomendaci\u00f3n de Electra Hotels sobre las cuatro cosas m\u00e1s esenciales que hay que hacer en la isla de Rodas.\",\"breadcrumb\":{\"@id\":\"https:\\\/\\\/www.electrahotels.gr\\\/es\\\/nuestros-hoteles\\\/palacio-electra-de-rodas\\\/nuestra-ubicacion\\\/#breadcrumb\"},\"inLanguage\":\"es\",\"potentialAction\":[{\"@type\":\"ReadAction\",\"target\":[\"https:\\\/\\\/www.electrahotels.gr\\\/es\\\/nuestros-hoteles\\\/palacio-electra-de-rodas\\\/nuestra-ubicacion\\\/\"]}]},{\"@type\":\"ImageObject\",\"inLanguage\":\"es\",\"@id\":\"https:\\\/\\\/www.electrahotels.gr\\\/es\\\/nuestros-hoteles\\\/palacio-electra-de-rodas\\\/nuestra-ubicacion\\\/#primaryimage\",\"url\":\"https:\\\/\\\/www.electrahotels.gr\\\/app\\\/uploads\\\/2021\\\/10\\\/stamenisnikiforos_Electra_Palace_Rhodes3616.jpg\",\"contentUrl\":\"https:\\\/\\\/www.electrahotels.gr\\\/app\\\/uploads\\\/2021\\\/10\\\/stamenisnikiforos_Electra_Palace_Rhodes3616.jpg\",\"width\":1920,\"height\":1280},{\"@type\":\"BreadcrumbList\",\"@id\":\"https:\\\/\\\/www.electrahotels.gr\\\/es\\\/nuestros-hoteles\\\/palacio-electra-de-rodas\\\/nuestra-ubicacion\\\/#breadcrumb\",\"itemListElement\":[{\"@type\":\"ListItem\",\"position\":1,\"name\":\"Home\",\"item\":\"https:\\\/\\\/www.electrahotels.gr\\\/es\\\/\"},{\"@type\":\"ListItem\",\"position\":2,\"name\":\"Nuestros hoteles\",\"item\":\"https:\\\/\\\/www.electrahotels.gr\\\/es\\\/nuestros-hoteles\\\/\"},{\"@type\":\"ListItem\",\"position\":3,\"name\":\"Electra Palace Rhode\",\"item\":\"https:\\\/\\\/www.electrahotels.gr\\\/es\\\/nuestros-hoteles\\\/palacio-electra-de-rodas\\\/\"},{\"@type\":\"ListItem\",\"position\":4,\"name\":\"Nuestra Ubicaci\u00f3n\"}]},{\"@type\":\"WebSite\",\"@id\":\"https:\\\/\\\/www.electrahotels.gr\\\/es\\\/#website\",\"url\":\"https:\\\/\\\/www.electrahotels.gr\\\/es\\\/\",\"name\":\"Electra Hotels &amp; Resorts\",\"description\":\"A group of luxury hotels in Athens, Thessaloniki, Rhodes and Kefalonia committed to offering quality hospitality, service and luxury\",\"potentialAction\":[{\"@type\":\"SearchAction\",\"target\":{\"@type\":\"EntryPoint\",\"urlTemplate\":\"https:\\\/\\\/www.electrahotels.gr\\\/es\\\/?s={search_term_string}\"},\"query-input\":{\"@type\":\"PropertyValueSpecification\",\"valueRequired\":true,\"valueName\":\"search_term_string\"}}],\"inLanguage\":\"es\"}]}<\/script>\n<!-- \/ Yoast SEO plugin. -->","yoast_head_json":{"title":"Lo m\u00e1s esencial que hacer en Rodas || Electra Palace Rhodes","description":"Para descubrir la esencia absoluta de Rodas, he aqu\u00ed la recomendaci\u00f3n de Electra Hotels sobre las cuatro cosas m\u00e1s esenciales que hay que hacer en la isla de Rodas.","robots":{"index":"index","follow":"follow","max-snippet":"max-snippet:-1","max-image-preview":"max-image-preview:large","max-video-preview":"max-video-preview:-1"},"canonical":"https:\/\/www.electrahotels.gr\/es\/nuestros-hoteles\/palacio-electra-de-rodas\/nuestra-ubicacion\/","og_locale":"es_ES","og_type":"article","og_title":"Lo m\u00e1s esencial que hacer en Rodas || Electra Palace Rhodes","og_description":"Para descubrir la esencia absoluta de Rodas, he aqu\u00ed la recomendaci\u00f3n de Electra Hotels sobre las cuatro cosas m\u00e1s esenciales que hay que hacer en la isla de Rodas.","og_url":"https:\/\/www.electrahotels.gr\/es\/nuestros-hoteles\/palacio-electra-de-rodas\/nuestra-ubicacion\/","og_site_name":"Electra Hotels &amp; Resorts","article_modified_time":"2024-07-17T08:42:03+00:00","og_image":[{"width":1920,"height":1280,"url":"https:\/\/www.electrahotels.gr\/app\/uploads\/2021\/10\/stamenisnikiforos_Electra_Palace_Rhodes3616.jpg","type":"image\/jpeg"}],"twitter_card":"summary_large_image","twitter_misc":{"Tiempo de lectura":"1 minuto"},"schema":{"@context":"https:\/\/schema.org","@graph":[{"@type":"WebPage","@id":"https:\/\/www.electrahotels.gr\/es\/nuestros-hoteles\/palacio-electra-de-rodas\/nuestra-ubicacion\/","url":"https:\/\/www.electrahotels.gr\/es\/nuestros-hoteles\/palacio-electra-de-rodas\/nuestra-ubicacion\/","name":"Lo m\u00e1s esencial que hacer en Rodas || Electra Palace Rhodes","isPartOf":{"@id":"https:\/\/www.electrahotels.gr\/es\/#website"},"primaryImageOfPage":{"@id":"https:\/\/www.electrahotels.gr\/es\/nuestros-hoteles\/palacio-electra-de-rodas\/nuestra-ubicacion\/#primaryimage"},"image":{"@id":"https:\/\/www.electrahotels.gr\/es\/nuestros-hoteles\/palacio-electra-de-rodas\/nuestra-ubicacion\/#primaryimage"},"thumbnailUrl":"https:\/\/www.electrahotels.gr\/app\/uploads\/2021\/10\/stamenisnikiforos_Electra_Palace_Rhodes3616.jpg","datePublished":"2022-01-28T10:36:04+00:00","dateModified":"2024-07-17T08:42:03+00:00","description":"Para descubrir la esencia absoluta de Rodas, he aqu\u00ed la recomendaci\u00f3n de Electra Hotels sobre las cuatro cosas m\u00e1s esenciales que hay que hacer en la isla de Rodas.","breadcrumb":{"@id":"https:\/\/www.electrahotels.gr\/es\/nuestros-hoteles\/palacio-electra-de-rodas\/nuestra-ubicacion\/#breadcrumb"},"inLanguage":"es","potentialAction":[{"@type":"ReadAction","target":["https:\/\/www.electrahotels.gr\/es\/nuestros-hoteles\/palacio-electra-de-rodas\/nuestra-ubicacion\/"]}]},{"@type":"ImageObject","inLanguage":"es","@id":"https:\/\/www.electrahotels.gr\/es\/nuestros-hoteles\/palacio-electra-de-rodas\/nuestra-ubicacion\/#primaryimage","url":"https:\/\/www.electrahotels.gr\/app\/uploads\/2021\/10\/stamenisnikiforos_Electra_Palace_Rhodes3616.jpg","contentUrl":"https:\/\/www.electrahotels.gr\/app\/uploads\/2021\/10\/stamenisnikiforos_Electra_Palace_Rhodes3616.jpg","width":1920,"height":1280},{"@type":"BreadcrumbList","@id":"https:\/\/www.electrahotels.gr\/es\/nuestros-hoteles\/palacio-electra-de-rodas\/nuestra-ubicacion\/#breadcrumb","itemListElement":[{"@type":"ListItem","position":1,"name":"Home","item":"https:\/\/www.electrahotels.gr\/es\/"},{"@type":"ListItem","position":2,"name":"Nuestros hoteles","item":"https:\/\/www.electrahotels.gr\/es\/nuestros-hoteles\/"},{"@type":"ListItem","position":3,"name":"Electra Palace Rhode","item":"https:\/\/www.electrahotels.gr\/es\/nuestros-hoteles\/palacio-electra-de-rodas\/"},{"@type":"ListItem","position":4,"name":"Nuestra Ubicaci\u00f3n"}]},{"@type":"WebSite","@id":"https:\/\/www.electrahotels.gr\/es\/#website","url":"https:\/\/www.electrahotels.gr\/es\/","name":"Electra Hotels &amp; Resorts","description":"A group of luxury hotels in Athens, Thessaloniki, Rhodes and Kefalonia committed to offering quality hospitality, service and luxury","potentialAction":[{"@type":"SearchAction","target":{"@type":"EntryPoint","urlTemplate":"https:\/\/www.electrahotels.gr\/es\/?s={search_term_string}"},"query-input":{"@type":"PropertyValueSpecification","valueRequired":true,"valueName":"search_term_string"}}],"inLanguage":"es"}]}},"_links":{"self":[{"href":"https:\/\/www.electrahotels.gr\/es\/wp-json\/wp\/v2\/pages\/15078","targetHints":{"allow":["GET"]}}],"collection":[{"href":"https:\/\/www.electrahotels.gr\/es\/wp-json\/wp\/v2\/pages"}],"about":[{"href":"https:\/\/www.electrahotels.gr\/es\/wp-json\/wp\/v2\/types\/page"}],"author":[{"embeddable":true,"href":"https:\/\/www.electrahotels.gr\/es\/wp-json\/wp\/v2\/users\/1"}],"replies":[{"embeddable":true,"href":"https:\/\/www.electrahotels.gr\/es\/wp-json\/wp\/v2\/comments?post=15078"}],"version-history":[{"count":10,"href":"https:\/\/www.electrahotels.gr\/es\/wp-json\/wp\/v2\/pages\/15078\/revisions"}],"predecessor-version":[{"id":49246,"href":"https:\/\/www.electrahotels.gr\/es\/wp-json\/wp\/v2\/pages\/15078\/revisions\/49246"}],"up":[{"embeddable":true,"href":"https:\/\/www.electrahotels.gr\/es\/wp-json\/wp\/v2\/pages\/15585"}],"wp:featuredmedia":[{"embeddable":true,"href":"https:\/\/www.electrahotels.gr\/es\/wp-json\/wp\/v2\/media\/14257"}],"wp:attachment":[{"href":"https:\/\/www.electrahotels.gr\/es\/wp-json\/wp\/v2\/media?parent=15078"}],"wp:term":[{"taxonomy":"page_tag","embeddable":true,"href":"https:\/\/www.electrahotels.gr\/es\/wp-json\/wp\/v2\/page_tag?post=15078"}],"curies":[{"name":"wp","href":"https:\/\/api.w.org\/{rel}","templated":true}]}}