{"id":15117,"date":"2022-01-28T12:36:06","date_gmt":"2022-01-28T10:36:06","guid":{"rendered":"https:\/\/www.electrahotels.gr\/nuestros-hoteles\/electra-cefalonia\/bienestar-y-fitness\/"},"modified":"2023-10-27T17:10:37","modified_gmt":"2023-10-27T14:10:37","slug":"bienestar-y-fitness","status":"publish","type":"page","link":"https:\/\/www.electrahotels.gr\/es\/nuestros-hoteles\/electra-cefalonia\/bienestar-y-fitness\/","title":{"rendered":"Bienestar y Fitness"},"content":{"rendered":"\n<p>No es un secreto que Cefalonia es una de las islas griegas m\u00e1s bellas. Lleno de playas de arena, aguas esmeralda, verde salvaje, es el lugar que le ayudar\u00e1 a hacer una pausa y a reconectar con su interior. En la misi\u00f3n de reforzar el equilibrio entre tu cuerpo y tu mente, no est\u00e1s solo.<\/p>\n\n\n\n<p><\/p>\n\n\n\n<p><\/p>\n\n\n\n<h2 class=\"wp-block-heading\"><strong>Piscina exterior<\/strong><\/h2>\n\n\n\n<p>Las cosas siempre sientan mejor junto a la piscina, y m\u00e1s a\u00fan cuando \u00e9sta tiene unas vistas tan cautivadoras al mar y al jard\u00edn. Rel\u00e1jese en nuestras comod\u00edsimas tumbonas, t\u00f3mese un c\u00f3ctel o un tentempi\u00e9 y descubra por s\u00ed mismo el significado de relajarse al m\u00e1s alto nivel.<\/p>\n\n\n\n<p>Horario de apertura: 11.00-19.00<\/p>\n","protected":false},"excerpt":{"rendered":"<p>No es un secreto que Cefalonia es una de las islas griegas m\u00e1s bellas. Lleno de playas de arena, aguas esmeralda, verde salvaje, es el lugar que le ayudar\u00e1 a hacer una pausa y a reconectar con su interior. En la misi\u00f3n de reforzar el equilibrio entre tu cuerpo y tu mente, no est\u00e1s solo.<\/p>\n","protected":false},"author":1,"featured_media":13675,"parent":14140,"menu_order":0,"comment_status":"closed","ping_status":"closed","template":"page-templates\/single-restaurant.php","meta":{"_acf_changed":false,"footnotes":""},"page_tag":[],"class_list":["post-15117","page","type-page","status-publish","has-post-thumbnail","hentry"],"acf":[],"yoast_head":"<!-- This site is optimized with the Yoast SEO plugin v27.4 - https:\/\/yoast.com\/product\/yoast-seo-wordpress\/ -->\n<title>Mimos de lujo en un hotel balneario de 5* en Cefalonia || Electra Kefalonia<\/title>\n<meta name=\"description\" content=\"M\u00edmese al m\u00e1ximo con lujosas sesiones de mimos, terapias de bienestar y tratamientos nutritivos y relajantes en un hotel spa de 5* en Cefalonia.\" \/>\n<meta name=\"robots\" content=\"index, follow, max-snippet:-1, max-image-preview:large, max-video-preview:-1\" \/>\n<link rel=\"canonical\" href=\"https:\/\/www.electrahotels.gr\/es\/nuestros-hoteles\/electra-cefalonia\/bienestar-y-fitness\/\" \/>\n<meta property=\"og:locale\" content=\"es_ES\" \/>\n<meta property=\"og:type\" content=\"article\" \/>\n<meta property=\"og:title\" content=\"Mimos de lujo en un hotel balneario de 5* en Cefalonia || Electra Kefalonia\" \/>\n<meta property=\"og:description\" content=\"M\u00edmese al m\u00e1ximo con lujosas sesiones de mimos, terapias de bienestar y tratamientos nutritivos y relajantes en un hotel spa de 5* en Cefalonia.\" \/>\n<meta property=\"og:url\" content=\"https:\/\/www.electrahotels.gr\/es\/nuestros-hoteles\/electra-cefalonia\/bienestar-y-fitness\/\" \/>\n<meta property=\"og:site_name\" content=\"Electra Hotels &amp; Resorts\" \/>\n<meta property=\"article:modified_time\" content=\"2023-10-27T14:10:37+00:00\" \/>\n<meta property=\"og:image\" content=\"https:\/\/www.electrahotels.gr\/app\/uploads\/sites\/75\/2021\/09\/Electra_Kefalonia_Hotel_And_Spa_Indoor_Pool-10-1.jpg\" \/>\n\t<meta property=\"og:image:width\" content=\"1920\" \/>\n\t<meta property=\"og:image:height\" content=\"1280\" \/>\n\t<meta property=\"og:image:type\" content=\"image\/jpeg\" \/>\n<meta name=\"twitter:card\" content=\"summary_large_image\" \/>\n<meta name=\"twitter:label1\" content=\"Tiempo de lectura\" \/>\n\t<meta name=\"twitter:data1\" content=\"1 minuto\" \/>\n<script type=\"application\/ld+json\" class=\"yoast-schema-graph\">{\"@context\":\"https:\\\/\\\/schema.org\",\"@graph\":[{\"@type\":\"WebPage\",\"@id\":\"https:\\\/\\\/www.electrahotels.gr\\\/es\\\/nuestros-hoteles\\\/electra-cefalonia\\\/bienestar-y-fitness\\\/\",\"url\":\"https:\\\/\\\/www.electrahotels.gr\\\/es\\\/nuestros-hoteles\\\/electra-cefalonia\\\/bienestar-y-fitness\\\/\",\"name\":\"Mimos de lujo en un hotel balneario de 5* en Cefalonia || Electra Kefalonia\",\"isPartOf\":{\"@id\":\"https:\\\/\\\/www.electrahotels.gr\\\/es\\\/#website\"},\"primaryImageOfPage\":{\"@id\":\"https:\\\/\\\/www.electrahotels.gr\\\/es\\\/nuestros-hoteles\\\/electra-cefalonia\\\/bienestar-y-fitness\\\/#primaryimage\"},\"image\":{\"@id\":\"https:\\\/\\\/www.electrahotels.gr\\\/es\\\/nuestros-hoteles\\\/electra-cefalonia\\\/bienestar-y-fitness\\\/#primaryimage\"},\"thumbnailUrl\":\"https:\\\/\\\/www.electrahotels.gr\\\/app\\\/uploads\\\/2021\\\/09\\\/Electra_Kefalonia_Hotel_And_Spa_Indoor_Pool-10-1.jpg\",\"datePublished\":\"2022-01-28T10:36:06+00:00\",\"dateModified\":\"2023-10-27T14:10:37+00:00\",\"description\":\"M\u00edmese al m\u00e1ximo con lujosas sesiones de mimos, terapias de bienestar y tratamientos nutritivos y relajantes en un hotel spa de 5* en Cefalonia.\",\"breadcrumb\":{\"@id\":\"https:\\\/\\\/www.electrahotels.gr\\\/es\\\/nuestros-hoteles\\\/electra-cefalonia\\\/bienestar-y-fitness\\\/#breadcrumb\"},\"inLanguage\":\"es\",\"potentialAction\":[{\"@type\":\"ReadAction\",\"target\":[\"https:\\\/\\\/www.electrahotels.gr\\\/es\\\/nuestros-hoteles\\\/electra-cefalonia\\\/bienestar-y-fitness\\\/\"]}]},{\"@type\":\"ImageObject\",\"inLanguage\":\"es\",\"@id\":\"https:\\\/\\\/www.electrahotels.gr\\\/es\\\/nuestros-hoteles\\\/electra-cefalonia\\\/bienestar-y-fitness\\\/#primaryimage\",\"url\":\"https:\\\/\\\/www.electrahotels.gr\\\/app\\\/uploads\\\/2021\\\/09\\\/Electra_Kefalonia_Hotel_And_Spa_Indoor_Pool-10-1.jpg\",\"contentUrl\":\"https:\\\/\\\/www.electrahotels.gr\\\/app\\\/uploads\\\/2021\\\/09\\\/Electra_Kefalonia_Hotel_And_Spa_Indoor_Pool-10-1.jpg\",\"width\":1920,\"height\":1280},{\"@type\":\"BreadcrumbList\",\"@id\":\"https:\\\/\\\/www.electrahotels.gr\\\/es\\\/nuestros-hoteles\\\/electra-cefalonia\\\/bienestar-y-fitness\\\/#breadcrumb\",\"itemListElement\":[{\"@type\":\"ListItem\",\"position\":1,\"name\":\"Home\",\"item\":\"https:\\\/\\\/www.electrahotels.gr\\\/es\\\/\"},{\"@type\":\"ListItem\",\"position\":2,\"name\":\"Nuestros hoteles\",\"item\":\"https:\\\/\\\/www.electrahotels.gr\\\/es\\\/nuestros-hoteles\\\/\"},{\"@type\":\"ListItem\",\"position\":3,\"name\":\"Electra Kefalonia Hotel and Spa\",\"item\":\"https:\\\/\\\/www.electrahotels.gr\\\/es\\\/nuestros-hoteles\\\/electra-cefalonia\\\/\"},{\"@type\":\"ListItem\",\"position\":4,\"name\":\"Bienestar y Fitness\"}]},{\"@type\":\"WebSite\",\"@id\":\"https:\\\/\\\/www.electrahotels.gr\\\/es\\\/#website\",\"url\":\"https:\\\/\\\/www.electrahotels.gr\\\/es\\\/\",\"name\":\"Electra Hotels &amp; Resorts\",\"description\":\"A group of luxury hotels in Athens, Thessaloniki, Rhodes and Kefalonia committed to offering quality hospitality, service and luxury\",\"potentialAction\":[{\"@type\":\"SearchAction\",\"target\":{\"@type\":\"EntryPoint\",\"urlTemplate\":\"https:\\\/\\\/www.electrahotels.gr\\\/es\\\/?s={search_term_string}\"},\"query-input\":{\"@type\":\"PropertyValueSpecification\",\"valueRequired\":true,\"valueName\":\"search_term_string\"}}],\"inLanguage\":\"es\"}]}<\/script>\n<!-- \/ Yoast SEO plugin. -->","yoast_head_json":{"title":"Mimos de lujo en un hotel balneario de 5* en Cefalonia || Electra Kefalonia","description":"M\u00edmese al m\u00e1ximo con lujosas sesiones de mimos, terapias de bienestar y tratamientos nutritivos y relajantes en un hotel spa de 5* en Cefalonia.","robots":{"index":"index","follow":"follow","max-snippet":"max-snippet:-1","max-image-preview":"max-image-preview:large","max-video-preview":"max-video-preview:-1"},"canonical":"https:\/\/www.electrahotels.gr\/es\/nuestros-hoteles\/electra-cefalonia\/bienestar-y-fitness\/","og_locale":"es_ES","og_type":"article","og_title":"Mimos de lujo en un hotel balneario de 5* en Cefalonia || Electra Kefalonia","og_description":"M\u00edmese al m\u00e1ximo con lujosas sesiones de mimos, terapias de bienestar y tratamientos nutritivos y relajantes en un hotel spa de 5* en Cefalonia.","og_url":"https:\/\/www.electrahotels.gr\/es\/nuestros-hoteles\/electra-cefalonia\/bienestar-y-fitness\/","og_site_name":"Electra Hotels &amp; Resorts","article_modified_time":"2023-10-27T14:10:37+00:00","og_image":[{"width":1920,"height":1280,"url":"https:\/\/www.electrahotels.gr\/app\/uploads\/sites\/75\/2021\/09\/Electra_Kefalonia_Hotel_And_Spa_Indoor_Pool-10-1.jpg","type":"image\/jpeg"}],"twitter_card":"summary_large_image","twitter_misc":{"Tiempo de lectura":"1 minuto"},"schema":{"@context":"https:\/\/schema.org","@graph":[{"@type":"WebPage","@id":"https:\/\/www.electrahotels.gr\/es\/nuestros-hoteles\/electra-cefalonia\/bienestar-y-fitness\/","url":"https:\/\/www.electrahotels.gr\/es\/nuestros-hoteles\/electra-cefalonia\/bienestar-y-fitness\/","name":"Mimos de lujo en un hotel balneario de 5* en Cefalonia || Electra Kefalonia","isPartOf":{"@id":"https:\/\/www.electrahotels.gr\/es\/#website"},"primaryImageOfPage":{"@id":"https:\/\/www.electrahotels.gr\/es\/nuestros-hoteles\/electra-cefalonia\/bienestar-y-fitness\/#primaryimage"},"image":{"@id":"https:\/\/www.electrahotels.gr\/es\/nuestros-hoteles\/electra-cefalonia\/bienestar-y-fitness\/#primaryimage"},"thumbnailUrl":"https:\/\/www.electrahotels.gr\/app\/uploads\/2021\/09\/Electra_Kefalonia_Hotel_And_Spa_Indoor_Pool-10-1.jpg","datePublished":"2022-01-28T10:36:06+00:00","dateModified":"2023-10-27T14:10:37+00:00","description":"M\u00edmese al m\u00e1ximo con lujosas sesiones de mimos, terapias de bienestar y tratamientos nutritivos y relajantes en un hotel spa de 5* en Cefalonia.","breadcrumb":{"@id":"https:\/\/www.electrahotels.gr\/es\/nuestros-hoteles\/electra-cefalonia\/bienestar-y-fitness\/#breadcrumb"},"inLanguage":"es","potentialAction":[{"@type":"ReadAction","target":["https:\/\/www.electrahotels.gr\/es\/nuestros-hoteles\/electra-cefalonia\/bienestar-y-fitness\/"]}]},{"@type":"ImageObject","inLanguage":"es","@id":"https:\/\/www.electrahotels.gr\/es\/nuestros-hoteles\/electra-cefalonia\/bienestar-y-fitness\/#primaryimage","url":"https:\/\/www.electrahotels.gr\/app\/uploads\/2021\/09\/Electra_Kefalonia_Hotel_And_Spa_Indoor_Pool-10-1.jpg","contentUrl":"https:\/\/www.electrahotels.gr\/app\/uploads\/2021\/09\/Electra_Kefalonia_Hotel_And_Spa_Indoor_Pool-10-1.jpg","width":1920,"height":1280},{"@type":"BreadcrumbList","@id":"https:\/\/www.electrahotels.gr\/es\/nuestros-hoteles\/electra-cefalonia\/bienestar-y-fitness\/#breadcrumb","itemListElement":[{"@type":"ListItem","position":1,"name":"Home","item":"https:\/\/www.electrahotels.gr\/es\/"},{"@type":"ListItem","position":2,"name":"Nuestros hoteles","item":"https:\/\/www.electrahotels.gr\/es\/nuestros-hoteles\/"},{"@type":"ListItem","position":3,"name":"Electra Kefalonia Hotel and Spa","item":"https:\/\/www.electrahotels.gr\/es\/nuestros-hoteles\/electra-cefalonia\/"},{"@type":"ListItem","position":4,"name":"Bienestar y Fitness"}]},{"@type":"WebSite","@id":"https:\/\/www.electrahotels.gr\/es\/#website","url":"https:\/\/www.electrahotels.gr\/es\/","name":"Electra Hotels &amp; Resorts","description":"A group of luxury hotels in Athens, Thessaloniki, Rhodes and Kefalonia committed to offering quality hospitality, service and luxury","potentialAction":[{"@type":"SearchAction","target":{"@type":"EntryPoint","urlTemplate":"https:\/\/www.electrahotels.gr\/es\/?s={search_term_string}"},"query-input":{"@type":"PropertyValueSpecification","valueRequired":true,"valueName":"search_term_string"}}],"inLanguage":"es"}]}},"_links":{"self":[{"href":"https:\/\/www.electrahotels.gr\/es\/wp-json\/wp\/v2\/pages\/15117","targetHints":{"allow":["GET"]}}],"collection":[{"href":"https:\/\/www.electrahotels.gr\/es\/wp-json\/wp\/v2\/pages"}],"about":[{"href":"https:\/\/www.electrahotels.gr\/es\/wp-json\/wp\/v2\/types\/page"}],"author":[{"embeddable":true,"href":"https:\/\/www.electrahotels.gr\/es\/wp-json\/wp\/v2\/users\/1"}],"replies":[{"embeddable":true,"href":"https:\/\/www.electrahotels.gr\/es\/wp-json\/wp\/v2\/comments?post=15117"}],"version-history":[{"count":10,"href":"https:\/\/www.electrahotels.gr\/es\/wp-json\/wp\/v2\/pages\/15117\/revisions"}],"predecessor-version":[{"id":40369,"href":"https:\/\/www.electrahotels.gr\/es\/wp-json\/wp\/v2\/pages\/15117\/revisions\/40369"}],"up":[{"embeddable":true,"href":"https:\/\/www.electrahotels.gr\/es\/wp-json\/wp\/v2\/pages\/14140"}],"wp:featuredmedia":[{"embeddable":true,"href":"https:\/\/www.electrahotels.gr\/es\/wp-json\/wp\/v2\/media\/13675"}],"wp:attachment":[{"href":"https:\/\/www.electrahotels.gr\/es\/wp-json\/wp\/v2\/media?parent=15117"}],"wp:term":[{"taxonomy":"page_tag","embeddable":true,"href":"https:\/\/www.electrahotels.gr\/es\/wp-json\/wp\/v2\/page_tag?post=15117"}],"curies":[{"name":"wp","href":"https:\/\/api.w.org\/{rel}","templated":true}]}}