{"id":15120,"date":"2022-01-28T12:36:06","date_gmt":"2022-01-28T10:36:06","guid":{"rendered":"https:\/\/www.electrahotels.gr\/nuestros-hoteles\/palacio-electra-de-atenas\/bienestar-y-fitness\/"},"modified":"2023-10-27T16:44:20","modified_gmt":"2023-10-27T13:44:20","slug":"bienestar-y-fitness","status":"publish","type":"page","link":"https:\/\/www.electrahotels.gr\/es\/nuestros-hoteles\/palacio-electra-de-atenas\/bienestar-y-fitness\/","title":{"rendered":"Bienestar y Fitness"},"content":{"rendered":"\n<p>Atenas es sin duda la ciudad de los contrastes. Con vistas a la colina y al mar, urbano pero elegante, hist\u00f3rico pero contempor\u00e1neo, puede inspirar tanto a pasar un buen rato como a buscar el silencio y la b\u00fasqueda del alma.<\/p>\n\n\n\n<p><\/p>\n\n\n\n<h2 class=\"wp-block-heading\"><strong>Piscina exterior<\/strong><\/h2>\n\n\n\n<p>Un oasis de frescor le espera en nuestra piscina exterior de bienestar y fitness. Experimente con sus propios sentidos c\u00f3mo se redefine el fr\u00edo con una combinaci\u00f3n inmejorable de ofertas que le transportan. Unas vistas pintorescas y \u00fanicas de la Acr\u00f3polis y el barrio de Plaka, c\u00f3cteles y aperitivos y un servicio de primera categor\u00eda se unen para crear un ambiente \u00fanico que no se puede encontrar en ning\u00fan otro lugar de la ciudad.<\/p>\n\n\n\n<p>Horario de apertura: 10:00-20:00<\/p>\n","protected":false},"excerpt":{"rendered":"<p>Atenas es sin duda la ciudad de los contrastes. Con vistas a la colina y al mar, urbano pero elegante, hist\u00f3rico pero contempor\u00e1neo, puede inspirar tanto a pasar un buen rato como a buscar el silencio y la b\u00fasqueda del alma. Piscina exterior Un oasis de frescor le espera en nuestra piscina exterior de bienestar<\/p>\n","protected":false},"author":1,"featured_media":0,"parent":14141,"menu_order":0,"comment_status":"closed","ping_status":"closed","template":"page-templates\/single-restaurant.php","meta":{"_acf_changed":false,"footnotes":""},"page_tag":[],"class_list":["post-15120","page","type-page","status-publish","hentry"],"acf":[],"yoast_head":"<!-- This site is optimized with the Yoast SEO plugin v27.4 - https:\/\/yoast.com\/product\/yoast-seo-wordpress\/ -->\n<title>Hotel balneario de lujo en Plaka, Atenas || Electra Palace Athens<\/title>\n<meta name=\"description\" content=\"Disfrute de tratamientos de 5* para mimar el cuerpo y la mente que tienen como objetivo relajarle y nutrirle por completo en Electra Palace, un lujoso hotel balneario de Plaka, en la ciudad de Atenas.\" \/>\n<meta name=\"robots\" content=\"index, follow, max-snippet:-1, max-image-preview:large, max-video-preview:-1\" \/>\n<link rel=\"canonical\" href=\"https:\/\/www.electrahotels.gr\/es\/nuestros-hoteles\/palacio-electra-de-atenas\/bienestar-y-fitness\/\" \/>\n<meta property=\"og:locale\" content=\"es_ES\" \/>\n<meta property=\"og:type\" content=\"article\" \/>\n<meta property=\"og:title\" content=\"Hotel balneario de lujo en Plaka, Atenas || Electra Palace Athens\" \/>\n<meta property=\"og:description\" content=\"Disfrute de tratamientos de 5* para mimar el cuerpo y la mente que tienen como objetivo relajarle y nutrirle por completo en Electra Palace, un lujoso hotel balneario de Plaka, en la ciudad de Atenas.\" \/>\n<meta property=\"og:url\" content=\"https:\/\/www.electrahotels.gr\/es\/nuestros-hoteles\/palacio-electra-de-atenas\/bienestar-y-fitness\/\" \/>\n<meta property=\"og:site_name\" content=\"Electra Hotels &amp; Resorts\" \/>\n<meta property=\"article:modified_time\" content=\"2023-10-27T13:44:20+00:00\" \/>\n<meta property=\"og:image\" content=\"https:\/\/www.electrahotels.gr\/app\/uploads\/sites\/75\/2021\/05\/ELECTRA-METROPOLIS-ATHENS-OUTDOOR-POOL-scaled.jpg\" \/>\n\t<meta property=\"og:image:width\" content=\"2560\" \/>\n\t<meta property=\"og:image:height\" content=\"1919\" \/>\n\t<meta property=\"og:image:type\" content=\"image\/jpeg\" \/>\n<meta name=\"twitter:card\" content=\"summary_large_image\" \/>\n<meta name=\"twitter:label1\" content=\"Tiempo de lectura\" \/>\n\t<meta name=\"twitter:data1\" content=\"1 minuto\" \/>\n<script type=\"application\/ld+json\" class=\"yoast-schema-graph\">{\"@context\":\"https:\\\/\\\/schema.org\",\"@graph\":[{\"@type\":\"WebPage\",\"@id\":\"https:\\\/\\\/www.electrahotels.gr\\\/es\\\/nuestros-hoteles\\\/palacio-electra-de-atenas\\\/bienestar-y-fitness\\\/\",\"url\":\"https:\\\/\\\/www.electrahotels.gr\\\/es\\\/nuestros-hoteles\\\/palacio-electra-de-atenas\\\/bienestar-y-fitness\\\/\",\"name\":\"Hotel balneario de lujo en Plaka, Atenas || Electra Palace Athens\",\"isPartOf\":{\"@id\":\"https:\\\/\\\/www.electrahotels.gr\\\/es\\\/#website\"},\"datePublished\":\"2022-01-28T10:36:06+00:00\",\"dateModified\":\"2023-10-27T13:44:20+00:00\",\"description\":\"Disfrute de tratamientos de 5* para mimar el cuerpo y la mente que tienen como objetivo relajarle y nutrirle por completo en Electra Palace, un lujoso hotel balneario de Plaka, en la ciudad de Atenas.\",\"breadcrumb\":{\"@id\":\"https:\\\/\\\/www.electrahotels.gr\\\/es\\\/nuestros-hoteles\\\/palacio-electra-de-atenas\\\/bienestar-y-fitness\\\/#breadcrumb\"},\"inLanguage\":\"es\",\"potentialAction\":[{\"@type\":\"ReadAction\",\"target\":[\"https:\\\/\\\/www.electrahotels.gr\\\/es\\\/nuestros-hoteles\\\/palacio-electra-de-atenas\\\/bienestar-y-fitness\\\/\"]}]},{\"@type\":\"BreadcrumbList\",\"@id\":\"https:\\\/\\\/www.electrahotels.gr\\\/es\\\/nuestros-hoteles\\\/palacio-electra-de-atenas\\\/bienestar-y-fitness\\\/#breadcrumb\",\"itemListElement\":[{\"@type\":\"ListItem\",\"position\":1,\"name\":\"Home\",\"item\":\"https:\\\/\\\/www.electrahotels.gr\\\/es\\\/\"},{\"@type\":\"ListItem\",\"position\":2,\"name\":\"Nuestros hoteles\",\"item\":\"https:\\\/\\\/www.electrahotels.gr\\\/es\\\/nuestros-hoteles\\\/\"},{\"@type\":\"ListItem\",\"position\":3,\"name\":\"Electra Palace Atenas\",\"item\":\"https:\\\/\\\/www.electrahotels.gr\\\/es\\\/nuestros-hoteles\\\/palacio-electra-de-atenas\\\/\"},{\"@type\":\"ListItem\",\"position\":4,\"name\":\"Bienestar y Fitness\"}]},{\"@type\":\"WebSite\",\"@id\":\"https:\\\/\\\/www.electrahotels.gr\\\/es\\\/#website\",\"url\":\"https:\\\/\\\/www.electrahotels.gr\\\/es\\\/\",\"name\":\"Electra Hotels &amp; Resorts\",\"description\":\"A group of luxury hotels in Athens, Thessaloniki, Rhodes and Kefalonia committed to offering quality hospitality, service and luxury\",\"potentialAction\":[{\"@type\":\"SearchAction\",\"target\":{\"@type\":\"EntryPoint\",\"urlTemplate\":\"https:\\\/\\\/www.electrahotels.gr\\\/es\\\/?s={search_term_string}\"},\"query-input\":{\"@type\":\"PropertyValueSpecification\",\"valueRequired\":true,\"valueName\":\"search_term_string\"}}],\"inLanguage\":\"es\"}]}<\/script>\n<!-- \/ Yoast SEO plugin. -->","yoast_head_json":{"title":"Hotel balneario de lujo en Plaka, Atenas || Electra Palace Athens","description":"Disfrute de tratamientos de 5* para mimar el cuerpo y la mente que tienen como objetivo relajarle y nutrirle por completo en Electra Palace, un lujoso hotel balneario de Plaka, en la ciudad de Atenas.","robots":{"index":"index","follow":"follow","max-snippet":"max-snippet:-1","max-image-preview":"max-image-preview:large","max-video-preview":"max-video-preview:-1"},"canonical":"https:\/\/www.electrahotels.gr\/es\/nuestros-hoteles\/palacio-electra-de-atenas\/bienestar-y-fitness\/","og_locale":"es_ES","og_type":"article","og_title":"Hotel balneario de lujo en Plaka, Atenas || Electra Palace Athens","og_description":"Disfrute de tratamientos de 5* para mimar el cuerpo y la mente que tienen como objetivo relajarle y nutrirle por completo en Electra Palace, un lujoso hotel balneario de Plaka, en la ciudad de Atenas.","og_url":"https:\/\/www.electrahotels.gr\/es\/nuestros-hoteles\/palacio-electra-de-atenas\/bienestar-y-fitness\/","og_site_name":"Electra Hotels &amp; Resorts","article_modified_time":"2023-10-27T13:44:20+00:00","og_image":[{"width":2560,"height":1919,"url":"https:\/\/www.electrahotels.gr\/app\/uploads\/sites\/75\/2021\/05\/ELECTRA-METROPOLIS-ATHENS-OUTDOOR-POOL-scaled.jpg","type":"image\/jpeg"}],"twitter_card":"summary_large_image","twitter_misc":{"Tiempo de lectura":"1 minuto"},"schema":{"@context":"https:\/\/schema.org","@graph":[{"@type":"WebPage","@id":"https:\/\/www.electrahotels.gr\/es\/nuestros-hoteles\/palacio-electra-de-atenas\/bienestar-y-fitness\/","url":"https:\/\/www.electrahotels.gr\/es\/nuestros-hoteles\/palacio-electra-de-atenas\/bienestar-y-fitness\/","name":"Hotel balneario de lujo en Plaka, Atenas || Electra Palace Athens","isPartOf":{"@id":"https:\/\/www.electrahotels.gr\/es\/#website"},"datePublished":"2022-01-28T10:36:06+00:00","dateModified":"2023-10-27T13:44:20+00:00","description":"Disfrute de tratamientos de 5* para mimar el cuerpo y la mente que tienen como objetivo relajarle y nutrirle por completo en Electra Palace, un lujoso hotel balneario de Plaka, en la ciudad de Atenas.","breadcrumb":{"@id":"https:\/\/www.electrahotels.gr\/es\/nuestros-hoteles\/palacio-electra-de-atenas\/bienestar-y-fitness\/#breadcrumb"},"inLanguage":"es","potentialAction":[{"@type":"ReadAction","target":["https:\/\/www.electrahotels.gr\/es\/nuestros-hoteles\/palacio-electra-de-atenas\/bienestar-y-fitness\/"]}]},{"@type":"BreadcrumbList","@id":"https:\/\/www.electrahotels.gr\/es\/nuestros-hoteles\/palacio-electra-de-atenas\/bienestar-y-fitness\/#breadcrumb","itemListElement":[{"@type":"ListItem","position":1,"name":"Home","item":"https:\/\/www.electrahotels.gr\/es\/"},{"@type":"ListItem","position":2,"name":"Nuestros hoteles","item":"https:\/\/www.electrahotels.gr\/es\/nuestros-hoteles\/"},{"@type":"ListItem","position":3,"name":"Electra Palace Atenas","item":"https:\/\/www.electrahotels.gr\/es\/nuestros-hoteles\/palacio-electra-de-atenas\/"},{"@type":"ListItem","position":4,"name":"Bienestar y Fitness"}]},{"@type":"WebSite","@id":"https:\/\/www.electrahotels.gr\/es\/#website","url":"https:\/\/www.electrahotels.gr\/es\/","name":"Electra Hotels &amp; Resorts","description":"A group of luxury hotels in Athens, Thessaloniki, Rhodes and Kefalonia committed to offering quality hospitality, service and luxury","potentialAction":[{"@type":"SearchAction","target":{"@type":"EntryPoint","urlTemplate":"https:\/\/www.electrahotels.gr\/es\/?s={search_term_string}"},"query-input":{"@type":"PropertyValueSpecification","valueRequired":true,"valueName":"search_term_string"}}],"inLanguage":"es"}]}},"_links":{"self":[{"href":"https:\/\/www.electrahotels.gr\/es\/wp-json\/wp\/v2\/pages\/15120","targetHints":{"allow":["GET"]}}],"collection":[{"href":"https:\/\/www.electrahotels.gr\/es\/wp-json\/wp\/v2\/pages"}],"about":[{"href":"https:\/\/www.electrahotels.gr\/es\/wp-json\/wp\/v2\/types\/page"}],"author":[{"embeddable":true,"href":"https:\/\/www.electrahotels.gr\/es\/wp-json\/wp\/v2\/users\/1"}],"replies":[{"embeddable":true,"href":"https:\/\/www.electrahotels.gr\/es\/wp-json\/wp\/v2\/comments?post=15120"}],"version-history":[{"count":8,"href":"https:\/\/www.electrahotels.gr\/es\/wp-json\/wp\/v2\/pages\/15120\/revisions"}],"predecessor-version":[{"id":40348,"href":"https:\/\/www.electrahotels.gr\/es\/wp-json\/wp\/v2\/pages\/15120\/revisions\/40348"}],"up":[{"embeddable":true,"href":"https:\/\/www.electrahotels.gr\/es\/wp-json\/wp\/v2\/pages\/14141"}],"wp:attachment":[{"href":"https:\/\/www.electrahotels.gr\/es\/wp-json\/wp\/v2\/media?parent=15120"}],"wp:term":[{"taxonomy":"page_tag","embeddable":true,"href":"https:\/\/www.electrahotels.gr\/es\/wp-json\/wp\/v2\/page_tag?post=15120"}],"curies":[{"name":"wp","href":"https:\/\/api.w.org\/{rel}","templated":true}]}}