{"id":15121,"date":"2022-01-28T12:36:06","date_gmt":"2022-01-28T10:36:06","guid":{"rendered":"https:\/\/www.electrahotels.gr\/nuestros-hoteles\/hotel-electra-de-atenas\/cosas-que-hacer\/"},"modified":"2024-07-31T09:47:38","modified_gmt":"2024-07-31T06:47:38","slug":"nuestra-ubicacion","status":"publish","type":"page","link":"https:\/\/www.electrahotels.gr\/es\/nuestros-hoteles\/electra-rhythm-athens\/nuestra-ubicacion\/","title":{"rendered":"Nuestra Ubicaci\u00f3n"},"content":{"rendered":"\n<p>Situado en lo alto de la calle Ermou, justo al lado de la plaza Syntagma, el Electra Athens es el hotel ideal para explorar Atenas. Ermou, una de las primeras v\u00edas dise\u00f1adas en el plan original de la ciudad, toma su nombre de Hermes, el dios del comercio. Fue concebida como la principal calle comercial de la ciudad, y mantiene este papel hasta hoy. Un para\u00edso para los compradores, aqu\u00ed se pueden encontrar marcas de dise\u00f1o y de la calle principal en tiendas antiguas y nuevas. Esta v\u00eda peatonal conduce a la plaza de Monastiraki y, a continuaci\u00f3n, al yacimiento arqueol\u00f3gico de Keramikos.<\/p>\n\n\n\n<p><\/p>\n","protected":false},"excerpt":{"rendered":"<p>Situado en lo alto de la calle Ermou, justo al lado de la plaza Syntagma, el Electra Athens es el hotel ideal para explorar Atenas. Ermou, una de las primeras v\u00edas dise\u00f1adas en el plan original de la ciudad, toma su nombre de Hermes, el dios del comercio. Fue concebida como la principal calle comercial<\/p>\n","protected":false},"author":1,"featured_media":52017,"parent":14147,"menu_order":0,"comment_status":"closed","ping_status":"closed","template":"page-templates\/single-restaurant.php","meta":{"_acf_changed":false,"footnotes":""},"page_tag":[],"class_list":["post-15121","page","type-page","status-publish","has-post-thumbnail","hentry"],"acf":[],"yoast_head":"<!-- This site is optimized with the Yoast SEO plugin v27.4 - https:\/\/yoast.com\/product\/yoast-seo-wordpress\/ -->\n<title>Cosas que hacer a pie en Atenas, Grecia || Electra Atenas<\/title>\n<meta name=\"description\" content=\"Hay muchas cosas fascinantes que hacer en Atenas, Grecia, a poca distancia de la calle Ermou, la calle central que conecta los lugares m\u00e1s importantes de la ciudad.\" \/>\n<meta name=\"robots\" content=\"index, follow, max-snippet:-1, max-image-preview:large, max-video-preview:-1\" \/>\n<link rel=\"canonical\" href=\"https:\/\/www.electrahotels.gr\/es\/nuestros-hoteles\/electra-rhythm-athens\/nuestra-ubicacion\/\" \/>\n<meta property=\"og:locale\" content=\"es_ES\" \/>\n<meta property=\"og:type\" content=\"article\" \/>\n<meta property=\"og:title\" content=\"Cosas que hacer a pie en Atenas, Grecia || Electra Atenas\" \/>\n<meta property=\"og:description\" content=\"Hay muchas cosas fascinantes que hacer en Atenas, Grecia, a poca distancia de la calle Ermou, la calle central que conecta los lugares m\u00e1s importantes de la ciudad.\" \/>\n<meta property=\"og:url\" content=\"https:\/\/www.electrahotels.gr\/es\/nuestros-hoteles\/electra-rhythm-athens\/nuestra-ubicacion\/\" \/>\n<meta property=\"og:site_name\" content=\"Electra Hotels &amp; Resorts\" \/>\n<meta property=\"article:modified_time\" content=\"2024-07-31T06:47:38+00:00\" \/>\n<meta property=\"og:image\" content=\"https:\/\/www.electrahotels.gr\/app\/uploads\/2021\/09\/img_5396_ok-custom_resized.jpg\" \/>\n\t<meta property=\"og:image:width\" content=\"1920\" \/>\n\t<meta property=\"og:image:height\" content=\"1280\" \/>\n\t<meta property=\"og:image:type\" content=\"image\/jpeg\" \/>\n<meta name=\"twitter:card\" content=\"summary_large_image\" \/>\n<meta name=\"twitter:label1\" content=\"Tiempo de lectura\" \/>\n\t<meta name=\"twitter:data1\" content=\"1 minuto\" \/>\n<script type=\"application\/ld+json\" class=\"yoast-schema-graph\">{\"@context\":\"https:\\\/\\\/schema.org\",\"@graph\":[{\"@type\":\"WebPage\",\"@id\":\"https:\\\/\\\/www.electrahotels.gr\\\/es\\\/nuestros-hoteles\\\/electra-rhythm-athens\\\/nuestra-ubicacion\\\/\",\"url\":\"https:\\\/\\\/www.electrahotels.gr\\\/es\\\/nuestros-hoteles\\\/electra-rhythm-athens\\\/nuestra-ubicacion\\\/\",\"name\":\"Cosas que hacer a pie en Atenas, Grecia || Electra Atenas\",\"isPartOf\":{\"@id\":\"https:\\\/\\\/www.electrahotels.gr\\\/es\\\/#website\"},\"primaryImageOfPage\":{\"@id\":\"https:\\\/\\\/www.electrahotels.gr\\\/es\\\/nuestros-hoteles\\\/electra-rhythm-athens\\\/nuestra-ubicacion\\\/#primaryimage\"},\"image\":{\"@id\":\"https:\\\/\\\/www.electrahotels.gr\\\/es\\\/nuestros-hoteles\\\/electra-rhythm-athens\\\/nuestra-ubicacion\\\/#primaryimage\"},\"thumbnailUrl\":\"https:\\\/\\\/www.electrahotels.gr\\\/app\\\/uploads\\\/2025\\\/01\\\/Monastiraki_location_Rhythm-scaled.jpeg\",\"datePublished\":\"2022-01-28T10:36:06+00:00\",\"dateModified\":\"2024-07-31T06:47:38+00:00\",\"description\":\"Hay muchas cosas fascinantes que hacer en Atenas, Grecia, a poca distancia de la calle Ermou, la calle central que conecta los lugares m\u00e1s importantes de la ciudad.\",\"breadcrumb\":{\"@id\":\"https:\\\/\\\/www.electrahotels.gr\\\/es\\\/nuestros-hoteles\\\/electra-rhythm-athens\\\/nuestra-ubicacion\\\/#breadcrumb\"},\"inLanguage\":\"es\",\"potentialAction\":[{\"@type\":\"ReadAction\",\"target\":[\"https:\\\/\\\/www.electrahotels.gr\\\/es\\\/nuestros-hoteles\\\/electra-rhythm-athens\\\/nuestra-ubicacion\\\/\"]}]},{\"@type\":\"ImageObject\",\"inLanguage\":\"es\",\"@id\":\"https:\\\/\\\/www.electrahotels.gr\\\/es\\\/nuestros-hoteles\\\/electra-rhythm-athens\\\/nuestra-ubicacion\\\/#primaryimage\",\"url\":\"https:\\\/\\\/www.electrahotels.gr\\\/app\\\/uploads\\\/2025\\\/01\\\/Monastiraki_location_Rhythm-scaled.jpeg\",\"contentUrl\":\"https:\\\/\\\/www.electrahotels.gr\\\/app\\\/uploads\\\/2025\\\/01\\\/Monastiraki_location_Rhythm-scaled.jpeg\",\"width\":2560,\"height\":1454,\"caption\":\"aerial panoramic view of Monastiraki square and the Acropolis at sunset in Athens Greece\"},{\"@type\":\"BreadcrumbList\",\"@id\":\"https:\\\/\\\/www.electrahotels.gr\\\/es\\\/nuestros-hoteles\\\/electra-rhythm-athens\\\/nuestra-ubicacion\\\/#breadcrumb\",\"itemListElement\":[{\"@type\":\"ListItem\",\"position\":1,\"name\":\"Home\",\"item\":\"https:\\\/\\\/www.electrahotels.gr\\\/es\\\/\"},{\"@type\":\"ListItem\",\"position\":2,\"name\":\"Nuestros hoteles\",\"item\":\"https:\\\/\\\/www.electrahotels.gr\\\/es\\\/nuestros-hoteles\\\/\"},{\"@type\":\"ListItem\",\"position\":3,\"name\":\"Electra Rhythm Athens\",\"item\":\"https:\\\/\\\/www.electrahotels.gr\\\/es\\\/nuestros-hoteles\\\/electra-rhythm-athens\\\/\"},{\"@type\":\"ListItem\",\"position\":4,\"name\":\"Nuestra Ubicaci\u00f3n\"}]},{\"@type\":\"WebSite\",\"@id\":\"https:\\\/\\\/www.electrahotels.gr\\\/es\\\/#website\",\"url\":\"https:\\\/\\\/www.electrahotels.gr\\\/es\\\/\",\"name\":\"Electra Hotels &amp; Resorts\",\"description\":\"A group of luxury hotels in Athens, Thessaloniki, Rhodes and Kefalonia committed to offering quality hospitality, service and luxury\",\"potentialAction\":[{\"@type\":\"SearchAction\",\"target\":{\"@type\":\"EntryPoint\",\"urlTemplate\":\"https:\\\/\\\/www.electrahotels.gr\\\/es\\\/?s={search_term_string}\"},\"query-input\":{\"@type\":\"PropertyValueSpecification\",\"valueRequired\":true,\"valueName\":\"search_term_string\"}}],\"inLanguage\":\"es\"}]}<\/script>\n<!-- \/ Yoast SEO plugin. -->","yoast_head_json":{"title":"Cosas que hacer a pie en Atenas, Grecia || Electra Atenas","description":"Hay muchas cosas fascinantes que hacer en Atenas, Grecia, a poca distancia de la calle Ermou, la calle central que conecta los lugares m\u00e1s importantes de la ciudad.","robots":{"index":"index","follow":"follow","max-snippet":"max-snippet:-1","max-image-preview":"max-image-preview:large","max-video-preview":"max-video-preview:-1"},"canonical":"https:\/\/www.electrahotels.gr\/es\/nuestros-hoteles\/electra-rhythm-athens\/nuestra-ubicacion\/","og_locale":"es_ES","og_type":"article","og_title":"Cosas que hacer a pie en Atenas, Grecia || Electra Atenas","og_description":"Hay muchas cosas fascinantes que hacer en Atenas, Grecia, a poca distancia de la calle Ermou, la calle central que conecta los lugares m\u00e1s importantes de la ciudad.","og_url":"https:\/\/www.electrahotels.gr\/es\/nuestros-hoteles\/electra-rhythm-athens\/nuestra-ubicacion\/","og_site_name":"Electra Hotels &amp; Resorts","article_modified_time":"2024-07-31T06:47:38+00:00","og_image":[{"width":1920,"height":1280,"url":"https:\/\/www.electrahotels.gr\/app\/uploads\/2021\/09\/img_5396_ok-custom_resized.jpg","type":"image\/jpeg"}],"twitter_card":"summary_large_image","twitter_misc":{"Tiempo de lectura":"1 minuto"},"schema":{"@context":"https:\/\/schema.org","@graph":[{"@type":"WebPage","@id":"https:\/\/www.electrahotels.gr\/es\/nuestros-hoteles\/electra-rhythm-athens\/nuestra-ubicacion\/","url":"https:\/\/www.electrahotels.gr\/es\/nuestros-hoteles\/electra-rhythm-athens\/nuestra-ubicacion\/","name":"Cosas que hacer a pie en Atenas, Grecia || Electra Atenas","isPartOf":{"@id":"https:\/\/www.electrahotels.gr\/es\/#website"},"primaryImageOfPage":{"@id":"https:\/\/www.electrahotels.gr\/es\/nuestros-hoteles\/electra-rhythm-athens\/nuestra-ubicacion\/#primaryimage"},"image":{"@id":"https:\/\/www.electrahotels.gr\/es\/nuestros-hoteles\/electra-rhythm-athens\/nuestra-ubicacion\/#primaryimage"},"thumbnailUrl":"https:\/\/www.electrahotels.gr\/app\/uploads\/2025\/01\/Monastiraki_location_Rhythm-scaled.jpeg","datePublished":"2022-01-28T10:36:06+00:00","dateModified":"2024-07-31T06:47:38+00:00","description":"Hay muchas cosas fascinantes que hacer en Atenas, Grecia, a poca distancia de la calle Ermou, la calle central que conecta los lugares m\u00e1s importantes de la ciudad.","breadcrumb":{"@id":"https:\/\/www.electrahotels.gr\/es\/nuestros-hoteles\/electra-rhythm-athens\/nuestra-ubicacion\/#breadcrumb"},"inLanguage":"es","potentialAction":[{"@type":"ReadAction","target":["https:\/\/www.electrahotels.gr\/es\/nuestros-hoteles\/electra-rhythm-athens\/nuestra-ubicacion\/"]}]},{"@type":"ImageObject","inLanguage":"es","@id":"https:\/\/www.electrahotels.gr\/es\/nuestros-hoteles\/electra-rhythm-athens\/nuestra-ubicacion\/#primaryimage","url":"https:\/\/www.electrahotels.gr\/app\/uploads\/2025\/01\/Monastiraki_location_Rhythm-scaled.jpeg","contentUrl":"https:\/\/www.electrahotels.gr\/app\/uploads\/2025\/01\/Monastiraki_location_Rhythm-scaled.jpeg","width":2560,"height":1454,"caption":"aerial panoramic view of Monastiraki square and the Acropolis at sunset in Athens Greece"},{"@type":"BreadcrumbList","@id":"https:\/\/www.electrahotels.gr\/es\/nuestros-hoteles\/electra-rhythm-athens\/nuestra-ubicacion\/#breadcrumb","itemListElement":[{"@type":"ListItem","position":1,"name":"Home","item":"https:\/\/www.electrahotels.gr\/es\/"},{"@type":"ListItem","position":2,"name":"Nuestros hoteles","item":"https:\/\/www.electrahotels.gr\/es\/nuestros-hoteles\/"},{"@type":"ListItem","position":3,"name":"Electra Rhythm Athens","item":"https:\/\/www.electrahotels.gr\/es\/nuestros-hoteles\/electra-rhythm-athens\/"},{"@type":"ListItem","position":4,"name":"Nuestra Ubicaci\u00f3n"}]},{"@type":"WebSite","@id":"https:\/\/www.electrahotels.gr\/es\/#website","url":"https:\/\/www.electrahotels.gr\/es\/","name":"Electra Hotels &amp; Resorts","description":"A group of luxury hotels in Athens, Thessaloniki, Rhodes and Kefalonia committed to offering quality hospitality, service and luxury","potentialAction":[{"@type":"SearchAction","target":{"@type":"EntryPoint","urlTemplate":"https:\/\/www.electrahotels.gr\/es\/?s={search_term_string}"},"query-input":{"@type":"PropertyValueSpecification","valueRequired":true,"valueName":"search_term_string"}}],"inLanguage":"es"}]}},"_links":{"self":[{"href":"https:\/\/www.electrahotels.gr\/es\/wp-json\/wp\/v2\/pages\/15121","targetHints":{"allow":["GET"]}}],"collection":[{"href":"https:\/\/www.electrahotels.gr\/es\/wp-json\/wp\/v2\/pages"}],"about":[{"href":"https:\/\/www.electrahotels.gr\/es\/wp-json\/wp\/v2\/types\/page"}],"author":[{"embeddable":true,"href":"https:\/\/www.electrahotels.gr\/es\/wp-json\/wp\/v2\/users\/1"}],"replies":[{"embeddable":true,"href":"https:\/\/www.electrahotels.gr\/es\/wp-json\/wp\/v2\/comments?post=15121"}],"version-history":[{"count":7,"href":"https:\/\/www.electrahotels.gr\/es\/wp-json\/wp\/v2\/pages\/15121\/revisions"}],"predecessor-version":[{"id":49290,"href":"https:\/\/www.electrahotels.gr\/es\/wp-json\/wp\/v2\/pages\/15121\/revisions\/49290"}],"up":[{"embeddable":true,"href":"https:\/\/www.electrahotels.gr\/es\/wp-json\/wp\/v2\/pages\/14147"}],"wp:featuredmedia":[{"embeddable":true,"href":"https:\/\/www.electrahotels.gr\/es\/wp-json\/wp\/v2\/media\/52017"}],"wp:attachment":[{"href":"https:\/\/www.electrahotels.gr\/es\/wp-json\/wp\/v2\/media?parent=15121"}],"wp:term":[{"taxonomy":"page_tag","embeddable":true,"href":"https:\/\/www.electrahotels.gr\/es\/wp-json\/wp\/v2\/page_tag?post=15121"}],"curies":[{"name":"wp","href":"https:\/\/api.w.org\/{rel}","templated":true}]}}