{"id":15128,"date":"2022-01-28T12:36:07","date_gmt":"2022-01-28T10:36:07","guid":{"rendered":"https:\/\/www.electrahotels.gr\/cosas-que-hacer-2\/"},"modified":"2024-07-31T10:05:17","modified_gmt":"2024-07-31T07:05:17","slug":"nuestra-ubicacion","status":"publish","type":"page","link":"https:\/\/www.electrahotels.gr\/es\/nuestros-hoteles\/palacio-electra-de-tesalonica\/nuestra-ubicacion\/","title":{"rendered":"Nuestra Ubicaci\u00f3n"},"content":{"rendered":"\n<p>Rica en historia, cultura y belleza, Tesal\u00f3nica es uno de esos destinos a los que, una vez que se visita, se vuelve una y otra vez. Museos fascinantes, un sinf\u00edn de monumentos de todas las \u00e9pocas hist\u00f3ricas, una intrincada escena culinaria, una vibrante vida nocturna y un incre\u00edble paseo mar\u00edtimo hacen que sea f\u00e1cil enamorarse de esta ciudad. Y el Electra Palace Thessaloniki est\u00e1 en el centro de todos ellos.  <\/p>\n\n\n\n<p><\/p>\n","protected":false},"excerpt":{"rendered":"<p>Rica en historia, cultura y belleza, Tesal\u00f3nica es uno de esos destinos a los que, una vez que se visita, se vuelve una y otra vez. Museos fascinantes, un sinf\u00edn de monumentos de todas las \u00e9pocas hist\u00f3ricas, una intrincada escena culinaria, una vibrante vida nocturna y un incre\u00edble paseo mar\u00edtimo hacen que sea f\u00e1cil enamorarse<\/p>\n","protected":false},"author":1,"featured_media":48854,"parent":15581,"menu_order":0,"comment_status":"closed","ping_status":"closed","template":"page-templates\/single-restaurant.php","meta":{"_acf_changed":false,"footnotes":""},"page_tag":[],"class_list":["post-15128","page","type-page","status-publish","has-post-thumbnail","hentry"],"acf":[],"yoast_head":"<!-- This site is optimized with the Yoast SEO plugin v27.3 - https:\/\/yoast.com\/product\/yoast-seo-wordpress\/ -->\n<title>Cosas que hacer en Tesal\u00f3nica || Palacio Electra de Tesal\u00f3nica<\/title>\n<meta name=\"description\" content=\"La nuestra es una ciudad costera y vibrante, llena de vistas y sonidos emocionantes, tanto de d\u00eda como de noche. Conozca nuestra visi\u00f3n local de las mejores cosas que hacer en el centro de Tesal\u00f3nica.\" \/>\n<meta name=\"robots\" content=\"index, follow, max-snippet:-1, max-image-preview:large, max-video-preview:-1\" \/>\n<link rel=\"canonical\" href=\"https:\/\/www.electrahotels.gr\/es\/nuestros-hoteles\/palacio-electra-de-tesalonica\/cosas-que-hacer-2\/\" \/>\n<meta property=\"og:locale\" content=\"es_ES\" \/>\n<meta property=\"og:type\" content=\"article\" \/>\n<meta property=\"og:title\" content=\"Cosas que hacer en Tesal\u00f3nica || Palacio Electra de Tesal\u00f3nica\" \/>\n<meta property=\"og:description\" content=\"La nuestra es una ciudad costera y vibrante, llena de vistas y sonidos emocionantes, tanto de d\u00eda como de noche. Conozca nuestra visi\u00f3n local de las mejores cosas que hacer en el centro de Tesal\u00f3nica.\" \/>\n<meta property=\"og:url\" content=\"https:\/\/www.electrahotels.gr\/es\/nuestros-hoteles\/palacio-electra-de-tesalonica\/cosas-que-hacer-2\/\" \/>\n<meta property=\"og:site_name\" content=\"Electra Hotels &amp; Resorts\" \/>\n<meta property=\"article:modified_time\" content=\"2024-07-31T07:05:17+00:00\" \/>\n<meta property=\"og:image\" content=\"https:\/\/www.electrahotels.gr\/app\/uploads\/2024\/06\/9K6A6963_ok-1-2500px-copy-900x600.jpg\" \/>\n\t<meta property=\"og:image:width\" content=\"900\" \/>\n\t<meta property=\"og:image:height\" content=\"600\" \/>\n\t<meta property=\"og:image:type\" content=\"image\/jpeg\" \/>\n<meta name=\"twitter:card\" content=\"summary_large_image\" \/>\n<meta name=\"twitter:label1\" content=\"Tiempo de lectura\" \/>\n\t<meta name=\"twitter:data1\" content=\"1 minuto\" \/>\n<script type=\"application\/ld+json\" class=\"yoast-schema-graph\">{\"@context\":\"https:\\\/\\\/schema.org\",\"@graph\":[{\"@type\":\"WebPage\",\"@id\":\"https:\\\/\\\/www.electrahotels.gr\\\/es\\\/nuestros-hoteles\\\/palacio-electra-de-tesalonica\\\/nuestra-ubicacion\\\/\",\"url\":\"https:\\\/\\\/www.electrahotels.gr\\\/es\\\/nuestros-hoteles\\\/palacio-electra-de-tesalonica\\\/cosas-que-hacer-2\\\/\",\"name\":\"Cosas que hacer en Tesal\u00f3nica || Palacio Electra de Tesal\u00f3nica\",\"isPartOf\":{\"@id\":\"https:\\\/\\\/www.electrahotels.gr\\\/es\\\/#website\"},\"primaryImageOfPage\":{\"@id\":\"https:\\\/\\\/www.electrahotels.gr\\\/es\\\/nuestros-hoteles\\\/palacio-electra-de-tesalonica\\\/cosas-que-hacer-2\\\/#primaryimage\"},\"image\":{\"@id\":\"https:\\\/\\\/www.electrahotels.gr\\\/es\\\/nuestros-hoteles\\\/palacio-electra-de-tesalonica\\\/cosas-que-hacer-2\\\/#primaryimage\"},\"thumbnailUrl\":\"https:\\\/\\\/www.electrahotels.gr\\\/app\\\/uploads\\\/2024\\\/06\\\/9K6A6963_ok-1-2500px-copy.jpg\",\"datePublished\":\"2022-01-28T10:36:07+00:00\",\"dateModified\":\"2024-07-31T07:05:17+00:00\",\"description\":\"La nuestra es una ciudad costera y vibrante, llena de vistas y sonidos emocionantes, tanto de d\u00eda como de noche. Conozca nuestra visi\u00f3n local de las mejores cosas que hacer en el centro de Tesal\u00f3nica.\",\"breadcrumb\":{\"@id\":\"https:\\\/\\\/www.electrahotels.gr\\\/es\\\/nuestros-hoteles\\\/palacio-electra-de-tesalonica\\\/cosas-que-hacer-2\\\/#breadcrumb\"},\"inLanguage\":\"es\",\"potentialAction\":[{\"@type\":\"ReadAction\",\"target\":[\"https:\\\/\\\/www.electrahotels.gr\\\/es\\\/nuestros-hoteles\\\/palacio-electra-de-tesalonica\\\/cosas-que-hacer-2\\\/\"]}]},{\"@type\":\"ImageObject\",\"inLanguage\":\"es\",\"@id\":\"https:\\\/\\\/www.electrahotels.gr\\\/es\\\/nuestros-hoteles\\\/palacio-electra-de-tesalonica\\\/cosas-que-hacer-2\\\/#primaryimage\",\"url\":\"https:\\\/\\\/www.electrahotels.gr\\\/app\\\/uploads\\\/2024\\\/06\\\/9K6A6963_ok-1-2500px-copy.jpg\",\"contentUrl\":\"https:\\\/\\\/www.electrahotels.gr\\\/app\\\/uploads\\\/2024\\\/06\\\/9K6A6963_ok-1-2500px-copy.jpg\",\"width\":2500,\"height\":1667},{\"@type\":\"BreadcrumbList\",\"@id\":\"https:\\\/\\\/www.electrahotels.gr\\\/es\\\/nuestros-hoteles\\\/palacio-electra-de-tesalonica\\\/cosas-que-hacer-2\\\/#breadcrumb\",\"itemListElement\":[{\"@type\":\"ListItem\",\"position\":1,\"name\":\"Home\",\"item\":\"https:\\\/\\\/www.electrahotels.gr\\\/es\\\/\"},{\"@type\":\"ListItem\",\"position\":2,\"name\":\"Nuestros hoteles\",\"item\":\"https:\\\/\\\/www.electrahotels.gr\\\/es\\\/nuestros-hoteles\\\/\"},{\"@type\":\"ListItem\",\"position\":3,\"name\":\"Electra Palace Tesal\u00f3nica\",\"item\":\"https:\\\/\\\/www.electrahotels.gr\\\/es\\\/nuestros-hoteles\\\/palacio-electra-de-tesalonica\\\/\"},{\"@type\":\"ListItem\",\"position\":4,\"name\":\"Nuestra Ubicaci\u00f3n\"}]},{\"@type\":\"WebSite\",\"@id\":\"https:\\\/\\\/www.electrahotels.gr\\\/es\\\/#website\",\"url\":\"https:\\\/\\\/www.electrahotels.gr\\\/es\\\/\",\"name\":\"Electra Hotels &amp; Resorts\",\"description\":\"A group of luxury hotels in Athens, Thessaloniki, Rhodes and Kefalonia committed to offering quality hospitality, service and luxury\",\"potentialAction\":[{\"@type\":\"SearchAction\",\"target\":{\"@type\":\"EntryPoint\",\"urlTemplate\":\"https:\\\/\\\/www.electrahotels.gr\\\/es\\\/?s={search_term_string}\"},\"query-input\":{\"@type\":\"PropertyValueSpecification\",\"valueRequired\":true,\"valueName\":\"search_term_string\"}}],\"inLanguage\":\"es\"}]}<\/script>\n<!-- \/ Yoast SEO plugin. -->","yoast_head_json":{"title":"Cosas que hacer en Tesal\u00f3nica || Palacio Electra de Tesal\u00f3nica","description":"La nuestra es una ciudad costera y vibrante, llena de vistas y sonidos emocionantes, tanto de d\u00eda como de noche. Conozca nuestra visi\u00f3n local de las mejores cosas que hacer en el centro de Tesal\u00f3nica.","robots":{"index":"index","follow":"follow","max-snippet":"max-snippet:-1","max-image-preview":"max-image-preview:large","max-video-preview":"max-video-preview:-1"},"canonical":"https:\/\/www.electrahotels.gr\/es\/nuestros-hoteles\/palacio-electra-de-tesalonica\/cosas-que-hacer-2\/","og_locale":"es_ES","og_type":"article","og_title":"Cosas que hacer en Tesal\u00f3nica || Palacio Electra de Tesal\u00f3nica","og_description":"La nuestra es una ciudad costera y vibrante, llena de vistas y sonidos emocionantes, tanto de d\u00eda como de noche. Conozca nuestra visi\u00f3n local de las mejores cosas que hacer en el centro de Tesal\u00f3nica.","og_url":"https:\/\/www.electrahotels.gr\/es\/nuestros-hoteles\/palacio-electra-de-tesalonica\/cosas-que-hacer-2\/","og_site_name":"Electra Hotels &amp; Resorts","article_modified_time":"2024-07-31T07:05:17+00:00","og_image":[{"width":900,"height":600,"url":"https:\/\/www.electrahotels.gr\/app\/uploads\/2024\/06\/9K6A6963_ok-1-2500px-copy-900x600.jpg","type":"image\/jpeg"}],"twitter_card":"summary_large_image","twitter_misc":{"Tiempo de lectura":"1 minuto"},"schema":{"@context":"https:\/\/schema.org","@graph":[{"@type":"WebPage","@id":"https:\/\/www.electrahotels.gr\/es\/nuestros-hoteles\/palacio-electra-de-tesalonica\/nuestra-ubicacion\/","url":"https:\/\/www.electrahotels.gr\/es\/nuestros-hoteles\/palacio-electra-de-tesalonica\/cosas-que-hacer-2\/","name":"Cosas que hacer en Tesal\u00f3nica || Palacio Electra de Tesal\u00f3nica","isPartOf":{"@id":"https:\/\/www.electrahotels.gr\/es\/#website"},"primaryImageOfPage":{"@id":"https:\/\/www.electrahotels.gr\/es\/nuestros-hoteles\/palacio-electra-de-tesalonica\/cosas-que-hacer-2\/#primaryimage"},"image":{"@id":"https:\/\/www.electrahotels.gr\/es\/nuestros-hoteles\/palacio-electra-de-tesalonica\/cosas-que-hacer-2\/#primaryimage"},"thumbnailUrl":"https:\/\/www.electrahotels.gr\/app\/uploads\/2024\/06\/9K6A6963_ok-1-2500px-copy.jpg","datePublished":"2022-01-28T10:36:07+00:00","dateModified":"2024-07-31T07:05:17+00:00","description":"La nuestra es una ciudad costera y vibrante, llena de vistas y sonidos emocionantes, tanto de d\u00eda como de noche. Conozca nuestra visi\u00f3n local de las mejores cosas que hacer en el centro de Tesal\u00f3nica.","breadcrumb":{"@id":"https:\/\/www.electrahotels.gr\/es\/nuestros-hoteles\/palacio-electra-de-tesalonica\/cosas-que-hacer-2\/#breadcrumb"},"inLanguage":"es","potentialAction":[{"@type":"ReadAction","target":["https:\/\/www.electrahotels.gr\/es\/nuestros-hoteles\/palacio-electra-de-tesalonica\/cosas-que-hacer-2\/"]}]},{"@type":"ImageObject","inLanguage":"es","@id":"https:\/\/www.electrahotels.gr\/es\/nuestros-hoteles\/palacio-electra-de-tesalonica\/cosas-que-hacer-2\/#primaryimage","url":"https:\/\/www.electrahotels.gr\/app\/uploads\/2024\/06\/9K6A6963_ok-1-2500px-copy.jpg","contentUrl":"https:\/\/www.electrahotels.gr\/app\/uploads\/2024\/06\/9K6A6963_ok-1-2500px-copy.jpg","width":2500,"height":1667},{"@type":"BreadcrumbList","@id":"https:\/\/www.electrahotels.gr\/es\/nuestros-hoteles\/palacio-electra-de-tesalonica\/cosas-que-hacer-2\/#breadcrumb","itemListElement":[{"@type":"ListItem","position":1,"name":"Home","item":"https:\/\/www.electrahotels.gr\/es\/"},{"@type":"ListItem","position":2,"name":"Nuestros hoteles","item":"https:\/\/www.electrahotels.gr\/es\/nuestros-hoteles\/"},{"@type":"ListItem","position":3,"name":"Electra Palace Tesal\u00f3nica","item":"https:\/\/www.electrahotels.gr\/es\/nuestros-hoteles\/palacio-electra-de-tesalonica\/"},{"@type":"ListItem","position":4,"name":"Nuestra Ubicaci\u00f3n"}]},{"@type":"WebSite","@id":"https:\/\/www.electrahotels.gr\/es\/#website","url":"https:\/\/www.electrahotels.gr\/es\/","name":"Electra Hotels &amp; Resorts","description":"A group of luxury hotels in Athens, Thessaloniki, Rhodes and Kefalonia committed to offering quality hospitality, service and luxury","potentialAction":[{"@type":"SearchAction","target":{"@type":"EntryPoint","urlTemplate":"https:\/\/www.electrahotels.gr\/es\/?s={search_term_string}"},"query-input":{"@type":"PropertyValueSpecification","valueRequired":true,"valueName":"search_term_string"}}],"inLanguage":"es"}]}},"_links":{"self":[{"href":"https:\/\/www.electrahotels.gr\/es\/wp-json\/wp\/v2\/pages\/15128","targetHints":{"allow":["GET"]}}],"collection":[{"href":"https:\/\/www.electrahotels.gr\/es\/wp-json\/wp\/v2\/pages"}],"about":[{"href":"https:\/\/www.electrahotels.gr\/es\/wp-json\/wp\/v2\/types\/page"}],"author":[{"embeddable":true,"href":"https:\/\/www.electrahotels.gr\/es\/wp-json\/wp\/v2\/users\/1"}],"replies":[{"embeddable":true,"href":"https:\/\/www.electrahotels.gr\/es\/wp-json\/wp\/v2\/comments?post=15128"}],"version-history":[{"count":10,"href":"https:\/\/www.electrahotels.gr\/es\/wp-json\/wp\/v2\/pages\/15128\/revisions"}],"predecessor-version":[{"id":49297,"href":"https:\/\/www.electrahotels.gr\/es\/wp-json\/wp\/v2\/pages\/15128\/revisions\/49297"}],"up":[{"embeddable":true,"href":"https:\/\/www.electrahotels.gr\/es\/wp-json\/wp\/v2\/pages\/15581"}],"wp:featuredmedia":[{"embeddable":true,"href":"https:\/\/www.electrahotels.gr\/es\/wp-json\/wp\/v2\/media\/48854"}],"wp:attachment":[{"href":"https:\/\/www.electrahotels.gr\/es\/wp-json\/wp\/v2\/media?parent=15128"}],"wp:term":[{"taxonomy":"page_tag","embeddable":true,"href":"https:\/\/www.electrahotels.gr\/es\/wp-json\/wp\/v2\/page_tag?post=15128"}],"curies":[{"name":"wp","href":"https:\/\/api.w.org\/{rel}","templated":true}]}}