{"id":15133,"date":"2022-01-28T12:36:07","date_gmt":"2022-01-28T10:36:07","guid":{"rendered":"https:\/\/www.electrahotels.gr\/registro-en-linea\/"},"modified":"2024-03-06T11:22:10","modified_gmt":"2024-03-06T09:22:10","slug":"registro-en-linea","status":"publish","type":"page","link":"https:\/\/www.electrahotels.gr\/es\/registro-en-linea\/","title":{"rendered":"Registro en l\u00ednea"},"content":{"rendered":"\n<h2 class=\"wp-block-heading\"><strong>Acelere su proceso de llegada y disfrute de un check-in sin esfuerzo, \u00a1en Electra Hotels &amp; Resorts!<\/strong><\/h2>\n\n\n\n<ul class=\"wp-block-list\">\n<li>Seleccione el hotel\/resort en el que se alojar\u00e1  <\/li>\n\n\n\n<li>Rellene el ID de la reserva  <\/li>\n\n\n\n<li>Complete los datos de todas las personas que se alojan en la habitaci\u00f3n  <\/li>\n\n\n\n<li>Guarde el resumen del c\u00f3digo QR de su inscripci\u00f3n en su m\u00f3vil.<\/li>\n\n\n\n<li>Pres\u00e9ntelo a su llegada para finalizarlo y proceda a disfrutar de su estancia.<\/li>\n<\/ul>\n\n\n\n<p class=\"has-text-align-left text-right\"><\/p>\n\n\n\n<div class=\"wp-block-columns mt-5 row\">\n<div class=\"wp-block-column col-12 col-md-6\">\n<h4 class=\"wp-block-heading\"><\/h4>\n\n\n<div data-scroll data-scroll-clip>\n<figure class=\"wp-block-image size-full\"><img loading=\"lazy\" decoding=\"async\" width=\"900\" height=\"600\" src=\"https:\/\/www.electrahotels.gr\/app\/uploads\/2021\/10\/1-EXTERIOR-MAIN-1_optimized-900x678-1-1.jpg\" alt=\"\" class=\"wp-image-5456\" srcset=\"https:\/\/www.electrahotels.gr\/app\/uploads\/2021\/10\/1-EXTERIOR-MAIN-1_optimized-900x678-1-1.jpg 900w, https:\/\/www.electrahotels.gr\/app\/uploads\/2021\/10\/1-EXTERIOR-MAIN-1_optimized-900x678-1-1-600x400.jpg 600w, https:\/\/www.electrahotels.gr\/app\/uploads\/2021\/10\/1-EXTERIOR-MAIN-1_optimized-900x678-1-1-768x512.jpg 768w, https:\/\/www.electrahotels.gr\/app\/uploads\/2021\/10\/1-EXTERIOR-MAIN-1_optimized-900x678-1-1-480x320.jpg 480w\" sizes=\"auto, (max-width: 900px) 100vw, 900px\" \/><figcaption class=\"wp-element-caption\">Electra Palace Tesal\u00f3nica<\/figcaption><\/figure>\n<\/div>\n\n\n<ul class=\"wp-block-list\">\n<li>Reg\u00edstrese desde cualquier dispositivo<\/li>\n\n\n\n<li>Desde la comodidad de su casa<\/li>\n\n\n\n<li>Todo estar\u00e1 listo a su llegada<\/li>\n<\/ul>\n\n\n\n<p><strong><a href=\"https:\/\/electrahotels.eurotel.gr\/PmsRegistrationOnline\/login?hotelId=6\" target=\"_blank\" rel=\"noreferrer noopener\">FACTURACI\u00d3N EN L\u00cdNEA<\/a><\/strong><\/p>\n\n\n\n<figure class=\"wp-block-pullquote\"><blockquote><p><\/p><\/blockquote><\/figure>\n\n\n\n<div class=\"wp-block-buttons\"><\/div>\n<\/div>\n\n\n\n<div class=\"wp-block-column col-12 col-md-6 mt-5 mt-md-0\">\n<h4 class=\"wp-block-heading\"><\/h4>\n\n\n<div data-scroll data-scroll-clip>\n<figure class=\"wp-block-image size-full\"><img loading=\"lazy\" decoding=\"async\" width=\"900\" height=\"600\" src=\"https:\/\/www.electrahotels.gr\/app\/uploads\/2021\/10\/electra_kefalonia_hotel_and_spa_exterior_experience-3_resized-900x600-1.jpg\" alt=\"\" class=\"wp-image-5454\" srcset=\"https:\/\/www.electrahotels.gr\/app\/uploads\/2021\/10\/electra_kefalonia_hotel_and_spa_exterior_experience-3_resized-900x600-1.jpg 900w, https:\/\/www.electrahotels.gr\/app\/uploads\/2021\/10\/electra_kefalonia_hotel_and_spa_exterior_experience-3_resized-900x600-1-600x400.jpg 600w, https:\/\/www.electrahotels.gr\/app\/uploads\/2021\/10\/electra_kefalonia_hotel_and_spa_exterior_experience-3_resized-900x600-1-768x512.jpg 768w, https:\/\/www.electrahotels.gr\/app\/uploads\/2021\/10\/electra_kefalonia_hotel_and_spa_exterior_experience-3_resized-900x600-1-480x320.jpg 480w\" sizes=\"auto, (max-width: 900px) 100vw, 900px\" \/><figcaption class=\"wp-element-caption\">Electra Cefalonia<\/figcaption><\/figure>\n<\/div>\n\n\n<ul class=\"wp-block-list\">\n<li>Reg\u00edstrese desde cualquier dispositivo<\/li>\n\n\n\n<li>Desde la comodidad de su casa<\/li>\n\n\n\n<li>Todo estar\u00e1 listo a su llegada<\/li>\n<\/ul>\n\n\n\n<p><strong><a href=\"https:\/\/electrahotels.eurotel.gr\/PmsRegistrationOnline\/login?hotelId=3\" target=\"_blank\" rel=\"noreferrer noopener\">FACTURACI\u00d3N EN L\u00cdNEA<\/a><\/strong><\/p>\n\n\n\n<p><\/p>\n<\/div>\n<\/div>\n\n\n\n<div class=\"wp-block-columns mt-5 row\">\n<div class=\"wp-block-column col-12 col-md-6\">\n<h4 class=\"wp-block-heading\"><\/h4>\n\n\n<div data-scroll data-scroll-clip>\n<figure class=\"wp-block-image size-large\"><img loading=\"lazy\" decoding=\"async\" width=\"900\" height=\"600\" src=\"https:\/\/www.electrahotels.gr\/app\/uploads\/2024\/03\/ATRIUM_LOUNGE_BAR-3-900x600.jpg\" alt=\"\" class=\"wp-image-46871\" srcset=\"https:\/\/www.electrahotels.gr\/app\/uploads\/2024\/03\/ATRIUM_LOUNGE_BAR-3-900x600.jpg 900w, https:\/\/www.electrahotels.gr\/app\/uploads\/2024\/03\/ATRIUM_LOUNGE_BAR-3-600x400.jpg 600w, https:\/\/www.electrahotels.gr\/app\/uploads\/2024\/03\/ATRIUM_LOUNGE_BAR-3-768x512.jpg 768w, https:\/\/www.electrahotels.gr\/app\/uploads\/2024\/03\/ATRIUM_LOUNGE_BAR-3-1536x1024.jpg 1536w, https:\/\/www.electrahotels.gr\/app\/uploads\/2024\/03\/ATRIUM_LOUNGE_BAR-3-2048x1365.jpg 2048w, https:\/\/www.electrahotels.gr\/app\/uploads\/2024\/03\/ATRIUM_LOUNGE_BAR-3-480x320.jpg 480w\" sizes=\"auto, (max-width: 900px) 100vw, 900px\" \/><figcaption class=\"wp-element-caption\">Electra Metropolis Atenas<\/figcaption><\/figure>\n<\/div>\n\n\n<ul class=\"wp-block-list\">\n<li>Reg\u00edstrese desde cualquier dispositivo<\/li>\n\n\n\n<li>Desde la comodidad de su casa<\/li>\n\n\n\n<li>Todo estar\u00e1 listo a su llegada<\/li>\n<\/ul>\n\n\n\n<p><strong><a href=\"https:\/\/electrahotels.eurotel.gr\/PmsRegistrationOnline\/login?hotelId=4\" target=\"_blank\" rel=\"noreferrer noopener\">FACTURACI\u00d3N EN L\u00cdNEA<\/a><\/strong><\/p>\n<\/div>\n\n\n\n<div class=\"wp-block-column col-12 col-md-6 mt-5 mt-md-0\">\n<h4 class=\"wp-block-heading\"><\/h4>\n\n\n<div data-scroll data-scroll-clip>\n<figure class=\"wp-block-image size-full\"><img loading=\"lazy\" decoding=\"async\" width=\"900\" height=\"600\" src=\"https:\/\/www.electrahotels.gr\/app\/uploads\/2021\/10\/dsc6380_ok-custom_resized.jpg.jpg\" alt=\"\" class=\"wp-image-5467\" srcset=\"https:\/\/www.electrahotels.gr\/app\/uploads\/2021\/10\/dsc6380_ok-custom_resized.jpg.jpg 900w, https:\/\/www.electrahotels.gr\/app\/uploads\/2021\/10\/dsc6380_ok-custom_resized.jpg-600x400.jpg 600w, https:\/\/www.electrahotels.gr\/app\/uploads\/2021\/10\/dsc6380_ok-custom_resized.jpg-768x512.jpg 768w, https:\/\/www.electrahotels.gr\/app\/uploads\/2021\/10\/dsc6380_ok-custom_resized.jpg-480x320.jpg 480w\" sizes=\"auto, (max-width: 900px) 100vw, 900px\" \/><figcaption class=\"wp-element-caption\">Electra Palace Atenas<\/figcaption><\/figure>\n<\/div>\n\n\n<ul class=\"wp-block-list\">\n<li>Reg\u00edstrese desde cualquier dispositivo<\/li>\n\n\n\n<li>Desde la comodidad de su casa<\/li>\n\n\n\n<li>Todo estar\u00e1 listo a su llegada<\/li>\n<\/ul>\n\n\n\n<p><a href=\"https:\/\/electrahotels.eurotel.gr\/PmsRegistrationOnline\/login?hotelId=1\" target=\"_blank\" rel=\"noreferrer noopener\"><strong>FACTURACI\u00d3N EN L\u00cdNEA<\/strong><\/a><\/p>\n<\/div>\n<\/div>\n\n\n\n<div class=\"wp-block-columns mt-5 row\">\n<div class=\"wp-block-column col-12 col-md-6\">\n<h4 class=\"wp-block-heading\"><\/h4>\n\n\n<div data-scroll data-scroll-clip>\n<figure class=\"wp-block-image size-full\"><img loading=\"lazy\" decoding=\"async\" width=\"2100\" height=\"1398\" src=\"https:\/\/www.electrahotels.gr\/app\/uploads\/2024\/03\/Electra_Hotel_Athens_Exterior_copped.jpg\" alt=\"\" class=\"wp-image-46884\" srcset=\"https:\/\/www.electrahotels.gr\/app\/uploads\/2024\/03\/Electra_Hotel_Athens_Exterior_copped.jpg 2100w, https:\/\/www.electrahotels.gr\/app\/uploads\/2024\/03\/Electra_Hotel_Athens_Exterior_copped-600x399.jpg 600w, https:\/\/www.electrahotels.gr\/app\/uploads\/2024\/03\/Electra_Hotel_Athens_Exterior_copped-900x599.jpg 900w, https:\/\/www.electrahotels.gr\/app\/uploads\/2024\/03\/Electra_Hotel_Athens_Exterior_copped-768x511.jpg 768w, https:\/\/www.electrahotels.gr\/app\/uploads\/2024\/03\/Electra_Hotel_Athens_Exterior_copped-1536x1023.jpg 1536w, https:\/\/www.electrahotels.gr\/app\/uploads\/2024\/03\/Electra_Hotel_Athens_Exterior_copped-2048x1363.jpg 2048w, https:\/\/www.electrahotels.gr\/app\/uploads\/2024\/03\/Electra_Hotel_Athens_Exterior_copped-480x320.jpg 480w\" sizes=\"auto, (max-width: 2100px) 100vw, 2100px\" \/><figcaption class=\"wp-element-caption\">Electra Atenas<\/figcaption><\/figure>\n<\/div>\n\n\n<ul class=\"wp-block-list\">\n<li>Reg\u00edstrese desde cualquier dispositivo<\/li>\n\n\n\n<li>Desde la comodidad de su casa<\/li>\n\n\n\n<li>Todo estar\u00e1 listo a su llegada<\/li>\n<\/ul>\n\n\n\n<p><strong><a href=\"https:\/\/electrahotels.eurotel.gr\/PmsRegistrationOnline\/login?hotelId=2\" target=\"_blank\" rel=\"noreferrer noopener\">FACTURACI\u00d3N EN L\u00cdNEA<\/a><\/strong><\/p>\n<\/div>\n\n\n\n<div class=\"wp-block-column col-12 col-md-6 mt-5 mt-md-0\">\n<h4 class=\"wp-block-heading\"><\/h4>\n\n\n<div data-scroll data-scroll-clip>\n<figure class=\"wp-block-image size-full\"><img loading=\"lazy\" decoding=\"async\" width=\"2560\" height=\"1707\" src=\"https:\/\/www.electrahotels.gr\/app\/uploads\/2023\/09\/DJI_0753-Edit-Edit-1-scaled.jpg\" alt=\"\" class=\"wp-image-40065\" srcset=\"https:\/\/www.electrahotels.gr\/app\/uploads\/2023\/09\/DJI_0753-Edit-Edit-1-scaled.jpg 2560w, https:\/\/www.electrahotels.gr\/app\/uploads\/2023\/09\/DJI_0753-Edit-Edit-1-600x400.jpg 600w, https:\/\/www.electrahotels.gr\/app\/uploads\/2023\/09\/DJI_0753-Edit-Edit-1-900x600.jpg 900w, https:\/\/www.electrahotels.gr\/app\/uploads\/2023\/09\/DJI_0753-Edit-Edit-1-768x512.jpg 768w, https:\/\/www.electrahotels.gr\/app\/uploads\/2023\/09\/DJI_0753-Edit-Edit-1-1536x1024.jpg 1536w, https:\/\/www.electrahotels.gr\/app\/uploads\/2023\/09\/DJI_0753-Edit-Edit-1-2048x1366.jpg 2048w, https:\/\/www.electrahotels.gr\/app\/uploads\/2023\/09\/DJI_0753-Edit-Edit-1-480x320.jpg 480w\" sizes=\"auto, (max-width: 2560px) 100vw, 2560px\" \/><figcaption class=\"wp-element-caption\">Electra Palace Rodas<\/figcaption><\/figure>\n<\/div>\n\n\n<ul class=\"wp-block-list\">\n<li>Reg\u00edstrese desde cualquier dispositivo<\/li>\n\n\n\n<li>Desde la comodidad de su casa<\/li>\n\n\n\n<li>Todo estar\u00e1 listo a su llegada<\/li>\n<\/ul>\n\n\n\n<p><strong><a href=\"https:\/\/electrahotels.eurotel.gr\/PmsRegistrationOnline\/login?hotelId=5\" target=\"_blank\" rel=\"noreferrer noopener\">FACTURACI\u00d3N EN L\u00cdNEA<\/a><\/strong><\/p>\n<\/div>\n<\/div>\n\n\n\n<p><\/p>\n\n\n\n<h2 class=\"wp-block-heading text-center my-5\"><\/h2>\n\n\n\n<div class=\"wp-block-columns mt-5 row\"><\/div>\n\n\n\n<div class=\"wp-block-columns mt-5 row\">\n<div class=\"wp-block-column col-12 col-md-6\"><\/div>\n\n\n\n<div class=\"wp-block-column col-12 col-md-6 mt-5 mt-md-0\"><\/div>\n<\/div>\n\n\n\n<div class=\"wp-block-columns mt-5 row\">\n<div class=\"wp-block-column col-12 col-md-6\"><\/div>\n\n\n\n<div class=\"wp-block-column col-12 col-md-6 mt-5 mt-md-0\"><\/div>\n<\/div>\n","protected":false},"excerpt":{"rendered":"<p>Acelere su proceso de llegada y disfrute de un check-in sin esfuerzo, \u00a1en Electra Hotels &amp; Resorts! FACTURACI\u00d3N EN L\u00cdNEA FACTURACI\u00d3N EN L\u00cdNEA FACTURACI\u00d3N EN L\u00cdNEA FACTURACI\u00d3N EN L\u00cdNEA FACTURACI\u00d3N EN L\u00cdNEA FACTURACI\u00d3N EN L\u00cdNEA<\/p>\n","protected":false},"author":1,"featured_media":0,"parent":0,"menu_order":0,"comment_status":"closed","ping_status":"closed","template":"","meta":{"_acf_changed":false,"footnotes":""},"page_tag":[],"class_list":["post-15133","page","type-page","status-publish","hentry"],"acf":[],"yoast_head":"<!-- This site is optimized with the Yoast SEO plugin v27.3 - https:\/\/yoast.com\/product\/yoast-seo-wordpress\/ -->\n<title>Registro en l\u00ednea - Electra Hotels &amp; Resorts<\/title>\n<meta name=\"description\" content=\"Ahorre un tiempo valioso a su llegada utilizando nuestro pr\u00e1ctico servicio de facturaci\u00f3n en l\u00ednea para un procedimiento de facturaci\u00f3n sencillo y sin contacto.\" \/>\n<meta name=\"robots\" content=\"index, follow, max-snippet:-1, max-image-preview:large, max-video-preview:-1\" \/>\n<link rel=\"canonical\" href=\"https:\/\/www.electrahotels.gr\/es\/registro-en-linea\/\" \/>\n<meta property=\"og:locale\" content=\"es_ES\" \/>\n<meta property=\"og:type\" content=\"article\" \/>\n<meta property=\"og:title\" content=\"Registro en l\u00ednea - Electra Hotels &amp; Resorts\" \/>\n<meta property=\"og:description\" content=\"Ahorre un tiempo valioso a su llegada utilizando nuestro pr\u00e1ctico servicio de facturaci\u00f3n en l\u00ednea para un procedimiento de facturaci\u00f3n sencillo y sin contacto.\" \/>\n<meta property=\"og:url\" content=\"https:\/\/www.electrahotels.gr\/es\/registro-en-linea\/\" \/>\n<meta property=\"og:site_name\" content=\"Electra Hotels &amp; Resorts\" \/>\n<meta property=\"article:modified_time\" content=\"2024-03-06T09:22:10+00:00\" \/>\n<meta property=\"og:image\" content=\"https:\/\/www.electrahotels.gr\/app\/uploads\/2021\/10\/1-EXTERIOR-MAIN-1_optimized-900x678-1-1.jpg\" \/>\n<meta name=\"twitter:card\" content=\"summary_large_image\" \/>\n<meta name=\"twitter:label1\" content=\"Tiempo de lectura\" \/>\n\t<meta name=\"twitter:data1\" content=\"3 minutos\" \/>\n<script type=\"application\/ld+json\" class=\"yoast-schema-graph\">{\"@context\":\"https:\\\/\\\/schema.org\",\"@graph\":[{\"@type\":\"WebPage\",\"@id\":\"https:\\\/\\\/www.electrahotels.gr\\\/es\\\/registro-en-linea\\\/\",\"url\":\"https:\\\/\\\/www.electrahotels.gr\\\/es\\\/registro-en-linea\\\/\",\"name\":\"Registro en l\u00ednea - Electra Hotels &amp; Resorts\",\"isPartOf\":{\"@id\":\"https:\\\/\\\/www.electrahotels.gr\\\/es\\\/#website\"},\"primaryImageOfPage\":{\"@id\":\"https:\\\/\\\/www.electrahotels.gr\\\/es\\\/registro-en-linea\\\/#primaryimage\"},\"image\":{\"@id\":\"https:\\\/\\\/www.electrahotels.gr\\\/es\\\/registro-en-linea\\\/#primaryimage\"},\"thumbnailUrl\":\"https:\\\/\\\/www.electrahotels.gr\\\/app\\\/uploads\\\/2021\\\/10\\\/1-EXTERIOR-MAIN-1_optimized-900x678-1-1.jpg\",\"datePublished\":\"2022-01-28T10:36:07+00:00\",\"dateModified\":\"2024-03-06T09:22:10+00:00\",\"description\":\"Ahorre un tiempo valioso a su llegada utilizando nuestro pr\u00e1ctico servicio de facturaci\u00f3n en l\u00ednea para un procedimiento de facturaci\u00f3n sencillo y sin contacto.\",\"breadcrumb\":{\"@id\":\"https:\\\/\\\/www.electrahotels.gr\\\/es\\\/registro-en-linea\\\/#breadcrumb\"},\"inLanguage\":\"es\",\"potentialAction\":[{\"@type\":\"ReadAction\",\"target\":[\"https:\\\/\\\/www.electrahotels.gr\\\/es\\\/registro-en-linea\\\/\"]}]},{\"@type\":\"ImageObject\",\"inLanguage\":\"es\",\"@id\":\"https:\\\/\\\/www.electrahotels.gr\\\/es\\\/registro-en-linea\\\/#primaryimage\",\"url\":\"https:\\\/\\\/www.electrahotels.gr\\\/app\\\/uploads\\\/2021\\\/10\\\/1-EXTERIOR-MAIN-1_optimized-900x678-1-1.jpg\",\"contentUrl\":\"https:\\\/\\\/www.electrahotels.gr\\\/app\\\/uploads\\\/2021\\\/10\\\/1-EXTERIOR-MAIN-1_optimized-900x678-1-1.jpg\"},{\"@type\":\"BreadcrumbList\",\"@id\":\"https:\\\/\\\/www.electrahotels.gr\\\/es\\\/registro-en-linea\\\/#breadcrumb\",\"itemListElement\":[{\"@type\":\"ListItem\",\"position\":1,\"name\":\"Home\",\"item\":\"https:\\\/\\\/www.electrahotels.gr\\\/es\\\/\"},{\"@type\":\"ListItem\",\"position\":2,\"name\":\"Registro en l\u00ednea\"}]},{\"@type\":\"WebSite\",\"@id\":\"https:\\\/\\\/www.electrahotels.gr\\\/es\\\/#website\",\"url\":\"https:\\\/\\\/www.electrahotels.gr\\\/es\\\/\",\"name\":\"Electra Hotels &amp; Resorts\",\"description\":\"A group of luxury hotels in Athens, Thessaloniki, Rhodes and Kefalonia committed to offering quality hospitality, service and luxury\",\"potentialAction\":[{\"@type\":\"SearchAction\",\"target\":{\"@type\":\"EntryPoint\",\"urlTemplate\":\"https:\\\/\\\/www.electrahotels.gr\\\/es\\\/?s={search_term_string}\"},\"query-input\":{\"@type\":\"PropertyValueSpecification\",\"valueRequired\":true,\"valueName\":\"search_term_string\"}}],\"inLanguage\":\"es\"}]}<\/script>\n<!-- \/ Yoast SEO plugin. -->","yoast_head_json":{"title":"Registro en l\u00ednea - Electra Hotels &amp; Resorts","description":"Ahorre un tiempo valioso a su llegada utilizando nuestro pr\u00e1ctico servicio de facturaci\u00f3n en l\u00ednea para un procedimiento de facturaci\u00f3n sencillo y sin contacto.","robots":{"index":"index","follow":"follow","max-snippet":"max-snippet:-1","max-image-preview":"max-image-preview:large","max-video-preview":"max-video-preview:-1"},"canonical":"https:\/\/www.electrahotels.gr\/es\/registro-en-linea\/","og_locale":"es_ES","og_type":"article","og_title":"Registro en l\u00ednea - Electra Hotels &amp; Resorts","og_description":"Ahorre un tiempo valioso a su llegada utilizando nuestro pr\u00e1ctico servicio de facturaci\u00f3n en l\u00ednea para un procedimiento de facturaci\u00f3n sencillo y sin contacto.","og_url":"https:\/\/www.electrahotels.gr\/es\/registro-en-linea\/","og_site_name":"Electra Hotels &amp; Resorts","article_modified_time":"2024-03-06T09:22:10+00:00","og_image":[{"url":"https:\/\/www.electrahotels.gr\/app\/uploads\/2021\/10\/1-EXTERIOR-MAIN-1_optimized-900x678-1-1.jpg","type":"","width":"","height":""}],"twitter_card":"summary_large_image","twitter_misc":{"Tiempo de lectura":"3 minutos"},"schema":{"@context":"https:\/\/schema.org","@graph":[{"@type":"WebPage","@id":"https:\/\/www.electrahotels.gr\/es\/registro-en-linea\/","url":"https:\/\/www.electrahotels.gr\/es\/registro-en-linea\/","name":"Registro en l\u00ednea - Electra Hotels &amp; Resorts","isPartOf":{"@id":"https:\/\/www.electrahotels.gr\/es\/#website"},"primaryImageOfPage":{"@id":"https:\/\/www.electrahotels.gr\/es\/registro-en-linea\/#primaryimage"},"image":{"@id":"https:\/\/www.electrahotels.gr\/es\/registro-en-linea\/#primaryimage"},"thumbnailUrl":"https:\/\/www.electrahotels.gr\/app\/uploads\/2021\/10\/1-EXTERIOR-MAIN-1_optimized-900x678-1-1.jpg","datePublished":"2022-01-28T10:36:07+00:00","dateModified":"2024-03-06T09:22:10+00:00","description":"Ahorre un tiempo valioso a su llegada utilizando nuestro pr\u00e1ctico servicio de facturaci\u00f3n en l\u00ednea para un procedimiento de facturaci\u00f3n sencillo y sin contacto.","breadcrumb":{"@id":"https:\/\/www.electrahotels.gr\/es\/registro-en-linea\/#breadcrumb"},"inLanguage":"es","potentialAction":[{"@type":"ReadAction","target":["https:\/\/www.electrahotels.gr\/es\/registro-en-linea\/"]}]},{"@type":"ImageObject","inLanguage":"es","@id":"https:\/\/www.electrahotels.gr\/es\/registro-en-linea\/#primaryimage","url":"https:\/\/www.electrahotels.gr\/app\/uploads\/2021\/10\/1-EXTERIOR-MAIN-1_optimized-900x678-1-1.jpg","contentUrl":"https:\/\/www.electrahotels.gr\/app\/uploads\/2021\/10\/1-EXTERIOR-MAIN-1_optimized-900x678-1-1.jpg"},{"@type":"BreadcrumbList","@id":"https:\/\/www.electrahotels.gr\/es\/registro-en-linea\/#breadcrumb","itemListElement":[{"@type":"ListItem","position":1,"name":"Home","item":"https:\/\/www.electrahotels.gr\/es\/"},{"@type":"ListItem","position":2,"name":"Registro en l\u00ednea"}]},{"@type":"WebSite","@id":"https:\/\/www.electrahotels.gr\/es\/#website","url":"https:\/\/www.electrahotels.gr\/es\/","name":"Electra Hotels &amp; Resorts","description":"A group of luxury hotels in Athens, Thessaloniki, Rhodes and Kefalonia committed to offering quality hospitality, service and luxury","potentialAction":[{"@type":"SearchAction","target":{"@type":"EntryPoint","urlTemplate":"https:\/\/www.electrahotels.gr\/es\/?s={search_term_string}"},"query-input":{"@type":"PropertyValueSpecification","valueRequired":true,"valueName":"search_term_string"}}],"inLanguage":"es"}]}},"_links":{"self":[{"href":"https:\/\/www.electrahotels.gr\/es\/wp-json\/wp\/v2\/pages\/15133","targetHints":{"allow":["GET"]}}],"collection":[{"href":"https:\/\/www.electrahotels.gr\/es\/wp-json\/wp\/v2\/pages"}],"about":[{"href":"https:\/\/www.electrahotels.gr\/es\/wp-json\/wp\/v2\/types\/page"}],"author":[{"embeddable":true,"href":"https:\/\/www.electrahotels.gr\/es\/wp-json\/wp\/v2\/users\/1"}],"replies":[{"embeddable":true,"href":"https:\/\/www.electrahotels.gr\/es\/wp-json\/wp\/v2\/comments?post=15133"}],"version-history":[{"count":10,"href":"https:\/\/www.electrahotels.gr\/es\/wp-json\/wp\/v2\/pages\/15133\/revisions"}],"predecessor-version":[{"id":46892,"href":"https:\/\/www.electrahotels.gr\/es\/wp-json\/wp\/v2\/pages\/15133\/revisions\/46892"}],"wp:attachment":[{"href":"https:\/\/www.electrahotels.gr\/es\/wp-json\/wp\/v2\/media?parent=15133"}],"wp:term":[{"taxonomy":"page_tag","embeddable":true,"href":"https:\/\/www.electrahotels.gr\/es\/wp-json\/wp\/v2\/page_tag?post=15133"}],"curies":[{"name":"wp","href":"https:\/\/api.w.org\/{rel}","templated":true}]}}