{"id":15153,"date":"2022-01-28T12:36:08","date_gmt":"2022-01-28T10:36:08","guid":{"rendered":"https:\/\/www.electrahotels.gr\/restaurantes-y-bares\/"},"modified":"2023-04-03T14:14:40","modified_gmt":"2023-04-03T11:14:40","slug":"restaurantes-y-bares","status":"publish","type":"page","link":"https:\/\/www.electrahotels.gr\/es\/nuestros-hoteles\/palacio-electra-de-rodas\/restaurantes-y-bares\/","title":{"rendered":"Restaurantes y bares"},"content":{"rendered":"\n<p>Descubra nuestros nuevos establecimientos de restauraci\u00f3n<\/p>\n","protected":false},"excerpt":{"rendered":"<p>Descubra nuestros nuevos establecimientos de restauraci\u00f3n<\/p>\n","protected":false},"author":1,"featured_media":13555,"parent":15585,"menu_order":0,"comment_status":"closed","ping_status":"closed","template":"page-templates\/restaurants.php","meta":{"_acf_changed":false,"footnotes":""},"page_tag":[],"class_list":["post-15153","page","type-page","status-publish","has-post-thumbnail","hentry"],"acf":[],"yoast_head":"<!-- This site is optimized with the Yoast SEO plugin v27.4 - https:\/\/yoast.com\/product\/yoast-seo-wordpress\/ -->\n<title>Cene en los mejores restaurantes de Rodas | Electra Palace Rhodes<\/title>\n<meta name=\"description\" content=\"Del\u00e9itese con un mundo de deliciosos sabores gracias a las refinadas experiencias gastron\u00f3micas que podr\u00e1 disfrutar en algunos de los mejores restaurantes de Rodas, situados en el Electra Palace.\" \/>\n<meta name=\"robots\" content=\"index, follow, max-snippet:-1, max-image-preview:large, max-video-preview:-1\" \/>\n<link rel=\"canonical\" href=\"https:\/\/www.electrahotels.gr\/es\/nuestros-hoteles\/palacio-electra-de-rodas\/restaurantes-y-bares\/\" \/>\n<meta property=\"og:locale\" content=\"es_ES\" \/>\n<meta property=\"og:type\" content=\"article\" \/>\n<meta property=\"og:title\" content=\"Cene en los mejores restaurantes de Rodas | Electra Palace Rhodes\" \/>\n<meta property=\"og:description\" content=\"Del\u00e9itese con un mundo de deliciosos sabores gracias a las refinadas experiencias gastron\u00f3micas que podr\u00e1 disfrutar en algunos de los mejores restaurantes de Rodas, situados en el Electra Palace.\" \/>\n<meta property=\"og:url\" content=\"https:\/\/www.electrahotels.gr\/es\/nuestros-hoteles\/palacio-electra-de-rodas\/restaurantes-y-bares\/\" \/>\n<meta property=\"og:site_name\" content=\"Electra Hotels &amp; Resorts\" \/>\n<meta property=\"article:modified_time\" content=\"2023-04-03T11:14:40+00:00\" \/>\n<meta property=\"og:image\" content=\"https:\/\/www.electrahotels.gr\/app\/uploads\/sites\/75\/2021\/04\/electra-rhodes-pool-bar-3_resized.jpg\" \/>\n\t<meta property=\"og:image:width\" content=\"1920\" \/>\n\t<meta property=\"og:image:height\" content=\"1279\" \/>\n\t<meta property=\"og:image:type\" content=\"image\/jpeg\" \/>\n<meta name=\"twitter:card\" content=\"summary_large_image\" \/>\n<meta name=\"twitter:label1\" content=\"Tiempo de lectura\" \/>\n\t<meta name=\"twitter:data1\" content=\"1 minuto\" \/>\n<script type=\"application\/ld+json\" class=\"yoast-schema-graph\">{\"@context\":\"https:\\\/\\\/schema.org\",\"@graph\":[{\"@type\":\"WebPage\",\"@id\":\"https:\\\/\\\/www.electrahotels.gr\\\/es\\\/nuestros-hoteles\\\/palacio-electra-de-rodas\\\/restaurantes-y-bares\\\/\",\"url\":\"https:\\\/\\\/www.electrahotels.gr\\\/es\\\/nuestros-hoteles\\\/palacio-electra-de-rodas\\\/restaurantes-y-bares\\\/\",\"name\":\"Cene en los mejores restaurantes de Rodas | Electra Palace Rhodes\",\"isPartOf\":{\"@id\":\"https:\\\/\\\/www.electrahotels.gr\\\/es\\\/#website\"},\"primaryImageOfPage\":{\"@id\":\"https:\\\/\\\/www.electrahotels.gr\\\/es\\\/nuestros-hoteles\\\/palacio-electra-de-rodas\\\/restaurantes-y-bares\\\/#primaryimage\"},\"image\":{\"@id\":\"https:\\\/\\\/www.electrahotels.gr\\\/es\\\/nuestros-hoteles\\\/palacio-electra-de-rodas\\\/restaurantes-y-bares\\\/#primaryimage\"},\"thumbnailUrl\":\"https:\\\/\\\/www.electrahotels.gr\\\/app\\\/uploads\\\/2021\\\/04\\\/electra-rhodes-pool-bar-3_resized.jpg\",\"datePublished\":\"2022-01-28T10:36:08+00:00\",\"dateModified\":\"2023-04-03T11:14:40+00:00\",\"description\":\"Del\u00e9itese con un mundo de deliciosos sabores gracias a las refinadas experiencias gastron\u00f3micas que podr\u00e1 disfrutar en algunos de los mejores restaurantes de Rodas, situados en el Electra Palace.\",\"breadcrumb\":{\"@id\":\"https:\\\/\\\/www.electrahotels.gr\\\/es\\\/nuestros-hoteles\\\/palacio-electra-de-rodas\\\/restaurantes-y-bares\\\/#breadcrumb\"},\"inLanguage\":\"es\",\"potentialAction\":[{\"@type\":\"ReadAction\",\"target\":[\"https:\\\/\\\/www.electrahotels.gr\\\/es\\\/nuestros-hoteles\\\/palacio-electra-de-rodas\\\/restaurantes-y-bares\\\/\"]}]},{\"@type\":\"ImageObject\",\"inLanguage\":\"es\",\"@id\":\"https:\\\/\\\/www.electrahotels.gr\\\/es\\\/nuestros-hoteles\\\/palacio-electra-de-rodas\\\/restaurantes-y-bares\\\/#primaryimage\",\"url\":\"https:\\\/\\\/www.electrahotels.gr\\\/app\\\/uploads\\\/2021\\\/04\\\/electra-rhodes-pool-bar-3_resized.jpg\",\"contentUrl\":\"https:\\\/\\\/www.electrahotels.gr\\\/app\\\/uploads\\\/2021\\\/04\\\/electra-rhodes-pool-bar-3_resized.jpg\",\"width\":1920,\"height\":1279},{\"@type\":\"BreadcrumbList\",\"@id\":\"https:\\\/\\\/www.electrahotels.gr\\\/es\\\/nuestros-hoteles\\\/palacio-electra-de-rodas\\\/restaurantes-y-bares\\\/#breadcrumb\",\"itemListElement\":[{\"@type\":\"ListItem\",\"position\":1,\"name\":\"Home\",\"item\":\"https:\\\/\\\/www.electrahotels.gr\\\/es\\\/\"},{\"@type\":\"ListItem\",\"position\":2,\"name\":\"Nuestros hoteles\",\"item\":\"https:\\\/\\\/www.electrahotels.gr\\\/es\\\/nuestros-hoteles\\\/\"},{\"@type\":\"ListItem\",\"position\":3,\"name\":\"Electra Palace Rhode\",\"item\":\"https:\\\/\\\/www.electrahotels.gr\\\/es\\\/nuestros-hoteles\\\/palacio-electra-de-rodas\\\/\"},{\"@type\":\"ListItem\",\"position\":4,\"name\":\"Restaurantes y bares\"}]},{\"@type\":\"WebSite\",\"@id\":\"https:\\\/\\\/www.electrahotels.gr\\\/es\\\/#website\",\"url\":\"https:\\\/\\\/www.electrahotels.gr\\\/es\\\/\",\"name\":\"Electra Hotels &amp; Resorts\",\"description\":\"A group of luxury hotels in Athens, Thessaloniki, Rhodes and Kefalonia committed to offering quality hospitality, service and luxury\",\"potentialAction\":[{\"@type\":\"SearchAction\",\"target\":{\"@type\":\"EntryPoint\",\"urlTemplate\":\"https:\\\/\\\/www.electrahotels.gr\\\/es\\\/?s={search_term_string}\"},\"query-input\":{\"@type\":\"PropertyValueSpecification\",\"valueRequired\":true,\"valueName\":\"search_term_string\"}}],\"inLanguage\":\"es\"}]}<\/script>\n<!-- \/ Yoast SEO plugin. -->","yoast_head_json":{"title":"Cene en los mejores restaurantes de Rodas | Electra Palace Rhodes","description":"Del\u00e9itese con un mundo de deliciosos sabores gracias a las refinadas experiencias gastron\u00f3micas que podr\u00e1 disfrutar en algunos de los mejores restaurantes de Rodas, situados en el Electra Palace.","robots":{"index":"index","follow":"follow","max-snippet":"max-snippet:-1","max-image-preview":"max-image-preview:large","max-video-preview":"max-video-preview:-1"},"canonical":"https:\/\/www.electrahotels.gr\/es\/nuestros-hoteles\/palacio-electra-de-rodas\/restaurantes-y-bares\/","og_locale":"es_ES","og_type":"article","og_title":"Cene en los mejores restaurantes de Rodas | Electra Palace Rhodes","og_description":"Del\u00e9itese con un mundo de deliciosos sabores gracias a las refinadas experiencias gastron\u00f3micas que podr\u00e1 disfrutar en algunos de los mejores restaurantes de Rodas, situados en el Electra Palace.","og_url":"https:\/\/www.electrahotels.gr\/es\/nuestros-hoteles\/palacio-electra-de-rodas\/restaurantes-y-bares\/","og_site_name":"Electra Hotels &amp; Resorts","article_modified_time":"2023-04-03T11:14:40+00:00","og_image":[{"width":1920,"height":1279,"url":"https:\/\/www.electrahotels.gr\/app\/uploads\/sites\/75\/2021\/04\/electra-rhodes-pool-bar-3_resized.jpg","type":"image\/jpeg"}],"twitter_card":"summary_large_image","twitter_misc":{"Tiempo de lectura":"1 minuto"},"schema":{"@context":"https:\/\/schema.org","@graph":[{"@type":"WebPage","@id":"https:\/\/www.electrahotels.gr\/es\/nuestros-hoteles\/palacio-electra-de-rodas\/restaurantes-y-bares\/","url":"https:\/\/www.electrahotels.gr\/es\/nuestros-hoteles\/palacio-electra-de-rodas\/restaurantes-y-bares\/","name":"Cene en los mejores restaurantes de Rodas | Electra Palace Rhodes","isPartOf":{"@id":"https:\/\/www.electrahotels.gr\/es\/#website"},"primaryImageOfPage":{"@id":"https:\/\/www.electrahotels.gr\/es\/nuestros-hoteles\/palacio-electra-de-rodas\/restaurantes-y-bares\/#primaryimage"},"image":{"@id":"https:\/\/www.electrahotels.gr\/es\/nuestros-hoteles\/palacio-electra-de-rodas\/restaurantes-y-bares\/#primaryimage"},"thumbnailUrl":"https:\/\/www.electrahotels.gr\/app\/uploads\/2021\/04\/electra-rhodes-pool-bar-3_resized.jpg","datePublished":"2022-01-28T10:36:08+00:00","dateModified":"2023-04-03T11:14:40+00:00","description":"Del\u00e9itese con un mundo de deliciosos sabores gracias a las refinadas experiencias gastron\u00f3micas que podr\u00e1 disfrutar en algunos de los mejores restaurantes de Rodas, situados en el Electra Palace.","breadcrumb":{"@id":"https:\/\/www.electrahotels.gr\/es\/nuestros-hoteles\/palacio-electra-de-rodas\/restaurantes-y-bares\/#breadcrumb"},"inLanguage":"es","potentialAction":[{"@type":"ReadAction","target":["https:\/\/www.electrahotels.gr\/es\/nuestros-hoteles\/palacio-electra-de-rodas\/restaurantes-y-bares\/"]}]},{"@type":"ImageObject","inLanguage":"es","@id":"https:\/\/www.electrahotels.gr\/es\/nuestros-hoteles\/palacio-electra-de-rodas\/restaurantes-y-bares\/#primaryimage","url":"https:\/\/www.electrahotels.gr\/app\/uploads\/2021\/04\/electra-rhodes-pool-bar-3_resized.jpg","contentUrl":"https:\/\/www.electrahotels.gr\/app\/uploads\/2021\/04\/electra-rhodes-pool-bar-3_resized.jpg","width":1920,"height":1279},{"@type":"BreadcrumbList","@id":"https:\/\/www.electrahotels.gr\/es\/nuestros-hoteles\/palacio-electra-de-rodas\/restaurantes-y-bares\/#breadcrumb","itemListElement":[{"@type":"ListItem","position":1,"name":"Home","item":"https:\/\/www.electrahotels.gr\/es\/"},{"@type":"ListItem","position":2,"name":"Nuestros hoteles","item":"https:\/\/www.electrahotels.gr\/es\/nuestros-hoteles\/"},{"@type":"ListItem","position":3,"name":"Electra Palace Rhode","item":"https:\/\/www.electrahotels.gr\/es\/nuestros-hoteles\/palacio-electra-de-rodas\/"},{"@type":"ListItem","position":4,"name":"Restaurantes y bares"}]},{"@type":"WebSite","@id":"https:\/\/www.electrahotels.gr\/es\/#website","url":"https:\/\/www.electrahotels.gr\/es\/","name":"Electra Hotels &amp; Resorts","description":"A group of luxury hotels in Athens, Thessaloniki, Rhodes and Kefalonia committed to offering quality hospitality, service and luxury","potentialAction":[{"@type":"SearchAction","target":{"@type":"EntryPoint","urlTemplate":"https:\/\/www.electrahotels.gr\/es\/?s={search_term_string}"},"query-input":{"@type":"PropertyValueSpecification","valueRequired":true,"valueName":"search_term_string"}}],"inLanguage":"es"}]}},"_links":{"self":[{"href":"https:\/\/www.electrahotels.gr\/es\/wp-json\/wp\/v2\/pages\/15153","targetHints":{"allow":["GET"]}}],"collection":[{"href":"https:\/\/www.electrahotels.gr\/es\/wp-json\/wp\/v2\/pages"}],"about":[{"href":"https:\/\/www.electrahotels.gr\/es\/wp-json\/wp\/v2\/types\/page"}],"author":[{"embeddable":true,"href":"https:\/\/www.electrahotels.gr\/es\/wp-json\/wp\/v2\/users\/1"}],"replies":[{"embeddable":true,"href":"https:\/\/www.electrahotels.gr\/es\/wp-json\/wp\/v2\/comments?post=15153"}],"version-history":[{"count":10,"href":"https:\/\/www.electrahotels.gr\/es\/wp-json\/wp\/v2\/pages\/15153\/revisions"}],"predecessor-version":[{"id":36966,"href":"https:\/\/www.electrahotels.gr\/es\/wp-json\/wp\/v2\/pages\/15153\/revisions\/36966"}],"up":[{"embeddable":true,"href":"https:\/\/www.electrahotels.gr\/es\/wp-json\/wp\/v2\/pages\/15585"}],"wp:featuredmedia":[{"embeddable":true,"href":"https:\/\/www.electrahotels.gr\/es\/wp-json\/wp\/v2\/media\/13555"}],"wp:attachment":[{"href":"https:\/\/www.electrahotels.gr\/es\/wp-json\/wp\/v2\/media?parent=15153"}],"wp:term":[{"taxonomy":"page_tag","embeddable":true,"href":"https:\/\/www.electrahotels.gr\/es\/wp-json\/wp\/v2\/page_tag?post=15153"}],"curies":[{"name":"wp","href":"https:\/\/api.w.org\/{rel}","templated":true}]}}