{"id":15585,"date":"2022-02-02T16:02:19","date_gmt":"2022-02-02T14:02:19","guid":{"rendered":"https:\/\/www.electrahotels.gr\/nuestros-hoteles\/palacio-electra-de-rodas\/"},"modified":"2024-04-12T11:08:04","modified_gmt":"2024-04-12T08:08:04","slug":"palacio-electra-de-rodas","status":"publish","type":"page","link":"https:\/\/www.electrahotels.gr\/es\/nuestros-hoteles\/palacio-electra-de-rodas\/","title":{"rendered":"Electra Palace Rhode"},"content":{"rendered":"\n<p><strong>Su direcci\u00f3n para servicios de lujo todo incluido en la Riviera de Rodas.<\/strong><br>En la zona sur del Mediterr\u00e1neo, <strong>el<\/strong> <strong>renovado complejo de 5 estrellas frente al mar<\/strong> <strong>Electra Palace Rhodes<\/strong> promete ofrecer a sus hu\u00e9spedes una experiencia vibrante. Desde habitaciones de lujo y espaciosas suites familiares, una nueva y atractiva experiencia en la piscina, sofisticadas propuestas culinarias y una gran variedad de actividades y entretenimiento, el aspecto y los servicios del Electra Palace Rhodes han sido seleccionados con precisi\u00f3n para darle la bienvenida a un mundo de elegancia sin esfuerzo. <\/p>\n","protected":false},"excerpt":{"rendered":"<p>Su direcci\u00f3n para servicios de lujo todo incluido en la Riviera de Rodas.En la zona sur del Mediterr\u00e1neo, el renovado complejo de 5 estrellas frente al mar Electra Palace Rhodes promete ofrecer a sus hu\u00e9spedes una experiencia vibrante. Desde habitaciones de lujo y espaciosas suites familiares, una nueva y atractiva experiencia en la piscina, sofisticadas<\/p>\n","protected":false},"author":1,"featured_media":40041,"parent":14138,"menu_order":0,"comment_status":"closed","ping_status":"closed","template":"page-templates\/hotel.php","meta":{"_acf_changed":false,"footnotes":""},"page_tag":[718,440,719],"class_list":["post-15585","page","type-page","status-publish","has-post-thumbnail","hentry","page_tag-en-la-playa","page_tag-momentos-familiares","page_tag-siente-la-riviera"],"acf":[],"yoast_head":"<!-- This site is optimized with the Yoast SEO plugin v27.3 - https:\/\/yoast.com\/product\/yoast-seo-wordpress\/ -->\n<title>Hotel de lujo de 5 estrellas con todo incluido en Rodas | Electra Palace Rhodes<\/title>\n<meta name=\"description\" content=\"El Electra Palace Rodas le ofrece la opci\u00f3n de disfrutar de unas vacaciones con todo incluido en un hotel de 5 estrellas de primera categor\u00eda en la isla de Rodas.\" \/>\n<meta name=\"robots\" content=\"index, follow, max-snippet:-1, max-image-preview:large, max-video-preview:-1\" \/>\n<link rel=\"canonical\" href=\"https:\/\/www.electrahotels.gr\/es\/nuestros-hoteles\/palacio-electra-de-rodas\/\" \/>\n<meta property=\"og:locale\" content=\"es_ES\" \/>\n<meta property=\"og:type\" content=\"article\" \/>\n<meta property=\"og:title\" content=\"Hotel de lujo de 5 estrellas con todo incluido en Rodas | Electra Palace Rhodes\" \/>\n<meta property=\"og:description\" content=\"El Electra Palace Rodas le ofrece la opci\u00f3n de disfrutar de unas vacaciones con todo incluido en un hotel de 5 estrellas de primera categor\u00eda en la isla de Rodas.\" \/>\n<meta property=\"og:url\" content=\"https:\/\/www.electrahotels.gr\/es\/nuestros-hoteles\/palacio-electra-de-rodas\/\" \/>\n<meta property=\"og:site_name\" content=\"Electra Hotels &amp; Resorts\" \/>\n<meta property=\"article:modified_time\" content=\"2024-04-12T08:08:04+00:00\" \/>\n<meta property=\"og:image\" content=\"https:\/\/www.electrahotels.gr\/app\/uploads\/2023\/07\/DJI_0753-Edit-Edit-scaled.jpg\" \/>\n\t<meta property=\"og:image:width\" content=\"2560\" \/>\n\t<meta property=\"og:image:height\" content=\"1707\" \/>\n\t<meta property=\"og:image:type\" content=\"image\/jpeg\" \/>\n<meta name=\"twitter:card\" content=\"summary_large_image\" \/>\n<meta name=\"twitter:label1\" content=\"Tiempo de lectura\" \/>\n\t<meta name=\"twitter:data1\" content=\"1 minuto\" \/>\n<script type=\"application\/ld+json\" class=\"yoast-schema-graph\">{\"@context\":\"https:\\\/\\\/schema.org\",\"@graph\":[{\"@type\":\"WebPage\",\"@id\":\"https:\\\/\\\/www.electrahotels.gr\\\/es\\\/nuestros-hoteles\\\/palacio-electra-de-rodas\\\/\",\"url\":\"https:\\\/\\\/www.electrahotels.gr\\\/es\\\/nuestros-hoteles\\\/palacio-electra-de-rodas\\\/\",\"name\":\"Hotel de lujo de 5 estrellas con todo incluido en Rodas | Electra Palace Rhodes\",\"isPartOf\":{\"@id\":\"https:\\\/\\\/www.electrahotels.gr\\\/es\\\/#website\"},\"primaryImageOfPage\":{\"@id\":\"https:\\\/\\\/www.electrahotels.gr\\\/es\\\/nuestros-hoteles\\\/palacio-electra-de-rodas\\\/#primaryimage\"},\"image\":{\"@id\":\"https:\\\/\\\/www.electrahotels.gr\\\/es\\\/nuestros-hoteles\\\/palacio-electra-de-rodas\\\/#primaryimage\"},\"thumbnailUrl\":\"https:\\\/\\\/www.electrahotels.gr\\\/app\\\/uploads\\\/2023\\\/09\\\/DJI_0753-Edit-Edit-scaled.jpg\",\"datePublished\":\"2022-02-02T14:02:19+00:00\",\"dateModified\":\"2024-04-12T08:08:04+00:00\",\"description\":\"El Electra Palace Rodas le ofrece la opci\u00f3n de disfrutar de unas vacaciones con todo incluido en un hotel de 5 estrellas de primera categor\u00eda en la isla de Rodas.\",\"breadcrumb\":{\"@id\":\"https:\\\/\\\/www.electrahotels.gr\\\/es\\\/nuestros-hoteles\\\/palacio-electra-de-rodas\\\/#breadcrumb\"},\"inLanguage\":\"es\",\"potentialAction\":[{\"@type\":\"ReadAction\",\"target\":[\"https:\\\/\\\/www.electrahotels.gr\\\/es\\\/nuestros-hoteles\\\/palacio-electra-de-rodas\\\/\"]}]},{\"@type\":\"ImageObject\",\"inLanguage\":\"es\",\"@id\":\"https:\\\/\\\/www.electrahotels.gr\\\/es\\\/nuestros-hoteles\\\/palacio-electra-de-rodas\\\/#primaryimage\",\"url\":\"https:\\\/\\\/www.electrahotels.gr\\\/app\\\/uploads\\\/2023\\\/09\\\/DJI_0753-Edit-Edit-scaled.jpg\",\"contentUrl\":\"https:\\\/\\\/www.electrahotels.gr\\\/app\\\/uploads\\\/2023\\\/09\\\/DJI_0753-Edit-Edit-scaled.jpg\",\"width\":2560,\"height\":1707,\"caption\":\"Electra Palace Rhodes & Spa, a luxury seafront hotel is one of top Ialyssos hotels.\u00a0\"},{\"@type\":\"BreadcrumbList\",\"@id\":\"https:\\\/\\\/www.electrahotels.gr\\\/es\\\/nuestros-hoteles\\\/palacio-electra-de-rodas\\\/#breadcrumb\",\"itemListElement\":[{\"@type\":\"ListItem\",\"position\":1,\"name\":\"Home\",\"item\":\"https:\\\/\\\/www.electrahotels.gr\\\/es\\\/\"},{\"@type\":\"ListItem\",\"position\":2,\"name\":\"Nuestros hoteles\",\"item\":\"https:\\\/\\\/www.electrahotels.gr\\\/es\\\/nuestros-hoteles\\\/\"},{\"@type\":\"ListItem\",\"position\":3,\"name\":\"Electra Palace Rhode\"}]},{\"@type\":\"WebSite\",\"@id\":\"https:\\\/\\\/www.electrahotels.gr\\\/es\\\/#website\",\"url\":\"https:\\\/\\\/www.electrahotels.gr\\\/es\\\/\",\"name\":\"Electra Hotels &amp; Resorts\",\"description\":\"A group of luxury hotels in Athens, Thessaloniki, Rhodes and Kefalonia committed to offering quality hospitality, service and luxury\",\"potentialAction\":[{\"@type\":\"SearchAction\",\"target\":{\"@type\":\"EntryPoint\",\"urlTemplate\":\"https:\\\/\\\/www.electrahotels.gr\\\/es\\\/?s={search_term_string}\"},\"query-input\":{\"@type\":\"PropertyValueSpecification\",\"valueRequired\":true,\"valueName\":\"search_term_string\"}}],\"inLanguage\":\"es\"}]}<\/script>\n<!-- \/ Yoast SEO plugin. -->","yoast_head_json":{"title":"Hotel de lujo de 5 estrellas con todo incluido en Rodas | Electra Palace Rhodes","description":"El Electra Palace Rodas le ofrece la opci\u00f3n de disfrutar de unas vacaciones con todo incluido en un hotel de 5 estrellas de primera categor\u00eda en la isla de Rodas.","robots":{"index":"index","follow":"follow","max-snippet":"max-snippet:-1","max-image-preview":"max-image-preview:large","max-video-preview":"max-video-preview:-1"},"canonical":"https:\/\/www.electrahotels.gr\/es\/nuestros-hoteles\/palacio-electra-de-rodas\/","og_locale":"es_ES","og_type":"article","og_title":"Hotel de lujo de 5 estrellas con todo incluido en Rodas | Electra Palace Rhodes","og_description":"El Electra Palace Rodas le ofrece la opci\u00f3n de disfrutar de unas vacaciones con todo incluido en un hotel de 5 estrellas de primera categor\u00eda en la isla de Rodas.","og_url":"https:\/\/www.electrahotels.gr\/es\/nuestros-hoteles\/palacio-electra-de-rodas\/","og_site_name":"Electra Hotels &amp; Resorts","article_modified_time":"2024-04-12T08:08:04+00:00","og_image":[{"width":2560,"height":1707,"url":"https:\/\/www.electrahotels.gr\/app\/uploads\/2023\/07\/DJI_0753-Edit-Edit-scaled.jpg","type":"image\/jpeg"}],"twitter_card":"summary_large_image","twitter_misc":{"Tiempo de lectura":"1 minuto"},"schema":{"@context":"https:\/\/schema.org","@graph":[{"@type":"WebPage","@id":"https:\/\/www.electrahotels.gr\/es\/nuestros-hoteles\/palacio-electra-de-rodas\/","url":"https:\/\/www.electrahotels.gr\/es\/nuestros-hoteles\/palacio-electra-de-rodas\/","name":"Hotel de lujo de 5 estrellas con todo incluido en Rodas | Electra Palace Rhodes","isPartOf":{"@id":"https:\/\/www.electrahotels.gr\/es\/#website"},"primaryImageOfPage":{"@id":"https:\/\/www.electrahotels.gr\/es\/nuestros-hoteles\/palacio-electra-de-rodas\/#primaryimage"},"image":{"@id":"https:\/\/www.electrahotels.gr\/es\/nuestros-hoteles\/palacio-electra-de-rodas\/#primaryimage"},"thumbnailUrl":"https:\/\/www.electrahotels.gr\/app\/uploads\/2023\/09\/DJI_0753-Edit-Edit-scaled.jpg","datePublished":"2022-02-02T14:02:19+00:00","dateModified":"2024-04-12T08:08:04+00:00","description":"El Electra Palace Rodas le ofrece la opci\u00f3n de disfrutar de unas vacaciones con todo incluido en un hotel de 5 estrellas de primera categor\u00eda en la isla de Rodas.","breadcrumb":{"@id":"https:\/\/www.electrahotels.gr\/es\/nuestros-hoteles\/palacio-electra-de-rodas\/#breadcrumb"},"inLanguage":"es","potentialAction":[{"@type":"ReadAction","target":["https:\/\/www.electrahotels.gr\/es\/nuestros-hoteles\/palacio-electra-de-rodas\/"]}]},{"@type":"ImageObject","inLanguage":"es","@id":"https:\/\/www.electrahotels.gr\/es\/nuestros-hoteles\/palacio-electra-de-rodas\/#primaryimage","url":"https:\/\/www.electrahotels.gr\/app\/uploads\/2023\/09\/DJI_0753-Edit-Edit-scaled.jpg","contentUrl":"https:\/\/www.electrahotels.gr\/app\/uploads\/2023\/09\/DJI_0753-Edit-Edit-scaled.jpg","width":2560,"height":1707,"caption":"Electra Palace Rhodes & Spa, a luxury seafront hotel is one of top Ialyssos hotels.\u00a0"},{"@type":"BreadcrumbList","@id":"https:\/\/www.electrahotels.gr\/es\/nuestros-hoteles\/palacio-electra-de-rodas\/#breadcrumb","itemListElement":[{"@type":"ListItem","position":1,"name":"Home","item":"https:\/\/www.electrahotels.gr\/es\/"},{"@type":"ListItem","position":2,"name":"Nuestros hoteles","item":"https:\/\/www.electrahotels.gr\/es\/nuestros-hoteles\/"},{"@type":"ListItem","position":3,"name":"Electra Palace Rhode"}]},{"@type":"WebSite","@id":"https:\/\/www.electrahotels.gr\/es\/#website","url":"https:\/\/www.electrahotels.gr\/es\/","name":"Electra Hotels &amp; Resorts","description":"A group of luxury hotels in Athens, Thessaloniki, Rhodes and Kefalonia committed to offering quality hospitality, service and luxury","potentialAction":[{"@type":"SearchAction","target":{"@type":"EntryPoint","urlTemplate":"https:\/\/www.electrahotels.gr\/es\/?s={search_term_string}"},"query-input":{"@type":"PropertyValueSpecification","valueRequired":true,"valueName":"search_term_string"}}],"inLanguage":"es"}]}},"_links":{"self":[{"href":"https:\/\/www.electrahotels.gr\/es\/wp-json\/wp\/v2\/pages\/15585","targetHints":{"allow":["GET"]}}],"collection":[{"href":"https:\/\/www.electrahotels.gr\/es\/wp-json\/wp\/v2\/pages"}],"about":[{"href":"https:\/\/www.electrahotels.gr\/es\/wp-json\/wp\/v2\/types\/page"}],"author":[{"embeddable":true,"href":"https:\/\/www.electrahotels.gr\/es\/wp-json\/wp\/v2\/users\/1"}],"replies":[{"embeddable":true,"href":"https:\/\/www.electrahotels.gr\/es\/wp-json\/wp\/v2\/comments?post=15585"}],"version-history":[{"count":10,"href":"https:\/\/www.electrahotels.gr\/es\/wp-json\/wp\/v2\/pages\/15585\/revisions"}],"predecessor-version":[{"id":47430,"href":"https:\/\/www.electrahotels.gr\/es\/wp-json\/wp\/v2\/pages\/15585\/revisions\/47430"}],"up":[{"embeddable":true,"href":"https:\/\/www.electrahotels.gr\/es\/wp-json\/wp\/v2\/pages\/14138"}],"wp:featuredmedia":[{"embeddable":true,"href":"https:\/\/www.electrahotels.gr\/es\/wp-json\/wp\/v2\/media\/40041"}],"wp:attachment":[{"href":"https:\/\/www.electrahotels.gr\/es\/wp-json\/wp\/v2\/media?parent=15585"}],"wp:term":[{"taxonomy":"page_tag","embeddable":true,"href":"https:\/\/www.electrahotels.gr\/es\/wp-json\/wp\/v2\/page_tag?post=15585"}],"curies":[{"name":"wp","href":"https:\/\/api.w.org\/{rel}","templated":true}]}}