{"id":15761,"date":"2022-02-04T15:18:25","date_gmt":"2022-02-04T13:18:25","guid":{"rendered":"https:\/\/www.electrahotels.gr\/nuestros-hoteles\/palacio-electra-de-atenas\/reuniones-y-eventos\/"},"modified":"2025-04-09T11:24:08","modified_gmt":"2025-04-09T08:24:08","slug":"reuniones-y-eventos","status":"publish","type":"page","link":"https:\/\/www.electrahotels.gr\/es\/nuestros-hoteles\/palacio-electra-de-atenas\/reuniones-y-eventos\/","title":{"rendered":"Reuniones y eventos"},"content":{"rendered":"\r\n<p>El hotel ofrece una propuesta ideal para banquetes, eventos de negocios o conferencias en pleno centro hist\u00f3rico de la ciudad. Disfrute de un servicio de cinco estrellas en cualquiera de nuestras seis salas de reuniones. Totalmente equipados, con aire acondicionado e iluminaci\u00f3n natural (la mayor\u00eda de ellos), y con un ambiente que no se puede encontrar en ning\u00fan otro lugar de la ciudad, el entorno es el adecuado para una experiencia inigualable. Con un dise\u00f1o lo suficientemente flexible como para cubrir cualquier cosa, desde peque\u00f1as reuniones hasta grandes eventos de hasta 260 personas, estamos preparados para satisfacer cualquier petici\u00f3n individual.<\/p>\r\n","protected":false},"excerpt":{"rendered":"<p>El hotel ofrece una propuesta ideal para banquetes, eventos de negocios o conferencias en pleno centro hist\u00f3rico de la ciudad. Disfrute de un servicio de cinco estrellas en cualquiera de nuestras seis salas de reuniones. Totalmente equipados, con aire acondicionado e iluminaci\u00f3n natural (la mayor\u00eda de ellos), y con un ambiente que no se puede<\/p>\n","protected":false},"author":1,"featured_media":52523,"parent":14141,"menu_order":0,"comment_status":"closed","ping_status":"closed","template":"page-templates\/events.php","meta":{"_acf_changed":false,"footnotes":""},"page_tag":[],"class_list":["post-15761","page","type-page","status-publish","has-post-thumbnail","hentry"],"acf":[],"yoast_head":"<!-- This site is optimized with the Yoast SEO plugin v27.4 - https:\/\/yoast.com\/product\/yoast-seo-wordpress\/ -->\n<title>Los mejores hoteles para conferencias en Atenas, Plaka || Electra Palace Athens<\/title>\n<meta name=\"description\" content=\"Quienes busquen los mejores hoteles para conferencias de Atenas, Plaka, encontrar\u00e1n un servicio de cinco estrellas en cualquiera de las seis salas de reuniones totalmente equipadas del Electra Palace Hotel.\" \/>\n<meta name=\"robots\" content=\"index, follow, max-snippet:-1, max-image-preview:large, max-video-preview:-1\" \/>\n<link rel=\"canonical\" href=\"https:\/\/www.electrahotels.gr\/es\/nuestros-hoteles\/palacio-electra-de-atenas\/reuniones-y-eventos\/\" \/>\n<meta property=\"og:locale\" content=\"es_ES\" \/>\n<meta property=\"og:type\" content=\"article\" \/>\n<meta property=\"og:title\" content=\"Los mejores hoteles para conferencias en Atenas, Plaka || Electra Palace Athens\" \/>\n<meta property=\"og:description\" content=\"Quienes busquen los mejores hoteles para conferencias de Atenas, Plaka, encontrar\u00e1n un servicio de cinco estrellas en cualquiera de las seis salas de reuniones totalmente equipadas del Electra Palace Hotel.\" \/>\n<meta property=\"og:url\" content=\"https:\/\/www.electrahotels.gr\/es\/nuestros-hoteles\/palacio-electra-de-atenas\/reuniones-y-eventos\/\" \/>\n<meta property=\"og:site_name\" content=\"Electra Hotels &amp; Resorts\" \/>\n<meta property=\"article:modified_time\" content=\"2025-04-09T08:24:08+00:00\" \/>\n<meta property=\"og:image\" content=\"https:\/\/www.electrahotels.gr\/app\/uploads\/2025\/04\/electra-palace-business.jpg\" \/>\n\t<meta property=\"og:image:width\" content=\"1294\" \/>\n\t<meta property=\"og:image:height\" content=\"1500\" \/>\n\t<meta property=\"og:image:type\" content=\"image\/jpeg\" \/>\n<meta name=\"twitter:card\" content=\"summary_large_image\" \/>\n<meta name=\"twitter:label1\" content=\"Tiempo de lectura\" \/>\n\t<meta name=\"twitter:data1\" content=\"1 minuto\" \/>\n<script type=\"application\/ld+json\" class=\"yoast-schema-graph\">{\"@context\":\"https:\\\/\\\/schema.org\",\"@graph\":[{\"@type\":\"WebPage\",\"@id\":\"https:\\\/\\\/www.electrahotels.gr\\\/es\\\/nuestros-hoteles\\\/palacio-electra-de-atenas\\\/reuniones-y-eventos\\\/\",\"url\":\"https:\\\/\\\/www.electrahotels.gr\\\/es\\\/nuestros-hoteles\\\/palacio-electra-de-atenas\\\/reuniones-y-eventos\\\/\",\"name\":\"Los mejores hoteles para conferencias en Atenas, Plaka || Electra Palace Athens\",\"isPartOf\":{\"@id\":\"https:\\\/\\\/www.electrahotels.gr\\\/es\\\/#website\"},\"primaryImageOfPage\":{\"@id\":\"https:\\\/\\\/www.electrahotels.gr\\\/es\\\/nuestros-hoteles\\\/palacio-electra-de-atenas\\\/reuniones-y-eventos\\\/#primaryimage\"},\"image\":{\"@id\":\"https:\\\/\\\/www.electrahotels.gr\\\/es\\\/nuestros-hoteles\\\/palacio-electra-de-atenas\\\/reuniones-y-eventos\\\/#primaryimage\"},\"thumbnailUrl\":\"https:\\\/\\\/www.electrahotels.gr\\\/app\\\/uploads\\\/2025\\\/04\\\/electra-palace-business.jpg\",\"datePublished\":\"2022-02-04T13:18:25+00:00\",\"dateModified\":\"2025-04-09T08:24:08+00:00\",\"description\":\"Quienes busquen los mejores hoteles para conferencias de Atenas, Plaka, encontrar\u00e1n un servicio de cinco estrellas en cualquiera de las seis salas de reuniones totalmente equipadas del Electra Palace Hotel.\",\"breadcrumb\":{\"@id\":\"https:\\\/\\\/www.electrahotels.gr\\\/es\\\/nuestros-hoteles\\\/palacio-electra-de-atenas\\\/reuniones-y-eventos\\\/#breadcrumb\"},\"inLanguage\":\"es\",\"potentialAction\":[{\"@type\":\"ReadAction\",\"target\":[\"https:\\\/\\\/www.electrahotels.gr\\\/es\\\/nuestros-hoteles\\\/palacio-electra-de-atenas\\\/reuniones-y-eventos\\\/\"]}]},{\"@type\":\"ImageObject\",\"inLanguage\":\"es\",\"@id\":\"https:\\\/\\\/www.electrahotels.gr\\\/es\\\/nuestros-hoteles\\\/palacio-electra-de-atenas\\\/reuniones-y-eventos\\\/#primaryimage\",\"url\":\"https:\\\/\\\/www.electrahotels.gr\\\/app\\\/uploads\\\/2025\\\/04\\\/electra-palace-business.jpg\",\"contentUrl\":\"https:\\\/\\\/www.electrahotels.gr\\\/app\\\/uploads\\\/2025\\\/04\\\/electra-palace-business.jpg\",\"width\":1294,\"height\":1500},{\"@type\":\"BreadcrumbList\",\"@id\":\"https:\\\/\\\/www.electrahotels.gr\\\/es\\\/nuestros-hoteles\\\/palacio-electra-de-atenas\\\/reuniones-y-eventos\\\/#breadcrumb\",\"itemListElement\":[{\"@type\":\"ListItem\",\"position\":1,\"name\":\"Home\",\"item\":\"https:\\\/\\\/www.electrahotels.gr\\\/es\\\/\"},{\"@type\":\"ListItem\",\"position\":2,\"name\":\"Nuestros hoteles\",\"item\":\"https:\\\/\\\/www.electrahotels.gr\\\/es\\\/nuestros-hoteles\\\/\"},{\"@type\":\"ListItem\",\"position\":3,\"name\":\"Electra Palace Atenas\",\"item\":\"https:\\\/\\\/www.electrahotels.gr\\\/es\\\/nuestros-hoteles\\\/palacio-electra-de-atenas\\\/\"},{\"@type\":\"ListItem\",\"position\":4,\"name\":\"Reuniones y eventos\"}]},{\"@type\":\"WebSite\",\"@id\":\"https:\\\/\\\/www.electrahotels.gr\\\/es\\\/#website\",\"url\":\"https:\\\/\\\/www.electrahotels.gr\\\/es\\\/\",\"name\":\"Electra Hotels &amp; Resorts\",\"description\":\"A group of luxury hotels in Athens, Thessaloniki, Rhodes and Kefalonia committed to offering quality hospitality, service and luxury\",\"potentialAction\":[{\"@type\":\"SearchAction\",\"target\":{\"@type\":\"EntryPoint\",\"urlTemplate\":\"https:\\\/\\\/www.electrahotels.gr\\\/es\\\/?s={search_term_string}\"},\"query-input\":{\"@type\":\"PropertyValueSpecification\",\"valueRequired\":true,\"valueName\":\"search_term_string\"}}],\"inLanguage\":\"es\"}]}<\/script>\n<!-- \/ Yoast SEO plugin. -->","yoast_head_json":{"title":"Los mejores hoteles para conferencias en Atenas, Plaka || Electra Palace Athens","description":"Quienes busquen los mejores hoteles para conferencias de Atenas, Plaka, encontrar\u00e1n un servicio de cinco estrellas en cualquiera de las seis salas de reuniones totalmente equipadas del Electra Palace Hotel.","robots":{"index":"index","follow":"follow","max-snippet":"max-snippet:-1","max-image-preview":"max-image-preview:large","max-video-preview":"max-video-preview:-1"},"canonical":"https:\/\/www.electrahotels.gr\/es\/nuestros-hoteles\/palacio-electra-de-atenas\/reuniones-y-eventos\/","og_locale":"es_ES","og_type":"article","og_title":"Los mejores hoteles para conferencias en Atenas, Plaka || Electra Palace Athens","og_description":"Quienes busquen los mejores hoteles para conferencias de Atenas, Plaka, encontrar\u00e1n un servicio de cinco estrellas en cualquiera de las seis salas de reuniones totalmente equipadas del Electra Palace Hotel.","og_url":"https:\/\/www.electrahotels.gr\/es\/nuestros-hoteles\/palacio-electra-de-atenas\/reuniones-y-eventos\/","og_site_name":"Electra Hotels &amp; Resorts","article_modified_time":"2025-04-09T08:24:08+00:00","og_image":[{"width":1294,"height":1500,"url":"https:\/\/www.electrahotels.gr\/app\/uploads\/2025\/04\/electra-palace-business.jpg","type":"image\/jpeg"}],"twitter_card":"summary_large_image","twitter_misc":{"Tiempo de lectura":"1 minuto"},"schema":{"@context":"https:\/\/schema.org","@graph":[{"@type":"WebPage","@id":"https:\/\/www.electrahotels.gr\/es\/nuestros-hoteles\/palacio-electra-de-atenas\/reuniones-y-eventos\/","url":"https:\/\/www.electrahotels.gr\/es\/nuestros-hoteles\/palacio-electra-de-atenas\/reuniones-y-eventos\/","name":"Los mejores hoteles para conferencias en Atenas, Plaka || Electra Palace Athens","isPartOf":{"@id":"https:\/\/www.electrahotels.gr\/es\/#website"},"primaryImageOfPage":{"@id":"https:\/\/www.electrahotels.gr\/es\/nuestros-hoteles\/palacio-electra-de-atenas\/reuniones-y-eventos\/#primaryimage"},"image":{"@id":"https:\/\/www.electrahotels.gr\/es\/nuestros-hoteles\/palacio-electra-de-atenas\/reuniones-y-eventos\/#primaryimage"},"thumbnailUrl":"https:\/\/www.electrahotels.gr\/app\/uploads\/2025\/04\/electra-palace-business.jpg","datePublished":"2022-02-04T13:18:25+00:00","dateModified":"2025-04-09T08:24:08+00:00","description":"Quienes busquen los mejores hoteles para conferencias de Atenas, Plaka, encontrar\u00e1n un servicio de cinco estrellas en cualquiera de las seis salas de reuniones totalmente equipadas del Electra Palace Hotel.","breadcrumb":{"@id":"https:\/\/www.electrahotels.gr\/es\/nuestros-hoteles\/palacio-electra-de-atenas\/reuniones-y-eventos\/#breadcrumb"},"inLanguage":"es","potentialAction":[{"@type":"ReadAction","target":["https:\/\/www.electrahotels.gr\/es\/nuestros-hoteles\/palacio-electra-de-atenas\/reuniones-y-eventos\/"]}]},{"@type":"ImageObject","inLanguage":"es","@id":"https:\/\/www.electrahotels.gr\/es\/nuestros-hoteles\/palacio-electra-de-atenas\/reuniones-y-eventos\/#primaryimage","url":"https:\/\/www.electrahotels.gr\/app\/uploads\/2025\/04\/electra-palace-business.jpg","contentUrl":"https:\/\/www.electrahotels.gr\/app\/uploads\/2025\/04\/electra-palace-business.jpg","width":1294,"height":1500},{"@type":"BreadcrumbList","@id":"https:\/\/www.electrahotels.gr\/es\/nuestros-hoteles\/palacio-electra-de-atenas\/reuniones-y-eventos\/#breadcrumb","itemListElement":[{"@type":"ListItem","position":1,"name":"Home","item":"https:\/\/www.electrahotels.gr\/es\/"},{"@type":"ListItem","position":2,"name":"Nuestros hoteles","item":"https:\/\/www.electrahotels.gr\/es\/nuestros-hoteles\/"},{"@type":"ListItem","position":3,"name":"Electra Palace Atenas","item":"https:\/\/www.electrahotels.gr\/es\/nuestros-hoteles\/palacio-electra-de-atenas\/"},{"@type":"ListItem","position":4,"name":"Reuniones y eventos"}]},{"@type":"WebSite","@id":"https:\/\/www.electrahotels.gr\/es\/#website","url":"https:\/\/www.electrahotels.gr\/es\/","name":"Electra Hotels &amp; Resorts","description":"A group of luxury hotels in Athens, Thessaloniki, Rhodes and Kefalonia committed to offering quality hospitality, service and luxury","potentialAction":[{"@type":"SearchAction","target":{"@type":"EntryPoint","urlTemplate":"https:\/\/www.electrahotels.gr\/es\/?s={search_term_string}"},"query-input":{"@type":"PropertyValueSpecification","valueRequired":true,"valueName":"search_term_string"}}],"inLanguage":"es"}]}},"_links":{"self":[{"href":"https:\/\/www.electrahotels.gr\/es\/wp-json\/wp\/v2\/pages\/15761","targetHints":{"allow":["GET"]}}],"collection":[{"href":"https:\/\/www.electrahotels.gr\/es\/wp-json\/wp\/v2\/pages"}],"about":[{"href":"https:\/\/www.electrahotels.gr\/es\/wp-json\/wp\/v2\/types\/page"}],"author":[{"embeddable":true,"href":"https:\/\/www.electrahotels.gr\/es\/wp-json\/wp\/v2\/users\/1"}],"replies":[{"embeddable":true,"href":"https:\/\/www.electrahotels.gr\/es\/wp-json\/wp\/v2\/comments?post=15761"}],"version-history":[{"count":5,"href":"https:\/\/www.electrahotels.gr\/es\/wp-json\/wp\/v2\/pages\/15761\/revisions"}],"predecessor-version":[{"id":52618,"href":"https:\/\/www.electrahotels.gr\/es\/wp-json\/wp\/v2\/pages\/15761\/revisions\/52618"}],"up":[{"embeddable":true,"href":"https:\/\/www.electrahotels.gr\/es\/wp-json\/wp\/v2\/pages\/14141"}],"wp:featuredmedia":[{"embeddable":true,"href":"https:\/\/www.electrahotels.gr\/es\/wp-json\/wp\/v2\/media\/52523"}],"wp:attachment":[{"href":"https:\/\/www.electrahotels.gr\/es\/wp-json\/wp\/v2\/media?parent=15761"}],"wp:term":[{"taxonomy":"page_tag","embeddable":true,"href":"https:\/\/www.electrahotels.gr\/es\/wp-json\/wp\/v2\/page_tag?post=15761"}],"curies":[{"name":"wp","href":"https:\/\/api.w.org\/{rel}","templated":true}]}}