{"id":17321,"date":"2022-02-23T10:10:27","date_gmt":"2022-02-23T08:10:27","guid":{"rendered":"https:\/\/www.electrahotels.gr\/nuestros-hoteles\/electra-metropolis-atenas\/reuniones-y-eventos\/"},"modified":"2023-04-05T09:06:22","modified_gmt":"2023-04-05T06:06:22","slug":"reuniones-y-eventos","status":"publish","type":"page","link":"https:\/\/www.electrahotels.gr\/es\/nuestros-hoteles\/electra-metropolis-atenas\/reuniones-y-eventos\/","title":{"rendered":"Reuniones y eventos"},"content":{"rendered":"\n<p>Supere cualquier expectativa confi\u00e1ndonos la organizaci\u00f3n y ejecuci\u00f3n de su evento. Seis salas bien dise\u00f1adas e iluminadas naturalmente pueden satisfacer las necesidades de un m\u00e1ximo de 160 participantes, cubriendo cualquier tipo de evento independientemente de su tama\u00f1o u objetivo (social, pol\u00edtico, corporativo, etc.). Cada evento se puede personalizar por completo, a\u00f1adiendo servicios de alta gama a medida a voluntad. Un gran a\u00f1adido: el sorprendente acceso visual a la antigua muralla de Temistoclean (Jasmine incorpora una secci\u00f3n de la misma), que constituye un escenario inolvidable.<\/p>\n","protected":false},"excerpt":{"rendered":"<p>Supere cualquier expectativa confi\u00e1ndonos la organizaci\u00f3n y ejecuci\u00f3n de su evento. Seis salas bien dise\u00f1adas e iluminadas naturalmente pueden satisfacer las necesidades de un m\u00e1ximo de 160 participantes, cubriendo cualquier tipo de evento independientemente de su tama\u00f1o u objetivo (social, pol\u00edtico, corporativo, etc.). Cada evento se puede personalizar por completo, a\u00f1adiendo servicios de alta gama<\/p>\n","protected":false},"author":1,"featured_media":13137,"parent":15572,"menu_order":0,"comment_status":"closed","ping_status":"closed","template":"page-templates\/events.php","meta":{"_acf_changed":false,"footnotes":""},"page_tag":[],"class_list":["post-17321","page","type-page","status-publish","has-post-thumbnail","hentry"],"acf":[],"yoast_head":"<!-- This site is optimized with the Yoast SEO plugin v27.4 - https:\/\/yoast.com\/product\/yoast-seo-wordpress\/ -->\n<title>Salas de reuniones en el centro de Atenas | Electra Metropolis<\/title>\n<meta name=\"description\" content=\"El hotel Electra Metropolis ofrece una gran variedad de salas de reuniones de negocios en el centro de Atenas, para una gran variedad de ocasiones, funciones y capacidades.\" \/>\n<meta name=\"robots\" content=\"index, follow, max-snippet:-1, max-image-preview:large, max-video-preview:-1\" \/>\n<link rel=\"canonical\" href=\"https:\/\/www.electrahotels.gr\/es\/nuestros-hoteles\/electra-metropolis-atenas\/reuniones-y-eventos\/\" \/>\n<meta property=\"og:locale\" content=\"es_ES\" \/>\n<meta property=\"og:type\" content=\"article\" \/>\n<meta property=\"og:title\" content=\"Salas de reuniones en el centro de Atenas | Electra Metropolis\" \/>\n<meta property=\"og:description\" content=\"El hotel Electra Metropolis ofrece una gran variedad de salas de reuniones de negocios en el centro de Atenas, para una gran variedad de ocasiones, funciones y capacidades.\" \/>\n<meta property=\"og:url\" content=\"https:\/\/www.electrahotels.gr\/es\/nuestros-hoteles\/electra-metropolis-atenas\/reuniones-y-eventos\/\" \/>\n<meta property=\"og:site_name\" content=\"Electra Hotels &amp; Resorts\" \/>\n<meta property=\"article:modified_time\" content=\"2023-04-05T06:06:22+00:00\" \/>\n<meta property=\"og:image\" content=\"https:\/\/www.electrahotels.gr\/app\/uploads\/sites\/75\/2021\/04\/magnolia-11_resized.jpg\" \/>\n\t<meta property=\"og:image:width\" content=\"1920\" \/>\n\t<meta property=\"og:image:height\" content=\"1280\" \/>\n\t<meta property=\"og:image:type\" content=\"image\/jpeg\" \/>\n<meta name=\"twitter:card\" content=\"summary_large_image\" \/>\n<meta name=\"twitter:label1\" content=\"Tiempo de lectura\" \/>\n\t<meta name=\"twitter:data1\" content=\"1 minuto\" \/>\n<script type=\"application\/ld+json\" class=\"yoast-schema-graph\">{\"@context\":\"https:\\\/\\\/schema.org\",\"@graph\":[{\"@type\":\"WebPage\",\"@id\":\"https:\\\/\\\/www.electrahotels.gr\\\/es\\\/nuestros-hoteles\\\/electra-metropolis-atenas\\\/reuniones-y-eventos\\\/\",\"url\":\"https:\\\/\\\/www.electrahotels.gr\\\/es\\\/nuestros-hoteles\\\/electra-metropolis-atenas\\\/reuniones-y-eventos\\\/\",\"name\":\"Salas de reuniones en el centro de Atenas | Electra Metropolis\",\"isPartOf\":{\"@id\":\"https:\\\/\\\/www.electrahotels.gr\\\/es\\\/#website\"},\"primaryImageOfPage\":{\"@id\":\"https:\\\/\\\/www.electrahotels.gr\\\/es\\\/nuestros-hoteles\\\/electra-metropolis-atenas\\\/reuniones-y-eventos\\\/#primaryimage\"},\"image\":{\"@id\":\"https:\\\/\\\/www.electrahotels.gr\\\/es\\\/nuestros-hoteles\\\/electra-metropolis-atenas\\\/reuniones-y-eventos\\\/#primaryimage\"},\"thumbnailUrl\":\"https:\\\/\\\/www.electrahotels.gr\\\/app\\\/uploads\\\/2021\\\/04\\\/magnolia-11_resized.jpg\",\"datePublished\":\"2022-02-23T08:10:27+00:00\",\"dateModified\":\"2023-04-05T06:06:22+00:00\",\"description\":\"El hotel Electra Metropolis ofrece una gran variedad de salas de reuniones de negocios en el centro de Atenas, para una gran variedad de ocasiones, funciones y capacidades.\",\"breadcrumb\":{\"@id\":\"https:\\\/\\\/www.electrahotels.gr\\\/es\\\/nuestros-hoteles\\\/electra-metropolis-atenas\\\/reuniones-y-eventos\\\/#breadcrumb\"},\"inLanguage\":\"es\",\"potentialAction\":[{\"@type\":\"ReadAction\",\"target\":[\"https:\\\/\\\/www.electrahotels.gr\\\/es\\\/nuestros-hoteles\\\/electra-metropolis-atenas\\\/reuniones-y-eventos\\\/\"]}]},{\"@type\":\"ImageObject\",\"inLanguage\":\"es\",\"@id\":\"https:\\\/\\\/www.electrahotels.gr\\\/es\\\/nuestros-hoteles\\\/electra-metropolis-atenas\\\/reuniones-y-eventos\\\/#primaryimage\",\"url\":\"https:\\\/\\\/www.electrahotels.gr\\\/app\\\/uploads\\\/2021\\\/04\\\/magnolia-11_resized.jpg\",\"contentUrl\":\"https:\\\/\\\/www.electrahotels.gr\\\/app\\\/uploads\\\/2021\\\/04\\\/magnolia-11_resized.jpg\",\"width\":1920,\"height\":1280},{\"@type\":\"BreadcrumbList\",\"@id\":\"https:\\\/\\\/www.electrahotels.gr\\\/es\\\/nuestros-hoteles\\\/electra-metropolis-atenas\\\/reuniones-y-eventos\\\/#breadcrumb\",\"itemListElement\":[{\"@type\":\"ListItem\",\"position\":1,\"name\":\"Home\",\"item\":\"https:\\\/\\\/www.electrahotels.gr\\\/es\\\/\"},{\"@type\":\"ListItem\",\"position\":2,\"name\":\"Nuestros hoteles\",\"item\":\"https:\\\/\\\/www.electrahotels.gr\\\/es\\\/nuestros-hoteles\\\/\"},{\"@type\":\"ListItem\",\"position\":3,\"name\":\"Electra Metropolis Atenas\",\"item\":\"https:\\\/\\\/www.electrahotels.gr\\\/es\\\/nuestros-hoteles\\\/electra-metropolis-atenas\\\/\"},{\"@type\":\"ListItem\",\"position\":4,\"name\":\"Reuniones y eventos\"}]},{\"@type\":\"WebSite\",\"@id\":\"https:\\\/\\\/www.electrahotels.gr\\\/es\\\/#website\",\"url\":\"https:\\\/\\\/www.electrahotels.gr\\\/es\\\/\",\"name\":\"Electra Hotels &amp; Resorts\",\"description\":\"A group of luxury hotels in Athens, Thessaloniki, Rhodes and Kefalonia committed to offering quality hospitality, service and luxury\",\"potentialAction\":[{\"@type\":\"SearchAction\",\"target\":{\"@type\":\"EntryPoint\",\"urlTemplate\":\"https:\\\/\\\/www.electrahotels.gr\\\/es\\\/?s={search_term_string}\"},\"query-input\":{\"@type\":\"PropertyValueSpecification\",\"valueRequired\":true,\"valueName\":\"search_term_string\"}}],\"inLanguage\":\"es\"}]}<\/script>\n<!-- \/ Yoast SEO plugin. -->","yoast_head_json":{"title":"Salas de reuniones en el centro de Atenas | Electra Metropolis","description":"El hotel Electra Metropolis ofrece una gran variedad de salas de reuniones de negocios en el centro de Atenas, para una gran variedad de ocasiones, funciones y capacidades.","robots":{"index":"index","follow":"follow","max-snippet":"max-snippet:-1","max-image-preview":"max-image-preview:large","max-video-preview":"max-video-preview:-1"},"canonical":"https:\/\/www.electrahotels.gr\/es\/nuestros-hoteles\/electra-metropolis-atenas\/reuniones-y-eventos\/","og_locale":"es_ES","og_type":"article","og_title":"Salas de reuniones en el centro de Atenas | Electra Metropolis","og_description":"El hotel Electra Metropolis ofrece una gran variedad de salas de reuniones de negocios en el centro de Atenas, para una gran variedad de ocasiones, funciones y capacidades.","og_url":"https:\/\/www.electrahotels.gr\/es\/nuestros-hoteles\/electra-metropolis-atenas\/reuniones-y-eventos\/","og_site_name":"Electra Hotels &amp; Resorts","article_modified_time":"2023-04-05T06:06:22+00:00","og_image":[{"width":1920,"height":1280,"url":"https:\/\/www.electrahotels.gr\/app\/uploads\/sites\/75\/2021\/04\/magnolia-11_resized.jpg","type":"image\/jpeg"}],"twitter_card":"summary_large_image","twitter_misc":{"Tiempo de lectura":"1 minuto"},"schema":{"@context":"https:\/\/schema.org","@graph":[{"@type":"WebPage","@id":"https:\/\/www.electrahotels.gr\/es\/nuestros-hoteles\/electra-metropolis-atenas\/reuniones-y-eventos\/","url":"https:\/\/www.electrahotels.gr\/es\/nuestros-hoteles\/electra-metropolis-atenas\/reuniones-y-eventos\/","name":"Salas de reuniones en el centro de Atenas | Electra Metropolis","isPartOf":{"@id":"https:\/\/www.electrahotels.gr\/es\/#website"},"primaryImageOfPage":{"@id":"https:\/\/www.electrahotels.gr\/es\/nuestros-hoteles\/electra-metropolis-atenas\/reuniones-y-eventos\/#primaryimage"},"image":{"@id":"https:\/\/www.electrahotels.gr\/es\/nuestros-hoteles\/electra-metropolis-atenas\/reuniones-y-eventos\/#primaryimage"},"thumbnailUrl":"https:\/\/www.electrahotels.gr\/app\/uploads\/2021\/04\/magnolia-11_resized.jpg","datePublished":"2022-02-23T08:10:27+00:00","dateModified":"2023-04-05T06:06:22+00:00","description":"El hotel Electra Metropolis ofrece una gran variedad de salas de reuniones de negocios en el centro de Atenas, para una gran variedad de ocasiones, funciones y capacidades.","breadcrumb":{"@id":"https:\/\/www.electrahotels.gr\/es\/nuestros-hoteles\/electra-metropolis-atenas\/reuniones-y-eventos\/#breadcrumb"},"inLanguage":"es","potentialAction":[{"@type":"ReadAction","target":["https:\/\/www.electrahotels.gr\/es\/nuestros-hoteles\/electra-metropolis-atenas\/reuniones-y-eventos\/"]}]},{"@type":"ImageObject","inLanguage":"es","@id":"https:\/\/www.electrahotels.gr\/es\/nuestros-hoteles\/electra-metropolis-atenas\/reuniones-y-eventos\/#primaryimage","url":"https:\/\/www.electrahotels.gr\/app\/uploads\/2021\/04\/magnolia-11_resized.jpg","contentUrl":"https:\/\/www.electrahotels.gr\/app\/uploads\/2021\/04\/magnolia-11_resized.jpg","width":1920,"height":1280},{"@type":"BreadcrumbList","@id":"https:\/\/www.electrahotels.gr\/es\/nuestros-hoteles\/electra-metropolis-atenas\/reuniones-y-eventos\/#breadcrumb","itemListElement":[{"@type":"ListItem","position":1,"name":"Home","item":"https:\/\/www.electrahotels.gr\/es\/"},{"@type":"ListItem","position":2,"name":"Nuestros hoteles","item":"https:\/\/www.electrahotels.gr\/es\/nuestros-hoteles\/"},{"@type":"ListItem","position":3,"name":"Electra Metropolis Atenas","item":"https:\/\/www.electrahotels.gr\/es\/nuestros-hoteles\/electra-metropolis-atenas\/"},{"@type":"ListItem","position":4,"name":"Reuniones y eventos"}]},{"@type":"WebSite","@id":"https:\/\/www.electrahotels.gr\/es\/#website","url":"https:\/\/www.electrahotels.gr\/es\/","name":"Electra Hotels &amp; Resorts","description":"A group of luxury hotels in Athens, Thessaloniki, Rhodes and Kefalonia committed to offering quality hospitality, service and luxury","potentialAction":[{"@type":"SearchAction","target":{"@type":"EntryPoint","urlTemplate":"https:\/\/www.electrahotels.gr\/es\/?s={search_term_string}"},"query-input":{"@type":"PropertyValueSpecification","valueRequired":true,"valueName":"search_term_string"}}],"inLanguage":"es"}]}},"_links":{"self":[{"href":"https:\/\/www.electrahotels.gr\/es\/wp-json\/wp\/v2\/pages\/17321","targetHints":{"allow":["GET"]}}],"collection":[{"href":"https:\/\/www.electrahotels.gr\/es\/wp-json\/wp\/v2\/pages"}],"about":[{"href":"https:\/\/www.electrahotels.gr\/es\/wp-json\/wp\/v2\/types\/page"}],"author":[{"embeddable":true,"href":"https:\/\/www.electrahotels.gr\/es\/wp-json\/wp\/v2\/users\/1"}],"replies":[{"embeddable":true,"href":"https:\/\/www.electrahotels.gr\/es\/wp-json\/wp\/v2\/comments?post=17321"}],"version-history":[{"count":7,"href":"https:\/\/www.electrahotels.gr\/es\/wp-json\/wp\/v2\/pages\/17321\/revisions"}],"predecessor-version":[{"id":37136,"href":"https:\/\/www.electrahotels.gr\/es\/wp-json\/wp\/v2\/pages\/17321\/revisions\/37136"}],"up":[{"embeddable":true,"href":"https:\/\/www.electrahotels.gr\/es\/wp-json\/wp\/v2\/pages\/15572"}],"wp:featuredmedia":[{"embeddable":true,"href":"https:\/\/www.electrahotels.gr\/es\/wp-json\/wp\/v2\/media\/13137"}],"wp:attachment":[{"href":"https:\/\/www.electrahotels.gr\/es\/wp-json\/wp\/v2\/media?parent=17321"}],"wp:term":[{"taxonomy":"page_tag","embeddable":true,"href":"https:\/\/www.electrahotels.gr\/es\/wp-json\/wp\/v2\/page_tag?post=17321"}],"curies":[{"name":"wp","href":"https:\/\/api.w.org\/{rel}","templated":true}]}}