{"id":17839,"date":"2022-03-01T13:34:20","date_gmt":"2022-03-01T11:34:20","guid":{"rendered":"https:\/\/www.electrahotels.gr\/destacados\/"},"modified":"2022-10-18T17:43:43","modified_gmt":"2022-10-18T14:43:43","slug":"destacados","status":"publish","type":"page","link":"https:\/\/www.electrahotels.gr\/es\/destacados\/","title":{"rendered":"Destacados"},"content":{"rendered":"<p>Algod\u00f3n de az\u00facar oblea gelatina piruleta pan de jengibre ositos de goma piruleta drag\u00e9e. Postre azufaifo pastel de avena galleta pastelera tootsie roll me encanta. Souffl\u00e9 de pan de jengibre tarta de manzana gominolas tarta de donuts tarta de zanahoria caramelos. Galleta Me encanta el polvo de mazap\u00e1n que cubre el caramelo de malvavisco. El croissant Tootsie roll me encanta la piruleta. Gominolas de postre me encantan las gotas de lim\u00f3n<\/p>\n","protected":false},"excerpt":{"rendered":"<p>Algod\u00f3n de az\u00facar oblea gelatina piruleta pan de jengibre ositos de goma piruleta drag\u00e9e. Postre azufaifo pastel de avena galleta pastelera tootsie roll me encanta. Souffl\u00e9 de pan de jengibre tarta de manzana gominolas tarta de donuts tarta de zanahoria caramelos. Galleta Me encanta el polvo de mazap\u00e1n que cubre el caramelo de malvavisco. El<\/p>\n","protected":false},"author":1,"featured_media":0,"parent":0,"menu_order":13,"comment_status":"closed","ping_status":"closed","template":"","meta":{"_acf_changed":false,"footnotes":""},"page_tag":[],"class_list":["post-17839","page","type-page","status-publish","hentry"],"acf":[],"yoast_head":"<!-- This site is optimized with the Yoast SEO plugin v27.3 - https:\/\/yoast.com\/product\/yoast-seo-wordpress\/ -->\n<title>Destacados - Electra Hotels &amp; Resorts<\/title>\n<meta name=\"robots\" content=\"index, follow, max-snippet:-1, max-image-preview:large, max-video-preview:-1\" \/>\n<link rel=\"canonical\" href=\"https:\/\/www.electrahotels.gr\/es\/destacados\/\" \/>\n<meta property=\"og:locale\" content=\"es_ES\" \/>\n<meta property=\"og:type\" content=\"article\" \/>\n<meta property=\"og:title\" content=\"Destacados - Electra Hotels &amp; Resorts\" \/>\n<meta property=\"og:description\" content=\"Algod\u00f3n de az\u00facar oblea gelatina piruleta pan de jengibre ositos de goma piruleta drag\u00e9e. Postre azufaifo pastel de avena galleta pastelera tootsie roll me encanta. Souffl\u00e9 de pan de jengibre tarta de manzana gominolas tarta de donuts tarta de zanahoria caramelos. Galleta Me encanta el polvo de mazap\u00e1n que cubre el caramelo de malvavisco. El\" \/>\n<meta property=\"og:url\" content=\"https:\/\/www.electrahotels.gr\/es\/destacados\/\" \/>\n<meta property=\"og:site_name\" content=\"Electra Hotels &amp; Resorts\" \/>\n<meta property=\"article:modified_time\" content=\"2022-10-18T14:43:43+00:00\" \/>\n<meta name=\"twitter:card\" content=\"summary_large_image\" \/>\n<script type=\"application\/ld+json\" class=\"yoast-schema-graph\">{\"@context\":\"https:\\\/\\\/schema.org\",\"@graph\":[{\"@type\":\"WebPage\",\"@id\":\"https:\\\/\\\/www.electrahotels.gr\\\/es\\\/destacados\\\/\",\"url\":\"https:\\\/\\\/www.electrahotels.gr\\\/es\\\/destacados\\\/\",\"name\":\"Destacados - Electra Hotels &amp; Resorts\",\"isPartOf\":{\"@id\":\"https:\\\/\\\/www.electrahotels.gr\\\/es\\\/#website\"},\"datePublished\":\"2022-03-01T11:34:20+00:00\",\"dateModified\":\"2022-10-18T14:43:43+00:00\",\"breadcrumb\":{\"@id\":\"https:\\\/\\\/www.electrahotels.gr\\\/es\\\/destacados\\\/#breadcrumb\"},\"inLanguage\":\"es\",\"potentialAction\":[{\"@type\":\"ReadAction\",\"target\":[\"https:\\\/\\\/www.electrahotels.gr\\\/es\\\/destacados\\\/\"]}]},{\"@type\":\"BreadcrumbList\",\"@id\":\"https:\\\/\\\/www.electrahotels.gr\\\/es\\\/destacados\\\/#breadcrumb\",\"itemListElement\":[{\"@type\":\"ListItem\",\"position\":1,\"name\":\"Home\",\"item\":\"https:\\\/\\\/www.electrahotels.gr\\\/es\\\/\"},{\"@type\":\"ListItem\",\"position\":2,\"name\":\"Destacados\"}]},{\"@type\":\"WebSite\",\"@id\":\"https:\\\/\\\/www.electrahotels.gr\\\/es\\\/#website\",\"url\":\"https:\\\/\\\/www.electrahotels.gr\\\/es\\\/\",\"name\":\"Electra Hotels &amp; Resorts\",\"description\":\"A group of luxury hotels in Athens, Thessaloniki, Rhodes and Kefalonia committed to offering quality hospitality, service and luxury\",\"potentialAction\":[{\"@type\":\"SearchAction\",\"target\":{\"@type\":\"EntryPoint\",\"urlTemplate\":\"https:\\\/\\\/www.electrahotels.gr\\\/es\\\/?s={search_term_string}\"},\"query-input\":{\"@type\":\"PropertyValueSpecification\",\"valueRequired\":true,\"valueName\":\"search_term_string\"}}],\"inLanguage\":\"es\"}]}<\/script>\n<!-- \/ Yoast SEO plugin. -->","yoast_head_json":{"title":"Destacados - Electra Hotels &amp; Resorts","robots":{"index":"index","follow":"follow","max-snippet":"max-snippet:-1","max-image-preview":"max-image-preview:large","max-video-preview":"max-video-preview:-1"},"canonical":"https:\/\/www.electrahotels.gr\/es\/destacados\/","og_locale":"es_ES","og_type":"article","og_title":"Destacados - Electra Hotels &amp; Resorts","og_description":"Algod\u00f3n de az\u00facar oblea gelatina piruleta pan de jengibre ositos de goma piruleta drag\u00e9e. Postre azufaifo pastel de avena galleta pastelera tootsie roll me encanta. Souffl\u00e9 de pan de jengibre tarta de manzana gominolas tarta de donuts tarta de zanahoria caramelos. Galleta Me encanta el polvo de mazap\u00e1n que cubre el caramelo de malvavisco. El","og_url":"https:\/\/www.electrahotels.gr\/es\/destacados\/","og_site_name":"Electra Hotels &amp; Resorts","article_modified_time":"2022-10-18T14:43:43+00:00","twitter_card":"summary_large_image","schema":{"@context":"https:\/\/schema.org","@graph":[{"@type":"WebPage","@id":"https:\/\/www.electrahotels.gr\/es\/destacados\/","url":"https:\/\/www.electrahotels.gr\/es\/destacados\/","name":"Destacados - Electra Hotels &amp; Resorts","isPartOf":{"@id":"https:\/\/www.electrahotels.gr\/es\/#website"},"datePublished":"2022-03-01T11:34:20+00:00","dateModified":"2022-10-18T14:43:43+00:00","breadcrumb":{"@id":"https:\/\/www.electrahotels.gr\/es\/destacados\/#breadcrumb"},"inLanguage":"es","potentialAction":[{"@type":"ReadAction","target":["https:\/\/www.electrahotels.gr\/es\/destacados\/"]}]},{"@type":"BreadcrumbList","@id":"https:\/\/www.electrahotels.gr\/es\/destacados\/#breadcrumb","itemListElement":[{"@type":"ListItem","position":1,"name":"Home","item":"https:\/\/www.electrahotels.gr\/es\/"},{"@type":"ListItem","position":2,"name":"Destacados"}]},{"@type":"WebSite","@id":"https:\/\/www.electrahotels.gr\/es\/#website","url":"https:\/\/www.electrahotels.gr\/es\/","name":"Electra Hotels &amp; Resorts","description":"A group of luxury hotels in Athens, Thessaloniki, Rhodes and Kefalonia committed to offering quality hospitality, service and luxury","potentialAction":[{"@type":"SearchAction","target":{"@type":"EntryPoint","urlTemplate":"https:\/\/www.electrahotels.gr\/es\/?s={search_term_string}"},"query-input":{"@type":"PropertyValueSpecification","valueRequired":true,"valueName":"search_term_string"}}],"inLanguage":"es"}]}},"_links":{"self":[{"href":"https:\/\/www.electrahotels.gr\/es\/wp-json\/wp\/v2\/pages\/17839","targetHints":{"allow":["GET"]}}],"collection":[{"href":"https:\/\/www.electrahotels.gr\/es\/wp-json\/wp\/v2\/pages"}],"about":[{"href":"https:\/\/www.electrahotels.gr\/es\/wp-json\/wp\/v2\/types\/page"}],"author":[{"embeddable":true,"href":"https:\/\/www.electrahotels.gr\/es\/wp-json\/wp\/v2\/users\/1"}],"replies":[{"embeddable":true,"href":"https:\/\/www.electrahotels.gr\/es\/wp-json\/wp\/v2\/comments?post=17839"}],"version-history":[{"count":1,"href":"https:\/\/www.electrahotels.gr\/es\/wp-json\/wp\/v2\/pages\/17839\/revisions"}],"predecessor-version":[{"id":17840,"href":"https:\/\/www.electrahotels.gr\/es\/wp-json\/wp\/v2\/pages\/17839\/revisions\/17840"}],"wp:attachment":[{"href":"https:\/\/www.electrahotels.gr\/es\/wp-json\/wp\/v2\/media?parent=17839"}],"wp:term":[{"taxonomy":"page_tag","embeddable":true,"href":"https:\/\/www.electrahotels.gr\/es\/wp-json\/wp\/v2\/page_tag?post=17839"}],"curies":[{"name":"wp","href":"https:\/\/api.w.org\/{rel}","templated":true}]}}