{"id":17846,"date":"2022-03-01T13:37:21","date_gmt":"2022-03-01T11:37:21","guid":{"rendered":"https:\/\/www.electrahotels.gr\/destinos\/"},"modified":"2023-03-30T12:46:25","modified_gmt":"2023-03-30T09:46:25","slug":"destinos","status":"publish","type":"page","link":"https:\/\/www.electrahotels.gr\/es\/destinos\/","title":{"rendered":"Destinos"},"content":{"rendered":"<p><span style=\"font-size: large;\">Estamos muy orgullosos <\/span><span style=\"font-size: large;\">en <!-- \u039d\u03bf\u03bc\u03af\u03b6\u03c9 \u03c0\u03c1\u03ad\u03c0\u03b5\u03b9 \u03bd\u03b1 \u03b5\u03af\u03bd\u03b1\u03b9 \u201cin\" -->o<\/span><span style=\"font-size: large;\">uestras ubicaciones, porque nada se dej\u00f3 al azar. Cada propiedad est\u00e1 estrat\u00e9gicamente situada en los puntos m\u00e1s atractivos y accesibles de la ciudad o en la zona m\u00e1s atractiva en el caso de los destinos tur\u00edsticos. Tambi\u00e9n nos aseguramos de que todos ellos se inspiren en el ambiente local, lo que a\u00f1ade m\u00e1s car\u00e1cter y encanto.<\/span><\/p>\n","protected":false},"excerpt":{"rendered":"<p>Estamos muy orgullosos en ouestras ubicaciones, porque nada se dej\u00f3 al azar. Cada propiedad est\u00e1 estrat\u00e9gicamente situada en los puntos m\u00e1s atractivos y accesibles de la ciudad o en la zona m\u00e1s atractiva en el caso de los destinos tur\u00edsticos. Tambi\u00e9n nos aseguramos de que todos ellos se inspiren en el ambiente local, lo que<\/p>\n","protected":false},"author":1,"featured_media":21453,"parent":0,"menu_order":8,"comment_status":"closed","ping_status":"closed","template":"page-templates\/destinations.php","meta":{"_acf_changed":false,"footnotes":""},"page_tag":[],"class_list":["post-17846","page","type-page","status-publish","has-post-thumbnail","hentry"],"acf":[],"yoast_head":"<!-- This site is optimized with the Yoast SEO plugin v27.4 - https:\/\/yoast.com\/product\/yoast-seo-wordpress\/ -->\n<title>Grupo de hoteles en los mejores lugares para visitar en Grecia || Electra Hotels<\/title>\n<meta name=\"description\" content=\"Los hoteles Electra est\u00e1n situados en algunos de los mejores lugares para visitar en Grecia, prometiendo estancias de lujo que son sensacionalmente inolvidables y la quintaesencia de Grecia.\" \/>\n<meta name=\"robots\" content=\"index, follow, max-snippet:-1, max-image-preview:large, max-video-preview:-1\" \/>\n<link rel=\"canonical\" href=\"https:\/\/www.electrahotels.gr\/es\/destinos\/\" \/>\n<meta property=\"og:locale\" content=\"es_ES\" \/>\n<meta property=\"og:type\" content=\"article\" \/>\n<meta property=\"og:title\" content=\"Grupo de hoteles en los mejores lugares para visitar en Grecia || Electra Hotels\" \/>\n<meta property=\"og:description\" content=\"Los hoteles Electra est\u00e1n situados en algunos de los mejores lugares para visitar en Grecia, prometiendo estancias de lujo que son sensacionalmente inolvidables y la quintaesencia de Grecia.\" \/>\n<meta property=\"og:url\" content=\"https:\/\/www.electrahotels.gr\/es\/destinos\/\" \/>\n<meta property=\"og:site_name\" content=\"Electra Hotels &amp; Resorts\" \/>\n<meta property=\"article:modified_time\" content=\"2023-03-30T09:46:25+00:00\" \/>\n<meta property=\"og:image\" content=\"https:\/\/www.electrahotels.gr\/app\/uploads\/sites\/75\/2021\/04\/ATRIUM_LOUNGE_BAR-3-min.jpg\" \/>\n\t<meta property=\"og:image:width\" content=\"1920\" \/>\n\t<meta property=\"og:image:height\" content=\"1280\" \/>\n\t<meta property=\"og:image:type\" content=\"image\/jpeg\" \/>\n<meta name=\"twitter:card\" content=\"summary_large_image\" \/>\n<script type=\"application\/ld+json\" class=\"yoast-schema-graph\">{\"@context\":\"https:\\\/\\\/schema.org\",\"@graph\":[{\"@type\":\"WebPage\",\"@id\":\"https:\\\/\\\/www.electrahotels.gr\\\/es\\\/destinos\\\/\",\"url\":\"https:\\\/\\\/www.electrahotels.gr\\\/es\\\/destinos\\\/\",\"name\":\"Grupo de hoteles en los mejores lugares para visitar en Grecia || Electra Hotels\",\"isPartOf\":{\"@id\":\"https:\\\/\\\/www.electrahotels.gr\\\/es\\\/#website\"},\"primaryImageOfPage\":{\"@id\":\"https:\\\/\\\/www.electrahotels.gr\\\/es\\\/destinos\\\/#primaryimage\"},\"image\":{\"@id\":\"https:\\\/\\\/www.electrahotels.gr\\\/es\\\/destinos\\\/#primaryimage\"},\"thumbnailUrl\":\"https:\\\/\\\/www.electrahotels.gr\\\/app\\\/uploads\\\/2022\\\/05\\\/metropolis_roof_garden-2_resized.jpeg\",\"datePublished\":\"2022-03-01T11:37:21+00:00\",\"dateModified\":\"2023-03-30T09:46:25+00:00\",\"description\":\"Los hoteles Electra est\u00e1n situados en algunos de los mejores lugares para visitar en Grecia, prometiendo estancias de lujo que son sensacionalmente inolvidables y la quintaesencia de Grecia.\",\"breadcrumb\":{\"@id\":\"https:\\\/\\\/www.electrahotels.gr\\\/es\\\/destinos\\\/#breadcrumb\"},\"inLanguage\":\"es\",\"potentialAction\":[{\"@type\":\"ReadAction\",\"target\":[\"https:\\\/\\\/www.electrahotels.gr\\\/es\\\/destinos\\\/\"]}]},{\"@type\":\"ImageObject\",\"inLanguage\":\"es\",\"@id\":\"https:\\\/\\\/www.electrahotels.gr\\\/es\\\/destinos\\\/#primaryimage\",\"url\":\"https:\\\/\\\/www.electrahotels.gr\\\/app\\\/uploads\\\/2022\\\/05\\\/metropolis_roof_garden-2_resized.jpeg\",\"contentUrl\":\"https:\\\/\\\/www.electrahotels.gr\\\/app\\\/uploads\\\/2022\\\/05\\\/metropolis_roof_garden-2_resized.jpeg\",\"width\":1920,\"height\":1280},{\"@type\":\"BreadcrumbList\",\"@id\":\"https:\\\/\\\/www.electrahotels.gr\\\/es\\\/destinos\\\/#breadcrumb\",\"itemListElement\":[{\"@type\":\"ListItem\",\"position\":1,\"name\":\"Home\",\"item\":\"https:\\\/\\\/www.electrahotels.gr\\\/es\\\/\"},{\"@type\":\"ListItem\",\"position\":2,\"name\":\"Destinos\"}]},{\"@type\":\"WebSite\",\"@id\":\"https:\\\/\\\/www.electrahotels.gr\\\/es\\\/#website\",\"url\":\"https:\\\/\\\/www.electrahotels.gr\\\/es\\\/\",\"name\":\"Electra Hotels &amp; Resorts\",\"description\":\"A group of luxury hotels in Athens, Thessaloniki, Rhodes and Kefalonia committed to offering quality hospitality, service and luxury\",\"potentialAction\":[{\"@type\":\"SearchAction\",\"target\":{\"@type\":\"EntryPoint\",\"urlTemplate\":\"https:\\\/\\\/www.electrahotels.gr\\\/es\\\/?s={search_term_string}\"},\"query-input\":{\"@type\":\"PropertyValueSpecification\",\"valueRequired\":true,\"valueName\":\"search_term_string\"}}],\"inLanguage\":\"es\"}]}<\/script>\n<!-- \/ Yoast SEO plugin. -->","yoast_head_json":{"title":"Grupo de hoteles en los mejores lugares para visitar en Grecia || Electra Hotels","description":"Los hoteles Electra est\u00e1n situados en algunos de los mejores lugares para visitar en Grecia, prometiendo estancias de lujo que son sensacionalmente inolvidables y la quintaesencia de Grecia.","robots":{"index":"index","follow":"follow","max-snippet":"max-snippet:-1","max-image-preview":"max-image-preview:large","max-video-preview":"max-video-preview:-1"},"canonical":"https:\/\/www.electrahotels.gr\/es\/destinos\/","og_locale":"es_ES","og_type":"article","og_title":"Grupo de hoteles en los mejores lugares para visitar en Grecia || Electra Hotels","og_description":"Los hoteles Electra est\u00e1n situados en algunos de los mejores lugares para visitar en Grecia, prometiendo estancias de lujo que son sensacionalmente inolvidables y la quintaesencia de Grecia.","og_url":"https:\/\/www.electrahotels.gr\/es\/destinos\/","og_site_name":"Electra Hotels &amp; Resorts","article_modified_time":"2023-03-30T09:46:25+00:00","og_image":[{"width":1920,"height":1280,"url":"https:\/\/www.electrahotels.gr\/app\/uploads\/sites\/75\/2021\/04\/ATRIUM_LOUNGE_BAR-3-min.jpg","type":"image\/jpeg"}],"twitter_card":"summary_large_image","schema":{"@context":"https:\/\/schema.org","@graph":[{"@type":"WebPage","@id":"https:\/\/www.electrahotels.gr\/es\/destinos\/","url":"https:\/\/www.electrahotels.gr\/es\/destinos\/","name":"Grupo de hoteles en los mejores lugares para visitar en Grecia || Electra Hotels","isPartOf":{"@id":"https:\/\/www.electrahotels.gr\/es\/#website"},"primaryImageOfPage":{"@id":"https:\/\/www.electrahotels.gr\/es\/destinos\/#primaryimage"},"image":{"@id":"https:\/\/www.electrahotels.gr\/es\/destinos\/#primaryimage"},"thumbnailUrl":"https:\/\/www.electrahotels.gr\/app\/uploads\/2022\/05\/metropolis_roof_garden-2_resized.jpeg","datePublished":"2022-03-01T11:37:21+00:00","dateModified":"2023-03-30T09:46:25+00:00","description":"Los hoteles Electra est\u00e1n situados en algunos de los mejores lugares para visitar en Grecia, prometiendo estancias de lujo que son sensacionalmente inolvidables y la quintaesencia de Grecia.","breadcrumb":{"@id":"https:\/\/www.electrahotels.gr\/es\/destinos\/#breadcrumb"},"inLanguage":"es","potentialAction":[{"@type":"ReadAction","target":["https:\/\/www.electrahotels.gr\/es\/destinos\/"]}]},{"@type":"ImageObject","inLanguage":"es","@id":"https:\/\/www.electrahotels.gr\/es\/destinos\/#primaryimage","url":"https:\/\/www.electrahotels.gr\/app\/uploads\/2022\/05\/metropolis_roof_garden-2_resized.jpeg","contentUrl":"https:\/\/www.electrahotels.gr\/app\/uploads\/2022\/05\/metropolis_roof_garden-2_resized.jpeg","width":1920,"height":1280},{"@type":"BreadcrumbList","@id":"https:\/\/www.electrahotels.gr\/es\/destinos\/#breadcrumb","itemListElement":[{"@type":"ListItem","position":1,"name":"Home","item":"https:\/\/www.electrahotels.gr\/es\/"},{"@type":"ListItem","position":2,"name":"Destinos"}]},{"@type":"WebSite","@id":"https:\/\/www.electrahotels.gr\/es\/#website","url":"https:\/\/www.electrahotels.gr\/es\/","name":"Electra Hotels &amp; Resorts","description":"A group of luxury hotels in Athens, Thessaloniki, Rhodes and Kefalonia committed to offering quality hospitality, service and luxury","potentialAction":[{"@type":"SearchAction","target":{"@type":"EntryPoint","urlTemplate":"https:\/\/www.electrahotels.gr\/es\/?s={search_term_string}"},"query-input":{"@type":"PropertyValueSpecification","valueRequired":true,"valueName":"search_term_string"}}],"inLanguage":"es"}]}},"_links":{"self":[{"href":"https:\/\/www.electrahotels.gr\/es\/wp-json\/wp\/v2\/pages\/17846","targetHints":{"allow":["GET"]}}],"collection":[{"href":"https:\/\/www.electrahotels.gr\/es\/wp-json\/wp\/v2\/pages"}],"about":[{"href":"https:\/\/www.electrahotels.gr\/es\/wp-json\/wp\/v2\/types\/page"}],"author":[{"embeddable":true,"href":"https:\/\/www.electrahotels.gr\/es\/wp-json\/wp\/v2\/users\/1"}],"replies":[{"embeddable":true,"href":"https:\/\/www.electrahotels.gr\/es\/wp-json\/wp\/v2\/comments?post=17846"}],"version-history":[{"count":1,"href":"https:\/\/www.electrahotels.gr\/es\/wp-json\/wp\/v2\/pages\/17846\/revisions"}],"predecessor-version":[{"id":17847,"href":"https:\/\/www.electrahotels.gr\/es\/wp-json\/wp\/v2\/pages\/17846\/revisions\/17847"}],"wp:featuredmedia":[{"embeddable":true,"href":"https:\/\/www.electrahotels.gr\/es\/wp-json\/wp\/v2\/media\/21453"}],"wp:attachment":[{"href":"https:\/\/www.electrahotels.gr\/es\/wp-json\/wp\/v2\/media?parent=17846"}],"wp:term":[{"taxonomy":"page_tag","embeddable":true,"href":"https:\/\/www.electrahotels.gr\/es\/wp-json\/wp\/v2\/page_tag?post=17846"}],"curies":[{"name":"wp","href":"https:\/\/api.w.org\/{rel}","templated":true}]}}