{"id":17854,"date":"2022-03-01T13:38:51","date_gmt":"2022-03-01T11:38:51","guid":{"rendered":"https:\/\/www.electrahotels.gr\/destinos\/tesalonica\/"},"modified":"2023-04-05T09:06:20","modified_gmt":"2023-04-05T06:06:20","slug":"tesalonica","status":"publish","type":"page","link":"https:\/\/www.electrahotels.gr\/es\/destinos\/tesalonica\/","title":{"rendered":"Tesal\u00f3nica"},"content":{"rendered":"\n<p>La principal ciudad del norte de Grecia tiene un car\u00e1cter que no se puede expresar f\u00e1cilmente con palabras. Una extraordinaria amalgama de diferentes \u00e9pocas, etnias y culturas se ha unido para crear la encantadora ciudad de hoy. A su vez, todo esto ha dado vida a un entorno y una filosof\u00eda de vida bastante singulares que hay que experimentar de primera mano para poder apreciarlos realmente. Pero no se conforme con nuestra palabra. Vaya a verlo usted mismo.<\/p>\n","protected":false},"excerpt":{"rendered":"<p>La principal ciudad del norte de Grecia tiene un car\u00e1cter que no se puede expresar f\u00e1cilmente con palabras. Una extraordinaria amalgama de diferentes \u00e9pocas, etnias y culturas se ha unido para crear la encantadora ciudad de hoy. A su vez, todo esto ha dado vida a un entorno y una filosof\u00eda de vida bastante singulares<\/p>\n","protected":false},"author":1,"featured_media":13111,"parent":17846,"menu_order":2,"comment_status":"closed","ping_status":"closed","template":"page-templates\/hotels.php","meta":{"_acf_changed":false,"footnotes":""},"page_tag":[],"class_list":["post-17854","page","type-page","status-publish","has-post-thumbnail","hentry"],"acf":[],"yoast_head":"<!-- This site is optimized with the Yoast SEO plugin v27.4 - https:\/\/yoast.com\/product\/yoast-seo-wordpress\/ -->\n<title>Lujoso hotel de 5 estrellas en el centro de Tesal\u00f3nica || Electra Hotels<\/title>\n<meta name=\"description\" content=\"Un c\u00e9ntrico hotel de 5 estrellas en Tesal\u00f3nica que se abraza con la filosof\u00eda de vida \u00fanica de la ciudad y el encanto urbano que hay que experimentar de primera mano.\" \/>\n<meta name=\"robots\" content=\"index, follow, max-snippet:-1, max-image-preview:large, max-video-preview:-1\" \/>\n<link rel=\"canonical\" href=\"https:\/\/www.electrahotels.gr\/es\/destinos\/tesalonica\/\" \/>\n<meta property=\"og:locale\" content=\"es_ES\" \/>\n<meta property=\"og:type\" content=\"article\" \/>\n<meta property=\"og:title\" content=\"Lujoso hotel de 5 estrellas en el centro de Tesal\u00f3nica || Electra Hotels\" \/>\n<meta property=\"og:description\" content=\"Un c\u00e9ntrico hotel de 5 estrellas en Tesal\u00f3nica que se abraza con la filosof\u00eda de vida \u00fanica de la ciudad y el encanto urbano que hay que experimentar de primera mano.\" \/>\n<meta property=\"og:url\" content=\"https:\/\/www.electrahotels.gr\/es\/destinos\/tesalonica\/\" \/>\n<meta property=\"og:site_name\" content=\"Electra Hotels &amp; Resorts\" \/>\n<meta property=\"article:modified_time\" content=\"2023-04-05T06:06:20+00:00\" \/>\n<meta property=\"og:image\" content=\"https:\/\/www.electrahotels.gr\/app\/uploads\/sites\/75\/2021\/08\/tower-5447607_1920.jpg\" \/>\n\t<meta property=\"og:image:width\" content=\"1920\" \/>\n\t<meta property=\"og:image:height\" content=\"1280\" \/>\n\t<meta property=\"og:image:type\" content=\"image\/jpeg\" \/>\n<meta name=\"twitter:card\" content=\"summary_large_image\" \/>\n<script type=\"application\/ld+json\" class=\"yoast-schema-graph\">{\"@context\":\"https:\\\/\\\/schema.org\",\"@graph\":[{\"@type\":\"WebPage\",\"@id\":\"https:\\\/\\\/www.electrahotels.gr\\\/es\\\/destinos\\\/tesalonica\\\/\",\"url\":\"https:\\\/\\\/www.electrahotels.gr\\\/es\\\/destinos\\\/tesalonica\\\/\",\"name\":\"Lujoso hotel de 5 estrellas en el centro de Tesal\u00f3nica || Electra Hotels\",\"isPartOf\":{\"@id\":\"https:\\\/\\\/www.electrahotels.gr\\\/es\\\/#website\"},\"primaryImageOfPage\":{\"@id\":\"https:\\\/\\\/www.electrahotels.gr\\\/es\\\/destinos\\\/tesalonica\\\/#primaryimage\"},\"image\":{\"@id\":\"https:\\\/\\\/www.electrahotels.gr\\\/es\\\/destinos\\\/tesalonica\\\/#primaryimage\"},\"thumbnailUrl\":\"https:\\\/\\\/www.electrahotels.gr\\\/app\\\/uploads\\\/2021\\\/08\\\/tower-5447607_1920.jpg\",\"datePublished\":\"2022-03-01T11:38:51+00:00\",\"dateModified\":\"2023-04-05T06:06:20+00:00\",\"description\":\"Un c\u00e9ntrico hotel de 5 estrellas en Tesal\u00f3nica que se abraza con la filosof\u00eda de vida \u00fanica de la ciudad y el encanto urbano que hay que experimentar de primera mano.\",\"breadcrumb\":{\"@id\":\"https:\\\/\\\/www.electrahotels.gr\\\/es\\\/destinos\\\/tesalonica\\\/#breadcrumb\"},\"inLanguage\":\"es\",\"potentialAction\":[{\"@type\":\"ReadAction\",\"target\":[\"https:\\\/\\\/www.electrahotels.gr\\\/es\\\/destinos\\\/tesalonica\\\/\"]}]},{\"@type\":\"ImageObject\",\"inLanguage\":\"es\",\"@id\":\"https:\\\/\\\/www.electrahotels.gr\\\/es\\\/destinos\\\/tesalonica\\\/#primaryimage\",\"url\":\"https:\\\/\\\/www.electrahotels.gr\\\/app\\\/uploads\\\/2021\\\/08\\\/tower-5447607_1920.jpg\",\"contentUrl\":\"https:\\\/\\\/www.electrahotels.gr\\\/app\\\/uploads\\\/2021\\\/08\\\/tower-5447607_1920.jpg\",\"width\":1920,\"height\":1280},{\"@type\":\"BreadcrumbList\",\"@id\":\"https:\\\/\\\/www.electrahotels.gr\\\/es\\\/destinos\\\/tesalonica\\\/#breadcrumb\",\"itemListElement\":[{\"@type\":\"ListItem\",\"position\":1,\"name\":\"Home\",\"item\":\"https:\\\/\\\/www.electrahotels.gr\\\/es\\\/\"},{\"@type\":\"ListItem\",\"position\":2,\"name\":\"Destinos\",\"item\":\"https:\\\/\\\/www.electrahotels.gr\\\/es\\\/destinos\\\/\"},{\"@type\":\"ListItem\",\"position\":3,\"name\":\"Tesal\u00f3nica\"}]},{\"@type\":\"WebSite\",\"@id\":\"https:\\\/\\\/www.electrahotels.gr\\\/es\\\/#website\",\"url\":\"https:\\\/\\\/www.electrahotels.gr\\\/es\\\/\",\"name\":\"Electra Hotels &amp; Resorts\",\"description\":\"A group of luxury hotels in Athens, Thessaloniki, Rhodes and Kefalonia committed to offering quality hospitality, service and luxury\",\"potentialAction\":[{\"@type\":\"SearchAction\",\"target\":{\"@type\":\"EntryPoint\",\"urlTemplate\":\"https:\\\/\\\/www.electrahotels.gr\\\/es\\\/?s={search_term_string}\"},\"query-input\":{\"@type\":\"PropertyValueSpecification\",\"valueRequired\":true,\"valueName\":\"search_term_string\"}}],\"inLanguage\":\"es\"}]}<\/script>\n<!-- \/ Yoast SEO plugin. -->","yoast_head_json":{"title":"Lujoso hotel de 5 estrellas en el centro de Tesal\u00f3nica || Electra Hotels","description":"Un c\u00e9ntrico hotel de 5 estrellas en Tesal\u00f3nica que se abraza con la filosof\u00eda de vida \u00fanica de la ciudad y el encanto urbano que hay que experimentar de primera mano.","robots":{"index":"index","follow":"follow","max-snippet":"max-snippet:-1","max-image-preview":"max-image-preview:large","max-video-preview":"max-video-preview:-1"},"canonical":"https:\/\/www.electrahotels.gr\/es\/destinos\/tesalonica\/","og_locale":"es_ES","og_type":"article","og_title":"Lujoso hotel de 5 estrellas en el centro de Tesal\u00f3nica || Electra Hotels","og_description":"Un c\u00e9ntrico hotel de 5 estrellas en Tesal\u00f3nica que se abraza con la filosof\u00eda de vida \u00fanica de la ciudad y el encanto urbano que hay que experimentar de primera mano.","og_url":"https:\/\/www.electrahotels.gr\/es\/destinos\/tesalonica\/","og_site_name":"Electra Hotels &amp; Resorts","article_modified_time":"2023-04-05T06:06:20+00:00","og_image":[{"width":1920,"height":1280,"url":"https:\/\/www.electrahotels.gr\/app\/uploads\/sites\/75\/2021\/08\/tower-5447607_1920.jpg","type":"image\/jpeg"}],"twitter_card":"summary_large_image","schema":{"@context":"https:\/\/schema.org","@graph":[{"@type":"WebPage","@id":"https:\/\/www.electrahotels.gr\/es\/destinos\/tesalonica\/","url":"https:\/\/www.electrahotels.gr\/es\/destinos\/tesalonica\/","name":"Lujoso hotel de 5 estrellas en el centro de Tesal\u00f3nica || Electra Hotels","isPartOf":{"@id":"https:\/\/www.electrahotels.gr\/es\/#website"},"primaryImageOfPage":{"@id":"https:\/\/www.electrahotels.gr\/es\/destinos\/tesalonica\/#primaryimage"},"image":{"@id":"https:\/\/www.electrahotels.gr\/es\/destinos\/tesalonica\/#primaryimage"},"thumbnailUrl":"https:\/\/www.electrahotels.gr\/app\/uploads\/2021\/08\/tower-5447607_1920.jpg","datePublished":"2022-03-01T11:38:51+00:00","dateModified":"2023-04-05T06:06:20+00:00","description":"Un c\u00e9ntrico hotel de 5 estrellas en Tesal\u00f3nica que se abraza con la filosof\u00eda de vida \u00fanica de la ciudad y el encanto urbano que hay que experimentar de primera mano.","breadcrumb":{"@id":"https:\/\/www.electrahotels.gr\/es\/destinos\/tesalonica\/#breadcrumb"},"inLanguage":"es","potentialAction":[{"@type":"ReadAction","target":["https:\/\/www.electrahotels.gr\/es\/destinos\/tesalonica\/"]}]},{"@type":"ImageObject","inLanguage":"es","@id":"https:\/\/www.electrahotels.gr\/es\/destinos\/tesalonica\/#primaryimage","url":"https:\/\/www.electrahotels.gr\/app\/uploads\/2021\/08\/tower-5447607_1920.jpg","contentUrl":"https:\/\/www.electrahotels.gr\/app\/uploads\/2021\/08\/tower-5447607_1920.jpg","width":1920,"height":1280},{"@type":"BreadcrumbList","@id":"https:\/\/www.electrahotels.gr\/es\/destinos\/tesalonica\/#breadcrumb","itemListElement":[{"@type":"ListItem","position":1,"name":"Home","item":"https:\/\/www.electrahotels.gr\/es\/"},{"@type":"ListItem","position":2,"name":"Destinos","item":"https:\/\/www.electrahotels.gr\/es\/destinos\/"},{"@type":"ListItem","position":3,"name":"Tesal\u00f3nica"}]},{"@type":"WebSite","@id":"https:\/\/www.electrahotels.gr\/es\/#website","url":"https:\/\/www.electrahotels.gr\/es\/","name":"Electra Hotels &amp; Resorts","description":"A group of luxury hotels in Athens, Thessaloniki, Rhodes and Kefalonia committed to offering quality hospitality, service and luxury","potentialAction":[{"@type":"SearchAction","target":{"@type":"EntryPoint","urlTemplate":"https:\/\/www.electrahotels.gr\/es\/?s={search_term_string}"},"query-input":{"@type":"PropertyValueSpecification","valueRequired":true,"valueName":"search_term_string"}}],"inLanguage":"es"}]}},"_links":{"self":[{"href":"https:\/\/www.electrahotels.gr\/es\/wp-json\/wp\/v2\/pages\/17854","targetHints":{"allow":["GET"]}}],"collection":[{"href":"https:\/\/www.electrahotels.gr\/es\/wp-json\/wp\/v2\/pages"}],"about":[{"href":"https:\/\/www.electrahotels.gr\/es\/wp-json\/wp\/v2\/types\/page"}],"author":[{"embeddable":true,"href":"https:\/\/www.electrahotels.gr\/es\/wp-json\/wp\/v2\/users\/1"}],"replies":[{"embeddable":true,"href":"https:\/\/www.electrahotels.gr\/es\/wp-json\/wp\/v2\/comments?post=17854"}],"version-history":[{"count":2,"href":"https:\/\/www.electrahotels.gr\/es\/wp-json\/wp\/v2\/pages\/17854\/revisions"}],"predecessor-version":[{"id":17856,"href":"https:\/\/www.electrahotels.gr\/es\/wp-json\/wp\/v2\/pages\/17854\/revisions\/17856"}],"up":[{"embeddable":true,"href":"https:\/\/www.electrahotels.gr\/es\/wp-json\/wp\/v2\/pages\/17846"}],"wp:featuredmedia":[{"embeddable":true,"href":"https:\/\/www.electrahotels.gr\/es\/wp-json\/wp\/v2\/media\/13111"}],"wp:attachment":[{"href":"https:\/\/www.electrahotels.gr\/es\/wp-json\/wp\/v2\/media?parent=17854"}],"wp:term":[{"taxonomy":"page_tag","embeddable":true,"href":"https:\/\/www.electrahotels.gr\/es\/wp-json\/wp\/v2\/page_tag?post=17854"}],"curies":[{"name":"wp","href":"https:\/\/api.w.org\/{rel}","templated":true}]}}