{"id":17860,"date":"2022-03-01T13:42:16","date_gmt":"2022-03-01T11:42:16","guid":{"rendered":"https:\/\/www.electrahotels.gr\/destinos\/atenas\/"},"modified":"2023-04-05T09:06:20","modified_gmt":"2023-04-05T06:06:20","slug":"atenas","status":"publish","type":"page","link":"https:\/\/www.electrahotels.gr\/es\/destinos\/atenas\/","title":{"rendered":"Atenas"},"content":{"rendered":"\n<p>Probablemente conozca Atenas por su glorioso pasado -y con raz\u00f3n-, pero su c\u00e9lebre historia que abarca milenios es s\u00f3lo la mitad de la historia. Descubra la ciudad de hoy y experimente una vibrante metr\u00f3polis global que nunca descansa. Multifac\u00e9tica, siempre cambiante, a veces ca\u00f3tica, pero siempre llena de energ\u00eda y sorpresas, la Atenas contempor\u00e1nea est\u00e1 llena de historias en ciernes. Sus propias historias.<\/p>\n","protected":false},"excerpt":{"rendered":"<p>Probablemente conozca Atenas por su glorioso pasado -y con raz\u00f3n-, pero su c\u00e9lebre historia que abarca milenios es s\u00f3lo la mitad de la historia. Descubra la ciudad de hoy y experimente una vibrante metr\u00f3polis global que nunca descansa. Multifac\u00e9tica, siempre cambiante, a veces ca\u00f3tica, pero siempre llena de energ\u00eda y sorpresas, la Atenas contempor\u00e1nea est\u00e1<\/p>\n","protected":false},"author":1,"featured_media":12967,"parent":17846,"menu_order":0,"comment_status":"closed","ping_status":"closed","template":"page-templates\/hotels.php","meta":{"_acf_changed":false,"footnotes":""},"page_tag":[],"class_list":["post-17860","page","type-page","status-publish","has-post-thumbnail","hentry"],"acf":[],"yoast_head":"<!-- This site is optimized with the Yoast SEO plugin v27.3 - https:\/\/yoast.com\/product\/yoast-seo-wordpress\/ -->\n<title>Estancias ejemplares en los mejores hoteles de Atenas || Electra Hotels<\/title>\n<meta name=\"description\" content=\"Disfrute de una estancia ejemplar en uno de los mejores hoteles de la ciudad de Atenas, un lugar vibrante que hechiza por su historia antigua y su encanto urbano actual.\" \/>\n<meta name=\"robots\" content=\"index, follow, max-snippet:-1, max-image-preview:large, max-video-preview:-1\" \/>\n<link rel=\"canonical\" href=\"https:\/\/www.electrahotels.gr\/es\/destinos\/atenas\/\" \/>\n<meta property=\"og:locale\" content=\"es_ES\" \/>\n<meta property=\"og:type\" content=\"article\" \/>\n<meta property=\"og:title\" content=\"Estancias ejemplares en los mejores hoteles de Atenas || Electra Hotels\" \/>\n<meta property=\"og:description\" content=\"Disfrute de una estancia ejemplar en uno de los mejores hoteles de la ciudad de Atenas, un lugar vibrante que hechiza por su historia antigua y su encanto urbano actual.\" \/>\n<meta property=\"og:url\" content=\"https:\/\/www.electrahotels.gr\/es\/destinos\/atenas\/\" \/>\n<meta property=\"og:site_name\" content=\"Electra Hotels &amp; Resorts\" \/>\n<meta property=\"article:modified_time\" content=\"2023-04-05T06:06:20+00:00\" \/>\n<meta property=\"og:image\" content=\"https:\/\/www.electrahotels.gr\/app\/uploads\/sites\/75\/2021\/08\/metropolis_roof_garden-10_resized.jpg\" \/>\n\t<meta property=\"og:image:width\" content=\"1920\" \/>\n\t<meta property=\"og:image:height\" content=\"1280\" \/>\n\t<meta property=\"og:image:type\" content=\"image\/jpeg\" \/>\n<meta name=\"twitter:card\" content=\"summary_large_image\" \/>\n<script type=\"application\/ld+json\" class=\"yoast-schema-graph\">{\"@context\":\"https:\\\/\\\/schema.org\",\"@graph\":[{\"@type\":\"WebPage\",\"@id\":\"https:\\\/\\\/www.electrahotels.gr\\\/es\\\/destinos\\\/atenas\\\/\",\"url\":\"https:\\\/\\\/www.electrahotels.gr\\\/es\\\/destinos\\\/atenas\\\/\",\"name\":\"Estancias ejemplares en los mejores hoteles de Atenas || Electra Hotels\",\"isPartOf\":{\"@id\":\"https:\\\/\\\/www.electrahotels.gr\\\/es\\\/#website\"},\"primaryImageOfPage\":{\"@id\":\"https:\\\/\\\/www.electrahotels.gr\\\/es\\\/destinos\\\/atenas\\\/#primaryimage\"},\"image\":{\"@id\":\"https:\\\/\\\/www.electrahotels.gr\\\/es\\\/destinos\\\/atenas\\\/#primaryimage\"},\"thumbnailUrl\":\"https:\\\/\\\/www.electrahotels.gr\\\/app\\\/uploads\\\/2021\\\/08\\\/metropolis_roof_garden-10_resized.jpg\",\"datePublished\":\"2022-03-01T11:42:16+00:00\",\"dateModified\":\"2023-04-05T06:06:20+00:00\",\"description\":\"Disfrute de una estancia ejemplar en uno de los mejores hoteles de la ciudad de Atenas, un lugar vibrante que hechiza por su historia antigua y su encanto urbano actual.\",\"breadcrumb\":{\"@id\":\"https:\\\/\\\/www.electrahotels.gr\\\/es\\\/destinos\\\/atenas\\\/#breadcrumb\"},\"inLanguage\":\"es\",\"potentialAction\":[{\"@type\":\"ReadAction\",\"target\":[\"https:\\\/\\\/www.electrahotels.gr\\\/es\\\/destinos\\\/atenas\\\/\"]}]},{\"@type\":\"ImageObject\",\"inLanguage\":\"es\",\"@id\":\"https:\\\/\\\/www.electrahotels.gr\\\/es\\\/destinos\\\/atenas\\\/#primaryimage\",\"url\":\"https:\\\/\\\/www.electrahotels.gr\\\/app\\\/uploads\\\/2021\\\/08\\\/metropolis_roof_garden-10_resized.jpg\",\"contentUrl\":\"https:\\\/\\\/www.electrahotels.gr\\\/app\\\/uploads\\\/2021\\\/08\\\/metropolis_roof_garden-10_resized.jpg\",\"width\":1920,\"height\":1280},{\"@type\":\"BreadcrumbList\",\"@id\":\"https:\\\/\\\/www.electrahotels.gr\\\/es\\\/destinos\\\/atenas\\\/#breadcrumb\",\"itemListElement\":[{\"@type\":\"ListItem\",\"position\":1,\"name\":\"Home\",\"item\":\"https:\\\/\\\/www.electrahotels.gr\\\/es\\\/\"},{\"@type\":\"ListItem\",\"position\":2,\"name\":\"Destinos\",\"item\":\"https:\\\/\\\/www.electrahotels.gr\\\/es\\\/destinos\\\/\"},{\"@type\":\"ListItem\",\"position\":3,\"name\":\"Atenas\"}]},{\"@type\":\"WebSite\",\"@id\":\"https:\\\/\\\/www.electrahotels.gr\\\/es\\\/#website\",\"url\":\"https:\\\/\\\/www.electrahotels.gr\\\/es\\\/\",\"name\":\"Electra Hotels &amp; Resorts\",\"description\":\"A group of luxury hotels in Athens, Thessaloniki, Rhodes and Kefalonia committed to offering quality hospitality, service and luxury\",\"potentialAction\":[{\"@type\":\"SearchAction\",\"target\":{\"@type\":\"EntryPoint\",\"urlTemplate\":\"https:\\\/\\\/www.electrahotels.gr\\\/es\\\/?s={search_term_string}\"},\"query-input\":{\"@type\":\"PropertyValueSpecification\",\"valueRequired\":true,\"valueName\":\"search_term_string\"}}],\"inLanguage\":\"es\"}]}<\/script>\n<!-- \/ Yoast SEO plugin. -->","yoast_head_json":{"title":"Estancias ejemplares en los mejores hoteles de Atenas || Electra Hotels","description":"Disfrute de una estancia ejemplar en uno de los mejores hoteles de la ciudad de Atenas, un lugar vibrante que hechiza por su historia antigua y su encanto urbano actual.","robots":{"index":"index","follow":"follow","max-snippet":"max-snippet:-1","max-image-preview":"max-image-preview:large","max-video-preview":"max-video-preview:-1"},"canonical":"https:\/\/www.electrahotels.gr\/es\/destinos\/atenas\/","og_locale":"es_ES","og_type":"article","og_title":"Estancias ejemplares en los mejores hoteles de Atenas || Electra Hotels","og_description":"Disfrute de una estancia ejemplar en uno de los mejores hoteles de la ciudad de Atenas, un lugar vibrante que hechiza por su historia antigua y su encanto urbano actual.","og_url":"https:\/\/www.electrahotels.gr\/es\/destinos\/atenas\/","og_site_name":"Electra Hotels &amp; Resorts","article_modified_time":"2023-04-05T06:06:20+00:00","og_image":[{"width":1920,"height":1280,"url":"https:\/\/www.electrahotels.gr\/app\/uploads\/sites\/75\/2021\/08\/metropolis_roof_garden-10_resized.jpg","type":"image\/jpeg"}],"twitter_card":"summary_large_image","schema":{"@context":"https:\/\/schema.org","@graph":[{"@type":"WebPage","@id":"https:\/\/www.electrahotels.gr\/es\/destinos\/atenas\/","url":"https:\/\/www.electrahotels.gr\/es\/destinos\/atenas\/","name":"Estancias ejemplares en los mejores hoteles de Atenas || Electra Hotels","isPartOf":{"@id":"https:\/\/www.electrahotels.gr\/es\/#website"},"primaryImageOfPage":{"@id":"https:\/\/www.electrahotels.gr\/es\/destinos\/atenas\/#primaryimage"},"image":{"@id":"https:\/\/www.electrahotels.gr\/es\/destinos\/atenas\/#primaryimage"},"thumbnailUrl":"https:\/\/www.electrahotels.gr\/app\/uploads\/2021\/08\/metropolis_roof_garden-10_resized.jpg","datePublished":"2022-03-01T11:42:16+00:00","dateModified":"2023-04-05T06:06:20+00:00","description":"Disfrute de una estancia ejemplar en uno de los mejores hoteles de la ciudad de Atenas, un lugar vibrante que hechiza por su historia antigua y su encanto urbano actual.","breadcrumb":{"@id":"https:\/\/www.electrahotels.gr\/es\/destinos\/atenas\/#breadcrumb"},"inLanguage":"es","potentialAction":[{"@type":"ReadAction","target":["https:\/\/www.electrahotels.gr\/es\/destinos\/atenas\/"]}]},{"@type":"ImageObject","inLanguage":"es","@id":"https:\/\/www.electrahotels.gr\/es\/destinos\/atenas\/#primaryimage","url":"https:\/\/www.electrahotels.gr\/app\/uploads\/2021\/08\/metropolis_roof_garden-10_resized.jpg","contentUrl":"https:\/\/www.electrahotels.gr\/app\/uploads\/2021\/08\/metropolis_roof_garden-10_resized.jpg","width":1920,"height":1280},{"@type":"BreadcrumbList","@id":"https:\/\/www.electrahotels.gr\/es\/destinos\/atenas\/#breadcrumb","itemListElement":[{"@type":"ListItem","position":1,"name":"Home","item":"https:\/\/www.electrahotels.gr\/es\/"},{"@type":"ListItem","position":2,"name":"Destinos","item":"https:\/\/www.electrahotels.gr\/es\/destinos\/"},{"@type":"ListItem","position":3,"name":"Atenas"}]},{"@type":"WebSite","@id":"https:\/\/www.electrahotels.gr\/es\/#website","url":"https:\/\/www.electrahotels.gr\/es\/","name":"Electra Hotels &amp; Resorts","description":"A group of luxury hotels in Athens, Thessaloniki, Rhodes and Kefalonia committed to offering quality hospitality, service and luxury","potentialAction":[{"@type":"SearchAction","target":{"@type":"EntryPoint","urlTemplate":"https:\/\/www.electrahotels.gr\/es\/?s={search_term_string}"},"query-input":{"@type":"PropertyValueSpecification","valueRequired":true,"valueName":"search_term_string"}}],"inLanguage":"es"}]}},"_links":{"self":[{"href":"https:\/\/www.electrahotels.gr\/es\/wp-json\/wp\/v2\/pages\/17860","targetHints":{"allow":["GET"]}}],"collection":[{"href":"https:\/\/www.electrahotels.gr\/es\/wp-json\/wp\/v2\/pages"}],"about":[{"href":"https:\/\/www.electrahotels.gr\/es\/wp-json\/wp\/v2\/types\/page"}],"author":[{"embeddable":true,"href":"https:\/\/www.electrahotels.gr\/es\/wp-json\/wp\/v2\/users\/1"}],"replies":[{"embeddable":true,"href":"https:\/\/www.electrahotels.gr\/es\/wp-json\/wp\/v2\/comments?post=17860"}],"version-history":[{"count":2,"href":"https:\/\/www.electrahotels.gr\/es\/wp-json\/wp\/v2\/pages\/17860\/revisions"}],"predecessor-version":[{"id":17862,"href":"https:\/\/www.electrahotels.gr\/es\/wp-json\/wp\/v2\/pages\/17860\/revisions\/17862"}],"up":[{"embeddable":true,"href":"https:\/\/www.electrahotels.gr\/es\/wp-json\/wp\/v2\/pages\/17846"}],"wp:featuredmedia":[{"embeddable":true,"href":"https:\/\/www.electrahotels.gr\/es\/wp-json\/wp\/v2\/media\/12967"}],"wp:attachment":[{"href":"https:\/\/www.electrahotels.gr\/es\/wp-json\/wp\/v2\/media?parent=17860"}],"wp:term":[{"taxonomy":"page_tag","embeddable":true,"href":"https:\/\/www.electrahotels.gr\/es\/wp-json\/wp\/v2\/page_tag?post=17860"}],"curies":[{"name":"wp","href":"https:\/\/api.w.org\/{rel}","templated":true}]}}