{"id":17866,"date":"2022-03-01T13:42:58","date_gmt":"2022-03-01T11:42:58","guid":{"rendered":"https:\/\/www.electrahotels.gr\/destinos\/cefalonia\/"},"modified":"2023-04-05T09:06:22","modified_gmt":"2023-04-05T06:06:22","slug":"cefalonia","status":"publish","type":"page","link":"https:\/\/www.electrahotels.gr\/es\/destinos\/cefalonia\/","title":{"rendered":"Cefalonia"},"content":{"rendered":"\n<p>En el oeste de Grecia hay una joya no tan escondida de una isla. Cefalonia lleva las marcas de las diferentes culturas que la han moldeado a lo largo de los siglos, cada una de las cuales ha dejado algo que descubrir y apreciar. Combine esto con una impresionante belleza natural que le dejar\u00e1 sin aliento y una multitud de opciones de ocio y relajaci\u00f3n y tendr\u00e1 en sus manos un verdadero encanto.<\/p>\n","protected":false},"excerpt":{"rendered":"<p>En el oeste de Grecia hay una joya no tan escondida de una isla. Cefalonia lleva las marcas de las diferentes culturas que la han moldeado a lo largo de los siglos, cada una de las cuales ha dejado algo que descubrir y apreciar. Combine esto con una impresionante belleza natural que le dejar\u00e1 sin<\/p>\n","protected":false},"author":1,"featured_media":49054,"parent":17846,"menu_order":8,"comment_status":"closed","ping_status":"closed","template":"page-templates\/hotels.php","meta":{"_acf_changed":false,"footnotes":""},"page_tag":[],"class_list":["post-17866","page","type-page","status-publish","has-post-thumbnail","hentry"],"acf":[],"yoast_head":"<!-- This site is optimized with the Yoast SEO plugin v27.3 - https:\/\/yoast.com\/product\/yoast-seo-wordpress\/ -->\n<title>Los mejores hoteles de 5 estrellas en la isla de Cefalonia | Electra Hotels<\/title>\n<meta name=\"description\" content=\"Electra Kefalonia Hotel &amp; Spa es uno de los mejores hoteles de 5 estrellas de la isla de Cefalonia, que ofrece a sus hu\u00e9spedes un mundo de placer isle\u00f1o a un paso del mar.\" \/>\n<meta name=\"robots\" content=\"index, follow, max-snippet:-1, max-image-preview:large, max-video-preview:-1\" \/>\n<link rel=\"canonical\" href=\"https:\/\/www.electrahotels.gr\/es\/destinos\/cefalonia\/\" \/>\n<meta property=\"og:locale\" content=\"es_ES\" \/>\n<meta property=\"og:type\" content=\"article\" \/>\n<meta property=\"og:title\" content=\"Los mejores hoteles de 5 estrellas en la isla de Cefalonia | Electra Hotels\" \/>\n<meta property=\"og:description\" content=\"Electra Kefalonia Hotel &amp; Spa es uno de los mejores hoteles de 5 estrellas de la isla de Cefalonia, que ofrece a sus hu\u00e9spedes un mundo de placer isle\u00f1o a un paso del mar.\" \/>\n<meta property=\"og:url\" content=\"https:\/\/www.electrahotels.gr\/es\/destinos\/cefalonia\/\" \/>\n<meta property=\"og:site_name\" content=\"Electra Hotels &amp; Resorts\" \/>\n<meta property=\"article:modified_time\" content=\"2023-04-05T06:06:22+00:00\" \/>\n<meta property=\"og:image\" content=\"https:\/\/www.electrahotels.gr\/app\/uploads\/sites\/75\/2021\/08\/ace-4476551_1920.jpg\" \/>\n\t<meta property=\"og:image:width\" content=\"1920\" \/>\n\t<meta property=\"og:image:height\" content=\"1280\" \/>\n\t<meta property=\"og:image:type\" content=\"image\/jpeg\" \/>\n<meta name=\"twitter:card\" content=\"summary_large_image\" \/>\n<script type=\"application\/ld+json\" class=\"yoast-schema-graph\">{\"@context\":\"https:\\\/\\\/schema.org\",\"@graph\":[{\"@type\":\"WebPage\",\"@id\":\"https:\\\/\\\/www.electrahotels.gr\\\/es\\\/destinos\\\/cefalonia\\\/\",\"url\":\"https:\\\/\\\/www.electrahotels.gr\\\/es\\\/destinos\\\/cefalonia\\\/\",\"name\":\"Los mejores hoteles de 5 estrellas en la isla de Cefalonia | Electra Hotels\",\"isPartOf\":{\"@id\":\"https:\\\/\\\/www.electrahotels.gr\\\/es\\\/#website\"},\"primaryImageOfPage\":{\"@id\":\"https:\\\/\\\/www.electrahotels.gr\\\/es\\\/destinos\\\/cefalonia\\\/#primaryimage\"},\"image\":{\"@id\":\"https:\\\/\\\/www.electrahotels.gr\\\/es\\\/destinos\\\/cefalonia\\\/#primaryimage\"},\"thumbnailUrl\":\"https:\\\/\\\/www.electrahotels.gr\\\/app\\\/uploads\\\/2024\\\/07\\\/Kefalonia.png\",\"datePublished\":\"2022-03-01T11:42:58+00:00\",\"dateModified\":\"2023-04-05T06:06:22+00:00\",\"description\":\"Electra Kefalonia Hotel & Spa es uno de los mejores hoteles de 5 estrellas de la isla de Cefalonia, que ofrece a sus hu\u00e9spedes un mundo de placer isle\u00f1o a un paso del mar.\",\"breadcrumb\":{\"@id\":\"https:\\\/\\\/www.electrahotels.gr\\\/es\\\/destinos\\\/cefalonia\\\/#breadcrumb\"},\"inLanguage\":\"es\",\"potentialAction\":[{\"@type\":\"ReadAction\",\"target\":[\"https:\\\/\\\/www.electrahotels.gr\\\/es\\\/destinos\\\/cefalonia\\\/\"]}]},{\"@type\":\"ImageObject\",\"inLanguage\":\"es\",\"@id\":\"https:\\\/\\\/www.electrahotels.gr\\\/es\\\/destinos\\\/cefalonia\\\/#primaryimage\",\"url\":\"https:\\\/\\\/www.electrahotels.gr\\\/app\\\/uploads\\\/2024\\\/07\\\/Kefalonia.png\",\"contentUrl\":\"https:\\\/\\\/www.electrahotels.gr\\\/app\\\/uploads\\\/2024\\\/07\\\/Kefalonia.png\",\"width\":1080,\"height\":1080},{\"@type\":\"BreadcrumbList\",\"@id\":\"https:\\\/\\\/www.electrahotels.gr\\\/es\\\/destinos\\\/cefalonia\\\/#breadcrumb\",\"itemListElement\":[{\"@type\":\"ListItem\",\"position\":1,\"name\":\"Home\",\"item\":\"https:\\\/\\\/www.electrahotels.gr\\\/es\\\/\"},{\"@type\":\"ListItem\",\"position\":2,\"name\":\"Destinos\",\"item\":\"https:\\\/\\\/www.electrahotels.gr\\\/es\\\/destinos\\\/\"},{\"@type\":\"ListItem\",\"position\":3,\"name\":\"Cefalonia\"}]},{\"@type\":\"WebSite\",\"@id\":\"https:\\\/\\\/www.electrahotels.gr\\\/es\\\/#website\",\"url\":\"https:\\\/\\\/www.electrahotels.gr\\\/es\\\/\",\"name\":\"Electra Hotels &amp; Resorts\",\"description\":\"A group of luxury hotels in Athens, Thessaloniki, Rhodes and Kefalonia committed to offering quality hospitality, service and luxury\",\"potentialAction\":[{\"@type\":\"SearchAction\",\"target\":{\"@type\":\"EntryPoint\",\"urlTemplate\":\"https:\\\/\\\/www.electrahotels.gr\\\/es\\\/?s={search_term_string}\"},\"query-input\":{\"@type\":\"PropertyValueSpecification\",\"valueRequired\":true,\"valueName\":\"search_term_string\"}}],\"inLanguage\":\"es\"}]}<\/script>\n<!-- \/ Yoast SEO plugin. -->","yoast_head_json":{"title":"Los mejores hoteles de 5 estrellas en la isla de Cefalonia | Electra Hotels","description":"Electra Kefalonia Hotel & Spa es uno de los mejores hoteles de 5 estrellas de la isla de Cefalonia, que ofrece a sus hu\u00e9spedes un mundo de placer isle\u00f1o a un paso del mar.","robots":{"index":"index","follow":"follow","max-snippet":"max-snippet:-1","max-image-preview":"max-image-preview:large","max-video-preview":"max-video-preview:-1"},"canonical":"https:\/\/www.electrahotels.gr\/es\/destinos\/cefalonia\/","og_locale":"es_ES","og_type":"article","og_title":"Los mejores hoteles de 5 estrellas en la isla de Cefalonia | Electra Hotels","og_description":"Electra Kefalonia Hotel & Spa es uno de los mejores hoteles de 5 estrellas de la isla de Cefalonia, que ofrece a sus hu\u00e9spedes un mundo de placer isle\u00f1o a un paso del mar.","og_url":"https:\/\/www.electrahotels.gr\/es\/destinos\/cefalonia\/","og_site_name":"Electra Hotels &amp; Resorts","article_modified_time":"2023-04-05T06:06:22+00:00","og_image":[{"width":1920,"height":1280,"url":"https:\/\/www.electrahotels.gr\/app\/uploads\/sites\/75\/2021\/08\/ace-4476551_1920.jpg","type":"image\/jpeg"}],"twitter_card":"summary_large_image","schema":{"@context":"https:\/\/schema.org","@graph":[{"@type":"WebPage","@id":"https:\/\/www.electrahotels.gr\/es\/destinos\/cefalonia\/","url":"https:\/\/www.electrahotels.gr\/es\/destinos\/cefalonia\/","name":"Los mejores hoteles de 5 estrellas en la isla de Cefalonia | Electra Hotels","isPartOf":{"@id":"https:\/\/www.electrahotels.gr\/es\/#website"},"primaryImageOfPage":{"@id":"https:\/\/www.electrahotels.gr\/es\/destinos\/cefalonia\/#primaryimage"},"image":{"@id":"https:\/\/www.electrahotels.gr\/es\/destinos\/cefalonia\/#primaryimage"},"thumbnailUrl":"https:\/\/www.electrahotels.gr\/app\/uploads\/2024\/07\/Kefalonia.png","datePublished":"2022-03-01T11:42:58+00:00","dateModified":"2023-04-05T06:06:22+00:00","description":"Electra Kefalonia Hotel & Spa es uno de los mejores hoteles de 5 estrellas de la isla de Cefalonia, que ofrece a sus hu\u00e9spedes un mundo de placer isle\u00f1o a un paso del mar.","breadcrumb":{"@id":"https:\/\/www.electrahotels.gr\/es\/destinos\/cefalonia\/#breadcrumb"},"inLanguage":"es","potentialAction":[{"@type":"ReadAction","target":["https:\/\/www.electrahotels.gr\/es\/destinos\/cefalonia\/"]}]},{"@type":"ImageObject","inLanguage":"es","@id":"https:\/\/www.electrahotels.gr\/es\/destinos\/cefalonia\/#primaryimage","url":"https:\/\/www.electrahotels.gr\/app\/uploads\/2024\/07\/Kefalonia.png","contentUrl":"https:\/\/www.electrahotels.gr\/app\/uploads\/2024\/07\/Kefalonia.png","width":1080,"height":1080},{"@type":"BreadcrumbList","@id":"https:\/\/www.electrahotels.gr\/es\/destinos\/cefalonia\/#breadcrumb","itemListElement":[{"@type":"ListItem","position":1,"name":"Home","item":"https:\/\/www.electrahotels.gr\/es\/"},{"@type":"ListItem","position":2,"name":"Destinos","item":"https:\/\/www.electrahotels.gr\/es\/destinos\/"},{"@type":"ListItem","position":3,"name":"Cefalonia"}]},{"@type":"WebSite","@id":"https:\/\/www.electrahotels.gr\/es\/#website","url":"https:\/\/www.electrahotels.gr\/es\/","name":"Electra Hotels &amp; Resorts","description":"A group of luxury hotels in Athens, Thessaloniki, Rhodes and Kefalonia committed to offering quality hospitality, service and luxury","potentialAction":[{"@type":"SearchAction","target":{"@type":"EntryPoint","urlTemplate":"https:\/\/www.electrahotels.gr\/es\/?s={search_term_string}"},"query-input":{"@type":"PropertyValueSpecification","valueRequired":true,"valueName":"search_term_string"}}],"inLanguage":"es"}]}},"_links":{"self":[{"href":"https:\/\/www.electrahotels.gr\/es\/wp-json\/wp\/v2\/pages\/17866","targetHints":{"allow":["GET"]}}],"collection":[{"href":"https:\/\/www.electrahotels.gr\/es\/wp-json\/wp\/v2\/pages"}],"about":[{"href":"https:\/\/www.electrahotels.gr\/es\/wp-json\/wp\/v2\/types\/page"}],"author":[{"embeddable":true,"href":"https:\/\/www.electrahotels.gr\/es\/wp-json\/wp\/v2\/users\/1"}],"replies":[{"embeddable":true,"href":"https:\/\/www.electrahotels.gr\/es\/wp-json\/wp\/v2\/comments?post=17866"}],"version-history":[{"count":2,"href":"https:\/\/www.electrahotels.gr\/es\/wp-json\/wp\/v2\/pages\/17866\/revisions"}],"predecessor-version":[{"id":17868,"href":"https:\/\/www.electrahotels.gr\/es\/wp-json\/wp\/v2\/pages\/17866\/revisions\/17868"}],"up":[{"embeddable":true,"href":"https:\/\/www.electrahotels.gr\/es\/wp-json\/wp\/v2\/pages\/17846"}],"wp:featuredmedia":[{"embeddable":true,"href":"https:\/\/www.electrahotels.gr\/es\/wp-json\/wp\/v2\/media\/49054"}],"wp:attachment":[{"href":"https:\/\/www.electrahotels.gr\/es\/wp-json\/wp\/v2\/media?parent=17866"}],"wp:term":[{"taxonomy":"page_tag","embeddable":true,"href":"https:\/\/www.electrahotels.gr\/es\/wp-json\/wp\/v2\/page_tag?post=17866"}],"curies":[{"name":"wp","href":"https:\/\/api.w.org\/{rel}","templated":true}]}}