{"id":17871,"date":"2022-03-01T13:43:35","date_gmt":"2022-03-01T11:43:35","guid":{"rendered":"https:\/\/www.electrahotels.gr\/nuestros-hoteles\/electra-metropolis-atenas\/bienestar-y-fitness\/"},"modified":"2024-05-23T16:48:00","modified_gmt":"2024-05-23T13:48:00","slug":"bienestar-y-fitness","status":"publish","type":"page","link":"https:\/\/www.electrahotels.gr\/es\/nuestros-hoteles\/electra-metropolis-atenas\/bienestar-y-fitness\/","title":{"rendered":"Bienestar y Fitness"},"content":{"rendered":"\n<p>Impulsados por nuestra filosof\u00eda general, creemos que una estancia puede ser verdaderamente memorable cuando es algo m\u00e1s que eso.<\/p>\n\n\n\n<h2 class=\"wp-block-heading\"><br><\/h2>\n\n\n\n<h2 class=\"wp-block-heading\">Piscina exterior<\/h2>\n\n\n\n<p>La m\u00e1xima experiencia de relajaci\u00f3n espera a los hu\u00e9spedes en la piscina al aire libre de la<sup>10\u00aa<\/sup> planta. D\u00e9jese llevar por los encantos de este entorno tranquilizador y disfrute de un c\u00f3ctel estimulante o de un delicioso tentempi\u00e9 con unas vistas impresionantes a la Acr\u00f3polis y a la colina del Licabeto.<\/p>\n\n\n\n<ul class=\"wp-block-list\">\n<li>Horario de apertura: 11:00-20:00<\/li>\n\n\n\n<li>Si el tiempo lo permite<\/li>\n<\/ul>\n\n\n\n<p><\/p>\n","protected":false},"excerpt":{"rendered":"<p>Impulsados por nuestra filosof\u00eda general, creemos que una estancia puede ser verdaderamente memorable cuando es algo m\u00e1s que eso. Piscina exterior La m\u00e1xima experiencia de relajaci\u00f3n espera a los hu\u00e9spedes en la piscina al aire libre de la10\u00aa planta. D\u00e9jese llevar por los encantos de este entorno tranquilizador y disfrute de un c\u00f3ctel estimulante o<\/p>\n","protected":false},"author":1,"featured_media":48458,"parent":15572,"menu_order":0,"comment_status":"closed","ping_status":"closed","template":"page-templates\/single-restaurant.php","meta":{"_acf_changed":false,"footnotes":""},"page_tag":[],"class_list":["post-17871","page","type-page","status-publish","has-post-thumbnail","hentry"],"acf":[],"yoast_head":"<!-- This site is optimized with the Yoast SEO plugin v27.4 - https:\/\/yoast.com\/product\/yoast-seo-wordpress\/ -->\n<title>Hotel de lujo con piscina exterior en la ciudad de Atenas || Electra Metropolis<\/title>\n<meta name=\"description\" content=\"Electra Metropolis es un hotel de lujo con piscina al aire libre en el centro de Atenas que le invita a sumergirse en el frescor de su piscina al aire libre en la 10\u00aa planta.\" \/>\n<meta name=\"robots\" content=\"index, follow, max-snippet:-1, max-image-preview:large, max-video-preview:-1\" \/>\n<link rel=\"canonical\" href=\"https:\/\/www.electrahotels.gr\/es\/nuestros-hoteles\/electra-metropolis-atenas\/bienestar-y-fitness\/\" \/>\n<meta property=\"og:locale\" content=\"es_ES\" \/>\n<meta property=\"og:type\" content=\"article\" \/>\n<meta property=\"og:title\" content=\"Hotel de lujo con piscina exterior en la ciudad de Atenas || Electra Metropolis\" \/>\n<meta property=\"og:description\" content=\"Electra Metropolis es un hotel de lujo con piscina al aire libre en el centro de Atenas que le invita a sumergirse en el frescor de su piscina al aire libre en la 10\u00aa planta.\" \/>\n<meta property=\"og:url\" content=\"https:\/\/www.electrahotels.gr\/es\/nuestros-hoteles\/electra-metropolis-atenas\/bienestar-y-fitness\/\" \/>\n<meta property=\"og:site_name\" content=\"Electra Hotels &amp; Resorts\" \/>\n<meta property=\"article:modified_time\" content=\"2024-05-23T13:48:00+00:00\" \/>\n<meta property=\"og:image\" content=\"https:\/\/www.electrahotels.gr\/app\/uploads\/2021\/05\/ELECTRA-METROPOLIS-ATHENS-OUTDOOR-POOL-scaled.jpg\" \/>\n\t<meta property=\"og:image:width\" content=\"2560\" \/>\n\t<meta property=\"og:image:height\" content=\"1919\" \/>\n\t<meta property=\"og:image:type\" content=\"image\/jpeg\" \/>\n<meta name=\"twitter:card\" content=\"summary_large_image\" \/>\n<meta name=\"twitter:label1\" content=\"Tiempo de lectura\" \/>\n\t<meta name=\"twitter:data1\" content=\"1 minuto\" \/>\n<script type=\"application\/ld+json\" class=\"yoast-schema-graph\">{\"@context\":\"https:\\\/\\\/schema.org\",\"@graph\":[{\"@type\":\"WebPage\",\"@id\":\"https:\\\/\\\/www.electrahotels.gr\\\/es\\\/nuestros-hoteles\\\/electra-metropolis-atenas\\\/bienestar-y-fitness\\\/\",\"url\":\"https:\\\/\\\/www.electrahotels.gr\\\/es\\\/nuestros-hoteles\\\/electra-metropolis-atenas\\\/bienestar-y-fitness\\\/\",\"name\":\"Hotel de lujo con piscina exterior en la ciudad de Atenas || Electra Metropolis\",\"isPartOf\":{\"@id\":\"https:\\\/\\\/www.electrahotels.gr\\\/es\\\/#website\"},\"primaryImageOfPage\":{\"@id\":\"https:\\\/\\\/www.electrahotels.gr\\\/es\\\/nuestros-hoteles\\\/electra-metropolis-atenas\\\/bienestar-y-fitness\\\/#primaryimage\"},\"image\":{\"@id\":\"https:\\\/\\\/www.electrahotels.gr\\\/es\\\/nuestros-hoteles\\\/electra-metropolis-atenas\\\/bienestar-y-fitness\\\/#primaryimage\"},\"thumbnailUrl\":\"https:\\\/\\\/www.electrahotels.gr\\\/app\\\/uploads\\\/2024\\\/06\\\/9K6A8246_ok-_50.jpg\",\"datePublished\":\"2022-03-01T11:43:35+00:00\",\"dateModified\":\"2024-05-23T13:48:00+00:00\",\"description\":\"Electra Metropolis es un hotel de lujo con piscina al aire libre en el centro de Atenas que le invita a sumergirse en el frescor de su piscina al aire libre en la 10\u00aa planta.\",\"breadcrumb\":{\"@id\":\"https:\\\/\\\/www.electrahotels.gr\\\/es\\\/nuestros-hoteles\\\/electra-metropolis-atenas\\\/bienestar-y-fitness\\\/#breadcrumb\"},\"inLanguage\":\"es\",\"potentialAction\":[{\"@type\":\"ReadAction\",\"target\":[\"https:\\\/\\\/www.electrahotels.gr\\\/es\\\/nuestros-hoteles\\\/electra-metropolis-atenas\\\/bienestar-y-fitness\\\/\"]}]},{\"@type\":\"ImageObject\",\"inLanguage\":\"es\",\"@id\":\"https:\\\/\\\/www.electrahotels.gr\\\/es\\\/nuestros-hoteles\\\/electra-metropolis-atenas\\\/bienestar-y-fitness\\\/#primaryimage\",\"url\":\"https:\\\/\\\/www.electrahotels.gr\\\/app\\\/uploads\\\/2024\\\/06\\\/9K6A8246_ok-_50.jpg\",\"contentUrl\":\"https:\\\/\\\/www.electrahotels.gr\\\/app\\\/uploads\\\/2024\\\/06\\\/9K6A8246_ok-_50.jpg\",\"width\":2500,\"height\":1667},{\"@type\":\"BreadcrumbList\",\"@id\":\"https:\\\/\\\/www.electrahotels.gr\\\/es\\\/nuestros-hoteles\\\/electra-metropolis-atenas\\\/bienestar-y-fitness\\\/#breadcrumb\",\"itemListElement\":[{\"@type\":\"ListItem\",\"position\":1,\"name\":\"Home\",\"item\":\"https:\\\/\\\/www.electrahotels.gr\\\/es\\\/\"},{\"@type\":\"ListItem\",\"position\":2,\"name\":\"Nuestros hoteles\",\"item\":\"https:\\\/\\\/www.electrahotels.gr\\\/es\\\/nuestros-hoteles\\\/\"},{\"@type\":\"ListItem\",\"position\":3,\"name\":\"Electra Metropolis Atenas\",\"item\":\"https:\\\/\\\/www.electrahotels.gr\\\/es\\\/nuestros-hoteles\\\/electra-metropolis-atenas\\\/\"},{\"@type\":\"ListItem\",\"position\":4,\"name\":\"Bienestar y Fitness\"}]},{\"@type\":\"WebSite\",\"@id\":\"https:\\\/\\\/www.electrahotels.gr\\\/es\\\/#website\",\"url\":\"https:\\\/\\\/www.electrahotels.gr\\\/es\\\/\",\"name\":\"Electra Hotels &amp; Resorts\",\"description\":\"A group of luxury hotels in Athens, Thessaloniki, Rhodes and Kefalonia committed to offering quality hospitality, service and luxury\",\"potentialAction\":[{\"@type\":\"SearchAction\",\"target\":{\"@type\":\"EntryPoint\",\"urlTemplate\":\"https:\\\/\\\/www.electrahotels.gr\\\/es\\\/?s={search_term_string}\"},\"query-input\":{\"@type\":\"PropertyValueSpecification\",\"valueRequired\":true,\"valueName\":\"search_term_string\"}}],\"inLanguage\":\"es\"}]}<\/script>\n<!-- \/ Yoast SEO plugin. -->","yoast_head_json":{"title":"Hotel de lujo con piscina exterior en la ciudad de Atenas || Electra Metropolis","description":"Electra Metropolis es un hotel de lujo con piscina al aire libre en el centro de Atenas que le invita a sumergirse en el frescor de su piscina al aire libre en la 10\u00aa planta.","robots":{"index":"index","follow":"follow","max-snippet":"max-snippet:-1","max-image-preview":"max-image-preview:large","max-video-preview":"max-video-preview:-1"},"canonical":"https:\/\/www.electrahotels.gr\/es\/nuestros-hoteles\/electra-metropolis-atenas\/bienestar-y-fitness\/","og_locale":"es_ES","og_type":"article","og_title":"Hotel de lujo con piscina exterior en la ciudad de Atenas || Electra Metropolis","og_description":"Electra Metropolis es un hotel de lujo con piscina al aire libre en el centro de Atenas que le invita a sumergirse en el frescor de su piscina al aire libre en la 10\u00aa planta.","og_url":"https:\/\/www.electrahotels.gr\/es\/nuestros-hoteles\/electra-metropolis-atenas\/bienestar-y-fitness\/","og_site_name":"Electra Hotels &amp; Resorts","article_modified_time":"2024-05-23T13:48:00+00:00","og_image":[{"width":2560,"height":1919,"url":"https:\/\/www.electrahotels.gr\/app\/uploads\/2021\/05\/ELECTRA-METROPOLIS-ATHENS-OUTDOOR-POOL-scaled.jpg","type":"image\/jpeg"}],"twitter_card":"summary_large_image","twitter_misc":{"Tiempo de lectura":"1 minuto"},"schema":{"@context":"https:\/\/schema.org","@graph":[{"@type":"WebPage","@id":"https:\/\/www.electrahotels.gr\/es\/nuestros-hoteles\/electra-metropolis-atenas\/bienestar-y-fitness\/","url":"https:\/\/www.electrahotels.gr\/es\/nuestros-hoteles\/electra-metropolis-atenas\/bienestar-y-fitness\/","name":"Hotel de lujo con piscina exterior en la ciudad de Atenas || Electra Metropolis","isPartOf":{"@id":"https:\/\/www.electrahotels.gr\/es\/#website"},"primaryImageOfPage":{"@id":"https:\/\/www.electrahotels.gr\/es\/nuestros-hoteles\/electra-metropolis-atenas\/bienestar-y-fitness\/#primaryimage"},"image":{"@id":"https:\/\/www.electrahotels.gr\/es\/nuestros-hoteles\/electra-metropolis-atenas\/bienestar-y-fitness\/#primaryimage"},"thumbnailUrl":"https:\/\/www.electrahotels.gr\/app\/uploads\/2024\/06\/9K6A8246_ok-_50.jpg","datePublished":"2022-03-01T11:43:35+00:00","dateModified":"2024-05-23T13:48:00+00:00","description":"Electra Metropolis es un hotel de lujo con piscina al aire libre en el centro de Atenas que le invita a sumergirse en el frescor de su piscina al aire libre en la 10\u00aa planta.","breadcrumb":{"@id":"https:\/\/www.electrahotels.gr\/es\/nuestros-hoteles\/electra-metropolis-atenas\/bienestar-y-fitness\/#breadcrumb"},"inLanguage":"es","potentialAction":[{"@type":"ReadAction","target":["https:\/\/www.electrahotels.gr\/es\/nuestros-hoteles\/electra-metropolis-atenas\/bienestar-y-fitness\/"]}]},{"@type":"ImageObject","inLanguage":"es","@id":"https:\/\/www.electrahotels.gr\/es\/nuestros-hoteles\/electra-metropolis-atenas\/bienestar-y-fitness\/#primaryimage","url":"https:\/\/www.electrahotels.gr\/app\/uploads\/2024\/06\/9K6A8246_ok-_50.jpg","contentUrl":"https:\/\/www.electrahotels.gr\/app\/uploads\/2024\/06\/9K6A8246_ok-_50.jpg","width":2500,"height":1667},{"@type":"BreadcrumbList","@id":"https:\/\/www.electrahotels.gr\/es\/nuestros-hoteles\/electra-metropolis-atenas\/bienestar-y-fitness\/#breadcrumb","itemListElement":[{"@type":"ListItem","position":1,"name":"Home","item":"https:\/\/www.electrahotels.gr\/es\/"},{"@type":"ListItem","position":2,"name":"Nuestros hoteles","item":"https:\/\/www.electrahotels.gr\/es\/nuestros-hoteles\/"},{"@type":"ListItem","position":3,"name":"Electra Metropolis Atenas","item":"https:\/\/www.electrahotels.gr\/es\/nuestros-hoteles\/electra-metropolis-atenas\/"},{"@type":"ListItem","position":4,"name":"Bienestar y Fitness"}]},{"@type":"WebSite","@id":"https:\/\/www.electrahotels.gr\/es\/#website","url":"https:\/\/www.electrahotels.gr\/es\/","name":"Electra Hotels &amp; Resorts","description":"A group of luxury hotels in Athens, Thessaloniki, Rhodes and Kefalonia committed to offering quality hospitality, service and luxury","potentialAction":[{"@type":"SearchAction","target":{"@type":"EntryPoint","urlTemplate":"https:\/\/www.electrahotels.gr\/es\/?s={search_term_string}"},"query-input":{"@type":"PropertyValueSpecification","valueRequired":true,"valueName":"search_term_string"}}],"inLanguage":"es"}]}},"_links":{"self":[{"href":"https:\/\/www.electrahotels.gr\/es\/wp-json\/wp\/v2\/pages\/17871","targetHints":{"allow":["GET"]}}],"collection":[{"href":"https:\/\/www.electrahotels.gr\/es\/wp-json\/wp\/v2\/pages"}],"about":[{"href":"https:\/\/www.electrahotels.gr\/es\/wp-json\/wp\/v2\/types\/page"}],"author":[{"embeddable":true,"href":"https:\/\/www.electrahotels.gr\/es\/wp-json\/wp\/v2\/users\/1"}],"replies":[{"embeddable":true,"href":"https:\/\/www.electrahotels.gr\/es\/wp-json\/wp\/v2\/comments?post=17871"}],"version-history":[{"count":10,"href":"https:\/\/www.electrahotels.gr\/es\/wp-json\/wp\/v2\/pages\/17871\/revisions"}],"predecessor-version":[{"id":47938,"href":"https:\/\/www.electrahotels.gr\/es\/wp-json\/wp\/v2\/pages\/17871\/revisions\/47938"}],"up":[{"embeddable":true,"href":"https:\/\/www.electrahotels.gr\/es\/wp-json\/wp\/v2\/pages\/15572"}],"wp:featuredmedia":[{"embeddable":true,"href":"https:\/\/www.electrahotels.gr\/es\/wp-json\/wp\/v2\/media\/48458"}],"wp:attachment":[{"href":"https:\/\/www.electrahotels.gr\/es\/wp-json\/wp\/v2\/media?parent=17871"}],"wp:term":[{"taxonomy":"page_tag","embeddable":true,"href":"https:\/\/www.electrahotels.gr\/es\/wp-json\/wp\/v2\/page_tag?post=17871"}],"curies":[{"name":"wp","href":"https:\/\/api.w.org\/{rel}","templated":true}]}}