{"id":17872,"date":"2022-03-01T13:43:36","date_gmt":"2022-03-01T11:43:36","guid":{"rendered":"https:\/\/www.electrahotels.gr\/nuestros-hoteles\/palacio-electra-de-tesalonica\/bienestar-y-fitness\/"},"modified":"2023-10-27T17:34:02","modified_gmt":"2023-10-27T14:34:02","slug":"bienestar-y-fitness","status":"publish","type":"page","link":"https:\/\/www.electrahotels.gr\/es\/nuestros-hoteles\/palacio-electra-de-tesalonica\/bienestar-y-fitness\/","title":{"rendered":"Bienestar y Fitness"},"content":{"rendered":"\n<p>Este ambiente \u00fanico de la ciudad, junto con nuestra aut\u00e9ntica hospitalidad, seguro que le har\u00e1 sentirse renacido, tanto si est\u00e1 aqu\u00ed por negocios como por placer.<\/p>\n\n\n\n<p>Pero, cuando se trata de un verdadero rejuvenecimiento del cuerpo y del esp\u00edritu, vamos m\u00e1s all\u00e1 de la hospitalidad premium o aut\u00e9ntica. Siempre hay algo m\u00e1s que hace que una estancia quede grabada en tu memoria. Se trata de las experiencias. Experiencias que inspiran, despiertan los sentidos, sorprenden, te hacen sentir la mejor versi\u00f3n de ti mismo. Para ese tipo de experiencia, deber\u00eda visitar nuestro opulento centro de bienestar y confiar en el exclusivo y altamente cualificado equipo de Aegeo Spas. Un equipo inspirado en el azul profundo del Mar Egeo y en el pa\u00eds de la luz, Grecia.  <\/p>\n\n\n\n<h2 class=\"wp-block-heading\">Piscina exterior<\/h2>\n\n\n\n<p>Hay m\u00e1s cosas que descubrir en la 7\u00aa planta, donde le espera una impresionante piscina exterior con su propia cubierta privada. Un oasis frente al ajetreado paisaje de la ciudad, que ofrece aislamiento e inmersi\u00f3n sensorial al mismo tiempo. Aproveche las cautivadoras vistas que no se pueden encontrar en ning\u00fan otro lugar de la ciudad, beba el c\u00f3ctel que desee o tome un sabroso aperitivo y descubra una nueva dimensi\u00f3n de relajaci\u00f3n.<\/p>\n\n\n\n<p><strong>Horario de apertura:<\/strong> 11:00-19:00 Si el tiempo lo permite<\/p>\n","protected":false},"excerpt":{"rendered":"<p>Este ambiente \u00fanico de la ciudad, junto con nuestra aut\u00e9ntica hospitalidad, seguro que le har\u00e1 sentirse renacido, tanto si est\u00e1 aqu\u00ed por negocios como por placer. Pero, cuando se trata de un verdadero rejuvenecimiento del cuerpo y del esp\u00edritu, vamos m\u00e1s all\u00e1 de la hospitalidad premium o aut\u00e9ntica. Siempre hay algo m\u00e1s que hace que<\/p>\n","protected":false},"author":1,"featured_media":48804,"parent":15581,"menu_order":0,"comment_status":"closed","ping_status":"closed","template":"page-templates\/single-restaurant.php","meta":{"_acf_changed":false,"footnotes":""},"page_tag":[],"class_list":["post-17872","page","type-page","status-publish","has-post-thumbnail","hentry"],"acf":[],"yoast_head":"<!-- This site is optimized with the Yoast SEO plugin v27.4 - https:\/\/yoast.com\/product\/yoast-seo-wordpress\/ -->\n<title>Lo Mejor de Hoteles balnearios de Tesal\u00f3nica || Electra Palace Thessaloniki<\/title>\n<meta name=\"description\" content=\"Reg\u00e1lese una experiencia de relajaci\u00f3n de lujo 5* con tratamientos mimadores y nutritivos en el m\u00e1s lujoso de todos los hoteles balneario de Sal\u00f3nica.\" \/>\n<meta name=\"robots\" content=\"index, follow, max-snippet:-1, max-image-preview:large, max-video-preview:-1\" \/>\n<link rel=\"canonical\" href=\"https:\/\/www.electrahotels.gr\/es\/nuestros-hoteles\/palacio-electra-de-tesalonica\/bienestar-y-fitness\/\" \/>\n<meta property=\"og:locale\" content=\"es_ES\" \/>\n<meta property=\"og:type\" content=\"article\" \/>\n<meta property=\"og:title\" content=\"Lo Mejor de Hoteles balnearios de Tesal\u00f3nica || Electra Palace Thessaloniki\" \/>\n<meta property=\"og:description\" content=\"Reg\u00e1lese una experiencia de relajaci\u00f3n de lujo 5* con tratamientos mimadores y nutritivos en el m\u00e1s lujoso de todos los hoteles balneario de Sal\u00f3nica.\" \/>\n<meta property=\"og:url\" content=\"https:\/\/www.electrahotels.gr\/es\/nuestros-hoteles\/palacio-electra-de-tesalonica\/bienestar-y-fitness\/\" \/>\n<meta property=\"og:site_name\" content=\"Electra Hotels &amp; Resorts\" \/>\n<meta property=\"article:modified_time\" content=\"2023-10-27T14:34:02+00:00\" \/>\n<meta name=\"twitter:card\" content=\"summary_large_image\" \/>\n<meta name=\"twitter:label1\" content=\"Tiempo de lectura\" \/>\n\t<meta name=\"twitter:data1\" content=\"1 minuto\" \/>\n<script type=\"application\/ld+json\" class=\"yoast-schema-graph\">{\"@context\":\"https:\\\/\\\/schema.org\",\"@graph\":[{\"@type\":\"WebPage\",\"@id\":\"https:\\\/\\\/www.electrahotels.gr\\\/es\\\/nuestros-hoteles\\\/palacio-electra-de-tesalonica\\\/bienestar-y-fitness\\\/\",\"url\":\"https:\\\/\\\/www.electrahotels.gr\\\/es\\\/nuestros-hoteles\\\/palacio-electra-de-tesalonica\\\/bienestar-y-fitness\\\/\",\"name\":\"Lo Mejor de Hoteles balnearios de Tesal\u00f3nica || Electra Palace Thessaloniki\",\"isPartOf\":{\"@id\":\"https:\\\/\\\/www.electrahotels.gr\\\/es\\\/#website\"},\"primaryImageOfPage\":{\"@id\":\"https:\\\/\\\/www.electrahotels.gr\\\/es\\\/nuestros-hoteles\\\/palacio-electra-de-tesalonica\\\/bienestar-y-fitness\\\/#primaryimage\"},\"image\":{\"@id\":\"https:\\\/\\\/www.electrahotels.gr\\\/es\\\/nuestros-hoteles\\\/palacio-electra-de-tesalonica\\\/bienestar-y-fitness\\\/#primaryimage\"},\"thumbnailUrl\":\"https:\\\/\\\/www.electrahotels.gr\\\/app\\\/uploads\\\/2024\\\/06\\\/9K6A3839_ok-_50.jpg\",\"datePublished\":\"2022-03-01T11:43:36+00:00\",\"dateModified\":\"2023-10-27T14:34:02+00:00\",\"description\":\"Reg\u00e1lese una experiencia de relajaci\u00f3n de lujo 5* con tratamientos mimadores y nutritivos en el m\u00e1s lujoso de todos los hoteles balneario de Sal\u00f3nica.\",\"breadcrumb\":{\"@id\":\"https:\\\/\\\/www.electrahotels.gr\\\/es\\\/nuestros-hoteles\\\/palacio-electra-de-tesalonica\\\/bienestar-y-fitness\\\/#breadcrumb\"},\"inLanguage\":\"es\",\"potentialAction\":[{\"@type\":\"ReadAction\",\"target\":[\"https:\\\/\\\/www.electrahotels.gr\\\/es\\\/nuestros-hoteles\\\/palacio-electra-de-tesalonica\\\/bienestar-y-fitness\\\/\"]}]},{\"@type\":\"ImageObject\",\"inLanguage\":\"es\",\"@id\":\"https:\\\/\\\/www.electrahotels.gr\\\/es\\\/nuestros-hoteles\\\/palacio-electra-de-tesalonica\\\/bienestar-y-fitness\\\/#primaryimage\",\"url\":\"https:\\\/\\\/www.electrahotels.gr\\\/app\\\/uploads\\\/2024\\\/06\\\/9K6A3839_ok-_50.jpg\",\"contentUrl\":\"https:\\\/\\\/www.electrahotels.gr\\\/app\\\/uploads\\\/2024\\\/06\\\/9K6A3839_ok-_50.jpg\",\"width\":2500,\"height\":1667},{\"@type\":\"BreadcrumbList\",\"@id\":\"https:\\\/\\\/www.electrahotels.gr\\\/es\\\/nuestros-hoteles\\\/palacio-electra-de-tesalonica\\\/bienestar-y-fitness\\\/#breadcrumb\",\"itemListElement\":[{\"@type\":\"ListItem\",\"position\":1,\"name\":\"Home\",\"item\":\"https:\\\/\\\/www.electrahotels.gr\\\/es\\\/\"},{\"@type\":\"ListItem\",\"position\":2,\"name\":\"Nuestros hoteles\",\"item\":\"https:\\\/\\\/www.electrahotels.gr\\\/es\\\/nuestros-hoteles\\\/\"},{\"@type\":\"ListItem\",\"position\":3,\"name\":\"Electra Palace Tesal\u00f3nica\",\"item\":\"https:\\\/\\\/www.electrahotels.gr\\\/es\\\/nuestros-hoteles\\\/palacio-electra-de-tesalonica\\\/\"},{\"@type\":\"ListItem\",\"position\":4,\"name\":\"Bienestar y Fitness\"}]},{\"@type\":\"WebSite\",\"@id\":\"https:\\\/\\\/www.electrahotels.gr\\\/es\\\/#website\",\"url\":\"https:\\\/\\\/www.electrahotels.gr\\\/es\\\/\",\"name\":\"Electra Hotels &amp; Resorts\",\"description\":\"A group of luxury hotels in Athens, Thessaloniki, Rhodes and Kefalonia committed to offering quality hospitality, service and luxury\",\"potentialAction\":[{\"@type\":\"SearchAction\",\"target\":{\"@type\":\"EntryPoint\",\"urlTemplate\":\"https:\\\/\\\/www.electrahotels.gr\\\/es\\\/?s={search_term_string}\"},\"query-input\":{\"@type\":\"PropertyValueSpecification\",\"valueRequired\":true,\"valueName\":\"search_term_string\"}}],\"inLanguage\":\"es\"}]}<\/script>\n<!-- \/ Yoast SEO plugin. -->","yoast_head_json":{"title":"Lo Mejor de Hoteles balnearios de Tesal\u00f3nica || Electra Palace Thessaloniki","description":"Reg\u00e1lese una experiencia de relajaci\u00f3n de lujo 5* con tratamientos mimadores y nutritivos en el m\u00e1s lujoso de todos los hoteles balneario de Sal\u00f3nica.","robots":{"index":"index","follow":"follow","max-snippet":"max-snippet:-1","max-image-preview":"max-image-preview:large","max-video-preview":"max-video-preview:-1"},"canonical":"https:\/\/www.electrahotels.gr\/es\/nuestros-hoteles\/palacio-electra-de-tesalonica\/bienestar-y-fitness\/","og_locale":"es_ES","og_type":"article","og_title":"Lo Mejor de Hoteles balnearios de Tesal\u00f3nica || Electra Palace Thessaloniki","og_description":"Reg\u00e1lese una experiencia de relajaci\u00f3n de lujo 5* con tratamientos mimadores y nutritivos en el m\u00e1s lujoso de todos los hoteles balneario de Sal\u00f3nica.","og_url":"https:\/\/www.electrahotels.gr\/es\/nuestros-hoteles\/palacio-electra-de-tesalonica\/bienestar-y-fitness\/","og_site_name":"Electra Hotels &amp; Resorts","article_modified_time":"2023-10-27T14:34:02+00:00","twitter_card":"summary_large_image","twitter_misc":{"Tiempo de lectura":"1 minuto"},"schema":{"@context":"https:\/\/schema.org","@graph":[{"@type":"WebPage","@id":"https:\/\/www.electrahotels.gr\/es\/nuestros-hoteles\/palacio-electra-de-tesalonica\/bienestar-y-fitness\/","url":"https:\/\/www.electrahotels.gr\/es\/nuestros-hoteles\/palacio-electra-de-tesalonica\/bienestar-y-fitness\/","name":"Lo Mejor de Hoteles balnearios de Tesal\u00f3nica || Electra Palace Thessaloniki","isPartOf":{"@id":"https:\/\/www.electrahotels.gr\/es\/#website"},"primaryImageOfPage":{"@id":"https:\/\/www.electrahotels.gr\/es\/nuestros-hoteles\/palacio-electra-de-tesalonica\/bienestar-y-fitness\/#primaryimage"},"image":{"@id":"https:\/\/www.electrahotels.gr\/es\/nuestros-hoteles\/palacio-electra-de-tesalonica\/bienestar-y-fitness\/#primaryimage"},"thumbnailUrl":"https:\/\/www.electrahotels.gr\/app\/uploads\/2024\/06\/9K6A3839_ok-_50.jpg","datePublished":"2022-03-01T11:43:36+00:00","dateModified":"2023-10-27T14:34:02+00:00","description":"Reg\u00e1lese una experiencia de relajaci\u00f3n de lujo 5* con tratamientos mimadores y nutritivos en el m\u00e1s lujoso de todos los hoteles balneario de Sal\u00f3nica.","breadcrumb":{"@id":"https:\/\/www.electrahotels.gr\/es\/nuestros-hoteles\/palacio-electra-de-tesalonica\/bienestar-y-fitness\/#breadcrumb"},"inLanguage":"es","potentialAction":[{"@type":"ReadAction","target":["https:\/\/www.electrahotels.gr\/es\/nuestros-hoteles\/palacio-electra-de-tesalonica\/bienestar-y-fitness\/"]}]},{"@type":"ImageObject","inLanguage":"es","@id":"https:\/\/www.electrahotels.gr\/es\/nuestros-hoteles\/palacio-electra-de-tesalonica\/bienestar-y-fitness\/#primaryimage","url":"https:\/\/www.electrahotels.gr\/app\/uploads\/2024\/06\/9K6A3839_ok-_50.jpg","contentUrl":"https:\/\/www.electrahotels.gr\/app\/uploads\/2024\/06\/9K6A3839_ok-_50.jpg","width":2500,"height":1667},{"@type":"BreadcrumbList","@id":"https:\/\/www.electrahotels.gr\/es\/nuestros-hoteles\/palacio-electra-de-tesalonica\/bienestar-y-fitness\/#breadcrumb","itemListElement":[{"@type":"ListItem","position":1,"name":"Home","item":"https:\/\/www.electrahotels.gr\/es\/"},{"@type":"ListItem","position":2,"name":"Nuestros hoteles","item":"https:\/\/www.electrahotels.gr\/es\/nuestros-hoteles\/"},{"@type":"ListItem","position":3,"name":"Electra Palace Tesal\u00f3nica","item":"https:\/\/www.electrahotels.gr\/es\/nuestros-hoteles\/palacio-electra-de-tesalonica\/"},{"@type":"ListItem","position":4,"name":"Bienestar y Fitness"}]},{"@type":"WebSite","@id":"https:\/\/www.electrahotels.gr\/es\/#website","url":"https:\/\/www.electrahotels.gr\/es\/","name":"Electra Hotels &amp; Resorts","description":"A group of luxury hotels in Athens, Thessaloniki, Rhodes and Kefalonia committed to offering quality hospitality, service and luxury","potentialAction":[{"@type":"SearchAction","target":{"@type":"EntryPoint","urlTemplate":"https:\/\/www.electrahotels.gr\/es\/?s={search_term_string}"},"query-input":{"@type":"PropertyValueSpecification","valueRequired":true,"valueName":"search_term_string"}}],"inLanguage":"es"}]}},"_links":{"self":[{"href":"https:\/\/www.electrahotels.gr\/es\/wp-json\/wp\/v2\/pages\/17872","targetHints":{"allow":["GET"]}}],"collection":[{"href":"https:\/\/www.electrahotels.gr\/es\/wp-json\/wp\/v2\/pages"}],"about":[{"href":"https:\/\/www.electrahotels.gr\/es\/wp-json\/wp\/v2\/types\/page"}],"author":[{"embeddable":true,"href":"https:\/\/www.electrahotels.gr\/es\/wp-json\/wp\/v2\/users\/1"}],"replies":[{"embeddable":true,"href":"https:\/\/www.electrahotels.gr\/es\/wp-json\/wp\/v2\/comments?post=17872"}],"version-history":[{"count":10,"href":"https:\/\/www.electrahotels.gr\/es\/wp-json\/wp\/v2\/pages\/17872\/revisions"}],"predecessor-version":[{"id":40380,"href":"https:\/\/www.electrahotels.gr\/es\/wp-json\/wp\/v2\/pages\/17872\/revisions\/40380"}],"up":[{"embeddable":true,"href":"https:\/\/www.electrahotels.gr\/es\/wp-json\/wp\/v2\/pages\/15581"}],"wp:featuredmedia":[{"embeddable":true,"href":"https:\/\/www.electrahotels.gr\/es\/wp-json\/wp\/v2\/media\/48804"}],"wp:attachment":[{"href":"https:\/\/www.electrahotels.gr\/es\/wp-json\/wp\/v2\/media?parent=17872"}],"wp:term":[{"taxonomy":"page_tag","embeddable":true,"href":"https:\/\/www.electrahotels.gr\/es\/wp-json\/wp\/v2\/page_tag?post=17872"}],"curies":[{"name":"wp","href":"https:\/\/api.w.org\/{rel}","templated":true}]}}