{"id":17877,"date":"2022-03-01T13:44:07","date_gmt":"2022-03-01T11:44:07","guid":{"rendered":"https:\/\/www.electrahotels.gr\/nuestros-hoteles\/electra-metropolis-atenas\/cosas-que-hacer\/"},"modified":"2024-07-17T11:28:24","modified_gmt":"2024-07-17T08:28:24","slug":"nuestra-ubicacion","status":"publish","type":"page","link":"https:\/\/www.electrahotels.gr\/es\/nuestros-hoteles\/electra-metropolis-atenas\/nuestra-ubicacion\/","title":{"rendered":"Nuestra Ubicaci\u00f3n"},"content":{"rendered":"\n<p>Es muy f\u00e1cil llegar desde el hotel a las principales atracciones tur\u00edsticas de Atenas, mientras que los puntos de partida para las escapadas cercanas est\u00e1n a un tiro de piedra de la plaza Syntagma.<\/p>\n","protected":false},"excerpt":{"rendered":"<p>Es muy f\u00e1cil llegar desde el hotel a las principales atracciones tur\u00edsticas de Atenas, mientras que los puntos de partida para las escapadas cercanas est\u00e1n a un tiro de piedra de la plaza Syntagma.<\/p>\n","protected":false},"author":1,"featured_media":49150,"parent":15572,"menu_order":0,"comment_status":"closed","ping_status":"closed","template":"page-templates\/single-restaurant.php","meta":{"_acf_changed":false,"footnotes":""},"page_tag":[],"class_list":["post-17877","page","type-page","status-publish","has-post-thumbnail","hentry"],"acf":[],"yoast_head":"<!-- This site is optimized with the Yoast SEO plugin v27.4 - https:\/\/yoast.com\/product\/yoast-seo-wordpress\/ -->\n<title>\u00bfSe pregunta qu\u00e9 hacer en Atenas (Grecia)? || Electra Metr\u00f3polis<\/title>\n<meta name=\"description\" content=\"Si se ha preguntado qu\u00e9 hacer en Atenas (Grecia), no tiene que aventurarse muy lejos de la c\u00e9ntrica e idealmente situada Metr\u00f3polis Electra.\" \/>\n<meta name=\"robots\" content=\"index, follow, max-snippet:-1, max-image-preview:large, max-video-preview:-1\" \/>\n<link rel=\"canonical\" href=\"https:\/\/www.electrahotels.gr\/es\/nuestros-hoteles\/electra-metropolis-atenas\/nuestra-ubicacion\/\" \/>\n<meta property=\"og:locale\" content=\"es_ES\" \/>\n<meta property=\"og:type\" content=\"article\" \/>\n<meta property=\"og:title\" content=\"\u00bfSe pregunta qu\u00e9 hacer en Atenas (Grecia)? || Electra Metr\u00f3polis\" \/>\n<meta property=\"og:description\" content=\"Si se ha preguntado qu\u00e9 hacer en Atenas (Grecia), no tiene que aventurarse muy lejos de la c\u00e9ntrica e idealmente situada Metr\u00f3polis Electra.\" \/>\n<meta property=\"og:url\" content=\"https:\/\/www.electrahotels.gr\/es\/nuestros-hoteles\/electra-metropolis-atenas\/nuestra-ubicacion\/\" \/>\n<meta property=\"og:site_name\" content=\"Electra Hotels &amp; Resorts\" \/>\n<meta property=\"article:modified_time\" content=\"2024-07-17T08:28:24+00:00\" \/>\n<meta property=\"og:image\" content=\"https:\/\/www.electrahotels.gr\/app\/uploads\/2024\/06\/Transfers.jpg\" \/>\n\t<meta property=\"og:image:width\" content=\"1000\" \/>\n\t<meta property=\"og:image:height\" content=\"667\" \/>\n\t<meta property=\"og:image:type\" content=\"image\/jpeg\" \/>\n<meta name=\"twitter:card\" content=\"summary_large_image\" \/>\n<meta name=\"twitter:label1\" content=\"Tiempo de lectura\" \/>\n\t<meta name=\"twitter:data1\" content=\"1 minuto\" \/>\n<script type=\"application\/ld+json\" class=\"yoast-schema-graph\">{\"@context\":\"https:\\\/\\\/schema.org\",\"@graph\":[{\"@type\":\"WebPage\",\"@id\":\"https:\\\/\\\/www.electrahotels.gr\\\/es\\\/nuestros-hoteles\\\/electra-metropolis-atenas\\\/nuestra-ubicacion\\\/\",\"url\":\"https:\\\/\\\/www.electrahotels.gr\\\/es\\\/nuestros-hoteles\\\/electra-metropolis-atenas\\\/nuestra-ubicacion\\\/\",\"name\":\"\u00bfSe pregunta qu\u00e9 hacer en Atenas (Grecia)? || Electra Metr\u00f3polis\",\"isPartOf\":{\"@id\":\"https:\\\/\\\/www.electrahotels.gr\\\/es\\\/#website\"},\"primaryImageOfPage\":{\"@id\":\"https:\\\/\\\/www.electrahotels.gr\\\/es\\\/nuestros-hoteles\\\/electra-metropolis-atenas\\\/nuestra-ubicacion\\\/#primaryimage\"},\"image\":{\"@id\":\"https:\\\/\\\/www.electrahotels.gr\\\/es\\\/nuestros-hoteles\\\/electra-metropolis-atenas\\\/nuestra-ubicacion\\\/#primaryimage\"},\"thumbnailUrl\":\"https:\\\/\\\/www.electrahotels.gr\\\/app\\\/uploads\\\/2024\\\/07\\\/9K6A0851_ok-_50.jpg\",\"datePublished\":\"2022-03-01T11:44:07+00:00\",\"dateModified\":\"2024-07-17T08:28:24+00:00\",\"description\":\"Si se ha preguntado qu\u00e9 hacer en Atenas (Grecia), no tiene que aventurarse muy lejos de la c\u00e9ntrica e idealmente situada Metr\u00f3polis Electra.\",\"breadcrumb\":{\"@id\":\"https:\\\/\\\/www.electrahotels.gr\\\/es\\\/nuestros-hoteles\\\/electra-metropolis-atenas\\\/nuestra-ubicacion\\\/#breadcrumb\"},\"inLanguage\":\"es\",\"potentialAction\":[{\"@type\":\"ReadAction\",\"target\":[\"https:\\\/\\\/www.electrahotels.gr\\\/es\\\/nuestros-hoteles\\\/electra-metropolis-atenas\\\/nuestra-ubicacion\\\/\"]}]},{\"@type\":\"ImageObject\",\"inLanguage\":\"es\",\"@id\":\"https:\\\/\\\/www.electrahotels.gr\\\/es\\\/nuestros-hoteles\\\/electra-metropolis-atenas\\\/nuestra-ubicacion\\\/#primaryimage\",\"url\":\"https:\\\/\\\/www.electrahotels.gr\\\/app\\\/uploads\\\/2024\\\/07\\\/9K6A0851_ok-_50.jpg\",\"contentUrl\":\"https:\\\/\\\/www.electrahotels.gr\\\/app\\\/uploads\\\/2024\\\/07\\\/9K6A0851_ok-_50.jpg\",\"width\":2500,\"height\":1667},{\"@type\":\"BreadcrumbList\",\"@id\":\"https:\\\/\\\/www.electrahotels.gr\\\/es\\\/nuestros-hoteles\\\/electra-metropolis-atenas\\\/nuestra-ubicacion\\\/#breadcrumb\",\"itemListElement\":[{\"@type\":\"ListItem\",\"position\":1,\"name\":\"Home\",\"item\":\"https:\\\/\\\/www.electrahotels.gr\\\/es\\\/\"},{\"@type\":\"ListItem\",\"position\":2,\"name\":\"Nuestros hoteles\",\"item\":\"https:\\\/\\\/www.electrahotels.gr\\\/es\\\/nuestros-hoteles\\\/\"},{\"@type\":\"ListItem\",\"position\":3,\"name\":\"Electra Metropolis Atenas\",\"item\":\"https:\\\/\\\/www.electrahotels.gr\\\/es\\\/nuestros-hoteles\\\/electra-metropolis-atenas\\\/\"},{\"@type\":\"ListItem\",\"position\":4,\"name\":\"Nuestra Ubicaci\u00f3n\"}]},{\"@type\":\"WebSite\",\"@id\":\"https:\\\/\\\/www.electrahotels.gr\\\/es\\\/#website\",\"url\":\"https:\\\/\\\/www.electrahotels.gr\\\/es\\\/\",\"name\":\"Electra Hotels &amp; Resorts\",\"description\":\"A group of luxury hotels in Athens, Thessaloniki, Rhodes and Kefalonia committed to offering quality hospitality, service and luxury\",\"potentialAction\":[{\"@type\":\"SearchAction\",\"target\":{\"@type\":\"EntryPoint\",\"urlTemplate\":\"https:\\\/\\\/www.electrahotels.gr\\\/es\\\/?s={search_term_string}\"},\"query-input\":{\"@type\":\"PropertyValueSpecification\",\"valueRequired\":true,\"valueName\":\"search_term_string\"}}],\"inLanguage\":\"es\"}]}<\/script>\n<!-- \/ Yoast SEO plugin. -->","yoast_head_json":{"title":"\u00bfSe pregunta qu\u00e9 hacer en Atenas (Grecia)? || Electra Metr\u00f3polis","description":"Si se ha preguntado qu\u00e9 hacer en Atenas (Grecia), no tiene que aventurarse muy lejos de la c\u00e9ntrica e idealmente situada Metr\u00f3polis Electra.","robots":{"index":"index","follow":"follow","max-snippet":"max-snippet:-1","max-image-preview":"max-image-preview:large","max-video-preview":"max-video-preview:-1"},"canonical":"https:\/\/www.electrahotels.gr\/es\/nuestros-hoteles\/electra-metropolis-atenas\/nuestra-ubicacion\/","og_locale":"es_ES","og_type":"article","og_title":"\u00bfSe pregunta qu\u00e9 hacer en Atenas (Grecia)? || Electra Metr\u00f3polis","og_description":"Si se ha preguntado qu\u00e9 hacer en Atenas (Grecia), no tiene que aventurarse muy lejos de la c\u00e9ntrica e idealmente situada Metr\u00f3polis Electra.","og_url":"https:\/\/www.electrahotels.gr\/es\/nuestros-hoteles\/electra-metropolis-atenas\/nuestra-ubicacion\/","og_site_name":"Electra Hotels &amp; Resorts","article_modified_time":"2024-07-17T08:28:24+00:00","og_image":[{"width":1000,"height":667,"url":"https:\/\/www.electrahotels.gr\/app\/uploads\/2024\/06\/Transfers.jpg","type":"image\/jpeg"}],"twitter_card":"summary_large_image","twitter_misc":{"Tiempo de lectura":"1 minuto"},"schema":{"@context":"https:\/\/schema.org","@graph":[{"@type":"WebPage","@id":"https:\/\/www.electrahotels.gr\/es\/nuestros-hoteles\/electra-metropolis-atenas\/nuestra-ubicacion\/","url":"https:\/\/www.electrahotels.gr\/es\/nuestros-hoteles\/electra-metropolis-atenas\/nuestra-ubicacion\/","name":"\u00bfSe pregunta qu\u00e9 hacer en Atenas (Grecia)? || Electra Metr\u00f3polis","isPartOf":{"@id":"https:\/\/www.electrahotels.gr\/es\/#website"},"primaryImageOfPage":{"@id":"https:\/\/www.electrahotels.gr\/es\/nuestros-hoteles\/electra-metropolis-atenas\/nuestra-ubicacion\/#primaryimage"},"image":{"@id":"https:\/\/www.electrahotels.gr\/es\/nuestros-hoteles\/electra-metropolis-atenas\/nuestra-ubicacion\/#primaryimage"},"thumbnailUrl":"https:\/\/www.electrahotels.gr\/app\/uploads\/2024\/07\/9K6A0851_ok-_50.jpg","datePublished":"2022-03-01T11:44:07+00:00","dateModified":"2024-07-17T08:28:24+00:00","description":"Si se ha preguntado qu\u00e9 hacer en Atenas (Grecia), no tiene que aventurarse muy lejos de la c\u00e9ntrica e idealmente situada Metr\u00f3polis Electra.","breadcrumb":{"@id":"https:\/\/www.electrahotels.gr\/es\/nuestros-hoteles\/electra-metropolis-atenas\/nuestra-ubicacion\/#breadcrumb"},"inLanguage":"es","potentialAction":[{"@type":"ReadAction","target":["https:\/\/www.electrahotels.gr\/es\/nuestros-hoteles\/electra-metropolis-atenas\/nuestra-ubicacion\/"]}]},{"@type":"ImageObject","inLanguage":"es","@id":"https:\/\/www.electrahotels.gr\/es\/nuestros-hoteles\/electra-metropolis-atenas\/nuestra-ubicacion\/#primaryimage","url":"https:\/\/www.electrahotels.gr\/app\/uploads\/2024\/07\/9K6A0851_ok-_50.jpg","contentUrl":"https:\/\/www.electrahotels.gr\/app\/uploads\/2024\/07\/9K6A0851_ok-_50.jpg","width":2500,"height":1667},{"@type":"BreadcrumbList","@id":"https:\/\/www.electrahotels.gr\/es\/nuestros-hoteles\/electra-metropolis-atenas\/nuestra-ubicacion\/#breadcrumb","itemListElement":[{"@type":"ListItem","position":1,"name":"Home","item":"https:\/\/www.electrahotels.gr\/es\/"},{"@type":"ListItem","position":2,"name":"Nuestros hoteles","item":"https:\/\/www.electrahotels.gr\/es\/nuestros-hoteles\/"},{"@type":"ListItem","position":3,"name":"Electra Metropolis Atenas","item":"https:\/\/www.electrahotels.gr\/es\/nuestros-hoteles\/electra-metropolis-atenas\/"},{"@type":"ListItem","position":4,"name":"Nuestra Ubicaci\u00f3n"}]},{"@type":"WebSite","@id":"https:\/\/www.electrahotels.gr\/es\/#website","url":"https:\/\/www.electrahotels.gr\/es\/","name":"Electra Hotels &amp; Resorts","description":"A group of luxury hotels in Athens, Thessaloniki, Rhodes and Kefalonia committed to offering quality hospitality, service and luxury","potentialAction":[{"@type":"SearchAction","target":{"@type":"EntryPoint","urlTemplate":"https:\/\/www.electrahotels.gr\/es\/?s={search_term_string}"},"query-input":{"@type":"PropertyValueSpecification","valueRequired":true,"valueName":"search_term_string"}}],"inLanguage":"es"}]}},"_links":{"self":[{"href":"https:\/\/www.electrahotels.gr\/es\/wp-json\/wp\/v2\/pages\/17877","targetHints":{"allow":["GET"]}}],"collection":[{"href":"https:\/\/www.electrahotels.gr\/es\/wp-json\/wp\/v2\/pages"}],"about":[{"href":"https:\/\/www.electrahotels.gr\/es\/wp-json\/wp\/v2\/types\/page"}],"author":[{"embeddable":true,"href":"https:\/\/www.electrahotels.gr\/es\/wp-json\/wp\/v2\/users\/1"}],"replies":[{"embeddable":true,"href":"https:\/\/www.electrahotels.gr\/es\/wp-json\/wp\/v2\/comments?post=17877"}],"version-history":[{"count":8,"href":"https:\/\/www.electrahotels.gr\/es\/wp-json\/wp\/v2\/pages\/17877\/revisions"}],"predecessor-version":[{"id":49233,"href":"https:\/\/www.electrahotels.gr\/es\/wp-json\/wp\/v2\/pages\/17877\/revisions\/49233"}],"up":[{"embeddable":true,"href":"https:\/\/www.electrahotels.gr\/es\/wp-json\/wp\/v2\/pages\/15572"}],"wp:featuredmedia":[{"embeddable":true,"href":"https:\/\/www.electrahotels.gr\/es\/wp-json\/wp\/v2\/media\/49150"}],"wp:attachment":[{"href":"https:\/\/www.electrahotels.gr\/es\/wp-json\/wp\/v2\/media?parent=17877"}],"wp:term":[{"taxonomy":"page_tag","embeddable":true,"href":"https:\/\/www.electrahotels.gr\/es\/wp-json\/wp\/v2\/page_tag?post=17877"}],"curies":[{"name":"wp","href":"https:\/\/api.w.org\/{rel}","templated":true}]}}