{"id":34737,"date":"2023-01-19T13:24:24","date_gmt":"2023-01-19T11:24:24","guid":{"rendered":"https:\/\/www.electrahotels.gr\/?page_id=34737"},"modified":"2023-09-22T16:38:05","modified_gmt":"2023-09-22T13:38:05","slug":"full-scale-property-revamp-in-2023","status":"publish","type":"page","link":"https:\/\/www.electrahotels.gr\/es\/nuestros-hoteles\/palacio-electra-de-rodas\/full-scale-property-revamp-in-2023\/","title":{"rendered":"La experiencia Electra Palace Rodas"},"content":{"rendered":"\n<h3 class=\"wp-block-heading h5 text-secondary\">La nueva imagen de unas vacaciones por todo lo alto<\/h3>\n\n\n\n<p>Tras una profunda renovaci\u00f3n, estamos encantados de presentar el nuevo aspecto del Electra Palace Rhodes, que ofrece un nuevo nivel de experiencias vacacionales en la isla de Rodas.<\/p>\n","protected":false},"excerpt":{"rendered":"<p>La nueva imagen de unas vacaciones por todo lo alto Tras una profunda renovaci\u00f3n, estamos encantados de presentar el nuevo aspecto del Electra Palace Rhodes, que ofrece un nuevo nivel de experiencias vacacionales en la isla de Rodas.<\/p>\n","protected":false},"author":1,"featured_media":32424,"parent":15585,"menu_order":0,"comment_status":"closed","ping_status":"closed","template":"page-templates\/hotel-landing-page.php","meta":{"_acf_changed":false,"footnotes":""},"page_tag":[],"class_list":["post-34737","page","type-page","status-publish","has-post-thumbnail","hentry"],"acf":[],"yoast_head":"<!-- This site is optimized with the Yoast SEO plugin v27.4 - https:\/\/yoast.com\/product\/yoast-seo-wordpress\/ -->\n<title>La experiencia Electra Palace Rodas - Electra Hotels &amp; Resorts<\/title>\n<meta name=\"description\" content=\"El Electra Palace Rodas se est\u00e1 renovando por completo, y su inauguraci\u00f3n est\u00e1 prevista para la temporada de 2023.\" \/>\n<meta name=\"robots\" content=\"index, follow, max-snippet:-1, max-image-preview:large, max-video-preview:-1\" \/>\n<link rel=\"canonical\" href=\"https:\/\/www.electrahotels.gr\/es\/nuestros-hoteles\/palacio-electra-de-rodas\/full-scale-property-revamp-in-2023\/\" \/>\n<meta property=\"og:locale\" content=\"es_ES\" \/>\n<meta property=\"og:type\" content=\"article\" \/>\n<meta property=\"og:title\" content=\"La experiencia Electra Palace Rodas - Electra Hotels &amp; Resorts\" \/>\n<meta property=\"og:description\" content=\"El Electra Palace Rodas se est\u00e1 renovando por completo, y su inauguraci\u00f3n est\u00e1 prevista para la temporada de 2023.\" \/>\n<meta property=\"og:url\" content=\"https:\/\/www.electrahotels.gr\/es\/nuestros-hoteles\/palacio-electra-de-rodas\/full-scale-property-revamp-in-2023\/\" \/>\n<meta property=\"og:site_name\" content=\"Electra Hotels &amp; Resorts\" \/>\n<meta property=\"article:modified_time\" content=\"2023-09-22T13:38:05+00:00\" \/>\n<meta property=\"og:image\" content=\"https:\/\/www.electrahotels.gr\/app\/uploads\/sites\/75\/2022\/11\/POOL-ISLE.jpg\" \/>\n\t<meta property=\"og:image:width\" content=\"1920\" \/>\n\t<meta property=\"og:image:height\" content=\"1080\" \/>\n\t<meta property=\"og:image:type\" content=\"image\/jpeg\" \/>\n<meta name=\"twitter:card\" content=\"summary_large_image\" \/>\n<meta name=\"twitter:label1\" content=\"Tiempo de lectura\" \/>\n\t<meta name=\"twitter:data1\" content=\"1 minuto\" \/>\n<script type=\"application\/ld+json\" class=\"yoast-schema-graph\">{\"@context\":\"https:\\\/\\\/schema.org\",\"@graph\":[{\"@type\":\"WebPage\",\"@id\":\"https:\\\/\\\/www.electrahotels.gr\\\/es\\\/nuestros-hoteles\\\/palacio-electra-de-rodas\\\/full-scale-property-revamp-in-2023\\\/\",\"url\":\"https:\\\/\\\/www.electrahotels.gr\\\/es\\\/nuestros-hoteles\\\/palacio-electra-de-rodas\\\/full-scale-property-revamp-in-2023\\\/\",\"name\":\"La experiencia Electra Palace Rodas - Electra Hotels &amp; Resorts\",\"isPartOf\":{\"@id\":\"https:\\\/\\\/www.electrahotels.gr\\\/es\\\/#website\"},\"primaryImageOfPage\":{\"@id\":\"https:\\\/\\\/www.electrahotels.gr\\\/es\\\/nuestros-hoteles\\\/palacio-electra-de-rodas\\\/full-scale-property-revamp-in-2023\\\/#primaryimage\"},\"image\":{\"@id\":\"https:\\\/\\\/www.electrahotels.gr\\\/es\\\/nuestros-hoteles\\\/palacio-electra-de-rodas\\\/full-scale-property-revamp-in-2023\\\/#primaryimage\"},\"thumbnailUrl\":\"https:\\\/\\\/www.electrahotels.gr\\\/app\\\/uploads\\\/2022\\\/11\\\/POOL-ISLE.jpg\",\"datePublished\":\"2023-01-19T11:24:24+00:00\",\"dateModified\":\"2023-09-22T13:38:05+00:00\",\"description\":\"El Electra Palace Rodas se est\u00e1 renovando por completo, y su inauguraci\u00f3n est\u00e1 prevista para la temporada de 2023.\",\"breadcrumb\":{\"@id\":\"https:\\\/\\\/www.electrahotels.gr\\\/es\\\/nuestros-hoteles\\\/palacio-electra-de-rodas\\\/full-scale-property-revamp-in-2023\\\/#breadcrumb\"},\"inLanguage\":\"es\",\"potentialAction\":[{\"@type\":\"ReadAction\",\"target\":[\"https:\\\/\\\/www.electrahotels.gr\\\/es\\\/nuestros-hoteles\\\/palacio-electra-de-rodas\\\/full-scale-property-revamp-in-2023\\\/\"]}]},{\"@type\":\"ImageObject\",\"inLanguage\":\"es\",\"@id\":\"https:\\\/\\\/www.electrahotels.gr\\\/es\\\/nuestros-hoteles\\\/palacio-electra-de-rodas\\\/full-scale-property-revamp-in-2023\\\/#primaryimage\",\"url\":\"https:\\\/\\\/www.electrahotels.gr\\\/app\\\/uploads\\\/2022\\\/11\\\/POOL-ISLE.jpg\",\"contentUrl\":\"https:\\\/\\\/www.electrahotels.gr\\\/app\\\/uploads\\\/2022\\\/11\\\/POOL-ISLE.jpg\",\"width\":1920,\"height\":1080},{\"@type\":\"BreadcrumbList\",\"@id\":\"https:\\\/\\\/www.electrahotels.gr\\\/es\\\/nuestros-hoteles\\\/palacio-electra-de-rodas\\\/full-scale-property-revamp-in-2023\\\/#breadcrumb\",\"itemListElement\":[{\"@type\":\"ListItem\",\"position\":1,\"name\":\"Home\",\"item\":\"https:\\\/\\\/www.electrahotels.gr\\\/es\\\/\"},{\"@type\":\"ListItem\",\"position\":2,\"name\":\"Nuestros hoteles\",\"item\":\"https:\\\/\\\/www.electrahotels.gr\\\/es\\\/nuestros-hoteles\\\/\"},{\"@type\":\"ListItem\",\"position\":3,\"name\":\"Electra Palace Rhode\",\"item\":\"https:\\\/\\\/www.electrahotels.gr\\\/es\\\/nuestros-hoteles\\\/palacio-electra-de-rodas\\\/\"},{\"@type\":\"ListItem\",\"position\":4,\"name\":\"La experiencia Electra Palace Rodas\"}]},{\"@type\":\"WebSite\",\"@id\":\"https:\\\/\\\/www.electrahotels.gr\\\/es\\\/#website\",\"url\":\"https:\\\/\\\/www.electrahotels.gr\\\/es\\\/\",\"name\":\"Electra Hotels &amp; Resorts\",\"description\":\"A group of luxury hotels in Athens, Thessaloniki, Rhodes and Kefalonia committed to offering quality hospitality, service and luxury\",\"potentialAction\":[{\"@type\":\"SearchAction\",\"target\":{\"@type\":\"EntryPoint\",\"urlTemplate\":\"https:\\\/\\\/www.electrahotels.gr\\\/es\\\/?s={search_term_string}\"},\"query-input\":{\"@type\":\"PropertyValueSpecification\",\"valueRequired\":true,\"valueName\":\"search_term_string\"}}],\"inLanguage\":\"es\"}]}<\/script>\n<!-- \/ Yoast SEO plugin. -->","yoast_head_json":{"title":"La experiencia Electra Palace Rodas - Electra Hotels &amp; Resorts","description":"El Electra Palace Rodas se est\u00e1 renovando por completo, y su inauguraci\u00f3n est\u00e1 prevista para la temporada de 2023.","robots":{"index":"index","follow":"follow","max-snippet":"max-snippet:-1","max-image-preview":"max-image-preview:large","max-video-preview":"max-video-preview:-1"},"canonical":"https:\/\/www.electrahotels.gr\/es\/nuestros-hoteles\/palacio-electra-de-rodas\/full-scale-property-revamp-in-2023\/","og_locale":"es_ES","og_type":"article","og_title":"La experiencia Electra Palace Rodas - Electra Hotels &amp; Resorts","og_description":"El Electra Palace Rodas se est\u00e1 renovando por completo, y su inauguraci\u00f3n est\u00e1 prevista para la temporada de 2023.","og_url":"https:\/\/www.electrahotels.gr\/es\/nuestros-hoteles\/palacio-electra-de-rodas\/full-scale-property-revamp-in-2023\/","og_site_name":"Electra Hotels &amp; Resorts","article_modified_time":"2023-09-22T13:38:05+00:00","og_image":[{"width":1920,"height":1080,"url":"https:\/\/www.electrahotels.gr\/app\/uploads\/sites\/75\/2022\/11\/POOL-ISLE.jpg","type":"image\/jpeg"}],"twitter_card":"summary_large_image","twitter_misc":{"Tiempo de lectura":"1 minuto"},"schema":{"@context":"https:\/\/schema.org","@graph":[{"@type":"WebPage","@id":"https:\/\/www.electrahotels.gr\/es\/nuestros-hoteles\/palacio-electra-de-rodas\/full-scale-property-revamp-in-2023\/","url":"https:\/\/www.electrahotels.gr\/es\/nuestros-hoteles\/palacio-electra-de-rodas\/full-scale-property-revamp-in-2023\/","name":"La experiencia Electra Palace Rodas - Electra Hotels &amp; Resorts","isPartOf":{"@id":"https:\/\/www.electrahotels.gr\/es\/#website"},"primaryImageOfPage":{"@id":"https:\/\/www.electrahotels.gr\/es\/nuestros-hoteles\/palacio-electra-de-rodas\/full-scale-property-revamp-in-2023\/#primaryimage"},"image":{"@id":"https:\/\/www.electrahotels.gr\/es\/nuestros-hoteles\/palacio-electra-de-rodas\/full-scale-property-revamp-in-2023\/#primaryimage"},"thumbnailUrl":"https:\/\/www.electrahotels.gr\/app\/uploads\/2022\/11\/POOL-ISLE.jpg","datePublished":"2023-01-19T11:24:24+00:00","dateModified":"2023-09-22T13:38:05+00:00","description":"El Electra Palace Rodas se est\u00e1 renovando por completo, y su inauguraci\u00f3n est\u00e1 prevista para la temporada de 2023.","breadcrumb":{"@id":"https:\/\/www.electrahotels.gr\/es\/nuestros-hoteles\/palacio-electra-de-rodas\/full-scale-property-revamp-in-2023\/#breadcrumb"},"inLanguage":"es","potentialAction":[{"@type":"ReadAction","target":["https:\/\/www.electrahotels.gr\/es\/nuestros-hoteles\/palacio-electra-de-rodas\/full-scale-property-revamp-in-2023\/"]}]},{"@type":"ImageObject","inLanguage":"es","@id":"https:\/\/www.electrahotels.gr\/es\/nuestros-hoteles\/palacio-electra-de-rodas\/full-scale-property-revamp-in-2023\/#primaryimage","url":"https:\/\/www.electrahotels.gr\/app\/uploads\/2022\/11\/POOL-ISLE.jpg","contentUrl":"https:\/\/www.electrahotels.gr\/app\/uploads\/2022\/11\/POOL-ISLE.jpg","width":1920,"height":1080},{"@type":"BreadcrumbList","@id":"https:\/\/www.electrahotels.gr\/es\/nuestros-hoteles\/palacio-electra-de-rodas\/full-scale-property-revamp-in-2023\/#breadcrumb","itemListElement":[{"@type":"ListItem","position":1,"name":"Home","item":"https:\/\/www.electrahotels.gr\/es\/"},{"@type":"ListItem","position":2,"name":"Nuestros hoteles","item":"https:\/\/www.electrahotels.gr\/es\/nuestros-hoteles\/"},{"@type":"ListItem","position":3,"name":"Electra Palace Rhode","item":"https:\/\/www.electrahotels.gr\/es\/nuestros-hoteles\/palacio-electra-de-rodas\/"},{"@type":"ListItem","position":4,"name":"La experiencia Electra Palace Rodas"}]},{"@type":"WebSite","@id":"https:\/\/www.electrahotels.gr\/es\/#website","url":"https:\/\/www.electrahotels.gr\/es\/","name":"Electra Hotels &amp; Resorts","description":"A group of luxury hotels in Athens, Thessaloniki, Rhodes and Kefalonia committed to offering quality hospitality, service and luxury","potentialAction":[{"@type":"SearchAction","target":{"@type":"EntryPoint","urlTemplate":"https:\/\/www.electrahotels.gr\/es\/?s={search_term_string}"},"query-input":{"@type":"PropertyValueSpecification","valueRequired":true,"valueName":"search_term_string"}}],"inLanguage":"es"}]}},"_links":{"self":[{"href":"https:\/\/www.electrahotels.gr\/es\/wp-json\/wp\/v2\/pages\/34737","targetHints":{"allow":["GET"]}}],"collection":[{"href":"https:\/\/www.electrahotels.gr\/es\/wp-json\/wp\/v2\/pages"}],"about":[{"href":"https:\/\/www.electrahotels.gr\/es\/wp-json\/wp\/v2\/types\/page"}],"author":[{"embeddable":true,"href":"https:\/\/www.electrahotels.gr\/es\/wp-json\/wp\/v2\/users\/1"}],"replies":[{"embeddable":true,"href":"https:\/\/www.electrahotels.gr\/es\/wp-json\/wp\/v2\/comments?post=34737"}],"version-history":[{"count":10,"href":"https:\/\/www.electrahotels.gr\/es\/wp-json\/wp\/v2\/pages\/34737\/revisions"}],"predecessor-version":[{"id":40108,"href":"https:\/\/www.electrahotels.gr\/es\/wp-json\/wp\/v2\/pages\/34737\/revisions\/40108"}],"up":[{"embeddable":true,"href":"https:\/\/www.electrahotels.gr\/es\/wp-json\/wp\/v2\/pages\/15585"}],"wp:featuredmedia":[{"embeddable":true,"href":"https:\/\/www.electrahotels.gr\/es\/wp-json\/wp\/v2\/media\/32424"}],"wp:attachment":[{"href":"https:\/\/www.electrahotels.gr\/es\/wp-json\/wp\/v2\/media?parent=34737"}],"wp:term":[{"taxonomy":"page_tag","embeddable":true,"href":"https:\/\/www.electrahotels.gr\/es\/wp-json\/wp\/v2\/page_tag?post=34737"}],"curies":[{"name":"wp","href":"https:\/\/api.w.org\/{rel}","templated":true}]}}