{"id":48228,"date":"2024-05-08T18:01:53","date_gmt":"2024-05-08T15:01:53","guid":{"rendered":"https:\/\/www.electrahotels.gr\/concierge-group\/"},"modified":"2024-06-13T15:06:30","modified_gmt":"2024-06-13T12:06:30","slug":"concierge-group","status":"publish","type":"page","link":"https:\/\/www.electrahotels.gr\/es\/concierge-group\/","title":{"rendered":"Concierge Group"},"content":{"rendered":"\n<p>En Electra Hotels &amp; Resorts, creemos que cada momento de su viaje debe ser extraordinario. Por eso hemos creado nuestro servicio de conserjer\u00eda para que sea su compa\u00f1ero de confianza, tanto in situ como en l\u00ednea, dedicado a crear momentos que permanezcan con usted mucho tiempo despu\u00e9s de su visita.<\/p>\n\n\n\n<p>Imag\u00ednese saboreando los mejores vinos, disfrutando de exquisitas experiencias gastron\u00f3micas y dej\u00e1ndose mimar con rejuvenecedores tratamientos de spa. Con nuestra experta selecci\u00f3n de actividades, desde visitas a lugares hist\u00f3ricos a excursiones culturales, cada aspecto de su viaje est\u00e1 dise\u00f1ado para sumergirle en la riqueza de su destino.<\/p>\n\n\n\n<p>El Conserje Electra es algo m\u00e1s que un servicio &#8211; habiendo experimentado ellos mismos las sugerencias, nuestros conserjes son apasionados narradores, deseosos de desvelar las joyas ocultas y los secretos locales que hacen que cada destino sea \u00fanico. Tanto si est\u00e1 explorando las calles aleda\u00f1as en uno de nuestros hoteles urbanos como relaj\u00e1ndose en una playa virgen en uno de nuestros resorts isle\u00f1os, nuestros dedicados conserjes est\u00e1n siempre a su servicio, listos para convertir sus sue\u00f1os en realidad y convertirse en sus gu\u00edas mientras descubre nuevos destinos.<\/p>\n\n\n\n<p>Donde cada experiencia se elabora con esmero y cada momento refleja la hospitalidad griega en estado puro.<\/p>\n","protected":false},"excerpt":{"rendered":"<p>En Electra Hotels &amp; Resorts, creemos que cada momento de su viaje debe ser extraordinario. Por eso hemos creado nuestro servicio de conserjer\u00eda para que sea su compa\u00f1ero de confianza, tanto in situ como en l\u00ednea, dedicado a crear momentos que permanezcan con usted mucho tiempo despu\u00e9s de su visita. Imag\u00ednese saboreando los mejores vinos,<\/p>\n","protected":false},"author":200,"featured_media":48093,"parent":0,"menu_order":0,"comment_status":"closed","ping_status":"closed","template":"page-templates\/concierge-group.php","meta":{"_acf_changed":false,"footnotes":""},"page_tag":[],"class_list":["post-48228","page","type-page","status-publish","has-post-thumbnail","hentry"],"acf":[],"yoast_head":"<!-- This site is optimized with the Yoast SEO plugin v27.4 - https:\/\/yoast.com\/product\/yoast-seo-wordpress\/ -->\n<title>Concierge Group - Electra Hotels &amp; Resorts<\/title>\n<meta name=\"robots\" content=\"index, follow, max-snippet:-1, max-image-preview:large, max-video-preview:-1\" \/>\n<link rel=\"canonical\" href=\"https:\/\/www.electrahotels.gr\/es\/concierge-group\/\" \/>\n<meta property=\"og:locale\" content=\"es_ES\" \/>\n<meta property=\"og:type\" content=\"article\" \/>\n<meta property=\"og:title\" content=\"Concierge Group - Electra Hotels &amp; Resorts\" \/>\n<meta property=\"og:description\" content=\"En Electra Hotels &amp; Resorts, creemos que cada momento de su viaje debe ser extraordinario. Por eso hemos creado nuestro servicio de conserjer\u00eda para que sea su compa\u00f1ero de confianza, tanto in situ como en l\u00ednea, dedicado a crear momentos que permanezcan con usted mucho tiempo despu\u00e9s de su visita. Imag\u00ednese saboreando los mejores vinos,\" \/>\n<meta property=\"og:url\" content=\"https:\/\/www.electrahotels.gr\/es\/concierge-group\/\" \/>\n<meta property=\"og:site_name\" content=\"Electra Hotels &amp; Resorts\" \/>\n<meta property=\"article:modified_time\" content=\"2024-06-13T12:06:30+00:00\" \/>\n<meta property=\"og:image\" content=\"https:\/\/www.electrahotels.gr\/app\/uploads\/2024\/06\/main-photo-concierge.jpg\" \/>\n\t<meta property=\"og:image:width\" content=\"901\" \/>\n\t<meta property=\"og:image:height\" content=\"1200\" \/>\n\t<meta property=\"og:image:type\" content=\"image\/jpeg\" \/>\n<meta name=\"twitter:card\" content=\"summary_large_image\" \/>\n<meta name=\"twitter:label1\" content=\"Tiempo de lectura\" \/>\n\t<meta name=\"twitter:data1\" content=\"2 minutos\" \/>\n<script type=\"application\/ld+json\" class=\"yoast-schema-graph\">{\"@context\":\"https:\\\/\\\/schema.org\",\"@graph\":[{\"@type\":\"WebPage\",\"@id\":\"https:\\\/\\\/www.electrahotels.gr\\\/es\\\/concierge-group\\\/\",\"url\":\"https:\\\/\\\/www.electrahotels.gr\\\/es\\\/concierge-group\\\/\",\"name\":\"Concierge Group - Electra Hotels &amp; Resorts\",\"isPartOf\":{\"@id\":\"https:\\\/\\\/www.electrahotels.gr\\\/es\\\/#website\"},\"primaryImageOfPage\":{\"@id\":\"https:\\\/\\\/www.electrahotels.gr\\\/es\\\/concierge-group\\\/#primaryimage\"},\"image\":{\"@id\":\"https:\\\/\\\/www.electrahotels.gr\\\/es\\\/concierge-group\\\/#primaryimage\"},\"thumbnailUrl\":\"https:\\\/\\\/www.electrahotels.gr\\\/app\\\/uploads\\\/2024\\\/06\\\/main-photo-concierge.jpg\",\"datePublished\":\"2024-05-08T15:01:53+00:00\",\"dateModified\":\"2024-06-13T12:06:30+00:00\",\"breadcrumb\":{\"@id\":\"https:\\\/\\\/www.electrahotels.gr\\\/es\\\/concierge-group\\\/#breadcrumb\"},\"inLanguage\":\"es\",\"potentialAction\":[{\"@type\":\"ReadAction\",\"target\":[\"https:\\\/\\\/www.electrahotels.gr\\\/es\\\/concierge-group\\\/\"]}]},{\"@type\":\"ImageObject\",\"inLanguage\":\"es\",\"@id\":\"https:\\\/\\\/www.electrahotels.gr\\\/es\\\/concierge-group\\\/#primaryimage\",\"url\":\"https:\\\/\\\/www.electrahotels.gr\\\/app\\\/uploads\\\/2024\\\/06\\\/main-photo-concierge.jpg\",\"contentUrl\":\"https:\\\/\\\/www.electrahotels.gr\\\/app\\\/uploads\\\/2024\\\/06\\\/main-photo-concierge.jpg\",\"width\":901,\"height\":1200},{\"@type\":\"BreadcrumbList\",\"@id\":\"https:\\\/\\\/www.electrahotels.gr\\\/es\\\/concierge-group\\\/#breadcrumb\",\"itemListElement\":[{\"@type\":\"ListItem\",\"position\":1,\"name\":\"Home\",\"item\":\"https:\\\/\\\/www.electrahotels.gr\\\/es\\\/\"},{\"@type\":\"ListItem\",\"position\":2,\"name\":\"Concierge Group\"}]},{\"@type\":\"WebSite\",\"@id\":\"https:\\\/\\\/www.electrahotels.gr\\\/es\\\/#website\",\"url\":\"https:\\\/\\\/www.electrahotels.gr\\\/es\\\/\",\"name\":\"Electra Hotels &amp; Resorts\",\"description\":\"A group of luxury hotels in Athens, Thessaloniki, Rhodes and Kefalonia committed to offering quality hospitality, service and luxury\",\"potentialAction\":[{\"@type\":\"SearchAction\",\"target\":{\"@type\":\"EntryPoint\",\"urlTemplate\":\"https:\\\/\\\/www.electrahotels.gr\\\/es\\\/?s={search_term_string}\"},\"query-input\":{\"@type\":\"PropertyValueSpecification\",\"valueRequired\":true,\"valueName\":\"search_term_string\"}}],\"inLanguage\":\"es\"}]}<\/script>\n<!-- \/ Yoast SEO plugin. -->","yoast_head_json":{"title":"Concierge Group - Electra Hotels &amp; Resorts","robots":{"index":"index","follow":"follow","max-snippet":"max-snippet:-1","max-image-preview":"max-image-preview:large","max-video-preview":"max-video-preview:-1"},"canonical":"https:\/\/www.electrahotels.gr\/es\/concierge-group\/","og_locale":"es_ES","og_type":"article","og_title":"Concierge Group - Electra Hotels &amp; Resorts","og_description":"En Electra Hotels &amp; Resorts, creemos que cada momento de su viaje debe ser extraordinario. Por eso hemos creado nuestro servicio de conserjer\u00eda para que sea su compa\u00f1ero de confianza, tanto in situ como en l\u00ednea, dedicado a crear momentos que permanezcan con usted mucho tiempo despu\u00e9s de su visita. Imag\u00ednese saboreando los mejores vinos,","og_url":"https:\/\/www.electrahotels.gr\/es\/concierge-group\/","og_site_name":"Electra Hotels &amp; Resorts","article_modified_time":"2024-06-13T12:06:30+00:00","og_image":[{"width":901,"height":1200,"url":"https:\/\/www.electrahotels.gr\/app\/uploads\/2024\/06\/main-photo-concierge.jpg","type":"image\/jpeg"}],"twitter_card":"summary_large_image","twitter_misc":{"Tiempo de lectura":"2 minutos"},"schema":{"@context":"https:\/\/schema.org","@graph":[{"@type":"WebPage","@id":"https:\/\/www.electrahotels.gr\/es\/concierge-group\/","url":"https:\/\/www.electrahotels.gr\/es\/concierge-group\/","name":"Concierge Group - Electra Hotels &amp; Resorts","isPartOf":{"@id":"https:\/\/www.electrahotels.gr\/es\/#website"},"primaryImageOfPage":{"@id":"https:\/\/www.electrahotels.gr\/es\/concierge-group\/#primaryimage"},"image":{"@id":"https:\/\/www.electrahotels.gr\/es\/concierge-group\/#primaryimage"},"thumbnailUrl":"https:\/\/www.electrahotels.gr\/app\/uploads\/2024\/06\/main-photo-concierge.jpg","datePublished":"2024-05-08T15:01:53+00:00","dateModified":"2024-06-13T12:06:30+00:00","breadcrumb":{"@id":"https:\/\/www.electrahotels.gr\/es\/concierge-group\/#breadcrumb"},"inLanguage":"es","potentialAction":[{"@type":"ReadAction","target":["https:\/\/www.electrahotels.gr\/es\/concierge-group\/"]}]},{"@type":"ImageObject","inLanguage":"es","@id":"https:\/\/www.electrahotels.gr\/es\/concierge-group\/#primaryimage","url":"https:\/\/www.electrahotels.gr\/app\/uploads\/2024\/06\/main-photo-concierge.jpg","contentUrl":"https:\/\/www.electrahotels.gr\/app\/uploads\/2024\/06\/main-photo-concierge.jpg","width":901,"height":1200},{"@type":"BreadcrumbList","@id":"https:\/\/www.electrahotels.gr\/es\/concierge-group\/#breadcrumb","itemListElement":[{"@type":"ListItem","position":1,"name":"Home","item":"https:\/\/www.electrahotels.gr\/es\/"},{"@type":"ListItem","position":2,"name":"Concierge Group"}]},{"@type":"WebSite","@id":"https:\/\/www.electrahotels.gr\/es\/#website","url":"https:\/\/www.electrahotels.gr\/es\/","name":"Electra Hotels &amp; Resorts","description":"A group of luxury hotels in Athens, Thessaloniki, Rhodes and Kefalonia committed to offering quality hospitality, service and luxury","potentialAction":[{"@type":"SearchAction","target":{"@type":"EntryPoint","urlTemplate":"https:\/\/www.electrahotels.gr\/es\/?s={search_term_string}"},"query-input":{"@type":"PropertyValueSpecification","valueRequired":true,"valueName":"search_term_string"}}],"inLanguage":"es"}]}},"_links":{"self":[{"href":"https:\/\/www.electrahotels.gr\/es\/wp-json\/wp\/v2\/pages\/48228","targetHints":{"allow":["GET"]}}],"collection":[{"href":"https:\/\/www.electrahotels.gr\/es\/wp-json\/wp\/v2\/pages"}],"about":[{"href":"https:\/\/www.electrahotels.gr\/es\/wp-json\/wp\/v2\/types\/page"}],"author":[{"embeddable":true,"href":"https:\/\/www.electrahotels.gr\/es\/wp-json\/wp\/v2\/users\/200"}],"replies":[{"embeddable":true,"href":"https:\/\/www.electrahotels.gr\/es\/wp-json\/wp\/v2\/comments?post=48228"}],"version-history":[{"count":2,"href":"https:\/\/www.electrahotels.gr\/es\/wp-json\/wp\/v2\/pages\/48228\/revisions"}],"predecessor-version":[{"id":48235,"href":"https:\/\/www.electrahotels.gr\/es\/wp-json\/wp\/v2\/pages\/48228\/revisions\/48235"}],"wp:featuredmedia":[{"embeddable":true,"href":"https:\/\/www.electrahotels.gr\/es\/wp-json\/wp\/v2\/media\/48093"}],"wp:attachment":[{"href":"https:\/\/www.electrahotels.gr\/es\/wp-json\/wp\/v2\/media?parent=48228"}],"wp:term":[{"taxonomy":"page_tag","embeddable":true,"href":"https:\/\/www.electrahotels.gr\/es\/wp-json\/wp\/v2\/page_tag?post=48228"}],"curies":[{"name":"wp","href":"https:\/\/api.w.org\/{rel}","templated":true}]}}