{"id":48252,"date":"2024-05-10T10:43:52","date_gmt":"2024-05-10T07:43:52","guid":{"rendered":"https:\/\/www.electrahotels.gr\/nuestros-hoteles\/palacio-electra-de-atenas\/concierge\/"},"modified":"2024-09-23T16:43:23","modified_gmt":"2024-09-23T13:43:23","slug":"concierge","status":"publish","type":"page","link":"https:\/\/www.electrahotels.gr\/es\/nuestros-hoteles\/palacio-electra-de-atenas\/concierge\/","title":{"rendered":"Concierge"},"content":{"rendered":"\r\n<p>Ad\u00e9ntrese en el coraz\u00f3n de Atenas con nuestro servicio de conserjer\u00eda, donde cada petici\u00f3n es atendida con una atenci\u00f3n excepcional. Explore las vistas, sabores y sonidos de la ciudad con nuestras recomendaciones cuidadosamente elaboradas y adaptadas a sus intereses. El servicio de conserjer\u00eda del Electra Palace Athens est\u00e1 a su disposici\u00f3n, para mejorar su estancia con aut\u00e9nticos consejos para una experiencia de hospitalidad sin igual. Despl\u00e1cese hacia abajo para explorar todas las opciones disponibles.<\/p>\r\n","protected":false},"excerpt":{"rendered":"<p>Ad\u00e9ntrese en el coraz\u00f3n de Atenas con nuestro servicio de conserjer\u00eda, donde cada petici\u00f3n es atendida con una atenci\u00f3n excepcional. Explore las vistas, sabores y sonidos de la ciudad con nuestras recomendaciones cuidadosamente elaboradas y adaptadas a sus intereses. El servicio de conserjer\u00eda del Electra Palace Athens est\u00e1 a su disposici\u00f3n, para mejorar su estancia<\/p>\n","protected":false},"author":200,"featured_media":0,"parent":14141,"menu_order":0,"comment_status":"closed","ping_status":"closed","template":"page-templates\/concierge-hotel.php","meta":{"_acf_changed":false,"footnotes":""},"page_tag":[],"class_list":["post-48252","page","type-page","status-publish","hentry"],"acf":[],"yoast_head":"<!-- This site is optimized with the Yoast SEO plugin v27.4 - https:\/\/yoast.com\/product\/yoast-seo-wordpress\/ -->\n<title>Concierge - Electra Hotels &amp; Resorts<\/title>\n<meta name=\"robots\" content=\"index, follow, max-snippet:-1, max-image-preview:large, max-video-preview:-1\" \/>\n<link rel=\"canonical\" href=\"https:\/\/www.electrahotels.gr\/es\/nuestros-hoteles\/palacio-electra-de-atenas\/concierge\/\" \/>\n<meta property=\"og:locale\" content=\"es_ES\" \/>\n<meta property=\"og:type\" content=\"article\" \/>\n<meta property=\"og:title\" content=\"Concierge - Electra Hotels &amp; Resorts\" \/>\n<meta property=\"og:description\" content=\"Ad\u00e9ntrese en el coraz\u00f3n de Atenas con nuestro servicio de conserjer\u00eda, donde cada petici\u00f3n es atendida con una atenci\u00f3n excepcional. Explore las vistas, sabores y sonidos de la ciudad con nuestras recomendaciones cuidadosamente elaboradas y adaptadas a sus intereses. El servicio de conserjer\u00eda del Electra Palace Athens est\u00e1 a su disposici\u00f3n, para mejorar su estancia\" \/>\n<meta property=\"og:url\" content=\"https:\/\/www.electrahotels.gr\/es\/nuestros-hoteles\/palacio-electra-de-atenas\/concierge\/\" \/>\n<meta property=\"og:site_name\" content=\"Electra Hotels &amp; Resorts\" \/>\n<meta property=\"article:modified_time\" content=\"2024-09-23T13:43:23+00:00\" \/>\n<meta name=\"twitter:card\" content=\"summary_large_image\" \/>\n<meta name=\"twitter:label1\" content=\"Tiempo de lectura\" \/>\n\t<meta name=\"twitter:data1\" content=\"1 minuto\" \/>\n<script type=\"application\/ld+json\" class=\"yoast-schema-graph\">{\"@context\":\"https:\\\/\\\/schema.org\",\"@graph\":[{\"@type\":\"WebPage\",\"@id\":\"https:\\\/\\\/www.electrahotels.gr\\\/es\\\/nuestros-hoteles\\\/palacio-electra-de-atenas\\\/concierge\\\/\",\"url\":\"https:\\\/\\\/www.electrahotels.gr\\\/es\\\/nuestros-hoteles\\\/palacio-electra-de-atenas\\\/concierge\\\/\",\"name\":\"Concierge - Electra Hotels &amp; Resorts\",\"isPartOf\":{\"@id\":\"https:\\\/\\\/www.electrahotels.gr\\\/es\\\/#website\"},\"datePublished\":\"2024-05-10T07:43:52+00:00\",\"dateModified\":\"2024-09-23T13:43:23+00:00\",\"breadcrumb\":{\"@id\":\"https:\\\/\\\/www.electrahotels.gr\\\/es\\\/nuestros-hoteles\\\/palacio-electra-de-atenas\\\/concierge\\\/#breadcrumb\"},\"inLanguage\":\"es\",\"potentialAction\":[{\"@type\":\"ReadAction\",\"target\":[\"https:\\\/\\\/www.electrahotels.gr\\\/es\\\/nuestros-hoteles\\\/palacio-electra-de-atenas\\\/concierge\\\/\"]}]},{\"@type\":\"BreadcrumbList\",\"@id\":\"https:\\\/\\\/www.electrahotels.gr\\\/es\\\/nuestros-hoteles\\\/palacio-electra-de-atenas\\\/concierge\\\/#breadcrumb\",\"itemListElement\":[{\"@type\":\"ListItem\",\"position\":1,\"name\":\"Home\",\"item\":\"https:\\\/\\\/www.electrahotels.gr\\\/es\\\/\"},{\"@type\":\"ListItem\",\"position\":2,\"name\":\"Nuestros hoteles\",\"item\":\"https:\\\/\\\/www.electrahotels.gr\\\/es\\\/nuestros-hoteles\\\/\"},{\"@type\":\"ListItem\",\"position\":3,\"name\":\"Electra Palace Atenas\",\"item\":\"https:\\\/\\\/www.electrahotels.gr\\\/es\\\/nuestros-hoteles\\\/palacio-electra-de-atenas\\\/\"},{\"@type\":\"ListItem\",\"position\":4,\"name\":\"Concierge\"}]},{\"@type\":\"WebSite\",\"@id\":\"https:\\\/\\\/www.electrahotels.gr\\\/es\\\/#website\",\"url\":\"https:\\\/\\\/www.electrahotels.gr\\\/es\\\/\",\"name\":\"Electra Hotels &amp; Resorts\",\"description\":\"A group of luxury hotels in Athens, Thessaloniki, Rhodes and Kefalonia committed to offering quality hospitality, service and luxury\",\"potentialAction\":[{\"@type\":\"SearchAction\",\"target\":{\"@type\":\"EntryPoint\",\"urlTemplate\":\"https:\\\/\\\/www.electrahotels.gr\\\/es\\\/?s={search_term_string}\"},\"query-input\":{\"@type\":\"PropertyValueSpecification\",\"valueRequired\":true,\"valueName\":\"search_term_string\"}}],\"inLanguage\":\"es\"}]}<\/script>\n<!-- \/ Yoast SEO plugin. -->","yoast_head_json":{"title":"Concierge - Electra Hotels &amp; Resorts","robots":{"index":"index","follow":"follow","max-snippet":"max-snippet:-1","max-image-preview":"max-image-preview:large","max-video-preview":"max-video-preview:-1"},"canonical":"https:\/\/www.electrahotels.gr\/es\/nuestros-hoteles\/palacio-electra-de-atenas\/concierge\/","og_locale":"es_ES","og_type":"article","og_title":"Concierge - Electra Hotels &amp; Resorts","og_description":"Ad\u00e9ntrese en el coraz\u00f3n de Atenas con nuestro servicio de conserjer\u00eda, donde cada petici\u00f3n es atendida con una atenci\u00f3n excepcional. Explore las vistas, sabores y sonidos de la ciudad con nuestras recomendaciones cuidadosamente elaboradas y adaptadas a sus intereses. El servicio de conserjer\u00eda del Electra Palace Athens est\u00e1 a su disposici\u00f3n, para mejorar su estancia","og_url":"https:\/\/www.electrahotels.gr\/es\/nuestros-hoteles\/palacio-electra-de-atenas\/concierge\/","og_site_name":"Electra Hotels &amp; Resorts","article_modified_time":"2024-09-23T13:43:23+00:00","twitter_card":"summary_large_image","twitter_misc":{"Tiempo de lectura":"1 minuto"},"schema":{"@context":"https:\/\/schema.org","@graph":[{"@type":"WebPage","@id":"https:\/\/www.electrahotels.gr\/es\/nuestros-hoteles\/palacio-electra-de-atenas\/concierge\/","url":"https:\/\/www.electrahotels.gr\/es\/nuestros-hoteles\/palacio-electra-de-atenas\/concierge\/","name":"Concierge - Electra Hotels &amp; Resorts","isPartOf":{"@id":"https:\/\/www.electrahotels.gr\/es\/#website"},"datePublished":"2024-05-10T07:43:52+00:00","dateModified":"2024-09-23T13:43:23+00:00","breadcrumb":{"@id":"https:\/\/www.electrahotels.gr\/es\/nuestros-hoteles\/palacio-electra-de-atenas\/concierge\/#breadcrumb"},"inLanguage":"es","potentialAction":[{"@type":"ReadAction","target":["https:\/\/www.electrahotels.gr\/es\/nuestros-hoteles\/palacio-electra-de-atenas\/concierge\/"]}]},{"@type":"BreadcrumbList","@id":"https:\/\/www.electrahotels.gr\/es\/nuestros-hoteles\/palacio-electra-de-atenas\/concierge\/#breadcrumb","itemListElement":[{"@type":"ListItem","position":1,"name":"Home","item":"https:\/\/www.electrahotels.gr\/es\/"},{"@type":"ListItem","position":2,"name":"Nuestros hoteles","item":"https:\/\/www.electrahotels.gr\/es\/nuestros-hoteles\/"},{"@type":"ListItem","position":3,"name":"Electra Palace Atenas","item":"https:\/\/www.electrahotels.gr\/es\/nuestros-hoteles\/palacio-electra-de-atenas\/"},{"@type":"ListItem","position":4,"name":"Concierge"}]},{"@type":"WebSite","@id":"https:\/\/www.electrahotels.gr\/es\/#website","url":"https:\/\/www.electrahotels.gr\/es\/","name":"Electra Hotels &amp; Resorts","description":"A group of luxury hotels in Athens, Thessaloniki, Rhodes and Kefalonia committed to offering quality hospitality, service and luxury","potentialAction":[{"@type":"SearchAction","target":{"@type":"EntryPoint","urlTemplate":"https:\/\/www.electrahotels.gr\/es\/?s={search_term_string}"},"query-input":{"@type":"PropertyValueSpecification","valueRequired":true,"valueName":"search_term_string"}}],"inLanguage":"es"}]}},"_links":{"self":[{"href":"https:\/\/www.electrahotels.gr\/es\/wp-json\/wp\/v2\/pages\/48252","targetHints":{"allow":["GET"]}}],"collection":[{"href":"https:\/\/www.electrahotels.gr\/es\/wp-json\/wp\/v2\/pages"}],"about":[{"href":"https:\/\/www.electrahotels.gr\/es\/wp-json\/wp\/v2\/types\/page"}],"author":[{"embeddable":true,"href":"https:\/\/www.electrahotels.gr\/es\/wp-json\/wp\/v2\/users\/200"}],"replies":[{"embeddable":true,"href":"https:\/\/www.electrahotels.gr\/es\/wp-json\/wp\/v2\/comments?post=48252"}],"version-history":[{"count":6,"href":"https:\/\/www.electrahotels.gr\/es\/wp-json\/wp\/v2\/pages\/48252\/revisions"}],"predecessor-version":[{"id":49952,"href":"https:\/\/www.electrahotels.gr\/es\/wp-json\/wp\/v2\/pages\/48252\/revisions\/49952"}],"up":[{"embeddable":true,"href":"https:\/\/www.electrahotels.gr\/es\/wp-json\/wp\/v2\/pages\/14141"}],"wp:attachment":[{"href":"https:\/\/www.electrahotels.gr\/es\/wp-json\/wp\/v2\/media?parent=48252"}],"wp:term":[{"taxonomy":"page_tag","embeddable":true,"href":"https:\/\/www.electrahotels.gr\/es\/wp-json\/wp\/v2\/page_tag?post=48252"}],"curies":[{"name":"wp","href":"https:\/\/api.w.org\/{rel}","templated":true}]}}