{"id":48288,"date":"2024-05-10T10:46:59","date_gmt":"2024-05-10T07:46:59","guid":{"rendered":"https:\/\/www.electrahotels.gr\/nuestros-hoteles\/palacio-electra-de-rodas\/concierge\/"},"modified":"2026-03-04T10:45:59","modified_gmt":"2026-03-04T08:45:59","slug":"concierge","status":"publish","type":"page","link":"https:\/\/www.electrahotels.gr\/es\/nuestros-hoteles\/palacio-electra-de-rodas\/concierge\/","title":{"rendered":"Concierge"},"content":{"rendered":"\r\n<p>Descubra el encanto de Rodas con nuestro servicio de conserjer\u00eda, donde cada momento de su estancia est\u00e1 meticulosamente organizado. Desde visitar las principales atracciones hasta hacer que su estancia con nosotros sea a\u00fan m\u00e1s especial, nuestros conserjes le acompa\u00f1ar\u00e1n para garantizarle experiencias incre\u00edbles. Hagamos que sus vacaciones sean inolvidables sumergi\u00e9ndose en el encanto de la isla de Rodas con nuestras ofertas personalizadas. Despl\u00e1cese hacia abajo para explorar todas las opciones disponibles.<\/p>\r\n","protected":false},"excerpt":{"rendered":"<p>Descubra el encanto de Rodas con nuestro servicio de conserjer\u00eda, donde cada momento de su estancia est\u00e1 meticulosamente organizado. Desde visitar las principales atracciones hasta hacer que su estancia con nosotros sea a\u00fan m\u00e1s especial, nuestros conserjes le acompa\u00f1ar\u00e1n para garantizarle experiencias incre\u00edbles. Hagamos que sus vacaciones sean inolvidables sumergi\u00e9ndose en el encanto de la<\/p>\n","protected":false},"author":200,"featured_media":0,"parent":15585,"menu_order":0,"comment_status":"closed","ping_status":"closed","template":"page-templates\/concierge-hotel.php","meta":{"_acf_changed":false,"footnotes":""},"page_tag":[],"class_list":["post-48288","page","type-page","status-publish","hentry"],"acf":[],"yoast_head":"<!-- This site is optimized with the Yoast SEO plugin v27.3 - https:\/\/yoast.com\/product\/yoast-seo-wordpress\/ -->\n<title>Concierge - Electra Hotels &amp; Resorts<\/title>\n<meta name=\"robots\" content=\"index, follow, max-snippet:-1, max-image-preview:large, max-video-preview:-1\" \/>\n<link rel=\"canonical\" href=\"https:\/\/www.electrahotels.gr\/es\/nuestros-hoteles\/palacio-electra-de-rodas\/concierge\/\" \/>\n<meta property=\"og:locale\" content=\"es_ES\" \/>\n<meta property=\"og:type\" content=\"article\" \/>\n<meta property=\"og:title\" content=\"Concierge - Electra Hotels &amp; Resorts\" \/>\n<meta property=\"og:description\" content=\"Descubra el encanto de Rodas con nuestro servicio de conserjer\u00eda, donde cada momento de su estancia est\u00e1 meticulosamente organizado. Desde visitar las principales atracciones hasta hacer que su estancia con nosotros sea a\u00fan m\u00e1s especial, nuestros conserjes le acompa\u00f1ar\u00e1n para garantizarle experiencias incre\u00edbles. Hagamos que sus vacaciones sean inolvidables sumergi\u00e9ndose en el encanto de la\" \/>\n<meta property=\"og:url\" content=\"https:\/\/www.electrahotels.gr\/es\/nuestros-hoteles\/palacio-electra-de-rodas\/concierge\/\" \/>\n<meta property=\"og:site_name\" content=\"Electra Hotels &amp; Resorts\" \/>\n<meta property=\"article:modified_time\" content=\"2026-03-04T08:45:59+00:00\" \/>\n<meta name=\"twitter:card\" content=\"summary_large_image\" \/>\n<meta name=\"twitter:label1\" content=\"Tiempo de lectura\" \/>\n\t<meta name=\"twitter:data1\" content=\"1 minuto\" \/>\n<script type=\"application\/ld+json\" class=\"yoast-schema-graph\">{\"@context\":\"https:\\\/\\\/schema.org\",\"@graph\":[{\"@type\":\"WebPage\",\"@id\":\"https:\\\/\\\/www.electrahotels.gr\\\/es\\\/nuestros-hoteles\\\/palacio-electra-de-rodas\\\/concierge\\\/\",\"url\":\"https:\\\/\\\/www.electrahotels.gr\\\/es\\\/nuestros-hoteles\\\/palacio-electra-de-rodas\\\/concierge\\\/\",\"name\":\"Concierge - Electra Hotels &amp; Resorts\",\"isPartOf\":{\"@id\":\"https:\\\/\\\/www.electrahotels.gr\\\/es\\\/#website\"},\"datePublished\":\"2024-05-10T07:46:59+00:00\",\"dateModified\":\"2026-03-04T08:45:59+00:00\",\"breadcrumb\":{\"@id\":\"https:\\\/\\\/www.electrahotels.gr\\\/es\\\/nuestros-hoteles\\\/palacio-electra-de-rodas\\\/concierge\\\/#breadcrumb\"},\"inLanguage\":\"es\",\"potentialAction\":[{\"@type\":\"ReadAction\",\"target\":[\"https:\\\/\\\/www.electrahotels.gr\\\/es\\\/nuestros-hoteles\\\/palacio-electra-de-rodas\\\/concierge\\\/\"]}]},{\"@type\":\"BreadcrumbList\",\"@id\":\"https:\\\/\\\/www.electrahotels.gr\\\/es\\\/nuestros-hoteles\\\/palacio-electra-de-rodas\\\/concierge\\\/#breadcrumb\",\"itemListElement\":[{\"@type\":\"ListItem\",\"position\":1,\"name\":\"Home\",\"item\":\"https:\\\/\\\/www.electrahotels.gr\\\/es\\\/\"},{\"@type\":\"ListItem\",\"position\":2,\"name\":\"Nuestros hoteles\",\"item\":\"https:\\\/\\\/www.electrahotels.gr\\\/es\\\/nuestros-hoteles\\\/\"},{\"@type\":\"ListItem\",\"position\":3,\"name\":\"Electra Palace Rhode\",\"item\":\"https:\\\/\\\/www.electrahotels.gr\\\/es\\\/nuestros-hoteles\\\/palacio-electra-de-rodas\\\/\"},{\"@type\":\"ListItem\",\"position\":4,\"name\":\"Concierge\"}]},{\"@type\":\"WebSite\",\"@id\":\"https:\\\/\\\/www.electrahotels.gr\\\/es\\\/#website\",\"url\":\"https:\\\/\\\/www.electrahotels.gr\\\/es\\\/\",\"name\":\"Electra Hotels &amp; Resorts\",\"description\":\"A group of luxury hotels in Athens, Thessaloniki, Rhodes and Kefalonia committed to offering quality hospitality, service and luxury\",\"potentialAction\":[{\"@type\":\"SearchAction\",\"target\":{\"@type\":\"EntryPoint\",\"urlTemplate\":\"https:\\\/\\\/www.electrahotels.gr\\\/es\\\/?s={search_term_string}\"},\"query-input\":{\"@type\":\"PropertyValueSpecification\",\"valueRequired\":true,\"valueName\":\"search_term_string\"}}],\"inLanguage\":\"es\"}]}<\/script>\n<!-- \/ Yoast SEO plugin. -->","yoast_head_json":{"title":"Concierge - Electra Hotels &amp; Resorts","robots":{"index":"index","follow":"follow","max-snippet":"max-snippet:-1","max-image-preview":"max-image-preview:large","max-video-preview":"max-video-preview:-1"},"canonical":"https:\/\/www.electrahotels.gr\/es\/nuestros-hoteles\/palacio-electra-de-rodas\/concierge\/","og_locale":"es_ES","og_type":"article","og_title":"Concierge - Electra Hotels &amp; Resorts","og_description":"Descubra el encanto de Rodas con nuestro servicio de conserjer\u00eda, donde cada momento de su estancia est\u00e1 meticulosamente organizado. Desde visitar las principales atracciones hasta hacer que su estancia con nosotros sea a\u00fan m\u00e1s especial, nuestros conserjes le acompa\u00f1ar\u00e1n para garantizarle experiencias incre\u00edbles. Hagamos que sus vacaciones sean inolvidables sumergi\u00e9ndose en el encanto de la","og_url":"https:\/\/www.electrahotels.gr\/es\/nuestros-hoteles\/palacio-electra-de-rodas\/concierge\/","og_site_name":"Electra Hotels &amp; Resorts","article_modified_time":"2026-03-04T08:45:59+00:00","twitter_card":"summary_large_image","twitter_misc":{"Tiempo de lectura":"1 minuto"},"schema":{"@context":"https:\/\/schema.org","@graph":[{"@type":"WebPage","@id":"https:\/\/www.electrahotels.gr\/es\/nuestros-hoteles\/palacio-electra-de-rodas\/concierge\/","url":"https:\/\/www.electrahotels.gr\/es\/nuestros-hoteles\/palacio-electra-de-rodas\/concierge\/","name":"Concierge - Electra Hotels &amp; Resorts","isPartOf":{"@id":"https:\/\/www.electrahotels.gr\/es\/#website"},"datePublished":"2024-05-10T07:46:59+00:00","dateModified":"2026-03-04T08:45:59+00:00","breadcrumb":{"@id":"https:\/\/www.electrahotels.gr\/es\/nuestros-hoteles\/palacio-electra-de-rodas\/concierge\/#breadcrumb"},"inLanguage":"es","potentialAction":[{"@type":"ReadAction","target":["https:\/\/www.electrahotels.gr\/es\/nuestros-hoteles\/palacio-electra-de-rodas\/concierge\/"]}]},{"@type":"BreadcrumbList","@id":"https:\/\/www.electrahotels.gr\/es\/nuestros-hoteles\/palacio-electra-de-rodas\/concierge\/#breadcrumb","itemListElement":[{"@type":"ListItem","position":1,"name":"Home","item":"https:\/\/www.electrahotels.gr\/es\/"},{"@type":"ListItem","position":2,"name":"Nuestros hoteles","item":"https:\/\/www.electrahotels.gr\/es\/nuestros-hoteles\/"},{"@type":"ListItem","position":3,"name":"Electra Palace Rhode","item":"https:\/\/www.electrahotels.gr\/es\/nuestros-hoteles\/palacio-electra-de-rodas\/"},{"@type":"ListItem","position":4,"name":"Concierge"}]},{"@type":"WebSite","@id":"https:\/\/www.electrahotels.gr\/es\/#website","url":"https:\/\/www.electrahotels.gr\/es\/","name":"Electra Hotels &amp; Resorts","description":"A group of luxury hotels in Athens, Thessaloniki, Rhodes and Kefalonia committed to offering quality hospitality, service and luxury","potentialAction":[{"@type":"SearchAction","target":{"@type":"EntryPoint","urlTemplate":"https:\/\/www.electrahotels.gr\/es\/?s={search_term_string}"},"query-input":{"@type":"PropertyValueSpecification","valueRequired":true,"valueName":"search_term_string"}}],"inLanguage":"es"}]}},"_links":{"self":[{"href":"https:\/\/www.electrahotels.gr\/es\/wp-json\/wp\/v2\/pages\/48288","targetHints":{"allow":["GET"]}}],"collection":[{"href":"https:\/\/www.electrahotels.gr\/es\/wp-json\/wp\/v2\/pages"}],"about":[{"href":"https:\/\/www.electrahotels.gr\/es\/wp-json\/wp\/v2\/types\/page"}],"author":[{"embeddable":true,"href":"https:\/\/www.electrahotels.gr\/es\/wp-json\/wp\/v2\/users\/200"}],"replies":[{"embeddable":true,"href":"https:\/\/www.electrahotels.gr\/es\/wp-json\/wp\/v2\/comments?post=48288"}],"version-history":[{"count":8,"href":"https:\/\/www.electrahotels.gr\/es\/wp-json\/wp\/v2\/pages\/48288\/revisions"}],"predecessor-version":[{"id":58153,"href":"https:\/\/www.electrahotels.gr\/es\/wp-json\/wp\/v2\/pages\/48288\/revisions\/58153"}],"up":[{"embeddable":true,"href":"https:\/\/www.electrahotels.gr\/es\/wp-json\/wp\/v2\/pages\/15585"}],"wp:attachment":[{"href":"https:\/\/www.electrahotels.gr\/es\/wp-json\/wp\/v2\/media?parent=48288"}],"wp:term":[{"taxonomy":"page_tag","embeddable":true,"href":"https:\/\/www.electrahotels.gr\/es\/wp-json\/wp\/v2\/page_tag?post=48288"}],"curies":[{"name":"wp","href":"https:\/\/api.w.org\/{rel}","templated":true}]}}