{"id":48300,"date":"2024-05-10T10:42:57","date_gmt":"2024-05-10T07:42:57","guid":{"rendered":"https:\/\/www.electrahotels.gr\/nuestros-hoteles\/electra-cefalonia\/concierge\/"},"modified":"2025-02-05T10:18:14","modified_gmt":"2025-02-05T08:18:14","slug":"concierge","status":"publish","type":"page","link":"https:\/\/www.electrahotels.gr\/es\/nuestros-hoteles\/electra-cefalonia\/concierge\/","title":{"rendered":"Concierge"},"content":{"rendered":"\r\n<p>Descubra los secretos de Cefalonia con nuestro servicio de conserjer\u00eda, su puerta de acceso a experiencias excepcionales. Nuestros conserjes, que han explorado la isla por s\u00ed mismos, est\u00e1n deseosos de compartir todos sus tesoros. Tanto si se trata de descubrir los mejores lugares para disfrutar de la naturaleza o la cultura, cada recomendaci\u00f3n est\u00e1 pensada para mejorar su estancia con momentos aut\u00e9nticos. Despl\u00e1cese hacia abajo para explorar todas las opciones disponibles.<\/p>\r\n","protected":false},"excerpt":{"rendered":"<p>Descubra los secretos de Cefalonia con nuestro servicio de conserjer\u00eda, su puerta de acceso a experiencias excepcionales. Nuestros conserjes, que han explorado la isla por s\u00ed mismos, est\u00e1n deseosos de compartir todos sus tesoros. Tanto si se trata de descubrir los mejores lugares para disfrutar de la naturaleza o la cultura, cada recomendaci\u00f3n est\u00e1 pensada<\/p>\n","protected":false},"author":200,"featured_media":0,"parent":14140,"menu_order":0,"comment_status":"closed","ping_status":"closed","template":"page-templates\/concierge-hotel.php","meta":{"_acf_changed":false,"footnotes":""},"page_tag":[],"class_list":["post-48300","page","type-page","status-publish","hentry"],"acf":[],"yoast_head":"<!-- This site is optimized with the Yoast SEO plugin v27.4 - https:\/\/yoast.com\/product\/yoast-seo-wordpress\/ -->\n<title>Concierge - Electra Hotels &amp; Resorts<\/title>\n<meta name=\"robots\" content=\"index, follow, max-snippet:-1, max-image-preview:large, max-video-preview:-1\" \/>\n<link rel=\"canonical\" href=\"https:\/\/www.electrahotels.gr\/es\/nuestros-hoteles\/electra-cefalonia\/concierge\/\" \/>\n<meta property=\"og:locale\" content=\"es_ES\" \/>\n<meta property=\"og:type\" content=\"article\" \/>\n<meta property=\"og:title\" content=\"Concierge - Electra Hotels &amp; Resorts\" \/>\n<meta property=\"og:description\" content=\"Descubra los secretos de Cefalonia con nuestro servicio de conserjer\u00eda, su puerta de acceso a experiencias excepcionales. Nuestros conserjes, que han explorado la isla por s\u00ed mismos, est\u00e1n deseosos de compartir todos sus tesoros. Tanto si se trata de descubrir los mejores lugares para disfrutar de la naturaleza o la cultura, cada recomendaci\u00f3n est\u00e1 pensada\" \/>\n<meta property=\"og:url\" content=\"https:\/\/www.electrahotels.gr\/es\/nuestros-hoteles\/electra-cefalonia\/concierge\/\" \/>\n<meta property=\"og:site_name\" content=\"Electra Hotels &amp; Resorts\" \/>\n<meta property=\"article:modified_time\" content=\"2025-02-05T08:18:14+00:00\" \/>\n<meta name=\"twitter:card\" content=\"summary_large_image\" \/>\n<meta name=\"twitter:label1\" content=\"Tiempo de lectura\" \/>\n\t<meta name=\"twitter:data1\" content=\"1 minuto\" \/>\n<script type=\"application\/ld+json\" class=\"yoast-schema-graph\">{\"@context\":\"https:\\\/\\\/schema.org\",\"@graph\":[{\"@type\":\"WebPage\",\"@id\":\"https:\\\/\\\/www.electrahotels.gr\\\/es\\\/nuestros-hoteles\\\/electra-cefalonia\\\/concierge\\\/\",\"url\":\"https:\\\/\\\/www.electrahotels.gr\\\/es\\\/nuestros-hoteles\\\/electra-cefalonia\\\/concierge\\\/\",\"name\":\"Concierge - Electra Hotels &amp; Resorts\",\"isPartOf\":{\"@id\":\"https:\\\/\\\/www.electrahotels.gr\\\/es\\\/#website\"},\"datePublished\":\"2024-05-10T07:42:57+00:00\",\"dateModified\":\"2025-02-05T08:18:14+00:00\",\"breadcrumb\":{\"@id\":\"https:\\\/\\\/www.electrahotels.gr\\\/es\\\/nuestros-hoteles\\\/electra-cefalonia\\\/concierge\\\/#breadcrumb\"},\"inLanguage\":\"es\",\"potentialAction\":[{\"@type\":\"ReadAction\",\"target\":[\"https:\\\/\\\/www.electrahotels.gr\\\/es\\\/nuestros-hoteles\\\/electra-cefalonia\\\/concierge\\\/\"]}]},{\"@type\":\"BreadcrumbList\",\"@id\":\"https:\\\/\\\/www.electrahotels.gr\\\/es\\\/nuestros-hoteles\\\/electra-cefalonia\\\/concierge\\\/#breadcrumb\",\"itemListElement\":[{\"@type\":\"ListItem\",\"position\":1,\"name\":\"Home\",\"item\":\"https:\\\/\\\/www.electrahotels.gr\\\/es\\\/\"},{\"@type\":\"ListItem\",\"position\":2,\"name\":\"Nuestros hoteles\",\"item\":\"https:\\\/\\\/www.electrahotels.gr\\\/es\\\/nuestros-hoteles\\\/\"},{\"@type\":\"ListItem\",\"position\":3,\"name\":\"Electra Kefalonia Hotel and Spa\",\"item\":\"https:\\\/\\\/www.electrahotels.gr\\\/es\\\/nuestros-hoteles\\\/electra-cefalonia\\\/\"},{\"@type\":\"ListItem\",\"position\":4,\"name\":\"Concierge\"}]},{\"@type\":\"WebSite\",\"@id\":\"https:\\\/\\\/www.electrahotels.gr\\\/es\\\/#website\",\"url\":\"https:\\\/\\\/www.electrahotels.gr\\\/es\\\/\",\"name\":\"Electra Hotels &amp; Resorts\",\"description\":\"A group of luxury hotels in Athens, Thessaloniki, Rhodes and Kefalonia committed to offering quality hospitality, service and luxury\",\"potentialAction\":[{\"@type\":\"SearchAction\",\"target\":{\"@type\":\"EntryPoint\",\"urlTemplate\":\"https:\\\/\\\/www.electrahotels.gr\\\/es\\\/?s={search_term_string}\"},\"query-input\":{\"@type\":\"PropertyValueSpecification\",\"valueRequired\":true,\"valueName\":\"search_term_string\"}}],\"inLanguage\":\"es\"}]}<\/script>\n<!-- \/ Yoast SEO plugin. -->","yoast_head_json":{"title":"Concierge - Electra Hotels &amp; Resorts","robots":{"index":"index","follow":"follow","max-snippet":"max-snippet:-1","max-image-preview":"max-image-preview:large","max-video-preview":"max-video-preview:-1"},"canonical":"https:\/\/www.electrahotels.gr\/es\/nuestros-hoteles\/electra-cefalonia\/concierge\/","og_locale":"es_ES","og_type":"article","og_title":"Concierge - Electra Hotels &amp; Resorts","og_description":"Descubra los secretos de Cefalonia con nuestro servicio de conserjer\u00eda, su puerta de acceso a experiencias excepcionales. Nuestros conserjes, que han explorado la isla por s\u00ed mismos, est\u00e1n deseosos de compartir todos sus tesoros. Tanto si se trata de descubrir los mejores lugares para disfrutar de la naturaleza o la cultura, cada recomendaci\u00f3n est\u00e1 pensada","og_url":"https:\/\/www.electrahotels.gr\/es\/nuestros-hoteles\/electra-cefalonia\/concierge\/","og_site_name":"Electra Hotels &amp; Resorts","article_modified_time":"2025-02-05T08:18:14+00:00","twitter_card":"summary_large_image","twitter_misc":{"Tiempo de lectura":"1 minuto"},"schema":{"@context":"https:\/\/schema.org","@graph":[{"@type":"WebPage","@id":"https:\/\/www.electrahotels.gr\/es\/nuestros-hoteles\/electra-cefalonia\/concierge\/","url":"https:\/\/www.electrahotels.gr\/es\/nuestros-hoteles\/electra-cefalonia\/concierge\/","name":"Concierge - Electra Hotels &amp; Resorts","isPartOf":{"@id":"https:\/\/www.electrahotels.gr\/es\/#website"},"datePublished":"2024-05-10T07:42:57+00:00","dateModified":"2025-02-05T08:18:14+00:00","breadcrumb":{"@id":"https:\/\/www.electrahotels.gr\/es\/nuestros-hoteles\/electra-cefalonia\/concierge\/#breadcrumb"},"inLanguage":"es","potentialAction":[{"@type":"ReadAction","target":["https:\/\/www.electrahotels.gr\/es\/nuestros-hoteles\/electra-cefalonia\/concierge\/"]}]},{"@type":"BreadcrumbList","@id":"https:\/\/www.electrahotels.gr\/es\/nuestros-hoteles\/electra-cefalonia\/concierge\/#breadcrumb","itemListElement":[{"@type":"ListItem","position":1,"name":"Home","item":"https:\/\/www.electrahotels.gr\/es\/"},{"@type":"ListItem","position":2,"name":"Nuestros hoteles","item":"https:\/\/www.electrahotels.gr\/es\/nuestros-hoteles\/"},{"@type":"ListItem","position":3,"name":"Electra Kefalonia Hotel and Spa","item":"https:\/\/www.electrahotels.gr\/es\/nuestros-hoteles\/electra-cefalonia\/"},{"@type":"ListItem","position":4,"name":"Concierge"}]},{"@type":"WebSite","@id":"https:\/\/www.electrahotels.gr\/es\/#website","url":"https:\/\/www.electrahotels.gr\/es\/","name":"Electra Hotels &amp; Resorts","description":"A group of luxury hotels in Athens, Thessaloniki, Rhodes and Kefalonia committed to offering quality hospitality, service and luxury","potentialAction":[{"@type":"SearchAction","target":{"@type":"EntryPoint","urlTemplate":"https:\/\/www.electrahotels.gr\/es\/?s={search_term_string}"},"query-input":{"@type":"PropertyValueSpecification","valueRequired":true,"valueName":"search_term_string"}}],"inLanguage":"es"}]}},"_links":{"self":[{"href":"https:\/\/www.electrahotels.gr\/es\/wp-json\/wp\/v2\/pages\/48300","targetHints":{"allow":["GET"]}}],"collection":[{"href":"https:\/\/www.electrahotels.gr\/es\/wp-json\/wp\/v2\/pages"}],"about":[{"href":"https:\/\/www.electrahotels.gr\/es\/wp-json\/wp\/v2\/types\/page"}],"author":[{"embeddable":true,"href":"https:\/\/www.electrahotels.gr\/es\/wp-json\/wp\/v2\/users\/200"}],"replies":[{"embeddable":true,"href":"https:\/\/www.electrahotels.gr\/es\/wp-json\/wp\/v2\/comments?post=48300"}],"version-history":[{"count":8,"href":"https:\/\/www.electrahotels.gr\/es\/wp-json\/wp\/v2\/pages\/48300\/revisions"}],"predecessor-version":[{"id":52102,"href":"https:\/\/www.electrahotels.gr\/es\/wp-json\/wp\/v2\/pages\/48300\/revisions\/52102"}],"up":[{"embeddable":true,"href":"https:\/\/www.electrahotels.gr\/es\/wp-json\/wp\/v2\/pages\/14140"}],"wp:attachment":[{"href":"https:\/\/www.electrahotels.gr\/es\/wp-json\/wp\/v2\/media?parent=48300"}],"wp:term":[{"taxonomy":"page_tag","embeddable":true,"href":"https:\/\/www.electrahotels.gr\/es\/wp-json\/wp\/v2\/page_tag?post=48300"}],"curies":[{"name":"wp","href":"https:\/\/api.w.org\/{rel}","templated":true}]}}