{"id":10280,"date":"2021-11-26T13:57:24","date_gmt":"2021-11-26T11:57:24","guid":{"rendered":"https:\/\/www.electrahotels.gr\/accueil\/"},"modified":"2024-07-01T15:33:11","modified_gmt":"2024-07-01T12:33:11","slug":"accueil","status":"publish","type":"page","link":"https:\/\/www.electrahotels.gr\/fr\/","title":{"rendered":"Accueil"},"content":{"rendered":"\n<div class=\"wp-block-columns pt-3 pt-xl-5 pb-4 pb-xl-5\">\n<div class=\"wp-block-column col-12 col-lg-4\">\n<h6 class=\"wp-block-heading opacity-2 pl-lg-5\" id=\"our-philosophy\">Notre philosophie<\/h6>\n\n\n\n<h3 class=\"wp-block-heading pl-lg-5 mb-5 mb-lg-0\" id=\"we-create-warm-and-welcoming-environments\"><strong>Nous cr\u00e9ons des environnements chaleureux et accueillants<\/strong><\/h3>\n\n\n\n<p><\/p>\n<\/div>\n\n\n\n<div class=\"wp-block-column col-lg-2 d-none d-lg-block\"><\/div>\n\n\n\n<div class=\"wp-block-column col-12 col-lg-6\">\n<p class=\"pl-0\">Chaque h\u00f4tel de la cha\u00eene Electra Hotels &amp; Resorts vit selon les m\u00eames principes, mais se caract\u00e9rise par une individualit\u00e9 magn\u00e9tique. S&rsquo;inspirant fortement des vibrations de l&rsquo;endroit o\u00f9 il se trouve, chacun de nos h\u00f4tels poss\u00e8de un caract\u00e8re distinctif qui le distingue clairement. Leur caract\u00e8re est compl\u00e9t\u00e9 par des propositions idiosyncratiques de nourriture et de boissons, exclusives \u00e0 chaque h\u00f4tel.<\/p>\n\n\n\n<hr class=\"wp-block-separator max-20 ml-0 bg-secondary mt-5 mb-4\"\/>\n\n\n\n\n\t<div class=\"rating-wrapper position-relative d-flex\">\n\n\t\t<div class=\"rating mr-4 d-flex flex-column align-items-center\">\n\n\t\t\t<div class=\"title\">Classement<\/div>\n\n\t\t\t<div class=\"value opacity-4\">3.8<\/div>\n\n\t\t<\/div>\n\n\t\t<div class=\"reviews d-flex flex-column align-items-center\">\n\n\t\t\t<div class=\"title mb-3\">Critiques<\/div>\n\n\t\t\t<div class=\"stars-wrapper\">\n\n\t\t\t\t<div class=\"actual-rating\" style=\"width: 76%\"><\/div>\n\n\t\t\t<\/div>\n\n\t\t\t<div class=\"subtitle opacity-2 mt-2\">\n\n\t\t\t\tBas\u00e9 sur 12030 critiques\n\t\t\t<\/div>\n\n\t\t<\/div>\n\n\t<\/div>\n\n\n<\/div>\n<\/div>\n\n<div class=\"wp-block-columns\">\n<div class=\"wp-block-column\" style=\"flex-basis:100%\"><div data-scroll data-scroll-clip>\n<figure class=\"wp-block-image size-large is-resized is-style-default home-main-img\"><img loading=\"lazy\" decoding=\"async\" src=\"https:\/\/www.electrahotels.gr\/app\/uploads\/2021\/10\/1-EXTERIOR-MAIN-1.jpg-1-900x374.jpg\" alt=\"Electra Palace Thessalonique\" class=\"wp-image-5265\" width=\"1920\" height=\"798\" srcset=\"https:\/\/www.electrahotels.gr\/app\/uploads\/2021\/10\/1-EXTERIOR-MAIN-1.jpg-1-900x374.jpg 900w, https:\/\/www.electrahotels.gr\/app\/uploads\/2021\/10\/1-EXTERIOR-MAIN-1.jpg-1-600x249.jpg 600w, https:\/\/www.electrahotels.gr\/app\/uploads\/2021\/10\/1-EXTERIOR-MAIN-1.jpg-1-768x319.jpg 768w, https:\/\/www.electrahotels.gr\/app\/uploads\/2021\/10\/1-EXTERIOR-MAIN-1.jpg-1-1536x638.jpg 1536w, https:\/\/www.electrahotels.gr\/app\/uploads\/2021\/10\/1-EXTERIOR-MAIN-1.jpg-1-480x200.jpg 480w, https:\/\/www.electrahotels.gr\/app\/uploads\/2021\/10\/1-EXTERIOR-MAIN-1.jpg-1.jpg 1920w\" sizes=\"auto, (max-width: 1920px) 100vw, 1920px\" \/><\/figure>\n<\/div>\n\n\n<p><\/p>\n<\/div>\n<\/div>\n\n<div class=\"wp-block-columns pt-5 pb-5\">\n<div class=\"wp-block-column d-none d-lg-block col-lg-1\"><\/div>\n\n\n\n<div class=\"wp-block-column col-lg-5 col-12\">\n<p class=\"has-text-align-left pr-0 text-right\">Tout commence par un emplacement strat\u00e9gique, toujours dans des lieux choisis, pleins de caract\u00e8re et au c\u0153ur m\u00eame des choses. C&rsquo;est pourquoi chaque h\u00f4tel Electra, en plus d&rsquo;\u00eatre l&rsquo;endroit id\u00e9al pour les voyageurs qui recherchent des exp\u00e9riences haut de gamme de caract\u00e8re, est aussi le point de d\u00e9part id\u00e9al pour explorer la ville o\u00f9 il se trouve.<\/p>\n\n\n\n<hr class=\"wp-block-separator has-css-opacity w-25 mr-0 bg-secondary my-5\"\/>\n<\/div>\n\n\n\n<div class=\"wp-block-column col-lg-5 text-left col-12\">\n<p class=\"pl-0\">Quel que soit l&rsquo;h\u00f4tel que vous choisissez, vous pourrez vous plonger dans des exp\u00e9riences aussi uniques qu&rsquo;enrichissantes. Nous vous souhaitons la bienvenue dans votre propre base.<\/p>\n<\/div>\n\n\n\n<div class=\"wp-block-column d-none d-lg-block col-lg-1\"><\/div>\n<\/div>\n\n<div class=\"wp-block-columns\">\n<div class=\"wp-block-column d-none d-md-block\"><div data-scroll data-scroll-clip>\n<figure class=\"wp-block-image size-large\"><img loading=\"lazy\" decoding=\"async\" width=\"900\" height=\"600\" src=\"https:\/\/www.electrahotels.gr\/app\/uploads\/2021\/08\/electra_metropolis_athens_entrance_girl_luggage-2_resized-900x600.jpg\" alt=\"Electra Palace Ath&#xE8;nes\" class=\"wp-image-1325\" srcset=\"https:\/\/www.electrahotels.gr\/app\/uploads\/2021\/08\/electra_metropolis_athens_entrance_girl_luggage-2_resized-900x600.jpg 900w, https:\/\/www.electrahotels.gr\/app\/uploads\/2021\/08\/electra_metropolis_athens_entrance_girl_luggage-2_resized-600x400.jpg 600w, https:\/\/www.electrahotels.gr\/app\/uploads\/2021\/08\/electra_metropolis_athens_entrance_girl_luggage-2_resized-768x512.jpg 768w, https:\/\/www.electrahotels.gr\/app\/uploads\/2021\/08\/electra_metropolis_athens_entrance_girl_luggage-2_resized-1536x1024.jpg 1536w, https:\/\/www.electrahotels.gr\/app\/uploads\/2021\/08\/electra_metropolis_athens_entrance_girl_luggage-2_resized-480x320.jpg 480w, https:\/\/www.electrahotels.gr\/app\/uploads\/2021\/08\/electra_metropolis_athens_entrance_girl_luggage-2_resized.jpg 1920w\" sizes=\"auto, (max-width: 900px) 100vw, 900px\" \/><figcaption class=\"wp-element-caption\">Electra Metropolis Ath\u00e8nes<\/figcaption><\/figure>\n<\/div><\/div>\n\n\n\n<div class=\"wp-block-column\"><div data-scroll data-scroll-clip>\n<figure class=\"wp-block-image size-large\"><img loading=\"lazy\" decoding=\"async\" width=\"900\" height=\"600\" src=\"https:\/\/www.electrahotels.gr\/app\/uploads\/2021\/08\/Electra_Kefalonia_Hotel_And_Spa_Overview_Drone-19-1-900x600.jpg\" alt=\"\" class=\"wp-image-1414\" srcset=\"https:\/\/www.electrahotels.gr\/app\/uploads\/2021\/08\/Electra_Kefalonia_Hotel_And_Spa_Overview_Drone-19-1-900x600.jpg 900w, https:\/\/www.electrahotels.gr\/app\/uploads\/2021\/08\/Electra_Kefalonia_Hotel_And_Spa_Overview_Drone-19-1-600x400.jpg 600w, https:\/\/www.electrahotels.gr\/app\/uploads\/2021\/08\/Electra_Kefalonia_Hotel_And_Spa_Overview_Drone-19-1-768x512.jpg 768w, https:\/\/www.electrahotels.gr\/app\/uploads\/2021\/08\/Electra_Kefalonia_Hotel_And_Spa_Overview_Drone-19-1-1536x1023.jpg 1536w, https:\/\/www.electrahotels.gr\/app\/uploads\/2021\/08\/Electra_Kefalonia_Hotel_And_Spa_Overview_Drone-19-1-480x320.jpg 480w, https:\/\/www.electrahotels.gr\/app\/uploads\/2021\/08\/Electra_Kefalonia_Hotel_And_Spa_Overview_Drone-19-1.jpg 1920w\" sizes=\"auto, (max-width: 900px) 100vw, 900px\" \/><figcaption class=\"wp-element-caption\">Electra Kefalonia<\/figcaption><\/figure>\n<\/div><\/div>\n<\/div>\n\n<p><\/p>\n","protected":false},"excerpt":{"rendered":"<p>Notre philosophie Nous cr\u00e9ons des environnements chaleureux et accueillants Chaque h\u00f4tel de la cha\u00eene Electra Hotels &amp; Resorts vit selon les m\u00eames principes, mais se caract\u00e9rise par une individualit\u00e9 magn\u00e9tique. S&rsquo;inspirant fortement des vibrations de l&rsquo;endroit o\u00f9 il se trouve, chacun de nos h\u00f4tels poss\u00e8de un caract\u00e8re distinctif qui le distingue clairement. Leur caract\u00e8re est<\/p>\n","protected":false},"author":1,"featured_media":0,"parent":0,"menu_order":0,"comment_status":"closed","ping_status":"closed","template":"","meta":{"_acf_changed":false,"footnotes":""},"page_tag":[],"class_list":["post-10280","page","type-page","status-publish","hentry"],"acf":[],"yoast_head":"<!-- This site is optimized with the Yoast SEO plugin v27.4 - https:\/\/yoast.com\/product\/yoast-seo-wordpress\/ -->\n<title>Une collection haut de gamme d&#039;h\u00f4tels de luxe en Gr\u00e8ce || Electra Hotels<\/title>\n<meta name=\"description\" content=\"Electra Hotels est une collection d&#039;h\u00f4tels de luxe en Gr\u00e8ce inspir\u00e9e par la c\u00e9l\u00e8bre hospitalit\u00e9 grecque \u00e0 laquelle nous avons donn\u00e9 notre touche personnelle.\" \/>\n<meta name=\"robots\" content=\"index, follow, max-snippet:-1, max-image-preview:large, max-video-preview:-1\" \/>\n<link rel=\"canonical\" href=\"https:\/\/www.electrahotels.gr\/fr\/\" \/>\n<meta property=\"og:locale\" content=\"fr_FR\" \/>\n<meta property=\"og:type\" content=\"article\" \/>\n<meta property=\"og:title\" content=\"Une collection haut de gamme d&#039;h\u00f4tels de luxe en Gr\u00e8ce || Electra Hotels\" \/>\n<meta property=\"og:description\" content=\"Electra Hotels est une collection d&#039;h\u00f4tels de luxe en Gr\u00e8ce inspir\u00e9e par la c\u00e9l\u00e8bre hospitalit\u00e9 grecque \u00e0 laquelle nous avons donn\u00e9 notre touche personnelle.\" \/>\n<meta property=\"og:url\" content=\"https:\/\/www.electrahotels.gr\/fr\/\" \/>\n<meta property=\"og:site_name\" content=\"Electra Hotels &amp; Resorts\" \/>\n<meta property=\"article:modified_time\" content=\"2024-07-01T12:33:11+00:00\" \/>\n<meta property=\"og:image\" content=\"https:\/\/www.electrahotels.gr\/app\/uploads\/2021\/10\/1-EXTERIOR-MAIN-1.jpg-1-900x374.jpg\" \/>\n<meta name=\"twitter:card\" content=\"summary_large_image\" \/>\n<meta name=\"twitter:label1\" content=\"Dur\u00e9e de lecture estim\u00e9e\" \/>\n\t<meta name=\"twitter:data1\" content=\"2 minutes\" \/>\n<script type=\"application\/ld+json\" class=\"yoast-schema-graph\">{\"@context\":\"https:\\\/\\\/schema.org\",\"@graph\":[{\"@type\":\"WebPage\",\"@id\":\"https:\\\/\\\/www.electrahotels.gr\\\/fr\\\/\",\"url\":\"https:\\\/\\\/www.electrahotels.gr\\\/fr\\\/\",\"name\":\"Une collection haut de gamme d'h\u00f4tels de luxe en Gr\u00e8ce || Electra Hotels\",\"isPartOf\":{\"@id\":\"https:\\\/\\\/www.electrahotels.gr\\\/fr\\\/#website\"},\"primaryImageOfPage\":{\"@id\":\"https:\\\/\\\/www.electrahotels.gr\\\/fr\\\/#primaryimage\"},\"image\":{\"@id\":\"https:\\\/\\\/www.electrahotels.gr\\\/fr\\\/#primaryimage\"},\"thumbnailUrl\":\"https:\\\/\\\/www.electrahotels.gr\\\/app\\\/uploads\\\/2021\\\/10\\\/1-EXTERIOR-MAIN-1.jpg-1-900x374.jpg\",\"datePublished\":\"2021-11-26T11:57:24+00:00\",\"dateModified\":\"2024-07-01T12:33:11+00:00\",\"description\":\"Electra Hotels est une collection d'h\u00f4tels de luxe en Gr\u00e8ce inspir\u00e9e par la c\u00e9l\u00e8bre hospitalit\u00e9 grecque \u00e0 laquelle nous avons donn\u00e9 notre touche personnelle.\",\"breadcrumb\":{\"@id\":\"https:\\\/\\\/www.electrahotels.gr\\\/fr\\\/#breadcrumb\"},\"inLanguage\":\"fr-FR\",\"potentialAction\":[{\"@type\":\"ReadAction\",\"target\":[\"https:\\\/\\\/www.electrahotels.gr\\\/fr\\\/\"]}]},{\"@type\":\"ImageObject\",\"inLanguage\":\"fr-FR\",\"@id\":\"https:\\\/\\\/www.electrahotels.gr\\\/fr\\\/#primaryimage\",\"url\":\"https:\\\/\\\/www.electrahotels.gr\\\/app\\\/uploads\\\/2021\\\/10\\\/1-EXTERIOR-MAIN-1.jpg-1-900x374.jpg\",\"contentUrl\":\"https:\\\/\\\/www.electrahotels.gr\\\/app\\\/uploads\\\/2021\\\/10\\\/1-EXTERIOR-MAIN-1.jpg-1-900x374.jpg\"},{\"@type\":\"BreadcrumbList\",\"@id\":\"https:\\\/\\\/www.electrahotels.gr\\\/fr\\\/#breadcrumb\",\"itemListElement\":[{\"@type\":\"ListItem\",\"position\":1,\"name\":\"Home\",\"item\":\"https:\\\/\\\/www.electrahotels.gr\\\/fr\\\/\"},{\"@type\":\"ListItem\",\"position\":2,\"name\":\"Accueil\"}]},{\"@type\":\"WebSite\",\"@id\":\"https:\\\/\\\/www.electrahotels.gr\\\/fr\\\/#website\",\"url\":\"https:\\\/\\\/www.electrahotels.gr\\\/fr\\\/\",\"name\":\"Electra Hotels &amp; Resorts\",\"description\":\"A group of luxury hotels in Athens, Thessaloniki, Rhodes and Kefalonia committed to offering quality hospitality, service and luxury\",\"potentialAction\":[{\"@type\":\"SearchAction\",\"target\":{\"@type\":\"EntryPoint\",\"urlTemplate\":\"https:\\\/\\\/www.electrahotels.gr\\\/fr\\\/?s={search_term_string}\"},\"query-input\":{\"@type\":\"PropertyValueSpecification\",\"valueRequired\":true,\"valueName\":\"search_term_string\"}}],\"inLanguage\":\"fr-FR\"}]}<\/script>\n<!-- \/ Yoast SEO plugin. -->","yoast_head_json":{"title":"Une collection haut de gamme d'h\u00f4tels de luxe en Gr\u00e8ce || Electra Hotels","description":"Electra Hotels est une collection d'h\u00f4tels de luxe en Gr\u00e8ce inspir\u00e9e par la c\u00e9l\u00e8bre hospitalit\u00e9 grecque \u00e0 laquelle nous avons donn\u00e9 notre touche personnelle.","robots":{"index":"index","follow":"follow","max-snippet":"max-snippet:-1","max-image-preview":"max-image-preview:large","max-video-preview":"max-video-preview:-1"},"canonical":"https:\/\/www.electrahotels.gr\/fr\/","og_locale":"fr_FR","og_type":"article","og_title":"Une collection haut de gamme d'h\u00f4tels de luxe en Gr\u00e8ce || Electra Hotels","og_description":"Electra Hotels est une collection d'h\u00f4tels de luxe en Gr\u00e8ce inspir\u00e9e par la c\u00e9l\u00e8bre hospitalit\u00e9 grecque \u00e0 laquelle nous avons donn\u00e9 notre touche personnelle.","og_url":"https:\/\/www.electrahotels.gr\/fr\/","og_site_name":"Electra Hotels &amp; Resorts","article_modified_time":"2024-07-01T12:33:11+00:00","og_image":[{"url":"https:\/\/www.electrahotels.gr\/app\/uploads\/2021\/10\/1-EXTERIOR-MAIN-1.jpg-1-900x374.jpg","type":"","width":"","height":""}],"twitter_card":"summary_large_image","twitter_misc":{"Dur\u00e9e de lecture estim\u00e9e":"2 minutes"},"schema":{"@context":"https:\/\/schema.org","@graph":[{"@type":"WebPage","@id":"https:\/\/www.electrahotels.gr\/fr\/","url":"https:\/\/www.electrahotels.gr\/fr\/","name":"Une collection haut de gamme d'h\u00f4tels de luxe en Gr\u00e8ce || Electra Hotels","isPartOf":{"@id":"https:\/\/www.electrahotels.gr\/fr\/#website"},"primaryImageOfPage":{"@id":"https:\/\/www.electrahotels.gr\/fr\/#primaryimage"},"image":{"@id":"https:\/\/www.electrahotels.gr\/fr\/#primaryimage"},"thumbnailUrl":"https:\/\/www.electrahotels.gr\/app\/uploads\/2021\/10\/1-EXTERIOR-MAIN-1.jpg-1-900x374.jpg","datePublished":"2021-11-26T11:57:24+00:00","dateModified":"2024-07-01T12:33:11+00:00","description":"Electra Hotels est une collection d'h\u00f4tels de luxe en Gr\u00e8ce inspir\u00e9e par la c\u00e9l\u00e8bre hospitalit\u00e9 grecque \u00e0 laquelle nous avons donn\u00e9 notre touche personnelle.","breadcrumb":{"@id":"https:\/\/www.electrahotels.gr\/fr\/#breadcrumb"},"inLanguage":"fr-FR","potentialAction":[{"@type":"ReadAction","target":["https:\/\/www.electrahotels.gr\/fr\/"]}]},{"@type":"ImageObject","inLanguage":"fr-FR","@id":"https:\/\/www.electrahotels.gr\/fr\/#primaryimage","url":"https:\/\/www.electrahotels.gr\/app\/uploads\/2021\/10\/1-EXTERIOR-MAIN-1.jpg-1-900x374.jpg","contentUrl":"https:\/\/www.electrahotels.gr\/app\/uploads\/2021\/10\/1-EXTERIOR-MAIN-1.jpg-1-900x374.jpg"},{"@type":"BreadcrumbList","@id":"https:\/\/www.electrahotels.gr\/fr\/#breadcrumb","itemListElement":[{"@type":"ListItem","position":1,"name":"Home","item":"https:\/\/www.electrahotels.gr\/fr\/"},{"@type":"ListItem","position":2,"name":"Accueil"}]},{"@type":"WebSite","@id":"https:\/\/www.electrahotels.gr\/fr\/#website","url":"https:\/\/www.electrahotels.gr\/fr\/","name":"Electra Hotels &amp; Resorts","description":"A group of luxury hotels in Athens, Thessaloniki, Rhodes and Kefalonia committed to offering quality hospitality, service and luxury","potentialAction":[{"@type":"SearchAction","target":{"@type":"EntryPoint","urlTemplate":"https:\/\/www.electrahotels.gr\/fr\/?s={search_term_string}"},"query-input":{"@type":"PropertyValueSpecification","valueRequired":true,"valueName":"search_term_string"}}],"inLanguage":"fr-FR"}]}},"_links":{"self":[{"href":"https:\/\/www.electrahotels.gr\/fr\/wp-json\/wp\/v2\/pages\/10280","targetHints":{"allow":["GET"]}}],"collection":[{"href":"https:\/\/www.electrahotels.gr\/fr\/wp-json\/wp\/v2\/pages"}],"about":[{"href":"https:\/\/www.electrahotels.gr\/fr\/wp-json\/wp\/v2\/types\/page"}],"author":[{"embeddable":true,"href":"https:\/\/www.electrahotels.gr\/fr\/wp-json\/wp\/v2\/users\/1"}],"replies":[{"embeddable":true,"href":"https:\/\/www.electrahotels.gr\/fr\/wp-json\/wp\/v2\/comments?post=10280"}],"version-history":[{"count":10,"href":"https:\/\/www.electrahotels.gr\/fr\/wp-json\/wp\/v2\/pages\/10280\/revisions"}],"predecessor-version":[{"id":49000,"href":"https:\/\/www.electrahotels.gr\/fr\/wp-json\/wp\/v2\/pages\/10280\/revisions\/49000"}],"wp:attachment":[{"href":"https:\/\/www.electrahotels.gr\/fr\/wp-json\/wp\/v2\/media?parent=10280"}],"wp:term":[{"taxonomy":"page_tag","embeddable":true,"href":"https:\/\/www.electrahotels.gr\/fr\/wp-json\/wp\/v2\/page_tag?post=10280"}],"curies":[{"name":"wp","href":"https:\/\/api.w.org\/{rel}","templated":true}]}}