{"id":10283,"date":"2021-11-26T14:12:57","date_gmt":"2021-11-26T12:12:57","guid":{"rendered":"https:\/\/www.electrahotels.gr\/nos-hotels\/"},"modified":"2023-03-30T13:07:08","modified_gmt":"2023-03-30T10:07:08","slug":"nos-hotels","status":"publish","type":"page","link":"https:\/\/www.electrahotels.gr\/fr\/nos-hotels\/","title":{"rendered":"Nos h\u00f4tels"},"content":{"rendered":"","protected":false},"excerpt":{"rendered":"","protected":false},"author":1,"featured_media":0,"parent":0,"menu_order":0,"comment_status":"closed","ping_status":"closed","template":"page-templates\/hotels.php","meta":{"_acf_changed":false,"footnotes":""},"page_tag":[],"class_list":["post-10283","page","type-page","status-publish","hentry"],"acf":[],"yoast_head":"<!-- This site is optimized with the Yoast SEO plugin v27.4 - https:\/\/yoast.com\/product\/yoast-seo-wordpress\/ -->\n<title>Des s\u00e9jours inoubliables dans les meilleurs h\u00f4tels de Gr\u00e8ce || Electra Hotels<\/title>\n<meta name=\"description\" content=\"Electra Hotels repr\u00e9sente certains des meilleurs h\u00f4tels de Gr\u00e8ce et promet une exp\u00e9rience de s\u00e9jour inoubliable apr\u00e8s l&#039;autre dans les meilleurs endroits du pays.\" \/>\n<meta name=\"robots\" content=\"index, follow, max-snippet:-1, max-image-preview:large, max-video-preview:-1\" \/>\n<link rel=\"canonical\" href=\"https:\/\/www.electrahotels.gr\/fr\/nos-hotels\/\" \/>\n<meta property=\"og:locale\" content=\"fr_FR\" \/>\n<meta property=\"og:type\" content=\"article\" \/>\n<meta property=\"og:title\" content=\"Des s\u00e9jours inoubliables dans les meilleurs h\u00f4tels de Gr\u00e8ce || Electra Hotels\" \/>\n<meta property=\"og:description\" content=\"Electra Hotels repr\u00e9sente certains des meilleurs h\u00f4tels de Gr\u00e8ce et promet une exp\u00e9rience de s\u00e9jour inoubliable apr\u00e8s l&#039;autre dans les meilleurs endroits du pays.\" \/>\n<meta property=\"og:url\" content=\"https:\/\/www.electrahotels.gr\/fr\/nos-hotels\/\" \/>\n<meta property=\"og:site_name\" content=\"Electra Hotels &amp; Resorts\" \/>\n<meta property=\"article:modified_time\" content=\"2023-03-30T10:07:08+00:00\" \/>\n<meta name=\"twitter:card\" content=\"summary_large_image\" \/>\n<script type=\"application\/ld+json\" class=\"yoast-schema-graph\">{\"@context\":\"https:\\\/\\\/schema.org\",\"@graph\":[{\"@type\":\"WebPage\",\"@id\":\"https:\\\/\\\/www.electrahotels.gr\\\/fr\\\/nos-hotels\\\/\",\"url\":\"https:\\\/\\\/www.electrahotels.gr\\\/fr\\\/nos-hotels\\\/\",\"name\":\"Des s\u00e9jours inoubliables dans les meilleurs h\u00f4tels de Gr\u00e8ce || Electra Hotels\",\"isPartOf\":{\"@id\":\"https:\\\/\\\/www.electrahotels.gr\\\/fr\\\/#website\"},\"datePublished\":\"2021-11-26T12:12:57+00:00\",\"dateModified\":\"2023-03-30T10:07:08+00:00\",\"description\":\"Electra Hotels repr\u00e9sente certains des meilleurs h\u00f4tels de Gr\u00e8ce et promet une exp\u00e9rience de s\u00e9jour inoubliable apr\u00e8s l'autre dans les meilleurs endroits du pays.\",\"breadcrumb\":{\"@id\":\"https:\\\/\\\/www.electrahotels.gr\\\/fr\\\/nos-hotels\\\/#breadcrumb\"},\"inLanguage\":\"fr-FR\",\"potentialAction\":[{\"@type\":\"ReadAction\",\"target\":[\"https:\\\/\\\/www.electrahotels.gr\\\/fr\\\/nos-hotels\\\/\"]}]},{\"@type\":\"BreadcrumbList\",\"@id\":\"https:\\\/\\\/www.electrahotels.gr\\\/fr\\\/nos-hotels\\\/#breadcrumb\",\"itemListElement\":[{\"@type\":\"ListItem\",\"position\":1,\"name\":\"Home\",\"item\":\"https:\\\/\\\/www.electrahotels.gr\\\/fr\\\/\"},{\"@type\":\"ListItem\",\"position\":2,\"name\":\"Nos h\u00f4tels\"}]},{\"@type\":\"WebSite\",\"@id\":\"https:\\\/\\\/www.electrahotels.gr\\\/fr\\\/#website\",\"url\":\"https:\\\/\\\/www.electrahotels.gr\\\/fr\\\/\",\"name\":\"Electra Hotels &amp; Resorts\",\"description\":\"A group of luxury hotels in Athens, Thessaloniki, Rhodes and Kefalonia committed to offering quality hospitality, service and luxury\",\"potentialAction\":[{\"@type\":\"SearchAction\",\"target\":{\"@type\":\"EntryPoint\",\"urlTemplate\":\"https:\\\/\\\/www.electrahotels.gr\\\/fr\\\/?s={search_term_string}\"},\"query-input\":{\"@type\":\"PropertyValueSpecification\",\"valueRequired\":true,\"valueName\":\"search_term_string\"}}],\"inLanguage\":\"fr-FR\"}]}<\/script>\n<!-- \/ Yoast SEO plugin. -->","yoast_head_json":{"title":"Des s\u00e9jours inoubliables dans les meilleurs h\u00f4tels de Gr\u00e8ce || Electra Hotels","description":"Electra Hotels repr\u00e9sente certains des meilleurs h\u00f4tels de Gr\u00e8ce et promet une exp\u00e9rience de s\u00e9jour inoubliable apr\u00e8s l'autre dans les meilleurs endroits du pays.","robots":{"index":"index","follow":"follow","max-snippet":"max-snippet:-1","max-image-preview":"max-image-preview:large","max-video-preview":"max-video-preview:-1"},"canonical":"https:\/\/www.electrahotels.gr\/fr\/nos-hotels\/","og_locale":"fr_FR","og_type":"article","og_title":"Des s\u00e9jours inoubliables dans les meilleurs h\u00f4tels de Gr\u00e8ce || Electra Hotels","og_description":"Electra Hotels repr\u00e9sente certains des meilleurs h\u00f4tels de Gr\u00e8ce et promet une exp\u00e9rience de s\u00e9jour inoubliable apr\u00e8s l'autre dans les meilleurs endroits du pays.","og_url":"https:\/\/www.electrahotels.gr\/fr\/nos-hotels\/","og_site_name":"Electra Hotels &amp; Resorts","article_modified_time":"2023-03-30T10:07:08+00:00","twitter_card":"summary_large_image","schema":{"@context":"https:\/\/schema.org","@graph":[{"@type":"WebPage","@id":"https:\/\/www.electrahotels.gr\/fr\/nos-hotels\/","url":"https:\/\/www.electrahotels.gr\/fr\/nos-hotels\/","name":"Des s\u00e9jours inoubliables dans les meilleurs h\u00f4tels de Gr\u00e8ce || Electra Hotels","isPartOf":{"@id":"https:\/\/www.electrahotels.gr\/fr\/#website"},"datePublished":"2021-11-26T12:12:57+00:00","dateModified":"2023-03-30T10:07:08+00:00","description":"Electra Hotels repr\u00e9sente certains des meilleurs h\u00f4tels de Gr\u00e8ce et promet une exp\u00e9rience de s\u00e9jour inoubliable apr\u00e8s l'autre dans les meilleurs endroits du pays.","breadcrumb":{"@id":"https:\/\/www.electrahotels.gr\/fr\/nos-hotels\/#breadcrumb"},"inLanguage":"fr-FR","potentialAction":[{"@type":"ReadAction","target":["https:\/\/www.electrahotels.gr\/fr\/nos-hotels\/"]}]},{"@type":"BreadcrumbList","@id":"https:\/\/www.electrahotels.gr\/fr\/nos-hotels\/#breadcrumb","itemListElement":[{"@type":"ListItem","position":1,"name":"Home","item":"https:\/\/www.electrahotels.gr\/fr\/"},{"@type":"ListItem","position":2,"name":"Nos h\u00f4tels"}]},{"@type":"WebSite","@id":"https:\/\/www.electrahotels.gr\/fr\/#website","url":"https:\/\/www.electrahotels.gr\/fr\/","name":"Electra Hotels &amp; Resorts","description":"A group of luxury hotels in Athens, Thessaloniki, Rhodes and Kefalonia committed to offering quality hospitality, service and luxury","potentialAction":[{"@type":"SearchAction","target":{"@type":"EntryPoint","urlTemplate":"https:\/\/www.electrahotels.gr\/fr\/?s={search_term_string}"},"query-input":{"@type":"PropertyValueSpecification","valueRequired":true,"valueName":"search_term_string"}}],"inLanguage":"fr-FR"}]}},"_links":{"self":[{"href":"https:\/\/www.electrahotels.gr\/fr\/wp-json\/wp\/v2\/pages\/10283","targetHints":{"allow":["GET"]}}],"collection":[{"href":"https:\/\/www.electrahotels.gr\/fr\/wp-json\/wp\/v2\/pages"}],"about":[{"href":"https:\/\/www.electrahotels.gr\/fr\/wp-json\/wp\/v2\/types\/page"}],"author":[{"embeddable":true,"href":"https:\/\/www.electrahotels.gr\/fr\/wp-json\/wp\/v2\/users\/1"}],"replies":[{"embeddable":true,"href":"https:\/\/www.electrahotels.gr\/fr\/wp-json\/wp\/v2\/comments?post=10283"}],"version-history":[{"count":1,"href":"https:\/\/www.electrahotels.gr\/fr\/wp-json\/wp\/v2\/pages\/10283\/revisions"}],"predecessor-version":[{"id":10284,"href":"https:\/\/www.electrahotels.gr\/fr\/wp-json\/wp\/v2\/pages\/10283\/revisions\/10284"}],"wp:attachment":[{"href":"https:\/\/www.electrahotels.gr\/fr\/wp-json\/wp\/v2\/media?parent=10283"}],"wp:term":[{"taxonomy":"page_tag","embeddable":true,"href":"https:\/\/www.electrahotels.gr\/fr\/wp-json\/wp\/v2\/page_tag?post=10283"}],"curies":[{"name":"wp","href":"https:\/\/api.w.org\/{rel}","templated":true}]}}