{"id":10285,"date":"2021-11-26T14:13:18","date_gmt":"2021-11-26T12:13:18","guid":{"rendered":"https:\/\/www.electrahotels.gr\/nos-hotels\/electra-hotel-athenes\/"},"modified":"2024-11-20T14:44:36","modified_gmt":"2024-11-20T12:44:36","slug":"electra-rhythm-athens","status":"publish","type":"page","link":"https:\/\/www.electrahotels.gr\/fr\/nos-hotels\/electra-rhythm-athens\/","title":{"rendered":"Electra Rhythm Athens"},"content":{"rendered":"\n<p>Depuis ses premiers jours en 1965, Electra Athens pr\u00e9sente la proposition la plus invitante au c\u0153ur de l&rsquo;activit\u00e9 commerciale de la ville. Point de rep\u00e8re de la c\u00e9l\u00e8bre rue Ermou, l&rsquo;Electra Athens est entra\u00een\u00e9 et color\u00e9 par les vibrations de l&rsquo;activit\u00e9 sans fin qui r\u00e8gne en contrebas. Un choix id\u00e9al pour les voyageurs d&rsquo;affaires ou les visiteurs qui recherchent un acc\u00e8s facile et \u00e0 faire des achats, l&rsquo;Electra Athens combine confort et choix avec \u00e9l\u00e9gance et style.<\/p>\n\n<p><\/p>\n\n<p><\/p>\n\n<p><\/p>\n","protected":false},"excerpt":{"rendered":"<p>Depuis ses premiers jours en 1965, Electra Athens pr\u00e9sente la proposition la plus invitante au c\u0153ur de l&rsquo;activit\u00e9 commerciale de la ville. Point de rep\u00e8re de la c\u00e9l\u00e8bre rue Ermou, l&rsquo;Electra Athens est entra\u00een\u00e9 et color\u00e9 par les vibrations de l&rsquo;activit\u00e9 sans fin qui r\u00e8gne en contrebas. Un choix id\u00e9al pour les voyageurs d&rsquo;affaires ou<\/p>\n","protected":false},"author":1,"featured_media":55127,"parent":10283,"menu_order":0,"comment_status":"closed","ping_status":"closed","template":"page-templates\/hotel.php","meta":{"_acf_changed":false,"footnotes":""},"page_tag":[287,286,288],"class_list":["post-10285","page","type-page","status-publish","has-post-thumbnail","hentry","page_tag-passerelle-romantique","page_tag-ressentir-les-vibrations-de-la-ville","page_tag-travail-a-distance"],"acf":[],"yoast_head":"<!-- This site is optimized with the Yoast SEO plugin v27.4 - https:\/\/yoast.com\/product\/yoast-seo-wordpress\/ -->\n<title>H\u00f4tel 4 \u00e9toiles \u00e0 Ath\u00e8nes, Gr\u00e8ce - Situation centrale || Electra Rhythm Athens<\/title>\n<meta name=\"description\" content=\"L&#039;Electra Rhythm Athens est un h\u00f4tel 4 \u00e9toiles situ\u00e9 au centre de la ville d&#039;Ath\u00e8nes, pour des s\u00e9jours au c\u0153ur de la capitale grecque, impr\u00e9gn\u00e9s de tout ce qui est typiquement ath\u00e9nien.\" \/>\n<meta name=\"robots\" content=\"index, follow, max-snippet:-1, max-image-preview:large, max-video-preview:-1\" \/>\n<link rel=\"canonical\" href=\"https:\/\/www.electrahotels.gr\/fr\/nos-hotels\/electra-rhythm-athens\/\" \/>\n<meta property=\"og:locale\" content=\"fr_FR\" \/>\n<meta property=\"og:type\" content=\"article\" \/>\n<meta property=\"og:title\" content=\"H\u00f4tel 4 \u00e9toiles \u00e0 Ath\u00e8nes, Gr\u00e8ce - Situation centrale || Electra Rhythm Athens\" \/>\n<meta property=\"og:description\" content=\"L&#039;Electra Rhythm Athens est un h\u00f4tel 4 \u00e9toiles situ\u00e9 au centre de la ville d&#039;Ath\u00e8nes, pour des s\u00e9jours au c\u0153ur de la capitale grecque, impr\u00e9gn\u00e9s de tout ce qui est typiquement ath\u00e9nien.\" \/>\n<meta property=\"og:url\" content=\"https:\/\/www.electrahotels.gr\/fr\/nos-hotels\/electra-rhythm-athens\/\" \/>\n<meta property=\"og:site_name\" content=\"Electra Hotels &amp; Resorts\" \/>\n<meta property=\"article:modified_time\" content=\"2024-11-20T12:44:36+00:00\" \/>\n<meta property=\"og:image\" content=\"https:\/\/www.electrahotels.gr\/app\/uploads\/2024\/05\/Electra_Hotel_Athens_Lifestyle_Couple_Balcony_-scaled-2.jpg\" \/>\n\t<meta property=\"og:image:width\" content=\"2048\" \/>\n\t<meta property=\"og:image:height\" content=\"1366\" \/>\n\t<meta property=\"og:image:type\" content=\"image\/jpeg\" \/>\n<meta name=\"twitter:card\" content=\"summary_large_image\" \/>\n<meta name=\"twitter:label1\" content=\"Dur\u00e9e de lecture estim\u00e9e\" \/>\n\t<meta name=\"twitter:data1\" content=\"1 minute\" \/>\n<script type=\"application\/ld+json\" class=\"yoast-schema-graph\">{\"@context\":\"https:\\\/\\\/schema.org\",\"@graph\":[{\"@type\":\"WebPage\",\"@id\":\"https:\\\/\\\/www.electrahotels.gr\\\/fr\\\/nos-hotels\\\/electra-rhythm-athens\\\/\",\"url\":\"https:\\\/\\\/www.electrahotels.gr\\\/fr\\\/nos-hotels\\\/electra-rhythm-athens\\\/\",\"name\":\"H\u00f4tel 4 \u00e9toiles \u00e0 Ath\u00e8nes, Gr\u00e8ce - Situation centrale || Electra Rhythm Athens\",\"isPartOf\":{\"@id\":\"https:\\\/\\\/www.electrahotels.gr\\\/fr\\\/#website\"},\"primaryImageOfPage\":{\"@id\":\"https:\\\/\\\/www.electrahotels.gr\\\/fr\\\/nos-hotels\\\/electra-rhythm-athens\\\/#primaryimage\"},\"image\":{\"@id\":\"https:\\\/\\\/www.electrahotels.gr\\\/fr\\\/nos-hotels\\\/electra-rhythm-athens\\\/#primaryimage\"},\"thumbnailUrl\":\"https:\\\/\\\/www.electrahotels.gr\\\/app\\\/uploads\\\/2025\\\/08\\\/electra-rhythm-athens-hotel-terrace-acropolis-view.jpg\",\"datePublished\":\"2021-11-26T12:13:18+00:00\",\"dateModified\":\"2024-11-20T12:44:36+00:00\",\"description\":\"L'Electra Rhythm Athens est un h\u00f4tel 4 \u00e9toiles situ\u00e9 au centre de la ville d'Ath\u00e8nes, pour des s\u00e9jours au c\u0153ur de la capitale grecque, impr\u00e9gn\u00e9s de tout ce qui est typiquement ath\u00e9nien.\",\"breadcrumb\":{\"@id\":\"https:\\\/\\\/www.electrahotels.gr\\\/fr\\\/nos-hotels\\\/electra-rhythm-athens\\\/#breadcrumb\"},\"inLanguage\":\"fr-FR\",\"potentialAction\":[{\"@type\":\"ReadAction\",\"target\":[\"https:\\\/\\\/www.electrahotels.gr\\\/fr\\\/nos-hotels\\\/electra-rhythm-athens\\\/\"]}]},{\"@type\":\"ImageObject\",\"inLanguage\":\"fr-FR\",\"@id\":\"https:\\\/\\\/www.electrahotels.gr\\\/fr\\\/nos-hotels\\\/electra-rhythm-athens\\\/#primaryimage\",\"url\":\"https:\\\/\\\/www.electrahotels.gr\\\/app\\\/uploads\\\/2025\\\/08\\\/electra-rhythm-athens-hotel-terrace-acropolis-view.jpg\",\"contentUrl\":\"https:\\\/\\\/www.electrahotels.gr\\\/app\\\/uploads\\\/2025\\\/08\\\/electra-rhythm-athens-hotel-terrace-acropolis-view.jpg\",\"width\":1120,\"height\":1494},{\"@type\":\"BreadcrumbList\",\"@id\":\"https:\\\/\\\/www.electrahotels.gr\\\/fr\\\/nos-hotels\\\/electra-rhythm-athens\\\/#breadcrumb\",\"itemListElement\":[{\"@type\":\"ListItem\",\"position\":1,\"name\":\"Home\",\"item\":\"https:\\\/\\\/www.electrahotels.gr\\\/fr\\\/\"},{\"@type\":\"ListItem\",\"position\":2,\"name\":\"Nos h\u00f4tels\",\"item\":\"https:\\\/\\\/www.electrahotels.gr\\\/fr\\\/nos-hotels\\\/\"},{\"@type\":\"ListItem\",\"position\":3,\"name\":\"Electra Rhythm Athens\"}]},{\"@type\":\"WebSite\",\"@id\":\"https:\\\/\\\/www.electrahotels.gr\\\/fr\\\/#website\",\"url\":\"https:\\\/\\\/www.electrahotels.gr\\\/fr\\\/\",\"name\":\"Electra Hotels &amp; Resorts\",\"description\":\"A group of luxury hotels in Athens, Thessaloniki, Rhodes and Kefalonia committed to offering quality hospitality, service and luxury\",\"potentialAction\":[{\"@type\":\"SearchAction\",\"target\":{\"@type\":\"EntryPoint\",\"urlTemplate\":\"https:\\\/\\\/www.electrahotels.gr\\\/fr\\\/?s={search_term_string}\"},\"query-input\":{\"@type\":\"PropertyValueSpecification\",\"valueRequired\":true,\"valueName\":\"search_term_string\"}}],\"inLanguage\":\"fr-FR\"}]}<\/script>\n<!-- \/ Yoast SEO plugin. -->","yoast_head_json":{"title":"H\u00f4tel 4 \u00e9toiles \u00e0 Ath\u00e8nes, Gr\u00e8ce - Situation centrale || Electra Rhythm Athens","description":"L'Electra Rhythm Athens est un h\u00f4tel 4 \u00e9toiles situ\u00e9 au centre de la ville d'Ath\u00e8nes, pour des s\u00e9jours au c\u0153ur de la capitale grecque, impr\u00e9gn\u00e9s de tout ce qui est typiquement ath\u00e9nien.","robots":{"index":"index","follow":"follow","max-snippet":"max-snippet:-1","max-image-preview":"max-image-preview:large","max-video-preview":"max-video-preview:-1"},"canonical":"https:\/\/www.electrahotels.gr\/fr\/nos-hotels\/electra-rhythm-athens\/","og_locale":"fr_FR","og_type":"article","og_title":"H\u00f4tel 4 \u00e9toiles \u00e0 Ath\u00e8nes, Gr\u00e8ce - Situation centrale || Electra Rhythm Athens","og_description":"L'Electra Rhythm Athens est un h\u00f4tel 4 \u00e9toiles situ\u00e9 au centre de la ville d'Ath\u00e8nes, pour des s\u00e9jours au c\u0153ur de la capitale grecque, impr\u00e9gn\u00e9s de tout ce qui est typiquement ath\u00e9nien.","og_url":"https:\/\/www.electrahotels.gr\/fr\/nos-hotels\/electra-rhythm-athens\/","og_site_name":"Electra Hotels &amp; Resorts","article_modified_time":"2024-11-20T12:44:36+00:00","og_image":[{"width":2048,"height":1366,"url":"https:\/\/www.electrahotels.gr\/app\/uploads\/2024\/05\/Electra_Hotel_Athens_Lifestyle_Couple_Balcony_-scaled-2.jpg","type":"image\/jpeg"}],"twitter_card":"summary_large_image","twitter_misc":{"Dur\u00e9e de lecture estim\u00e9e":"1 minute"},"schema":{"@context":"https:\/\/schema.org","@graph":[{"@type":"WebPage","@id":"https:\/\/www.electrahotels.gr\/fr\/nos-hotels\/electra-rhythm-athens\/","url":"https:\/\/www.electrahotels.gr\/fr\/nos-hotels\/electra-rhythm-athens\/","name":"H\u00f4tel 4 \u00e9toiles \u00e0 Ath\u00e8nes, Gr\u00e8ce - Situation centrale || Electra Rhythm Athens","isPartOf":{"@id":"https:\/\/www.electrahotels.gr\/fr\/#website"},"primaryImageOfPage":{"@id":"https:\/\/www.electrahotels.gr\/fr\/nos-hotels\/electra-rhythm-athens\/#primaryimage"},"image":{"@id":"https:\/\/www.electrahotels.gr\/fr\/nos-hotels\/electra-rhythm-athens\/#primaryimage"},"thumbnailUrl":"https:\/\/www.electrahotels.gr\/app\/uploads\/2025\/08\/electra-rhythm-athens-hotel-terrace-acropolis-view.jpg","datePublished":"2021-11-26T12:13:18+00:00","dateModified":"2024-11-20T12:44:36+00:00","description":"L'Electra Rhythm Athens est un h\u00f4tel 4 \u00e9toiles situ\u00e9 au centre de la ville d'Ath\u00e8nes, pour des s\u00e9jours au c\u0153ur de la capitale grecque, impr\u00e9gn\u00e9s de tout ce qui est typiquement ath\u00e9nien.","breadcrumb":{"@id":"https:\/\/www.electrahotels.gr\/fr\/nos-hotels\/electra-rhythm-athens\/#breadcrumb"},"inLanguage":"fr-FR","potentialAction":[{"@type":"ReadAction","target":["https:\/\/www.electrahotels.gr\/fr\/nos-hotels\/electra-rhythm-athens\/"]}]},{"@type":"ImageObject","inLanguage":"fr-FR","@id":"https:\/\/www.electrahotels.gr\/fr\/nos-hotels\/electra-rhythm-athens\/#primaryimage","url":"https:\/\/www.electrahotels.gr\/app\/uploads\/2025\/08\/electra-rhythm-athens-hotel-terrace-acropolis-view.jpg","contentUrl":"https:\/\/www.electrahotels.gr\/app\/uploads\/2025\/08\/electra-rhythm-athens-hotel-terrace-acropolis-view.jpg","width":1120,"height":1494},{"@type":"BreadcrumbList","@id":"https:\/\/www.electrahotels.gr\/fr\/nos-hotels\/electra-rhythm-athens\/#breadcrumb","itemListElement":[{"@type":"ListItem","position":1,"name":"Home","item":"https:\/\/www.electrahotels.gr\/fr\/"},{"@type":"ListItem","position":2,"name":"Nos h\u00f4tels","item":"https:\/\/www.electrahotels.gr\/fr\/nos-hotels\/"},{"@type":"ListItem","position":3,"name":"Electra Rhythm Athens"}]},{"@type":"WebSite","@id":"https:\/\/www.electrahotels.gr\/fr\/#website","url":"https:\/\/www.electrahotels.gr\/fr\/","name":"Electra Hotels &amp; Resorts","description":"A group of luxury hotels in Athens, Thessaloniki, Rhodes and Kefalonia committed to offering quality hospitality, service and luxury","potentialAction":[{"@type":"SearchAction","target":{"@type":"EntryPoint","urlTemplate":"https:\/\/www.electrahotels.gr\/fr\/?s={search_term_string}"},"query-input":{"@type":"PropertyValueSpecification","valueRequired":true,"valueName":"search_term_string"}}],"inLanguage":"fr-FR"}]}},"_links":{"self":[{"href":"https:\/\/www.electrahotels.gr\/fr\/wp-json\/wp\/v2\/pages\/10285","targetHints":{"allow":["GET"]}}],"collection":[{"href":"https:\/\/www.electrahotels.gr\/fr\/wp-json\/wp\/v2\/pages"}],"about":[{"href":"https:\/\/www.electrahotels.gr\/fr\/wp-json\/wp\/v2\/types\/page"}],"author":[{"embeddable":true,"href":"https:\/\/www.electrahotels.gr\/fr\/wp-json\/wp\/v2\/users\/1"}],"replies":[{"embeddable":true,"href":"https:\/\/www.electrahotels.gr\/fr\/wp-json\/wp\/v2\/comments?post=10285"}],"version-history":[{"count":10,"href":"https:\/\/www.electrahotels.gr\/fr\/wp-json\/wp\/v2\/pages\/10285\/revisions"}],"predecessor-version":[{"id":50717,"href":"https:\/\/www.electrahotels.gr\/fr\/wp-json\/wp\/v2\/pages\/10285\/revisions\/50717"}],"up":[{"embeddable":true,"href":"https:\/\/www.electrahotels.gr\/fr\/wp-json\/wp\/v2\/pages\/10283"}],"wp:featuredmedia":[{"embeddable":true,"href":"https:\/\/www.electrahotels.gr\/fr\/wp-json\/wp\/v2\/media\/55127"}],"wp:attachment":[{"href":"https:\/\/www.electrahotels.gr\/fr\/wp-json\/wp\/v2\/media?parent=10285"}],"wp:term":[{"taxonomy":"page_tag","embeddable":true,"href":"https:\/\/www.electrahotels.gr\/fr\/wp-json\/wp\/v2\/page_tag?post=10285"}],"curies":[{"name":"wp","href":"https:\/\/api.w.org\/{rel}","templated":true}]}}