{"id":10288,"date":"2021-11-26T14:13:52","date_gmt":"2021-11-26T12:13:52","guid":{"rendered":"https:\/\/www.electrahotels.gr\/destinations\/"},"modified":"2023-03-30T12:46:21","modified_gmt":"2023-03-30T09:46:21","slug":"destinations","status":"publish","type":"page","link":"https:\/\/www.electrahotels.gr\/fr\/destinations\/","title":{"rendered":"Destinations"},"content":{"rendered":"<p><span style=\"font-size: large;\">Nous sommes tr\u00e8s fiers <\/span><span style=\"font-size: large;\">\u00e0 <!-- \u039d\u03bf\u03bc\u03af\u03b6\u03c9 \u03c0\u03c1\u03ad\u03c0\u03b5\u03b9 \u03bd\u03b1 \u03b5\u03af\u03bd\u03b1\u03b9 \u201cin\" -->o<\/span><span style=\"font-size: large;\">ur les lieux, car rien n&rsquo;a \u00e9t\u00e9 laiss\u00e9 au hasard. Chaque propri\u00e9t\u00e9 est strat\u00e9giquement situ\u00e9e dans les endroits les plus attrayants et les plus accessibles de la ville ou dans la zone la plus attrayante dans le cas des destinations touristiques. Nous veillons \u00e9galement \u00e0 ce qu&rsquo;ils s&rsquo;inspirent tous de l&rsquo;ambiance locale, ce qui ajoute encore \u00e0 leur caract\u00e8re et \u00e0 leur charme.<\/span><\/p>\n","protected":false},"excerpt":{"rendered":"<p>Nous sommes tr\u00e8s fiers \u00e0 our les lieux, car rien n&rsquo;a \u00e9t\u00e9 laiss\u00e9 au hasard. Chaque propri\u00e9t\u00e9 est strat\u00e9giquement situ\u00e9e dans les endroits les plus attrayants et les plus accessibles de la ville ou dans la zone la plus attrayante dans le cas des destinations touristiques. Nous veillons \u00e9galement \u00e0 ce qu&rsquo;ils s&rsquo;inspirent tous de<\/p>\n","protected":false},"author":1,"featured_media":21408,"parent":0,"menu_order":8,"comment_status":"closed","ping_status":"closed","template":"page-templates\/destinations.php","meta":{"_acf_changed":false,"footnotes":""},"page_tag":[],"class_list":["post-10288","page","type-page","status-publish","has-post-thumbnail","hentry"],"acf":[],"yoast_head":"<!-- This site is optimized with the Yoast SEO plugin v27.4 - https:\/\/yoast.com\/product\/yoast-seo-wordpress\/ -->\n<title>Groupe d&#039;h\u00f4tels dans les meilleurs endroits \u00e0 visiter en Gr\u00e8ce || Electra Hotels<\/title>\n<meta name=\"description\" content=\"Les h\u00f4tels Electra sont situ\u00e9s dans certains des meilleurs endroits \u00e0 visiter en Gr\u00e8ce, promettant des s\u00e9jours de luxe qui sont sensationnellement inoubliables et typiquement grecs.\" \/>\n<meta name=\"robots\" content=\"index, follow, max-snippet:-1, max-image-preview:large, max-video-preview:-1\" \/>\n<link rel=\"canonical\" href=\"https:\/\/www.electrahotels.gr\/fr\/destinations\/\" \/>\n<meta property=\"og:locale\" content=\"fr_FR\" \/>\n<meta property=\"og:type\" content=\"article\" \/>\n<meta property=\"og:title\" content=\"Groupe d&#039;h\u00f4tels dans les meilleurs endroits \u00e0 visiter en Gr\u00e8ce || Electra Hotels\" \/>\n<meta property=\"og:description\" content=\"Les h\u00f4tels Electra sont situ\u00e9s dans certains des meilleurs endroits \u00e0 visiter en Gr\u00e8ce, promettant des s\u00e9jours de luxe qui sont sensationnellement inoubliables et typiquement grecs.\" \/>\n<meta property=\"og:url\" content=\"https:\/\/www.electrahotels.gr\/fr\/destinations\/\" \/>\n<meta property=\"og:site_name\" content=\"Electra Hotels &amp; Resorts\" \/>\n<meta property=\"article:modified_time\" content=\"2023-03-30T09:46:21+00:00\" \/>\n<meta property=\"og:image\" content=\"https:\/\/www.electrahotels.gr\/app\/uploads\/sites\/75\/2021\/04\/ATRIUM_LOUNGE_BAR-3-min.jpg\" \/>\n\t<meta property=\"og:image:width\" content=\"1920\" \/>\n\t<meta property=\"og:image:height\" content=\"1280\" \/>\n\t<meta property=\"og:image:type\" content=\"image\/jpeg\" \/>\n<meta name=\"twitter:card\" content=\"summary_large_image\" \/>\n<script type=\"application\/ld+json\" class=\"yoast-schema-graph\">{\"@context\":\"https:\\\/\\\/schema.org\",\"@graph\":[{\"@type\":\"WebPage\",\"@id\":\"https:\\\/\\\/www.electrahotels.gr\\\/fr\\\/destinations\\\/\",\"url\":\"https:\\\/\\\/www.electrahotels.gr\\\/fr\\\/destinations\\\/\",\"name\":\"Groupe d'h\u00f4tels dans les meilleurs endroits \u00e0 visiter en Gr\u00e8ce || Electra Hotels\",\"isPartOf\":{\"@id\":\"https:\\\/\\\/www.electrahotels.gr\\\/fr\\\/#website\"},\"primaryImageOfPage\":{\"@id\":\"https:\\\/\\\/www.electrahotels.gr\\\/fr\\\/destinations\\\/#primaryimage\"},\"image\":{\"@id\":\"https:\\\/\\\/www.electrahotels.gr\\\/fr\\\/destinations\\\/#primaryimage\"},\"thumbnailUrl\":\"https:\\\/\\\/www.electrahotels.gr\\\/app\\\/uploads\\\/2022\\\/05\\\/metropolis_roof_garden-2_resized.jpeg\",\"datePublished\":\"2021-11-26T12:13:52+00:00\",\"dateModified\":\"2023-03-30T09:46:21+00:00\",\"description\":\"Les h\u00f4tels Electra sont situ\u00e9s dans certains des meilleurs endroits \u00e0 visiter en Gr\u00e8ce, promettant des s\u00e9jours de luxe qui sont sensationnellement inoubliables et typiquement grecs.\",\"breadcrumb\":{\"@id\":\"https:\\\/\\\/www.electrahotels.gr\\\/fr\\\/destinations\\\/#breadcrumb\"},\"inLanguage\":\"fr-FR\",\"potentialAction\":[{\"@type\":\"ReadAction\",\"target\":[\"https:\\\/\\\/www.electrahotels.gr\\\/fr\\\/destinations\\\/\"]}]},{\"@type\":\"ImageObject\",\"inLanguage\":\"fr-FR\",\"@id\":\"https:\\\/\\\/www.electrahotels.gr\\\/fr\\\/destinations\\\/#primaryimage\",\"url\":\"https:\\\/\\\/www.electrahotels.gr\\\/app\\\/uploads\\\/2022\\\/05\\\/metropolis_roof_garden-2_resized.jpeg\",\"contentUrl\":\"https:\\\/\\\/www.electrahotels.gr\\\/app\\\/uploads\\\/2022\\\/05\\\/metropolis_roof_garden-2_resized.jpeg\",\"width\":1920,\"height\":1280},{\"@type\":\"BreadcrumbList\",\"@id\":\"https:\\\/\\\/www.electrahotels.gr\\\/fr\\\/destinations\\\/#breadcrumb\",\"itemListElement\":[{\"@type\":\"ListItem\",\"position\":1,\"name\":\"Home\",\"item\":\"https:\\\/\\\/www.electrahotels.gr\\\/fr\\\/\"},{\"@type\":\"ListItem\",\"position\":2,\"name\":\"Destinations\"}]},{\"@type\":\"WebSite\",\"@id\":\"https:\\\/\\\/www.electrahotels.gr\\\/fr\\\/#website\",\"url\":\"https:\\\/\\\/www.electrahotels.gr\\\/fr\\\/\",\"name\":\"Electra Hotels &amp; Resorts\",\"description\":\"A group of luxury hotels in Athens, Thessaloniki, Rhodes and Kefalonia committed to offering quality hospitality, service and luxury\",\"potentialAction\":[{\"@type\":\"SearchAction\",\"target\":{\"@type\":\"EntryPoint\",\"urlTemplate\":\"https:\\\/\\\/www.electrahotels.gr\\\/fr\\\/?s={search_term_string}\"},\"query-input\":{\"@type\":\"PropertyValueSpecification\",\"valueRequired\":true,\"valueName\":\"search_term_string\"}}],\"inLanguage\":\"fr-FR\"}]}<\/script>\n<!-- \/ Yoast SEO plugin. -->","yoast_head_json":{"title":"Groupe d'h\u00f4tels dans les meilleurs endroits \u00e0 visiter en Gr\u00e8ce || Electra Hotels","description":"Les h\u00f4tels Electra sont situ\u00e9s dans certains des meilleurs endroits \u00e0 visiter en Gr\u00e8ce, promettant des s\u00e9jours de luxe qui sont sensationnellement inoubliables et typiquement grecs.","robots":{"index":"index","follow":"follow","max-snippet":"max-snippet:-1","max-image-preview":"max-image-preview:large","max-video-preview":"max-video-preview:-1"},"canonical":"https:\/\/www.electrahotels.gr\/fr\/destinations\/","og_locale":"fr_FR","og_type":"article","og_title":"Groupe d'h\u00f4tels dans les meilleurs endroits \u00e0 visiter en Gr\u00e8ce || Electra Hotels","og_description":"Les h\u00f4tels Electra sont situ\u00e9s dans certains des meilleurs endroits \u00e0 visiter en Gr\u00e8ce, promettant des s\u00e9jours de luxe qui sont sensationnellement inoubliables et typiquement grecs.","og_url":"https:\/\/www.electrahotels.gr\/fr\/destinations\/","og_site_name":"Electra Hotels &amp; Resorts","article_modified_time":"2023-03-30T09:46:21+00:00","og_image":[{"width":1920,"height":1280,"url":"https:\/\/www.electrahotels.gr\/app\/uploads\/sites\/75\/2021\/04\/ATRIUM_LOUNGE_BAR-3-min.jpg","type":"image\/jpeg"}],"twitter_card":"summary_large_image","schema":{"@context":"https:\/\/schema.org","@graph":[{"@type":"WebPage","@id":"https:\/\/www.electrahotels.gr\/fr\/destinations\/","url":"https:\/\/www.electrahotels.gr\/fr\/destinations\/","name":"Groupe d'h\u00f4tels dans les meilleurs endroits \u00e0 visiter en Gr\u00e8ce || Electra Hotels","isPartOf":{"@id":"https:\/\/www.electrahotels.gr\/fr\/#website"},"primaryImageOfPage":{"@id":"https:\/\/www.electrahotels.gr\/fr\/destinations\/#primaryimage"},"image":{"@id":"https:\/\/www.electrahotels.gr\/fr\/destinations\/#primaryimage"},"thumbnailUrl":"https:\/\/www.electrahotels.gr\/app\/uploads\/2022\/05\/metropolis_roof_garden-2_resized.jpeg","datePublished":"2021-11-26T12:13:52+00:00","dateModified":"2023-03-30T09:46:21+00:00","description":"Les h\u00f4tels Electra sont situ\u00e9s dans certains des meilleurs endroits \u00e0 visiter en Gr\u00e8ce, promettant des s\u00e9jours de luxe qui sont sensationnellement inoubliables et typiquement grecs.","breadcrumb":{"@id":"https:\/\/www.electrahotels.gr\/fr\/destinations\/#breadcrumb"},"inLanguage":"fr-FR","potentialAction":[{"@type":"ReadAction","target":["https:\/\/www.electrahotels.gr\/fr\/destinations\/"]}]},{"@type":"ImageObject","inLanguage":"fr-FR","@id":"https:\/\/www.electrahotels.gr\/fr\/destinations\/#primaryimage","url":"https:\/\/www.electrahotels.gr\/app\/uploads\/2022\/05\/metropolis_roof_garden-2_resized.jpeg","contentUrl":"https:\/\/www.electrahotels.gr\/app\/uploads\/2022\/05\/metropolis_roof_garden-2_resized.jpeg","width":1920,"height":1280},{"@type":"BreadcrumbList","@id":"https:\/\/www.electrahotels.gr\/fr\/destinations\/#breadcrumb","itemListElement":[{"@type":"ListItem","position":1,"name":"Home","item":"https:\/\/www.electrahotels.gr\/fr\/"},{"@type":"ListItem","position":2,"name":"Destinations"}]},{"@type":"WebSite","@id":"https:\/\/www.electrahotels.gr\/fr\/#website","url":"https:\/\/www.electrahotels.gr\/fr\/","name":"Electra Hotels &amp; Resorts","description":"A group of luxury hotels in Athens, Thessaloniki, Rhodes and Kefalonia committed to offering quality hospitality, service and luxury","potentialAction":[{"@type":"SearchAction","target":{"@type":"EntryPoint","urlTemplate":"https:\/\/www.electrahotels.gr\/fr\/?s={search_term_string}"},"query-input":{"@type":"PropertyValueSpecification","valueRequired":true,"valueName":"search_term_string"}}],"inLanguage":"fr-FR"}]}},"_links":{"self":[{"href":"https:\/\/www.electrahotels.gr\/fr\/wp-json\/wp\/v2\/pages\/10288","targetHints":{"allow":["GET"]}}],"collection":[{"href":"https:\/\/www.electrahotels.gr\/fr\/wp-json\/wp\/v2\/pages"}],"about":[{"href":"https:\/\/www.electrahotels.gr\/fr\/wp-json\/wp\/v2\/types\/page"}],"author":[{"embeddable":true,"href":"https:\/\/www.electrahotels.gr\/fr\/wp-json\/wp\/v2\/users\/1"}],"replies":[{"embeddable":true,"href":"https:\/\/www.electrahotels.gr\/fr\/wp-json\/wp\/v2\/comments?post=10288"}],"version-history":[{"count":5,"href":"https:\/\/www.electrahotels.gr\/fr\/wp-json\/wp\/v2\/pages\/10288\/revisions"}],"predecessor-version":[{"id":12321,"href":"https:\/\/www.electrahotels.gr\/fr\/wp-json\/wp\/v2\/pages\/10288\/revisions\/12321"}],"wp:featuredmedia":[{"embeddable":true,"href":"https:\/\/www.electrahotels.gr\/fr\/wp-json\/wp\/v2\/media\/21408"}],"wp:attachment":[{"href":"https:\/\/www.electrahotels.gr\/fr\/wp-json\/wp\/v2\/media?parent=10288"}],"wp:term":[{"taxonomy":"page_tag","embeddable":true,"href":"https:\/\/www.electrahotels.gr\/fr\/wp-json\/wp\/v2\/page_tag?post=10288"}],"curies":[{"name":"wp","href":"https:\/\/api.w.org\/{rel}","templated":true}]}}