{"id":10290,"date":"2021-11-26T14:13:53","date_gmt":"2021-11-26T12:13:53","guid":{"rendered":"https:\/\/www.electrahotels.gr\/nos-hotels\/electra-kefalonia\/"},"modified":"2024-06-10T13:08:23","modified_gmt":"2024-06-10T10:08:23","slug":"electra-kefalonia","status":"publish","type":"page","link":"https:\/\/www.electrahotels.gr\/fr\/nos-hotels\/electra-kefalonia\/","title":{"rendered":"Electra Kefalonia Hotel and Spa"},"content":{"rendered":"\n<p>D\u00e9couvrez la beaut\u00e9 de C\u00e9phalonie et de la mer Ionienne dans un magnifique h\u00f4tel surplombant la mer et les majestueux couchers de soleil. \u00c0 seulement deux kilom\u00e8tres de l&rsquo;a\u00e9roport et \u00e0 quelques minutes en voiture d&rsquo;Argostoli, la capitale de l&rsquo;\u00eele. G\u00e2tez-vous dans notre magnifique spa ou ne perdez pas de vue vos objectifs de remise en forme en vous entra\u00eenant dans notre salle de sport ou en faisant une longueur dans l&rsquo;une de nos piscines. <\/p>\n\n<p><\/p>\n","protected":false},"excerpt":{"rendered":"<p>D\u00e9couvrez la beaut\u00e9 de C\u00e9phalonie et de la mer Ionienne dans un magnifique h\u00f4tel surplombant la mer et les majestueux couchers de soleil. \u00c0 seulement deux kilom\u00e8tres de l&rsquo;a\u00e9roport et \u00e0 quelques minutes en voiture d&rsquo;Argostoli, la capitale de l&rsquo;\u00eele. G\u00e2tez-vous dans notre magnifique spa ou ne perdez pas de vue vos objectifs de remise<\/p>\n","protected":false},"author":1,"featured_media":9081,"parent":10283,"menu_order":0,"comment_status":"closed","ping_status":"closed","template":"page-templates\/hotel.php","meta":{"_acf_changed":false,"footnotes":""},"page_tag":[289,290,287],"class_list":["post-10290","page","type-page","status-publish","has-post-thumbnail","hentry","page_tag-a-deux-pas-de-la-mer","page_tag-moments-de-famille","page_tag-passerelle-romantique"],"acf":[],"yoast_head":"<!-- This site is optimized with the Yoast SEO plugin v27.4 - https:\/\/yoast.com\/product\/yoast-seo-wordpress\/ -->\n<title>Spa de luxe en bord de mer et h\u00f4tel 5 \u00e9toiles \u00e0 \u039aefalonia || Electra Kefalonia<\/title>\n<meta name=\"description\" content=\"Passez des vacances vraiment m\u00e9morables \u00e0 l&#039;Electra, un luxueux h\u00f4tel spa et 5 \u00e9toiles de l&#039;\u00eele de Kefalonia qui vous promet des s\u00e9jours visant \u00e0 vous d\u00e9tendre autant qu&#039;\u00e0 vous enthousiasmer.\" \/>\n<meta name=\"robots\" content=\"index, follow, max-snippet:-1, max-image-preview:large, max-video-preview:-1\" \/>\n<link rel=\"canonical\" href=\"https:\/\/www.electrahotels.gr\/fr\/nos-hotels\/electra-kefalonia\/\" \/>\n<meta property=\"og:locale\" content=\"fr_FR\" \/>\n<meta property=\"og:type\" content=\"article\" \/>\n<meta property=\"og:title\" content=\"Spa de luxe en bord de mer et h\u00f4tel 5 \u00e9toiles \u00e0 \u039aefalonia || Electra Kefalonia\" \/>\n<meta property=\"og:description\" content=\"Passez des vacances vraiment m\u00e9morables \u00e0 l&#039;Electra, un luxueux h\u00f4tel spa et 5 \u00e9toiles de l&#039;\u00eele de Kefalonia qui vous promet des s\u00e9jours visant \u00e0 vous d\u00e9tendre autant qu&#039;\u00e0 vous enthousiasmer.\" \/>\n<meta property=\"og:url\" content=\"https:\/\/www.electrahotels.gr\/fr\/nos-hotels\/electra-kefalonia\/\" \/>\n<meta property=\"og:site_name\" content=\"Electra Hotels &amp; Resorts\" \/>\n<meta property=\"article:modified_time\" content=\"2024-06-10T10:08:23+00:00\" \/>\n<meta property=\"og:image\" content=\"https:\/\/www.electrahotels.gr\/app\/uploads\/2021\/08\/Electra_Kefalonia_Hotel_Entrance_Details_Fountain-1-scaled.jpg\" \/>\n\t<meta property=\"og:image:width\" content=\"1707\" \/>\n\t<meta property=\"og:image:height\" content=\"2560\" \/>\n\t<meta property=\"og:image:type\" content=\"image\/jpeg\" \/>\n<meta name=\"twitter:card\" content=\"summary_large_image\" \/>\n<meta name=\"twitter:label1\" content=\"Dur\u00e9e de lecture estim\u00e9e\" \/>\n\t<meta name=\"twitter:data1\" content=\"1 minute\" \/>\n<script type=\"application\/ld+json\" class=\"yoast-schema-graph\">{\"@context\":\"https:\\\/\\\/schema.org\",\"@graph\":[{\"@type\":\"WebPage\",\"@id\":\"https:\\\/\\\/www.electrahotels.gr\\\/fr\\\/nos-hotels\\\/electra-kefalonia\\\/\",\"url\":\"https:\\\/\\\/www.electrahotels.gr\\\/fr\\\/nos-hotels\\\/electra-kefalonia\\\/\",\"name\":\"Spa de luxe en bord de mer et h\u00f4tel 5 \u00e9toiles \u00e0 \u039aefalonia || Electra Kefalonia\",\"isPartOf\":{\"@id\":\"https:\\\/\\\/www.electrahotels.gr\\\/fr\\\/#website\"},\"primaryImageOfPage\":{\"@id\":\"https:\\\/\\\/www.electrahotels.gr\\\/fr\\\/nos-hotels\\\/electra-kefalonia\\\/#primaryimage\"},\"image\":{\"@id\":\"https:\\\/\\\/www.electrahotels.gr\\\/fr\\\/nos-hotels\\\/electra-kefalonia\\\/#primaryimage\"},\"thumbnailUrl\":\"https:\\\/\\\/www.electrahotels.gr\\\/app\\\/uploads\\\/2021\\\/04\\\/Electra_Kefalonia_Executive_Private_Pool_Room-4-1-scaled.jpg\",\"datePublished\":\"2021-11-26T12:13:53+00:00\",\"dateModified\":\"2024-06-10T10:08:23+00:00\",\"description\":\"Passez des vacances vraiment m\u00e9morables \u00e0 l'Electra, un luxueux h\u00f4tel spa et 5 \u00e9toiles de l'\u00eele de Kefalonia qui vous promet des s\u00e9jours visant \u00e0 vous d\u00e9tendre autant qu'\u00e0 vous enthousiasmer.\",\"breadcrumb\":{\"@id\":\"https:\\\/\\\/www.electrahotels.gr\\\/fr\\\/nos-hotels\\\/electra-kefalonia\\\/#breadcrumb\"},\"inLanguage\":\"fr-FR\",\"potentialAction\":[{\"@type\":\"ReadAction\",\"target\":[\"https:\\\/\\\/www.electrahotels.gr\\\/fr\\\/nos-hotels\\\/electra-kefalonia\\\/\"]}]},{\"@type\":\"ImageObject\",\"inLanguage\":\"fr-FR\",\"@id\":\"https:\\\/\\\/www.electrahotels.gr\\\/fr\\\/nos-hotels\\\/electra-kefalonia\\\/#primaryimage\",\"url\":\"https:\\\/\\\/www.electrahotels.gr\\\/app\\\/uploads\\\/2021\\\/04\\\/Electra_Kefalonia_Executive_Private_Pool_Room-4-1-scaled.jpg\",\"contentUrl\":\"https:\\\/\\\/www.electrahotels.gr\\\/app\\\/uploads\\\/2021\\\/04\\\/Electra_Kefalonia_Executive_Private_Pool_Room-4-1-scaled.jpg\",\"width\":1707,\"height\":2560},{\"@type\":\"BreadcrumbList\",\"@id\":\"https:\\\/\\\/www.electrahotels.gr\\\/fr\\\/nos-hotels\\\/electra-kefalonia\\\/#breadcrumb\",\"itemListElement\":[{\"@type\":\"ListItem\",\"position\":1,\"name\":\"Home\",\"item\":\"https:\\\/\\\/www.electrahotels.gr\\\/fr\\\/\"},{\"@type\":\"ListItem\",\"position\":2,\"name\":\"Nos h\u00f4tels\",\"item\":\"https:\\\/\\\/www.electrahotels.gr\\\/fr\\\/nos-hotels\\\/\"},{\"@type\":\"ListItem\",\"position\":3,\"name\":\"Electra Kefalonia Hotel and Spa\"}]},{\"@type\":\"WebSite\",\"@id\":\"https:\\\/\\\/www.electrahotels.gr\\\/fr\\\/#website\",\"url\":\"https:\\\/\\\/www.electrahotels.gr\\\/fr\\\/\",\"name\":\"Electra Hotels &amp; Resorts\",\"description\":\"A group of luxury hotels in Athens, Thessaloniki, Rhodes and Kefalonia committed to offering quality hospitality, service and luxury\",\"potentialAction\":[{\"@type\":\"SearchAction\",\"target\":{\"@type\":\"EntryPoint\",\"urlTemplate\":\"https:\\\/\\\/www.electrahotels.gr\\\/fr\\\/?s={search_term_string}\"},\"query-input\":{\"@type\":\"PropertyValueSpecification\",\"valueRequired\":true,\"valueName\":\"search_term_string\"}}],\"inLanguage\":\"fr-FR\"}]}<\/script>\n<!-- \/ Yoast SEO plugin. -->","yoast_head_json":{"title":"Spa de luxe en bord de mer et h\u00f4tel 5 \u00e9toiles \u00e0 \u039aefalonia || Electra Kefalonia","description":"Passez des vacances vraiment m\u00e9morables \u00e0 l'Electra, un luxueux h\u00f4tel spa et 5 \u00e9toiles de l'\u00eele de Kefalonia qui vous promet des s\u00e9jours visant \u00e0 vous d\u00e9tendre autant qu'\u00e0 vous enthousiasmer.","robots":{"index":"index","follow":"follow","max-snippet":"max-snippet:-1","max-image-preview":"max-image-preview:large","max-video-preview":"max-video-preview:-1"},"canonical":"https:\/\/www.electrahotels.gr\/fr\/nos-hotels\/electra-kefalonia\/","og_locale":"fr_FR","og_type":"article","og_title":"Spa de luxe en bord de mer et h\u00f4tel 5 \u00e9toiles \u00e0 \u039aefalonia || Electra Kefalonia","og_description":"Passez des vacances vraiment m\u00e9morables \u00e0 l'Electra, un luxueux h\u00f4tel spa et 5 \u00e9toiles de l'\u00eele de Kefalonia qui vous promet des s\u00e9jours visant \u00e0 vous d\u00e9tendre autant qu'\u00e0 vous enthousiasmer.","og_url":"https:\/\/www.electrahotels.gr\/fr\/nos-hotels\/electra-kefalonia\/","og_site_name":"Electra Hotels &amp; Resorts","article_modified_time":"2024-06-10T10:08:23+00:00","og_image":[{"width":1707,"height":2560,"url":"https:\/\/www.electrahotels.gr\/app\/uploads\/2021\/08\/Electra_Kefalonia_Hotel_Entrance_Details_Fountain-1-scaled.jpg","type":"image\/jpeg"}],"twitter_card":"summary_large_image","twitter_misc":{"Dur\u00e9e de lecture estim\u00e9e":"1 minute"},"schema":{"@context":"https:\/\/schema.org","@graph":[{"@type":"WebPage","@id":"https:\/\/www.electrahotels.gr\/fr\/nos-hotels\/electra-kefalonia\/","url":"https:\/\/www.electrahotels.gr\/fr\/nos-hotels\/electra-kefalonia\/","name":"Spa de luxe en bord de mer et h\u00f4tel 5 \u00e9toiles \u00e0 \u039aefalonia || Electra Kefalonia","isPartOf":{"@id":"https:\/\/www.electrahotels.gr\/fr\/#website"},"primaryImageOfPage":{"@id":"https:\/\/www.electrahotels.gr\/fr\/nos-hotels\/electra-kefalonia\/#primaryimage"},"image":{"@id":"https:\/\/www.electrahotels.gr\/fr\/nos-hotels\/electra-kefalonia\/#primaryimage"},"thumbnailUrl":"https:\/\/www.electrahotels.gr\/app\/uploads\/2021\/04\/Electra_Kefalonia_Executive_Private_Pool_Room-4-1-scaled.jpg","datePublished":"2021-11-26T12:13:53+00:00","dateModified":"2024-06-10T10:08:23+00:00","description":"Passez des vacances vraiment m\u00e9morables \u00e0 l'Electra, un luxueux h\u00f4tel spa et 5 \u00e9toiles de l'\u00eele de Kefalonia qui vous promet des s\u00e9jours visant \u00e0 vous d\u00e9tendre autant qu'\u00e0 vous enthousiasmer.","breadcrumb":{"@id":"https:\/\/www.electrahotels.gr\/fr\/nos-hotels\/electra-kefalonia\/#breadcrumb"},"inLanguage":"fr-FR","potentialAction":[{"@type":"ReadAction","target":["https:\/\/www.electrahotels.gr\/fr\/nos-hotels\/electra-kefalonia\/"]}]},{"@type":"ImageObject","inLanguage":"fr-FR","@id":"https:\/\/www.electrahotels.gr\/fr\/nos-hotels\/electra-kefalonia\/#primaryimage","url":"https:\/\/www.electrahotels.gr\/app\/uploads\/2021\/04\/Electra_Kefalonia_Executive_Private_Pool_Room-4-1-scaled.jpg","contentUrl":"https:\/\/www.electrahotels.gr\/app\/uploads\/2021\/04\/Electra_Kefalonia_Executive_Private_Pool_Room-4-1-scaled.jpg","width":1707,"height":2560},{"@type":"BreadcrumbList","@id":"https:\/\/www.electrahotels.gr\/fr\/nos-hotels\/electra-kefalonia\/#breadcrumb","itemListElement":[{"@type":"ListItem","position":1,"name":"Home","item":"https:\/\/www.electrahotels.gr\/fr\/"},{"@type":"ListItem","position":2,"name":"Nos h\u00f4tels","item":"https:\/\/www.electrahotels.gr\/fr\/nos-hotels\/"},{"@type":"ListItem","position":3,"name":"Electra Kefalonia Hotel and Spa"}]},{"@type":"WebSite","@id":"https:\/\/www.electrahotels.gr\/fr\/#website","url":"https:\/\/www.electrahotels.gr\/fr\/","name":"Electra Hotels &amp; Resorts","description":"A group of luxury hotels in Athens, Thessaloniki, Rhodes and Kefalonia committed to offering quality hospitality, service and luxury","potentialAction":[{"@type":"SearchAction","target":{"@type":"EntryPoint","urlTemplate":"https:\/\/www.electrahotels.gr\/fr\/?s={search_term_string}"},"query-input":{"@type":"PropertyValueSpecification","valueRequired":true,"valueName":"search_term_string"}}],"inLanguage":"fr-FR"}]}},"_links":{"self":[{"href":"https:\/\/www.electrahotels.gr\/fr\/wp-json\/wp\/v2\/pages\/10290","targetHints":{"allow":["GET"]}}],"collection":[{"href":"https:\/\/www.electrahotels.gr\/fr\/wp-json\/wp\/v2\/pages"}],"about":[{"href":"https:\/\/www.electrahotels.gr\/fr\/wp-json\/wp\/v2\/types\/page"}],"author":[{"embeddable":true,"href":"https:\/\/www.electrahotels.gr\/fr\/wp-json\/wp\/v2\/users\/1"}],"replies":[{"embeddable":true,"href":"https:\/\/www.electrahotels.gr\/fr\/wp-json\/wp\/v2\/comments?post=10290"}],"version-history":[{"count":10,"href":"https:\/\/www.electrahotels.gr\/fr\/wp-json\/wp\/v2\/pages\/10290\/revisions"}],"predecessor-version":[{"id":48065,"href":"https:\/\/www.electrahotels.gr\/fr\/wp-json\/wp\/v2\/pages\/10290\/revisions\/48065"}],"up":[{"embeddable":true,"href":"https:\/\/www.electrahotels.gr\/fr\/wp-json\/wp\/v2\/pages\/10283"}],"wp:featuredmedia":[{"embeddable":true,"href":"https:\/\/www.electrahotels.gr\/fr\/wp-json\/wp\/v2\/media\/9081"}],"wp:attachment":[{"href":"https:\/\/www.electrahotels.gr\/fr\/wp-json\/wp\/v2\/media?parent=10290"}],"wp:term":[{"taxonomy":"page_tag","embeddable":true,"href":"https:\/\/www.electrahotels.gr\/fr\/wp-json\/wp\/v2\/page_tag?post=10290"}],"curies":[{"name":"wp","href":"https:\/\/api.w.org\/{rel}","templated":true}]}}