{"id":10296,"date":"2021-11-26T14:21:49","date_gmt":"2021-11-26T12:21:49","guid":{"rendered":"https:\/\/www.electrahotels.gr\/reunions-et-evenements\/"},"modified":"2023-05-15T12:14:24","modified_gmt":"2023-05-15T09:14:24","slug":"reunions-et-evenements","status":"publish","type":"page","link":"https:\/\/www.electrahotels.gr\/fr\/reunions-et-evenements\/","title":{"rendered":"R\u00e9unions et \u00e9v\u00e9nements"},"content":{"rendered":"","protected":false},"excerpt":{"rendered":"","protected":false},"author":1,"featured_media":8645,"parent":0,"menu_order":7,"comment_status":"closed","ping_status":"closed","template":"page-templates\/experiences.php","meta":{"_acf_changed":false,"footnotes":""},"page_tag":[],"class_list":["post-10296","page","type-page","status-publish","has-post-thumbnail","hentry"],"acf":[],"yoast_head":"<!-- This site is optimized with the Yoast SEO plugin v27.3 - https:\/\/yoast.com\/product\/yoast-seo-wordpress\/ -->\n<title>R\u00e9unions et \u00e9v\u00e9nements - Electra Hotels &amp; Resorts<\/title>\n<meta name=\"description\" content=\"Les h\u00f4tels Electra, situ\u00e9s sur trois sites \u00e0 Ath\u00e8nes, sur deux \u00eeles et \u00e0 Thessalonique, offrent des espaces adapt\u00e9s aux r\u00e9unions, aux \u00e9v\u00e9nements, aux conf\u00e9rences et \u00e0 d&#039;autres \u00e9v\u00e9nements d&#039;entreprise.\" \/>\n<meta name=\"robots\" content=\"index, follow, max-snippet:-1, max-image-preview:large, max-video-preview:-1\" \/>\n<link rel=\"canonical\" href=\"https:\/\/www.electrahotels.gr\/fr\/reunions-et-evenements\/\" \/>\n<meta property=\"og:locale\" content=\"fr_FR\" \/>\n<meta property=\"og:type\" content=\"article\" \/>\n<meta property=\"og:title\" content=\"R\u00e9unions et \u00e9v\u00e9nements - Electra Hotels &amp; Resorts\" \/>\n<meta property=\"og:description\" content=\"Les h\u00f4tels Electra, situ\u00e9s sur trois sites \u00e0 Ath\u00e8nes, sur deux \u00eeles et \u00e0 Thessalonique, offrent des espaces adapt\u00e9s aux r\u00e9unions, aux \u00e9v\u00e9nements, aux conf\u00e9rences et \u00e0 d&#039;autres \u00e9v\u00e9nements d&#039;entreprise.\" \/>\n<meta property=\"og:url\" content=\"https:\/\/www.electrahotels.gr\/fr\/reunions-et-evenements\/\" \/>\n<meta property=\"og:site_name\" content=\"Electra Hotels &amp; Resorts\" \/>\n<meta property=\"article:modified_time\" content=\"2023-05-15T09:14:24+00:00\" \/>\n<meta property=\"og:image\" content=\"https:\/\/www.electrahotels.gr\/app\/uploads\/sites\/75\/2021\/08\/electra_metropolis_athens_atrium_resized.jpg\" \/>\n\t<meta property=\"og:image:width\" content=\"1920\" \/>\n\t<meta property=\"og:image:height\" content=\"1280\" \/>\n\t<meta property=\"og:image:type\" content=\"image\/jpeg\" \/>\n<meta name=\"twitter:card\" content=\"summary_large_image\" \/>\n<script type=\"application\/ld+json\" class=\"yoast-schema-graph\">{\"@context\":\"https:\\\/\\\/schema.org\",\"@graph\":[{\"@type\":\"WebPage\",\"@id\":\"https:\\\/\\\/www.electrahotels.gr\\\/fr\\\/reunions-et-evenements\\\/\",\"url\":\"https:\\\/\\\/www.electrahotels.gr\\\/fr\\\/reunions-et-evenements\\\/\",\"name\":\"R\u00e9unions et \u00e9v\u00e9nements - Electra Hotels &amp; Resorts\",\"isPartOf\":{\"@id\":\"https:\\\/\\\/www.electrahotels.gr\\\/fr\\\/#website\"},\"primaryImageOfPage\":{\"@id\":\"https:\\\/\\\/www.electrahotels.gr\\\/fr\\\/reunions-et-evenements\\\/#primaryimage\"},\"image\":{\"@id\":\"https:\\\/\\\/www.electrahotels.gr\\\/fr\\\/reunions-et-evenements\\\/#primaryimage\"},\"thumbnailUrl\":\"https:\\\/\\\/www.electrahotels.gr\\\/app\\\/uploads\\\/2021\\\/08\\\/electra_metropolis_athens_atrium_resized.jpg\",\"datePublished\":\"2021-11-26T12:21:49+00:00\",\"dateModified\":\"2023-05-15T09:14:24+00:00\",\"description\":\"Les h\u00f4tels Electra, situ\u00e9s sur trois sites \u00e0 Ath\u00e8nes, sur deux \u00eeles et \u00e0 Thessalonique, offrent des espaces adapt\u00e9s aux r\u00e9unions, aux \u00e9v\u00e9nements, aux conf\u00e9rences et \u00e0 d'autres \u00e9v\u00e9nements d'entreprise.\",\"breadcrumb\":{\"@id\":\"https:\\\/\\\/www.electrahotels.gr\\\/fr\\\/reunions-et-evenements\\\/#breadcrumb\"},\"inLanguage\":\"fr-FR\",\"potentialAction\":[{\"@type\":\"ReadAction\",\"target\":[\"https:\\\/\\\/www.electrahotels.gr\\\/fr\\\/reunions-et-evenements\\\/\"]}]},{\"@type\":\"ImageObject\",\"inLanguage\":\"fr-FR\",\"@id\":\"https:\\\/\\\/www.electrahotels.gr\\\/fr\\\/reunions-et-evenements\\\/#primaryimage\",\"url\":\"https:\\\/\\\/www.electrahotels.gr\\\/app\\\/uploads\\\/2021\\\/08\\\/electra_metropolis_athens_atrium_resized.jpg\",\"contentUrl\":\"https:\\\/\\\/www.electrahotels.gr\\\/app\\\/uploads\\\/2021\\\/08\\\/electra_metropolis_athens_atrium_resized.jpg\",\"width\":1920,\"height\":1280},{\"@type\":\"BreadcrumbList\",\"@id\":\"https:\\\/\\\/www.electrahotels.gr\\\/fr\\\/reunions-et-evenements\\\/#breadcrumb\",\"itemListElement\":[{\"@type\":\"ListItem\",\"position\":1,\"name\":\"Home\",\"item\":\"https:\\\/\\\/www.electrahotels.gr\\\/fr\\\/\"},{\"@type\":\"ListItem\",\"position\":2,\"name\":\"R\u00e9unions et \u00e9v\u00e9nements\"}]},{\"@type\":\"WebSite\",\"@id\":\"https:\\\/\\\/www.electrahotels.gr\\\/fr\\\/#website\",\"url\":\"https:\\\/\\\/www.electrahotels.gr\\\/fr\\\/\",\"name\":\"Electra Hotels &amp; Resorts\",\"description\":\"A group of luxury hotels in Athens, Thessaloniki, Rhodes and Kefalonia committed to offering quality hospitality, service and luxury\",\"potentialAction\":[{\"@type\":\"SearchAction\",\"target\":{\"@type\":\"EntryPoint\",\"urlTemplate\":\"https:\\\/\\\/www.electrahotels.gr\\\/fr\\\/?s={search_term_string}\"},\"query-input\":{\"@type\":\"PropertyValueSpecification\",\"valueRequired\":true,\"valueName\":\"search_term_string\"}}],\"inLanguage\":\"fr-FR\"}]}<\/script>\n<!-- \/ Yoast SEO plugin. -->","yoast_head_json":{"title":"R\u00e9unions et \u00e9v\u00e9nements - Electra Hotels &amp; Resorts","description":"Les h\u00f4tels Electra, situ\u00e9s sur trois sites \u00e0 Ath\u00e8nes, sur deux \u00eeles et \u00e0 Thessalonique, offrent des espaces adapt\u00e9s aux r\u00e9unions, aux \u00e9v\u00e9nements, aux conf\u00e9rences et \u00e0 d'autres \u00e9v\u00e9nements d'entreprise.","robots":{"index":"index","follow":"follow","max-snippet":"max-snippet:-1","max-image-preview":"max-image-preview:large","max-video-preview":"max-video-preview:-1"},"canonical":"https:\/\/www.electrahotels.gr\/fr\/reunions-et-evenements\/","og_locale":"fr_FR","og_type":"article","og_title":"R\u00e9unions et \u00e9v\u00e9nements - Electra Hotels &amp; Resorts","og_description":"Les h\u00f4tels Electra, situ\u00e9s sur trois sites \u00e0 Ath\u00e8nes, sur deux \u00eeles et \u00e0 Thessalonique, offrent des espaces adapt\u00e9s aux r\u00e9unions, aux \u00e9v\u00e9nements, aux conf\u00e9rences et \u00e0 d'autres \u00e9v\u00e9nements d'entreprise.","og_url":"https:\/\/www.electrahotels.gr\/fr\/reunions-et-evenements\/","og_site_name":"Electra Hotels &amp; Resorts","article_modified_time":"2023-05-15T09:14:24+00:00","og_image":[{"width":1920,"height":1280,"url":"https:\/\/www.electrahotels.gr\/app\/uploads\/sites\/75\/2021\/08\/electra_metropolis_athens_atrium_resized.jpg","type":"image\/jpeg"}],"twitter_card":"summary_large_image","schema":{"@context":"https:\/\/schema.org","@graph":[{"@type":"WebPage","@id":"https:\/\/www.electrahotels.gr\/fr\/reunions-et-evenements\/","url":"https:\/\/www.electrahotels.gr\/fr\/reunions-et-evenements\/","name":"R\u00e9unions et \u00e9v\u00e9nements - Electra Hotels &amp; Resorts","isPartOf":{"@id":"https:\/\/www.electrahotels.gr\/fr\/#website"},"primaryImageOfPage":{"@id":"https:\/\/www.electrahotels.gr\/fr\/reunions-et-evenements\/#primaryimage"},"image":{"@id":"https:\/\/www.electrahotels.gr\/fr\/reunions-et-evenements\/#primaryimage"},"thumbnailUrl":"https:\/\/www.electrahotels.gr\/app\/uploads\/2021\/08\/electra_metropolis_athens_atrium_resized.jpg","datePublished":"2021-11-26T12:21:49+00:00","dateModified":"2023-05-15T09:14:24+00:00","description":"Les h\u00f4tels Electra, situ\u00e9s sur trois sites \u00e0 Ath\u00e8nes, sur deux \u00eeles et \u00e0 Thessalonique, offrent des espaces adapt\u00e9s aux r\u00e9unions, aux \u00e9v\u00e9nements, aux conf\u00e9rences et \u00e0 d'autres \u00e9v\u00e9nements d'entreprise.","breadcrumb":{"@id":"https:\/\/www.electrahotels.gr\/fr\/reunions-et-evenements\/#breadcrumb"},"inLanguage":"fr-FR","potentialAction":[{"@type":"ReadAction","target":["https:\/\/www.electrahotels.gr\/fr\/reunions-et-evenements\/"]}]},{"@type":"ImageObject","inLanguage":"fr-FR","@id":"https:\/\/www.electrahotels.gr\/fr\/reunions-et-evenements\/#primaryimage","url":"https:\/\/www.electrahotels.gr\/app\/uploads\/2021\/08\/electra_metropolis_athens_atrium_resized.jpg","contentUrl":"https:\/\/www.electrahotels.gr\/app\/uploads\/2021\/08\/electra_metropolis_athens_atrium_resized.jpg","width":1920,"height":1280},{"@type":"BreadcrumbList","@id":"https:\/\/www.electrahotels.gr\/fr\/reunions-et-evenements\/#breadcrumb","itemListElement":[{"@type":"ListItem","position":1,"name":"Home","item":"https:\/\/www.electrahotels.gr\/fr\/"},{"@type":"ListItem","position":2,"name":"R\u00e9unions et \u00e9v\u00e9nements"}]},{"@type":"WebSite","@id":"https:\/\/www.electrahotels.gr\/fr\/#website","url":"https:\/\/www.electrahotels.gr\/fr\/","name":"Electra Hotels &amp; Resorts","description":"A group of luxury hotels in Athens, Thessaloniki, Rhodes and Kefalonia committed to offering quality hospitality, service and luxury","potentialAction":[{"@type":"SearchAction","target":{"@type":"EntryPoint","urlTemplate":"https:\/\/www.electrahotels.gr\/fr\/?s={search_term_string}"},"query-input":{"@type":"PropertyValueSpecification","valueRequired":true,"valueName":"search_term_string"}}],"inLanguage":"fr-FR"}]}},"_links":{"self":[{"href":"https:\/\/www.electrahotels.gr\/fr\/wp-json\/wp\/v2\/pages\/10296","targetHints":{"allow":["GET"]}}],"collection":[{"href":"https:\/\/www.electrahotels.gr\/fr\/wp-json\/wp\/v2\/pages"}],"about":[{"href":"https:\/\/www.electrahotels.gr\/fr\/wp-json\/wp\/v2\/types\/page"}],"author":[{"embeddable":true,"href":"https:\/\/www.electrahotels.gr\/fr\/wp-json\/wp\/v2\/users\/1"}],"replies":[{"embeddable":true,"href":"https:\/\/www.electrahotels.gr\/fr\/wp-json\/wp\/v2\/comments?post=10296"}],"version-history":[{"count":1,"href":"https:\/\/www.electrahotels.gr\/fr\/wp-json\/wp\/v2\/pages\/10296\/revisions"}],"predecessor-version":[{"id":10297,"href":"https:\/\/www.electrahotels.gr\/fr\/wp-json\/wp\/v2\/pages\/10296\/revisions\/10297"}],"wp:featuredmedia":[{"embeddable":true,"href":"https:\/\/www.electrahotels.gr\/fr\/wp-json\/wp\/v2\/media\/8645"}],"wp:attachment":[{"href":"https:\/\/www.electrahotels.gr\/fr\/wp-json\/wp\/v2\/media?parent=10296"}],"wp:term":[{"taxonomy":"page_tag","embeddable":true,"href":"https:\/\/www.electrahotels.gr\/fr\/wp-json\/wp\/v2\/page_tag?post=10296"}],"curies":[{"name":"wp","href":"https:\/\/api.w.org\/{rel}","templated":true}]}}