{"id":10305,"date":"2021-11-26T14:49:19","date_gmt":"2021-11-26T12:49:19","guid":{"rendered":"https:\/\/www.electrahotels.gr\/nos-hotels\/electra-kefalonia\/chambres-et-suites\/"},"modified":"2024-01-25T11:45:58","modified_gmt":"2024-01-25T09:45:58","slug":"chambres-et-suites","status":"publish","type":"page","link":"https:\/\/www.electrahotels.gr\/fr\/nos-hotels\/electra-kefalonia\/chambres-et-suites\/","title":{"rendered":"Chambres et suites"},"content":{"rendered":"","protected":false},"excerpt":{"rendered":"","protected":false},"author":1,"featured_media":9057,"parent":10290,"menu_order":0,"comment_status":"closed","ping_status":"closed","template":"page-templates\/rooms.php","meta":{"_acf_changed":false,"footnotes":""},"page_tag":[],"class_list":["post-10305","page","type-page","status-publish","has-post-thumbnail","hentry"],"acf":[],"yoast_head":"<!-- This site is optimized with the Yoast SEO plugin v27.4 - https:\/\/yoast.com\/product\/yoast-seo-wordpress\/ -->\n<title>Logement de luxe avec vue sur la mer \u00e0 \u039aefalonia || Electra Kefalonia<\/title>\n<meta name=\"description\" content=\"La collection de chambres et de suites de l&#039;Electra Kefalonia Hotel &amp; Spa repr\u00e9sente le meilleur de l&#039;h\u00e9bergement de luxe \u00e0 C\u00e9phalonie, avec vue sur la mer et piscine priv\u00e9e.\" \/>\n<meta name=\"robots\" content=\"index, follow, max-snippet:-1, max-image-preview:large, max-video-preview:-1\" \/>\n<link rel=\"canonical\" href=\"https:\/\/www.electrahotels.gr\/fr\/nos-hotels\/electra-kefalonia\/chambres-et-suites\/\" \/>\n<meta property=\"og:locale\" content=\"fr_FR\" \/>\n<meta property=\"og:type\" content=\"article\" \/>\n<meta property=\"og:title\" content=\"Logement de luxe avec vue sur la mer \u00e0 \u039aefalonia || Electra Kefalonia\" \/>\n<meta property=\"og:description\" content=\"La collection de chambres et de suites de l&#039;Electra Kefalonia Hotel &amp; Spa repr\u00e9sente le meilleur de l&#039;h\u00e9bergement de luxe \u00e0 C\u00e9phalonie, avec vue sur la mer et piscine priv\u00e9e.\" \/>\n<meta property=\"og:url\" content=\"https:\/\/www.electrahotels.gr\/fr\/nos-hotels\/electra-kefalonia\/chambres-et-suites\/\" \/>\n<meta property=\"og:site_name\" content=\"Electra Hotels &amp; Resorts\" \/>\n<meta property=\"article:modified_time\" content=\"2024-01-25T09:45:58+00:00\" \/>\n<meta property=\"og:image\" content=\"https:\/\/www.electrahotels.gr\/app\/uploads\/2021\/09\/Electra_Kefalonia_Executive_Suite_Private_Pool-4-1.jpg\" \/>\n\t<meta property=\"og:image:width\" content=\"1920\" \/>\n\t<meta property=\"og:image:height\" content=\"1280\" \/>\n\t<meta property=\"og:image:type\" content=\"image\/jpeg\" \/>\n<meta name=\"twitter:card\" content=\"summary_large_image\" \/>\n<meta name=\"twitter:label1\" content=\"Dur\u00e9e de lecture estim\u00e9e\" \/>\n\t<meta name=\"twitter:data1\" content=\"1 minute\" \/>\n<script type=\"application\/ld+json\" class=\"yoast-schema-graph\">{\"@context\":\"https:\\\/\\\/schema.org\",\"@graph\":[{\"@type\":\"WebPage\",\"@id\":\"https:\\\/\\\/www.electrahotels.gr\\\/fr\\\/nos-hotels\\\/electra-kefalonia\\\/chambres-et-suites\\\/\",\"url\":\"https:\\\/\\\/www.electrahotels.gr\\\/fr\\\/nos-hotels\\\/electra-kefalonia\\\/chambres-et-suites\\\/\",\"name\":\"Logement de luxe avec vue sur la mer \u00e0 \u039aefalonia || Electra Kefalonia\",\"isPartOf\":{\"@id\":\"https:\\\/\\\/www.electrahotels.gr\\\/fr\\\/#website\"},\"primaryImageOfPage\":{\"@id\":\"https:\\\/\\\/www.electrahotels.gr\\\/fr\\\/nos-hotels\\\/electra-kefalonia\\\/chambres-et-suites\\\/#primaryimage\"},\"image\":{\"@id\":\"https:\\\/\\\/www.electrahotels.gr\\\/fr\\\/nos-hotels\\\/electra-kefalonia\\\/chambres-et-suites\\\/#primaryimage\"},\"thumbnailUrl\":\"https:\\\/\\\/www.electrahotels.gr\\\/app\\\/uploads\\\/2021\\\/09\\\/Electra_Kefalonia_Executive_Suite_Private_Pool-4-1.jpg\",\"datePublished\":\"2021-11-26T12:49:19+00:00\",\"dateModified\":\"2024-01-25T09:45:58+00:00\",\"description\":\"La collection de chambres et de suites de l'Electra Kefalonia Hotel & Spa repr\u00e9sente le meilleur de l'h\u00e9bergement de luxe \u00e0 C\u00e9phalonie, avec vue sur la mer et piscine priv\u00e9e.\",\"breadcrumb\":{\"@id\":\"https:\\\/\\\/www.electrahotels.gr\\\/fr\\\/nos-hotels\\\/electra-kefalonia\\\/chambres-et-suites\\\/#breadcrumb\"},\"inLanguage\":\"fr-FR\",\"potentialAction\":[{\"@type\":\"ReadAction\",\"target\":[\"https:\\\/\\\/www.electrahotels.gr\\\/fr\\\/nos-hotels\\\/electra-kefalonia\\\/chambres-et-suites\\\/\"]}]},{\"@type\":\"ImageObject\",\"inLanguage\":\"fr-FR\",\"@id\":\"https:\\\/\\\/www.electrahotels.gr\\\/fr\\\/nos-hotels\\\/electra-kefalonia\\\/chambres-et-suites\\\/#primaryimage\",\"url\":\"https:\\\/\\\/www.electrahotels.gr\\\/app\\\/uploads\\\/2021\\\/09\\\/Electra_Kefalonia_Executive_Suite_Private_Pool-4-1.jpg\",\"contentUrl\":\"https:\\\/\\\/www.electrahotels.gr\\\/app\\\/uploads\\\/2021\\\/09\\\/Electra_Kefalonia_Executive_Suite_Private_Pool-4-1.jpg\",\"width\":1920,\"height\":1280},{\"@type\":\"BreadcrumbList\",\"@id\":\"https:\\\/\\\/www.electrahotels.gr\\\/fr\\\/nos-hotels\\\/electra-kefalonia\\\/chambres-et-suites\\\/#breadcrumb\",\"itemListElement\":[{\"@type\":\"ListItem\",\"position\":1,\"name\":\"Home\",\"item\":\"https:\\\/\\\/www.electrahotels.gr\\\/fr\\\/\"},{\"@type\":\"ListItem\",\"position\":2,\"name\":\"Nos h\u00f4tels\",\"item\":\"https:\\\/\\\/www.electrahotels.gr\\\/fr\\\/nos-hotels\\\/\"},{\"@type\":\"ListItem\",\"position\":3,\"name\":\"Electra Kefalonia Hotel and Spa\",\"item\":\"https:\\\/\\\/www.electrahotels.gr\\\/fr\\\/nos-hotels\\\/electra-kefalonia\\\/\"},{\"@type\":\"ListItem\",\"position\":4,\"name\":\"Chambres et suites\"}]},{\"@type\":\"WebSite\",\"@id\":\"https:\\\/\\\/www.electrahotels.gr\\\/fr\\\/#website\",\"url\":\"https:\\\/\\\/www.electrahotels.gr\\\/fr\\\/\",\"name\":\"Electra Hotels &amp; Resorts\",\"description\":\"A group of luxury hotels in Athens, Thessaloniki, Rhodes and Kefalonia committed to offering quality hospitality, service and luxury\",\"potentialAction\":[{\"@type\":\"SearchAction\",\"target\":{\"@type\":\"EntryPoint\",\"urlTemplate\":\"https:\\\/\\\/www.electrahotels.gr\\\/fr\\\/?s={search_term_string}\"},\"query-input\":{\"@type\":\"PropertyValueSpecification\",\"valueRequired\":true,\"valueName\":\"search_term_string\"}}],\"inLanguage\":\"fr-FR\"}]}<\/script>\n<!-- \/ Yoast SEO plugin. -->","yoast_head_json":{"title":"Logement de luxe avec vue sur la mer \u00e0 \u039aefalonia || Electra Kefalonia","description":"La collection de chambres et de suites de l'Electra Kefalonia Hotel & Spa repr\u00e9sente le meilleur de l'h\u00e9bergement de luxe \u00e0 C\u00e9phalonie, avec vue sur la mer et piscine priv\u00e9e.","robots":{"index":"index","follow":"follow","max-snippet":"max-snippet:-1","max-image-preview":"max-image-preview:large","max-video-preview":"max-video-preview:-1"},"canonical":"https:\/\/www.electrahotels.gr\/fr\/nos-hotels\/electra-kefalonia\/chambres-et-suites\/","og_locale":"fr_FR","og_type":"article","og_title":"Logement de luxe avec vue sur la mer \u00e0 \u039aefalonia || Electra Kefalonia","og_description":"La collection de chambres et de suites de l'Electra Kefalonia Hotel & Spa repr\u00e9sente le meilleur de l'h\u00e9bergement de luxe \u00e0 C\u00e9phalonie, avec vue sur la mer et piscine priv\u00e9e.","og_url":"https:\/\/www.electrahotels.gr\/fr\/nos-hotels\/electra-kefalonia\/chambres-et-suites\/","og_site_name":"Electra Hotels &amp; Resorts","article_modified_time":"2024-01-25T09:45:58+00:00","og_image":[{"width":1920,"height":1280,"url":"https:\/\/www.electrahotels.gr\/app\/uploads\/2021\/09\/Electra_Kefalonia_Executive_Suite_Private_Pool-4-1.jpg","type":"image\/jpeg"}],"twitter_card":"summary_large_image","twitter_misc":{"Dur\u00e9e de lecture estim\u00e9e":"1 minute"},"schema":{"@context":"https:\/\/schema.org","@graph":[{"@type":"WebPage","@id":"https:\/\/www.electrahotels.gr\/fr\/nos-hotels\/electra-kefalonia\/chambres-et-suites\/","url":"https:\/\/www.electrahotels.gr\/fr\/nos-hotels\/electra-kefalonia\/chambres-et-suites\/","name":"Logement de luxe avec vue sur la mer \u00e0 \u039aefalonia || Electra Kefalonia","isPartOf":{"@id":"https:\/\/www.electrahotels.gr\/fr\/#website"},"primaryImageOfPage":{"@id":"https:\/\/www.electrahotels.gr\/fr\/nos-hotels\/electra-kefalonia\/chambres-et-suites\/#primaryimage"},"image":{"@id":"https:\/\/www.electrahotels.gr\/fr\/nos-hotels\/electra-kefalonia\/chambres-et-suites\/#primaryimage"},"thumbnailUrl":"https:\/\/www.electrahotels.gr\/app\/uploads\/2021\/09\/Electra_Kefalonia_Executive_Suite_Private_Pool-4-1.jpg","datePublished":"2021-11-26T12:49:19+00:00","dateModified":"2024-01-25T09:45:58+00:00","description":"La collection de chambres et de suites de l'Electra Kefalonia Hotel & Spa repr\u00e9sente le meilleur de l'h\u00e9bergement de luxe \u00e0 C\u00e9phalonie, avec vue sur la mer et piscine priv\u00e9e.","breadcrumb":{"@id":"https:\/\/www.electrahotels.gr\/fr\/nos-hotels\/electra-kefalonia\/chambres-et-suites\/#breadcrumb"},"inLanguage":"fr-FR","potentialAction":[{"@type":"ReadAction","target":["https:\/\/www.electrahotels.gr\/fr\/nos-hotels\/electra-kefalonia\/chambres-et-suites\/"]}]},{"@type":"ImageObject","inLanguage":"fr-FR","@id":"https:\/\/www.electrahotels.gr\/fr\/nos-hotels\/electra-kefalonia\/chambres-et-suites\/#primaryimage","url":"https:\/\/www.electrahotels.gr\/app\/uploads\/2021\/09\/Electra_Kefalonia_Executive_Suite_Private_Pool-4-1.jpg","contentUrl":"https:\/\/www.electrahotels.gr\/app\/uploads\/2021\/09\/Electra_Kefalonia_Executive_Suite_Private_Pool-4-1.jpg","width":1920,"height":1280},{"@type":"BreadcrumbList","@id":"https:\/\/www.electrahotels.gr\/fr\/nos-hotels\/electra-kefalonia\/chambres-et-suites\/#breadcrumb","itemListElement":[{"@type":"ListItem","position":1,"name":"Home","item":"https:\/\/www.electrahotels.gr\/fr\/"},{"@type":"ListItem","position":2,"name":"Nos h\u00f4tels","item":"https:\/\/www.electrahotels.gr\/fr\/nos-hotels\/"},{"@type":"ListItem","position":3,"name":"Electra Kefalonia Hotel and Spa","item":"https:\/\/www.electrahotels.gr\/fr\/nos-hotels\/electra-kefalonia\/"},{"@type":"ListItem","position":4,"name":"Chambres et suites"}]},{"@type":"WebSite","@id":"https:\/\/www.electrahotels.gr\/fr\/#website","url":"https:\/\/www.electrahotels.gr\/fr\/","name":"Electra Hotels &amp; Resorts","description":"A group of luxury hotels in Athens, Thessaloniki, Rhodes and Kefalonia committed to offering quality hospitality, service and luxury","potentialAction":[{"@type":"SearchAction","target":{"@type":"EntryPoint","urlTemplate":"https:\/\/www.electrahotels.gr\/fr\/?s={search_term_string}"},"query-input":{"@type":"PropertyValueSpecification","valueRequired":true,"valueName":"search_term_string"}}],"inLanguage":"fr-FR"}]}},"_links":{"self":[{"href":"https:\/\/www.electrahotels.gr\/fr\/wp-json\/wp\/v2\/pages\/10305","targetHints":{"allow":["GET"]}}],"collection":[{"href":"https:\/\/www.electrahotels.gr\/fr\/wp-json\/wp\/v2\/pages"}],"about":[{"href":"https:\/\/www.electrahotels.gr\/fr\/wp-json\/wp\/v2\/types\/page"}],"author":[{"embeddable":true,"href":"https:\/\/www.electrahotels.gr\/fr\/wp-json\/wp\/v2\/users\/1"}],"replies":[{"embeddable":true,"href":"https:\/\/www.electrahotels.gr\/fr\/wp-json\/wp\/v2\/comments?post=10305"}],"version-history":[{"count":4,"href":"https:\/\/www.electrahotels.gr\/fr\/wp-json\/wp\/v2\/pages\/10305\/revisions"}],"predecessor-version":[{"id":46022,"href":"https:\/\/www.electrahotels.gr\/fr\/wp-json\/wp\/v2\/pages\/10305\/revisions\/46022"}],"up":[{"embeddable":true,"href":"https:\/\/www.electrahotels.gr\/fr\/wp-json\/wp\/v2\/pages\/10290"}],"wp:featuredmedia":[{"embeddable":true,"href":"https:\/\/www.electrahotels.gr\/fr\/wp-json\/wp\/v2\/media\/9057"}],"wp:attachment":[{"href":"https:\/\/www.electrahotels.gr\/fr\/wp-json\/wp\/v2\/media?parent=10305"}],"wp:term":[{"taxonomy":"page_tag","embeddable":true,"href":"https:\/\/www.electrahotels.gr\/fr\/wp-json\/wp\/v2\/page_tag?post=10305"}],"curies":[{"name":"wp","href":"https:\/\/api.w.org\/{rel}","templated":true}]}}