{"id":10306,"date":"2021-11-26T14:49:19","date_gmt":"2021-11-26T12:49:19","guid":{"rendered":"https:\/\/www.electrahotels.gr\/nos-hotels\/electra-metropolis-athenes\/"},"modified":"2023-05-15T11:44:02","modified_gmt":"2023-05-15T08:44:02","slug":"electra-metropolis-athenes","status":"publish","type":"page","link":"https:\/\/www.electrahotels.gr\/fr\/nos-hotels\/electra-metropolis-athenes\/","title":{"rendered":"Electra Metropolis Ath\u00e8nes"},"content":{"rendered":"\n<p>Au c\u0153ur m\u00eame de la ville d&rsquo;Ath\u00e8nes, l&rsquo;h\u00f4tel Electra Metropolis s&rsquo;ouvre aux vacanciers et aux voyageurs d&rsquo;affaires qui souhaitent s&rsquo;immerger dans l&rsquo;ambiance color\u00e9e de la ville et b\u00e9n\u00e9ficier d&rsquo;un acc\u00e8s privil\u00e9gi\u00e9 aux atouts uniques de la ville.<\/p>\n","protected":false},"excerpt":{"rendered":"<p>Au c\u0153ur m\u00eame de la ville d&rsquo;Ath\u00e8nes, l&rsquo;h\u00f4tel Electra Metropolis s&rsquo;ouvre aux vacanciers et aux voyageurs d&rsquo;affaires qui souhaitent s&rsquo;immerger dans l&rsquo;ambiance color\u00e9e de la ville et b\u00e9n\u00e9ficier d&rsquo;un acc\u00e8s privil\u00e9gi\u00e9 aux atouts uniques de la ville.<\/p>\n","protected":false},"author":1,"featured_media":8417,"parent":10283,"menu_order":0,"comment_status":"closed","ping_status":"closed","template":"page-templates\/hotel.php","meta":{"_acf_changed":false,"footnotes":""},"page_tag":[309,290,286,288],"class_list":["post-10306","page","type-page","status-publish","has-post-thumbnail","hentry","page_tag-business-and-leisure-fr","page_tag-moments-de-famille","page_tag-ressentir-les-vibrations-de-la-ville","page_tag-travail-a-distance"],"acf":[],"yoast_head":"<!-- This site is optimized with the Yoast SEO plugin v27.4 - https:\/\/yoast.com\/product\/yoast-seo-wordpress\/ -->\n<title>H\u00f4tel urbain de luxe 5 \u00e9toiles \u00e0 Ath\u00e8nes, Gr\u00e8ce || Electra Metropolis<\/title>\n<meta name=\"description\" content=\"Plongez dans l&#039;ambiance urbaine de l&#039;Electra Metropolis, un h\u00f4tel 5 \u00e9toiles de luxe \u00e0 Ath\u00e8nes, en Gr\u00e8ce, au charme urbain, accueillant les vacanciers et les voyageurs d&#039;affaires.\" \/>\n<meta name=\"robots\" content=\"index, follow, max-snippet:-1, max-image-preview:large, max-video-preview:-1\" \/>\n<link rel=\"canonical\" href=\"https:\/\/www.electrahotels.gr\/fr\/nos-hotels\/electra-metropolis-athenes\/\" \/>\n<meta property=\"og:locale\" content=\"fr_FR\" \/>\n<meta property=\"og:type\" content=\"article\" \/>\n<meta property=\"og:title\" content=\"H\u00f4tel urbain de luxe 5 \u00e9toiles \u00e0 Ath\u00e8nes, Gr\u00e8ce || Electra Metropolis\" \/>\n<meta property=\"og:description\" content=\"Plongez dans l&#039;ambiance urbaine de l&#039;Electra Metropolis, un h\u00f4tel 5 \u00e9toiles de luxe \u00e0 Ath\u00e8nes, en Gr\u00e8ce, au charme urbain, accueillant les vacanciers et les voyageurs d&#039;affaires.\" \/>\n<meta property=\"og:url\" content=\"https:\/\/www.electrahotels.gr\/fr\/nos-hotels\/electra-metropolis-athenes\/\" \/>\n<meta property=\"og:site_name\" content=\"Electra Hotels &amp; Resorts\" \/>\n<meta property=\"article:modified_time\" content=\"2023-05-15T08:44:02+00:00\" \/>\n<meta property=\"og:image\" content=\"https:\/\/www.electrahotels.gr\/app\/uploads\/sites\/75\/2021\/08\/electra_metropolis_athens_external_resized.jpg\" \/>\n\t<meta property=\"og:image:width\" content=\"853\" \/>\n\t<meta property=\"og:image:height\" content=\"1280\" \/>\n\t<meta property=\"og:image:type\" content=\"image\/jpeg\" \/>\n<meta name=\"twitter:card\" content=\"summary_large_image\" \/>\n<script type=\"application\/ld+json\" class=\"yoast-schema-graph\">{\"@context\":\"https:\\\/\\\/schema.org\",\"@graph\":[{\"@type\":\"WebPage\",\"@id\":\"https:\\\/\\\/www.electrahotels.gr\\\/fr\\\/nos-hotels\\\/electra-metropolis-athenes\\\/\",\"url\":\"https:\\\/\\\/www.electrahotels.gr\\\/fr\\\/nos-hotels\\\/electra-metropolis-athenes\\\/\",\"name\":\"H\u00f4tel urbain de luxe 5 \u00e9toiles \u00e0 Ath\u00e8nes, Gr\u00e8ce || Electra Metropolis\",\"isPartOf\":{\"@id\":\"https:\\\/\\\/www.electrahotels.gr\\\/fr\\\/#website\"},\"primaryImageOfPage\":{\"@id\":\"https:\\\/\\\/www.electrahotels.gr\\\/fr\\\/nos-hotels\\\/electra-metropolis-athenes\\\/#primaryimage\"},\"image\":{\"@id\":\"https:\\\/\\\/www.electrahotels.gr\\\/fr\\\/nos-hotels\\\/electra-metropolis-athenes\\\/#primaryimage\"},\"thumbnailUrl\":\"https:\\\/\\\/www.electrahotels.gr\\\/app\\\/uploads\\\/2021\\\/06\\\/electra-metropolis-exterior_resized.jpg\",\"datePublished\":\"2021-11-26T12:49:19+00:00\",\"dateModified\":\"2023-05-15T08:44:02+00:00\",\"description\":\"Plongez dans l'ambiance urbaine de l'Electra Metropolis, un h\u00f4tel 5 \u00e9toiles de luxe \u00e0 Ath\u00e8nes, en Gr\u00e8ce, au charme urbain, accueillant les vacanciers et les voyageurs d'affaires.\",\"breadcrumb\":{\"@id\":\"https:\\\/\\\/www.electrahotels.gr\\\/fr\\\/nos-hotels\\\/electra-metropolis-athenes\\\/#breadcrumb\"},\"inLanguage\":\"fr-FR\",\"potentialAction\":[{\"@type\":\"ReadAction\",\"target\":[\"https:\\\/\\\/www.electrahotels.gr\\\/fr\\\/nos-hotels\\\/electra-metropolis-athenes\\\/\"]}]},{\"@type\":\"ImageObject\",\"inLanguage\":\"fr-FR\",\"@id\":\"https:\\\/\\\/www.electrahotels.gr\\\/fr\\\/nos-hotels\\\/electra-metropolis-athenes\\\/#primaryimage\",\"url\":\"https:\\\/\\\/www.electrahotels.gr\\\/app\\\/uploads\\\/2021\\\/06\\\/electra-metropolis-exterior_resized.jpg\",\"contentUrl\":\"https:\\\/\\\/www.electrahotels.gr\\\/app\\\/uploads\\\/2021\\\/06\\\/electra-metropolis-exterior_resized.jpg\",\"width\":881,\"height\":1280,\"caption\":\"ELECTRA, AKTOR, 20SEP2016\"},{\"@type\":\"BreadcrumbList\",\"@id\":\"https:\\\/\\\/www.electrahotels.gr\\\/fr\\\/nos-hotels\\\/electra-metropolis-athenes\\\/#breadcrumb\",\"itemListElement\":[{\"@type\":\"ListItem\",\"position\":1,\"name\":\"Home\",\"item\":\"https:\\\/\\\/www.electrahotels.gr\\\/fr\\\/\"},{\"@type\":\"ListItem\",\"position\":2,\"name\":\"Nos h\u00f4tels\",\"item\":\"https:\\\/\\\/www.electrahotels.gr\\\/fr\\\/nos-hotels\\\/\"},{\"@type\":\"ListItem\",\"position\":3,\"name\":\"Electra Metropolis Ath\u00e8nes\"}]},{\"@type\":\"WebSite\",\"@id\":\"https:\\\/\\\/www.electrahotels.gr\\\/fr\\\/#website\",\"url\":\"https:\\\/\\\/www.electrahotels.gr\\\/fr\\\/\",\"name\":\"Electra Hotels &amp; Resorts\",\"description\":\"A group of luxury hotels in Athens, Thessaloniki, Rhodes and Kefalonia committed to offering quality hospitality, service and luxury\",\"potentialAction\":[{\"@type\":\"SearchAction\",\"target\":{\"@type\":\"EntryPoint\",\"urlTemplate\":\"https:\\\/\\\/www.electrahotels.gr\\\/fr\\\/?s={search_term_string}\"},\"query-input\":{\"@type\":\"PropertyValueSpecification\",\"valueRequired\":true,\"valueName\":\"search_term_string\"}}],\"inLanguage\":\"fr-FR\"}]}<\/script>\n<!-- \/ Yoast SEO plugin. -->","yoast_head_json":{"title":"H\u00f4tel urbain de luxe 5 \u00e9toiles \u00e0 Ath\u00e8nes, Gr\u00e8ce || Electra Metropolis","description":"Plongez dans l'ambiance urbaine de l'Electra Metropolis, un h\u00f4tel 5 \u00e9toiles de luxe \u00e0 Ath\u00e8nes, en Gr\u00e8ce, au charme urbain, accueillant les vacanciers et les voyageurs d'affaires.","robots":{"index":"index","follow":"follow","max-snippet":"max-snippet:-1","max-image-preview":"max-image-preview:large","max-video-preview":"max-video-preview:-1"},"canonical":"https:\/\/www.electrahotels.gr\/fr\/nos-hotels\/electra-metropolis-athenes\/","og_locale":"fr_FR","og_type":"article","og_title":"H\u00f4tel urbain de luxe 5 \u00e9toiles \u00e0 Ath\u00e8nes, Gr\u00e8ce || Electra Metropolis","og_description":"Plongez dans l'ambiance urbaine de l'Electra Metropolis, un h\u00f4tel 5 \u00e9toiles de luxe \u00e0 Ath\u00e8nes, en Gr\u00e8ce, au charme urbain, accueillant les vacanciers et les voyageurs d'affaires.","og_url":"https:\/\/www.electrahotels.gr\/fr\/nos-hotels\/electra-metropolis-athenes\/","og_site_name":"Electra Hotels &amp; Resorts","article_modified_time":"2023-05-15T08:44:02+00:00","og_image":[{"width":853,"height":1280,"url":"https:\/\/www.electrahotels.gr\/app\/uploads\/sites\/75\/2021\/08\/electra_metropolis_athens_external_resized.jpg","type":"image\/jpeg"}],"twitter_card":"summary_large_image","schema":{"@context":"https:\/\/schema.org","@graph":[{"@type":"WebPage","@id":"https:\/\/www.electrahotels.gr\/fr\/nos-hotels\/electra-metropolis-athenes\/","url":"https:\/\/www.electrahotels.gr\/fr\/nos-hotels\/electra-metropolis-athenes\/","name":"H\u00f4tel urbain de luxe 5 \u00e9toiles \u00e0 Ath\u00e8nes, Gr\u00e8ce || Electra Metropolis","isPartOf":{"@id":"https:\/\/www.electrahotels.gr\/fr\/#website"},"primaryImageOfPage":{"@id":"https:\/\/www.electrahotels.gr\/fr\/nos-hotels\/electra-metropolis-athenes\/#primaryimage"},"image":{"@id":"https:\/\/www.electrahotels.gr\/fr\/nos-hotels\/electra-metropolis-athenes\/#primaryimage"},"thumbnailUrl":"https:\/\/www.electrahotels.gr\/app\/uploads\/2021\/06\/electra-metropolis-exterior_resized.jpg","datePublished":"2021-11-26T12:49:19+00:00","dateModified":"2023-05-15T08:44:02+00:00","description":"Plongez dans l'ambiance urbaine de l'Electra Metropolis, un h\u00f4tel 5 \u00e9toiles de luxe \u00e0 Ath\u00e8nes, en Gr\u00e8ce, au charme urbain, accueillant les vacanciers et les voyageurs d'affaires.","breadcrumb":{"@id":"https:\/\/www.electrahotels.gr\/fr\/nos-hotels\/electra-metropolis-athenes\/#breadcrumb"},"inLanguage":"fr-FR","potentialAction":[{"@type":"ReadAction","target":["https:\/\/www.electrahotels.gr\/fr\/nos-hotels\/electra-metropolis-athenes\/"]}]},{"@type":"ImageObject","inLanguage":"fr-FR","@id":"https:\/\/www.electrahotels.gr\/fr\/nos-hotels\/electra-metropolis-athenes\/#primaryimage","url":"https:\/\/www.electrahotels.gr\/app\/uploads\/2021\/06\/electra-metropolis-exterior_resized.jpg","contentUrl":"https:\/\/www.electrahotels.gr\/app\/uploads\/2021\/06\/electra-metropolis-exterior_resized.jpg","width":881,"height":1280,"caption":"ELECTRA, AKTOR, 20SEP2016"},{"@type":"BreadcrumbList","@id":"https:\/\/www.electrahotels.gr\/fr\/nos-hotels\/electra-metropolis-athenes\/#breadcrumb","itemListElement":[{"@type":"ListItem","position":1,"name":"Home","item":"https:\/\/www.electrahotels.gr\/fr\/"},{"@type":"ListItem","position":2,"name":"Nos h\u00f4tels","item":"https:\/\/www.electrahotels.gr\/fr\/nos-hotels\/"},{"@type":"ListItem","position":3,"name":"Electra Metropolis Ath\u00e8nes"}]},{"@type":"WebSite","@id":"https:\/\/www.electrahotels.gr\/fr\/#website","url":"https:\/\/www.electrahotels.gr\/fr\/","name":"Electra Hotels &amp; Resorts","description":"A group of luxury hotels in Athens, Thessaloniki, Rhodes and Kefalonia committed to offering quality hospitality, service and luxury","potentialAction":[{"@type":"SearchAction","target":{"@type":"EntryPoint","urlTemplate":"https:\/\/www.electrahotels.gr\/fr\/?s={search_term_string}"},"query-input":{"@type":"PropertyValueSpecification","valueRequired":true,"valueName":"search_term_string"}}],"inLanguage":"fr-FR"}]}},"_links":{"self":[{"href":"https:\/\/www.electrahotels.gr\/fr\/wp-json\/wp\/v2\/pages\/10306","targetHints":{"allow":["GET"]}}],"collection":[{"href":"https:\/\/www.electrahotels.gr\/fr\/wp-json\/wp\/v2\/pages"}],"about":[{"href":"https:\/\/www.electrahotels.gr\/fr\/wp-json\/wp\/v2\/types\/page"}],"author":[{"embeddable":true,"href":"https:\/\/www.electrahotels.gr\/fr\/wp-json\/wp\/v2\/users\/1"}],"replies":[{"embeddable":true,"href":"https:\/\/www.electrahotels.gr\/fr\/wp-json\/wp\/v2\/comments?post=10306"}],"version-history":[{"count":2,"href":"https:\/\/www.electrahotels.gr\/fr\/wp-json\/wp\/v2\/pages\/10306\/revisions"}],"predecessor-version":[{"id":10330,"href":"https:\/\/www.electrahotels.gr\/fr\/wp-json\/wp\/v2\/pages\/10306\/revisions\/10330"}],"up":[{"embeddable":true,"href":"https:\/\/www.electrahotels.gr\/fr\/wp-json\/wp\/v2\/pages\/10283"}],"wp:featuredmedia":[{"embeddable":true,"href":"https:\/\/www.electrahotels.gr\/fr\/wp-json\/wp\/v2\/media\/8417"}],"wp:attachment":[{"href":"https:\/\/www.electrahotels.gr\/fr\/wp-json\/wp\/v2\/media?parent=10306"}],"wp:term":[{"taxonomy":"page_tag","embeddable":true,"href":"https:\/\/www.electrahotels.gr\/fr\/wp-json\/wp\/v2\/page_tag?post=10306"}],"curies":[{"name":"wp","href":"https:\/\/api.w.org\/{rel}","templated":true}]}}