{"id":10312,"date":"2021-11-26T14:49:20","date_gmt":"2021-11-26T12:49:20","guid":{"rendered":"https:\/\/www.electrahotels.gr\/destinations\/rhodes\/"},"modified":"2023-04-05T09:06:20","modified_gmt":"2023-04-05T06:06:20","slug":"rhodes","status":"publish","type":"page","link":"https:\/\/www.electrahotels.gr\/fr\/destinations\/rhodes\/","title":{"rendered":"Rhodes"},"content":{"rendered":"\n<p>Vous seriez tent\u00e9 de croire que ce que vous avez entendu dire de l&rsquo;\u00eele de Rhodes est un peu exag\u00e9r\u00e9 &#8211; apr\u00e8s tout, une nature luxuriante, un choix infini de plages, une vie nocturne anim\u00e9e, une explosion culinaire, une ville moderne pleine de choix et des couches et des couches d&rsquo;histoire ne peuvent s\u00fbrement pas \u00eatre offertes par un seul endroit. Mais ils le sont, et ils sont tous l\u00e0, \u00e0 vos pieds, attendant d&rsquo;\u00eatre d\u00e9couverts. Et honn\u00eatement, qui pourrait dire non \u00e0 \u00e7a ?<\/p>\n","protected":false},"excerpt":{"rendered":"<p>Vous seriez tent\u00e9 de croire que ce que vous avez entendu dire de l&rsquo;\u00eele de Rhodes est un peu exag\u00e9r\u00e9 &#8211; apr\u00e8s tout, une nature luxuriante, un choix infini de plages, une vie nocturne anim\u00e9e, une explosion culinaire, une ville moderne pleine de choix et des couches et des couches d&rsquo;histoire ne peuvent s\u00fbrement pas<\/p>\n","protected":false},"author":1,"featured_media":49048,"parent":10288,"menu_order":4,"comment_status":"closed","ping_status":"closed","template":"page-templates\/hotels.php","meta":{"_acf_changed":false,"footnotes":""},"page_tag":[],"class_list":["post-10312","page","type-page","status-publish","has-post-thumbnail","hentry"],"acf":[],"yoast_head":"<!-- This site is optimized with the Yoast SEO plugin v27.3 - https:\/\/yoast.com\/product\/yoast-seo-wordpress\/ -->\n<title>Sensationnel h\u00f4tel 5 \u00e9toiles tout compris \u00e0 Rhodes || Electra Hotels<\/title>\n<meta name=\"description\" content=\"Un sensationnel h\u00f4tel 5 \u00e9toiles Rhodes tout compris avec vue sur la mer pour des s\u00e9jours luxueux et une pl\u00e9thore d&#039;exp\u00e9riences passionnantes juste \u00e0 c\u00f4t\u00e9 du fabuleux littoral de l&#039;\u00eele.\" \/>\n<meta name=\"robots\" content=\"index, follow, max-snippet:-1, max-image-preview:large, max-video-preview:-1\" \/>\n<link rel=\"canonical\" href=\"https:\/\/www.electrahotels.gr\/fr\/destinations\/rhodes\/\" \/>\n<meta property=\"og:locale\" content=\"fr_FR\" \/>\n<meta property=\"og:type\" content=\"article\" \/>\n<meta property=\"og:title\" content=\"Sensationnel h\u00f4tel 5 \u00e9toiles tout compris \u00e0 Rhodes || Electra Hotels\" \/>\n<meta property=\"og:description\" content=\"Un sensationnel h\u00f4tel 5 \u00e9toiles Rhodes tout compris avec vue sur la mer pour des s\u00e9jours luxueux et une pl\u00e9thore d&#039;exp\u00e9riences passionnantes juste \u00e0 c\u00f4t\u00e9 du fabuleux littoral de l&#039;\u00eele.\" \/>\n<meta property=\"og:url\" content=\"https:\/\/www.electrahotels.gr\/fr\/destinations\/rhodes\/\" \/>\n<meta property=\"og:site_name\" content=\"Electra Hotels &amp; Resorts\" \/>\n<meta property=\"article:modified_time\" content=\"2023-04-05T06:06:20+00:00\" \/>\n<meta property=\"og:image\" content=\"https:\/\/www.electrahotels.gr\/app\/uploads\/sites\/75\/2021\/08\/grand-masters-palace-2865221_1920.jpg\" \/>\n\t<meta property=\"og:image:width\" content=\"1920\" \/>\n\t<meta property=\"og:image:height\" content=\"1280\" \/>\n\t<meta property=\"og:image:type\" content=\"image\/jpeg\" \/>\n<meta name=\"twitter:card\" content=\"summary_large_image\" \/>\n<script type=\"application\/ld+json\" class=\"yoast-schema-graph\">{\"@context\":\"https:\\\/\\\/schema.org\",\"@graph\":[{\"@type\":\"WebPage\",\"@id\":\"https:\\\/\\\/www.electrahotels.gr\\\/fr\\\/destinations\\\/rhodes\\\/\",\"url\":\"https:\\\/\\\/www.electrahotels.gr\\\/fr\\\/destinations\\\/rhodes\\\/\",\"name\":\"Sensationnel h\u00f4tel 5 \u00e9toiles tout compris \u00e0 Rhodes || Electra Hotels\",\"isPartOf\":{\"@id\":\"https:\\\/\\\/www.electrahotels.gr\\\/fr\\\/#website\"},\"primaryImageOfPage\":{\"@id\":\"https:\\\/\\\/www.electrahotels.gr\\\/fr\\\/destinations\\\/rhodes\\\/#primaryimage\"},\"image\":{\"@id\":\"https:\\\/\\\/www.electrahotels.gr\\\/fr\\\/destinations\\\/rhodes\\\/#primaryimage\"},\"thumbnailUrl\":\"https:\\\/\\\/www.electrahotels.gr\\\/app\\\/uploads\\\/2024\\\/07\\\/Rhodes.png\",\"datePublished\":\"2021-11-26T12:49:20+00:00\",\"dateModified\":\"2023-04-05T06:06:20+00:00\",\"description\":\"Un sensationnel h\u00f4tel 5 \u00e9toiles Rhodes tout compris avec vue sur la mer pour des s\u00e9jours luxueux et une pl\u00e9thore d'exp\u00e9riences passionnantes juste \u00e0 c\u00f4t\u00e9 du fabuleux littoral de l'\u00eele.\",\"breadcrumb\":{\"@id\":\"https:\\\/\\\/www.electrahotels.gr\\\/fr\\\/destinations\\\/rhodes\\\/#breadcrumb\"},\"inLanguage\":\"fr-FR\",\"potentialAction\":[{\"@type\":\"ReadAction\",\"target\":[\"https:\\\/\\\/www.electrahotels.gr\\\/fr\\\/destinations\\\/rhodes\\\/\"]}]},{\"@type\":\"ImageObject\",\"inLanguage\":\"fr-FR\",\"@id\":\"https:\\\/\\\/www.electrahotels.gr\\\/fr\\\/destinations\\\/rhodes\\\/#primaryimage\",\"url\":\"https:\\\/\\\/www.electrahotels.gr\\\/app\\\/uploads\\\/2024\\\/07\\\/Rhodes.png\",\"contentUrl\":\"https:\\\/\\\/www.electrahotels.gr\\\/app\\\/uploads\\\/2024\\\/07\\\/Rhodes.png\",\"width\":1080,\"height\":1080},{\"@type\":\"BreadcrumbList\",\"@id\":\"https:\\\/\\\/www.electrahotels.gr\\\/fr\\\/destinations\\\/rhodes\\\/#breadcrumb\",\"itemListElement\":[{\"@type\":\"ListItem\",\"position\":1,\"name\":\"Home\",\"item\":\"https:\\\/\\\/www.electrahotels.gr\\\/fr\\\/\"},{\"@type\":\"ListItem\",\"position\":2,\"name\":\"Destinations\",\"item\":\"https:\\\/\\\/www.electrahotels.gr\\\/fr\\\/destinations\\\/\"},{\"@type\":\"ListItem\",\"position\":3,\"name\":\"Rhodes\"}]},{\"@type\":\"WebSite\",\"@id\":\"https:\\\/\\\/www.electrahotels.gr\\\/fr\\\/#website\",\"url\":\"https:\\\/\\\/www.electrahotels.gr\\\/fr\\\/\",\"name\":\"Electra Hotels &amp; Resorts\",\"description\":\"A group of luxury hotels in Athens, Thessaloniki, Rhodes and Kefalonia committed to offering quality hospitality, service and luxury\",\"potentialAction\":[{\"@type\":\"SearchAction\",\"target\":{\"@type\":\"EntryPoint\",\"urlTemplate\":\"https:\\\/\\\/www.electrahotels.gr\\\/fr\\\/?s={search_term_string}\"},\"query-input\":{\"@type\":\"PropertyValueSpecification\",\"valueRequired\":true,\"valueName\":\"search_term_string\"}}],\"inLanguage\":\"fr-FR\"}]}<\/script>\n<!-- \/ Yoast SEO plugin. -->","yoast_head_json":{"title":"Sensationnel h\u00f4tel 5 \u00e9toiles tout compris \u00e0 Rhodes || Electra Hotels","description":"Un sensationnel h\u00f4tel 5 \u00e9toiles Rhodes tout compris avec vue sur la mer pour des s\u00e9jours luxueux et une pl\u00e9thore d'exp\u00e9riences passionnantes juste \u00e0 c\u00f4t\u00e9 du fabuleux littoral de l'\u00eele.","robots":{"index":"index","follow":"follow","max-snippet":"max-snippet:-1","max-image-preview":"max-image-preview:large","max-video-preview":"max-video-preview:-1"},"canonical":"https:\/\/www.electrahotels.gr\/fr\/destinations\/rhodes\/","og_locale":"fr_FR","og_type":"article","og_title":"Sensationnel h\u00f4tel 5 \u00e9toiles tout compris \u00e0 Rhodes || Electra Hotels","og_description":"Un sensationnel h\u00f4tel 5 \u00e9toiles Rhodes tout compris avec vue sur la mer pour des s\u00e9jours luxueux et une pl\u00e9thore d'exp\u00e9riences passionnantes juste \u00e0 c\u00f4t\u00e9 du fabuleux littoral de l'\u00eele.","og_url":"https:\/\/www.electrahotels.gr\/fr\/destinations\/rhodes\/","og_site_name":"Electra Hotels &amp; Resorts","article_modified_time":"2023-04-05T06:06:20+00:00","og_image":[{"width":1920,"height":1280,"url":"https:\/\/www.electrahotels.gr\/app\/uploads\/sites\/75\/2021\/08\/grand-masters-palace-2865221_1920.jpg","type":"image\/jpeg"}],"twitter_card":"summary_large_image","schema":{"@context":"https:\/\/schema.org","@graph":[{"@type":"WebPage","@id":"https:\/\/www.electrahotels.gr\/fr\/destinations\/rhodes\/","url":"https:\/\/www.electrahotels.gr\/fr\/destinations\/rhodes\/","name":"Sensationnel h\u00f4tel 5 \u00e9toiles tout compris \u00e0 Rhodes || Electra Hotels","isPartOf":{"@id":"https:\/\/www.electrahotels.gr\/fr\/#website"},"primaryImageOfPage":{"@id":"https:\/\/www.electrahotels.gr\/fr\/destinations\/rhodes\/#primaryimage"},"image":{"@id":"https:\/\/www.electrahotels.gr\/fr\/destinations\/rhodes\/#primaryimage"},"thumbnailUrl":"https:\/\/www.electrahotels.gr\/app\/uploads\/2024\/07\/Rhodes.png","datePublished":"2021-11-26T12:49:20+00:00","dateModified":"2023-04-05T06:06:20+00:00","description":"Un sensationnel h\u00f4tel 5 \u00e9toiles Rhodes tout compris avec vue sur la mer pour des s\u00e9jours luxueux et une pl\u00e9thore d'exp\u00e9riences passionnantes juste \u00e0 c\u00f4t\u00e9 du fabuleux littoral de l'\u00eele.","breadcrumb":{"@id":"https:\/\/www.electrahotels.gr\/fr\/destinations\/rhodes\/#breadcrumb"},"inLanguage":"fr-FR","potentialAction":[{"@type":"ReadAction","target":["https:\/\/www.electrahotels.gr\/fr\/destinations\/rhodes\/"]}]},{"@type":"ImageObject","inLanguage":"fr-FR","@id":"https:\/\/www.electrahotels.gr\/fr\/destinations\/rhodes\/#primaryimage","url":"https:\/\/www.electrahotels.gr\/app\/uploads\/2024\/07\/Rhodes.png","contentUrl":"https:\/\/www.electrahotels.gr\/app\/uploads\/2024\/07\/Rhodes.png","width":1080,"height":1080},{"@type":"BreadcrumbList","@id":"https:\/\/www.electrahotels.gr\/fr\/destinations\/rhodes\/#breadcrumb","itemListElement":[{"@type":"ListItem","position":1,"name":"Home","item":"https:\/\/www.electrahotels.gr\/fr\/"},{"@type":"ListItem","position":2,"name":"Destinations","item":"https:\/\/www.electrahotels.gr\/fr\/destinations\/"},{"@type":"ListItem","position":3,"name":"Rhodes"}]},{"@type":"WebSite","@id":"https:\/\/www.electrahotels.gr\/fr\/#website","url":"https:\/\/www.electrahotels.gr\/fr\/","name":"Electra Hotels &amp; Resorts","description":"A group of luxury hotels in Athens, Thessaloniki, Rhodes and Kefalonia committed to offering quality hospitality, service and luxury","potentialAction":[{"@type":"SearchAction","target":{"@type":"EntryPoint","urlTemplate":"https:\/\/www.electrahotels.gr\/fr\/?s={search_term_string}"},"query-input":{"@type":"PropertyValueSpecification","valueRequired":true,"valueName":"search_term_string"}}],"inLanguage":"fr-FR"}]}},"_links":{"self":[{"href":"https:\/\/www.electrahotels.gr\/fr\/wp-json\/wp\/v2\/pages\/10312","targetHints":{"allow":["GET"]}}],"collection":[{"href":"https:\/\/www.electrahotels.gr\/fr\/wp-json\/wp\/v2\/pages"}],"about":[{"href":"https:\/\/www.electrahotels.gr\/fr\/wp-json\/wp\/v2\/types\/page"}],"author":[{"embeddable":true,"href":"https:\/\/www.electrahotels.gr\/fr\/wp-json\/wp\/v2\/users\/1"}],"replies":[{"embeddable":true,"href":"https:\/\/www.electrahotels.gr\/fr\/wp-json\/wp\/v2\/comments?post=10312"}],"version-history":[{"count":7,"href":"https:\/\/www.electrahotels.gr\/fr\/wp-json\/wp\/v2\/pages\/10312\/revisions"}],"predecessor-version":[{"id":12368,"href":"https:\/\/www.electrahotels.gr\/fr\/wp-json\/wp\/v2\/pages\/10312\/revisions\/12368"}],"up":[{"embeddable":true,"href":"https:\/\/www.electrahotels.gr\/fr\/wp-json\/wp\/v2\/pages\/10288"}],"wp:featuredmedia":[{"embeddable":true,"href":"https:\/\/www.electrahotels.gr\/fr\/wp-json\/wp\/v2\/media\/49048"}],"wp:attachment":[{"href":"https:\/\/www.electrahotels.gr\/fr\/wp-json\/wp\/v2\/media?parent=10312"}],"wp:term":[{"taxonomy":"page_tag","embeddable":true,"href":"https:\/\/www.electrahotels.gr\/fr\/wp-json\/wp\/v2\/page_tag?post=10312"}],"curies":[{"name":"wp","href":"https:\/\/api.w.org\/{rel}","templated":true}]}}