{"id":10315,"date":"2021-11-26T14:49:20","date_gmt":"2021-11-26T12:49:20","guid":{"rendered":"https:\/\/www.electrahotels.gr\/nos-hotels\/electra-hotel-athenes\/chambres-et-suites\/"},"modified":"2024-11-19T16:37:03","modified_gmt":"2024-11-19T14:37:03","slug":"chambres-et-suites","status":"publish","type":"page","link":"https:\/\/www.electrahotels.gr\/fr\/nos-hotels\/electra-rhythm-athens\/chambres-et-suites\/","title":{"rendered":"Chambres et suites"},"content":{"rendered":"","protected":false},"excerpt":{"rendered":"","protected":false},"author":1,"featured_media":50680,"parent":10285,"menu_order":0,"comment_status":"closed","ping_status":"closed","template":"page-templates\/rooms.php","meta":{"_acf_changed":false,"footnotes":""},"page_tag":[],"class_list":["post-10315","page","type-page","status-publish","has-post-thumbnail","hentry"],"acf":[],"yoast_head":"<!-- This site is optimized with the Yoast SEO plugin v27.4 - https:\/\/yoast.com\/product\/yoast-seo-wordpress\/ -->\n<title>H\u00e9bergement de luxe 4* dans le centre d&#039;Ath\u00e8nes || Electra Rhythm Athens<\/title>\n<meta name=\"description\" content=\"Profitez d&#039;un s\u00e9jour typiquement ath\u00e9nien en choisissant votre h\u00e9bergement de luxe 4* dans le centre-ville d&#039;Ath\u00e8nes \u00e0 l&#039;Electra Rhythm Athens, situ\u00e9 au centre de Ermou Str.\" \/>\n<meta name=\"robots\" content=\"index, follow, max-snippet:-1, max-image-preview:large, max-video-preview:-1\" \/>\n<link rel=\"canonical\" href=\"https:\/\/www.electrahotels.gr\/fr\/nos-hotels\/electra-rhythm-athens\/chambres-et-suites\/\" \/>\n<meta property=\"og:locale\" content=\"fr_FR\" \/>\n<meta property=\"og:type\" content=\"article\" \/>\n<meta property=\"og:title\" content=\"H\u00e9bergement de luxe 4* dans le centre d&#039;Ath\u00e8nes || Electra Rhythm Athens\" \/>\n<meta property=\"og:description\" content=\"Profitez d&#039;un s\u00e9jour typiquement ath\u00e9nien en choisissant votre h\u00e9bergement de luxe 4* dans le centre-ville d&#039;Ath\u00e8nes \u00e0 l&#039;Electra Rhythm Athens, situ\u00e9 au centre de Ermou Str.\" \/>\n<meta property=\"og:url\" content=\"https:\/\/www.electrahotels.gr\/fr\/nos-hotels\/electra-rhythm-athens\/chambres-et-suites\/\" \/>\n<meta property=\"og:site_name\" content=\"Electra Hotels &amp; Resorts\" \/>\n<meta property=\"article:modified_time\" content=\"2024-11-19T14:37:03+00:00\" \/>\n<meta property=\"og:image\" content=\"https:\/\/www.electrahotels.gr\/app\/uploads\/2021\/09\/dsc5391_ok-custom_resized.jpg\" \/>\n\t<meta property=\"og:image:width\" content=\"1920\" \/>\n\t<meta property=\"og:image:height\" content=\"1280\" \/>\n\t<meta property=\"og:image:type\" content=\"image\/jpeg\" \/>\n<meta name=\"twitter:card\" content=\"summary_large_image\" \/>\n<meta name=\"twitter:label1\" content=\"Dur\u00e9e de lecture estim\u00e9e\" \/>\n\t<meta name=\"twitter:data1\" content=\"1 minute\" \/>\n<script type=\"application\/ld+json\" class=\"yoast-schema-graph\">{\"@context\":\"https:\\\/\\\/schema.org\",\"@graph\":[{\"@type\":\"WebPage\",\"@id\":\"https:\\\/\\\/www.electrahotels.gr\\\/fr\\\/nos-hotels\\\/electra-rhythm-athens\\\/chambres-et-suites\\\/\",\"url\":\"https:\\\/\\\/www.electrahotels.gr\\\/fr\\\/nos-hotels\\\/electra-rhythm-athens\\\/chambres-et-suites\\\/\",\"name\":\"H\u00e9bergement de luxe 4* dans le centre d'Ath\u00e8nes || Electra Rhythm Athens\",\"isPartOf\":{\"@id\":\"https:\\\/\\\/www.electrahotels.gr\\\/fr\\\/#website\"},\"primaryImageOfPage\":{\"@id\":\"https:\\\/\\\/www.electrahotels.gr\\\/fr\\\/nos-hotels\\\/electra-rhythm-athens\\\/chambres-et-suites\\\/#primaryimage\"},\"image\":{\"@id\":\"https:\\\/\\\/www.electrahotels.gr\\\/fr\\\/nos-hotels\\\/electra-rhythm-athens\\\/chambres-et-suites\\\/#primaryimage\"},\"thumbnailUrl\":\"https:\\\/\\\/www.electrahotels.gr\\\/app\\\/uploads\\\/2021\\\/04\\\/Electra_Rhythm_Athens_Active_Suite_Bedroom_details.jpg\",\"datePublished\":\"2021-11-26T12:49:20+00:00\",\"dateModified\":\"2024-11-19T14:37:03+00:00\",\"description\":\"Profitez d'un s\u00e9jour typiquement ath\u00e9nien en choisissant votre h\u00e9bergement de luxe 4* dans le centre-ville d'Ath\u00e8nes \u00e0 l'Electra Rhythm Athens, situ\u00e9 au centre de Ermou Str.\",\"breadcrumb\":{\"@id\":\"https:\\\/\\\/www.electrahotels.gr\\\/fr\\\/nos-hotels\\\/electra-rhythm-athens\\\/chambres-et-suites\\\/#breadcrumb\"},\"inLanguage\":\"fr-FR\",\"potentialAction\":[{\"@type\":\"ReadAction\",\"target\":[\"https:\\\/\\\/www.electrahotels.gr\\\/fr\\\/nos-hotels\\\/electra-rhythm-athens\\\/chambres-et-suites\\\/\"]}]},{\"@type\":\"ImageObject\",\"inLanguage\":\"fr-FR\",\"@id\":\"https:\\\/\\\/www.electrahotels.gr\\\/fr\\\/nos-hotels\\\/electra-rhythm-athens\\\/chambres-et-suites\\\/#primaryimage\",\"url\":\"https:\\\/\\\/www.electrahotels.gr\\\/app\\\/uploads\\\/2021\\\/04\\\/Electra_Rhythm_Athens_Active_Suite_Bedroom_details.jpg\",\"contentUrl\":\"https:\\\/\\\/www.electrahotels.gr\\\/app\\\/uploads\\\/2021\\\/04\\\/Electra_Rhythm_Athens_Active_Suite_Bedroom_details.jpg\",\"width\":1920,\"height\":1080},{\"@type\":\"BreadcrumbList\",\"@id\":\"https:\\\/\\\/www.electrahotels.gr\\\/fr\\\/nos-hotels\\\/electra-rhythm-athens\\\/chambres-et-suites\\\/#breadcrumb\",\"itemListElement\":[{\"@type\":\"ListItem\",\"position\":1,\"name\":\"Home\",\"item\":\"https:\\\/\\\/www.electrahotels.gr\\\/fr\\\/\"},{\"@type\":\"ListItem\",\"position\":2,\"name\":\"Nos h\u00f4tels\",\"item\":\"https:\\\/\\\/www.electrahotels.gr\\\/fr\\\/nos-hotels\\\/\"},{\"@type\":\"ListItem\",\"position\":3,\"name\":\"Electra Rhythm Athens\",\"item\":\"https:\\\/\\\/www.electrahotels.gr\\\/fr\\\/nos-hotels\\\/electra-rhythm-athens\\\/\"},{\"@type\":\"ListItem\",\"position\":4,\"name\":\"Chambres et suites\"}]},{\"@type\":\"WebSite\",\"@id\":\"https:\\\/\\\/www.electrahotels.gr\\\/fr\\\/#website\",\"url\":\"https:\\\/\\\/www.electrahotels.gr\\\/fr\\\/\",\"name\":\"Electra Hotels &amp; Resorts\",\"description\":\"A group of luxury hotels in Athens, Thessaloniki, Rhodes and Kefalonia committed to offering quality hospitality, service and luxury\",\"potentialAction\":[{\"@type\":\"SearchAction\",\"target\":{\"@type\":\"EntryPoint\",\"urlTemplate\":\"https:\\\/\\\/www.electrahotels.gr\\\/fr\\\/?s={search_term_string}\"},\"query-input\":{\"@type\":\"PropertyValueSpecification\",\"valueRequired\":true,\"valueName\":\"search_term_string\"}}],\"inLanguage\":\"fr-FR\"}]}<\/script>\n<!-- \/ Yoast SEO plugin. -->","yoast_head_json":{"title":"H\u00e9bergement de luxe 4* dans le centre d'Ath\u00e8nes || Electra Rhythm Athens","description":"Profitez d'un s\u00e9jour typiquement ath\u00e9nien en choisissant votre h\u00e9bergement de luxe 4* dans le centre-ville d'Ath\u00e8nes \u00e0 l'Electra Rhythm Athens, situ\u00e9 au centre de Ermou Str.","robots":{"index":"index","follow":"follow","max-snippet":"max-snippet:-1","max-image-preview":"max-image-preview:large","max-video-preview":"max-video-preview:-1"},"canonical":"https:\/\/www.electrahotels.gr\/fr\/nos-hotels\/electra-rhythm-athens\/chambres-et-suites\/","og_locale":"fr_FR","og_type":"article","og_title":"H\u00e9bergement de luxe 4* dans le centre d'Ath\u00e8nes || Electra Rhythm Athens","og_description":"Profitez d'un s\u00e9jour typiquement ath\u00e9nien en choisissant votre h\u00e9bergement de luxe 4* dans le centre-ville d'Ath\u00e8nes \u00e0 l'Electra Rhythm Athens, situ\u00e9 au centre de Ermou Str.","og_url":"https:\/\/www.electrahotels.gr\/fr\/nos-hotels\/electra-rhythm-athens\/chambres-et-suites\/","og_site_name":"Electra Hotels &amp; Resorts","article_modified_time":"2024-11-19T14:37:03+00:00","og_image":[{"width":1920,"height":1280,"url":"https:\/\/www.electrahotels.gr\/app\/uploads\/2021\/09\/dsc5391_ok-custom_resized.jpg","type":"image\/jpeg"}],"twitter_card":"summary_large_image","twitter_misc":{"Dur\u00e9e de lecture estim\u00e9e":"1 minute"},"schema":{"@context":"https:\/\/schema.org","@graph":[{"@type":"WebPage","@id":"https:\/\/www.electrahotels.gr\/fr\/nos-hotels\/electra-rhythm-athens\/chambres-et-suites\/","url":"https:\/\/www.electrahotels.gr\/fr\/nos-hotels\/electra-rhythm-athens\/chambres-et-suites\/","name":"H\u00e9bergement de luxe 4* dans le centre d'Ath\u00e8nes || Electra Rhythm Athens","isPartOf":{"@id":"https:\/\/www.electrahotels.gr\/fr\/#website"},"primaryImageOfPage":{"@id":"https:\/\/www.electrahotels.gr\/fr\/nos-hotels\/electra-rhythm-athens\/chambres-et-suites\/#primaryimage"},"image":{"@id":"https:\/\/www.electrahotels.gr\/fr\/nos-hotels\/electra-rhythm-athens\/chambres-et-suites\/#primaryimage"},"thumbnailUrl":"https:\/\/www.electrahotels.gr\/app\/uploads\/2021\/04\/Electra_Rhythm_Athens_Active_Suite_Bedroom_details.jpg","datePublished":"2021-11-26T12:49:20+00:00","dateModified":"2024-11-19T14:37:03+00:00","description":"Profitez d'un s\u00e9jour typiquement ath\u00e9nien en choisissant votre h\u00e9bergement de luxe 4* dans le centre-ville d'Ath\u00e8nes \u00e0 l'Electra Rhythm Athens, situ\u00e9 au centre de Ermou Str.","breadcrumb":{"@id":"https:\/\/www.electrahotels.gr\/fr\/nos-hotels\/electra-rhythm-athens\/chambres-et-suites\/#breadcrumb"},"inLanguage":"fr-FR","potentialAction":[{"@type":"ReadAction","target":["https:\/\/www.electrahotels.gr\/fr\/nos-hotels\/electra-rhythm-athens\/chambres-et-suites\/"]}]},{"@type":"ImageObject","inLanguage":"fr-FR","@id":"https:\/\/www.electrahotels.gr\/fr\/nos-hotels\/electra-rhythm-athens\/chambres-et-suites\/#primaryimage","url":"https:\/\/www.electrahotels.gr\/app\/uploads\/2021\/04\/Electra_Rhythm_Athens_Active_Suite_Bedroom_details.jpg","contentUrl":"https:\/\/www.electrahotels.gr\/app\/uploads\/2021\/04\/Electra_Rhythm_Athens_Active_Suite_Bedroom_details.jpg","width":1920,"height":1080},{"@type":"BreadcrumbList","@id":"https:\/\/www.electrahotels.gr\/fr\/nos-hotels\/electra-rhythm-athens\/chambres-et-suites\/#breadcrumb","itemListElement":[{"@type":"ListItem","position":1,"name":"Home","item":"https:\/\/www.electrahotels.gr\/fr\/"},{"@type":"ListItem","position":2,"name":"Nos h\u00f4tels","item":"https:\/\/www.electrahotels.gr\/fr\/nos-hotels\/"},{"@type":"ListItem","position":3,"name":"Electra Rhythm Athens","item":"https:\/\/www.electrahotels.gr\/fr\/nos-hotels\/electra-rhythm-athens\/"},{"@type":"ListItem","position":4,"name":"Chambres et suites"}]},{"@type":"WebSite","@id":"https:\/\/www.electrahotels.gr\/fr\/#website","url":"https:\/\/www.electrahotels.gr\/fr\/","name":"Electra Hotels &amp; Resorts","description":"A group of luxury hotels in Athens, Thessaloniki, Rhodes and Kefalonia committed to offering quality hospitality, service and luxury","potentialAction":[{"@type":"SearchAction","target":{"@type":"EntryPoint","urlTemplate":"https:\/\/www.electrahotels.gr\/fr\/?s={search_term_string}"},"query-input":{"@type":"PropertyValueSpecification","valueRequired":true,"valueName":"search_term_string"}}],"inLanguage":"fr-FR"}]}},"_links":{"self":[{"href":"https:\/\/www.electrahotels.gr\/fr\/wp-json\/wp\/v2\/pages\/10315","targetHints":{"allow":["GET"]}}],"collection":[{"href":"https:\/\/www.electrahotels.gr\/fr\/wp-json\/wp\/v2\/pages"}],"about":[{"href":"https:\/\/www.electrahotels.gr\/fr\/wp-json\/wp\/v2\/types\/page"}],"author":[{"embeddable":true,"href":"https:\/\/www.electrahotels.gr\/fr\/wp-json\/wp\/v2\/users\/1"}],"replies":[{"embeddable":true,"href":"https:\/\/www.electrahotels.gr\/fr\/wp-json\/wp\/v2\/comments?post=10315"}],"version-history":[{"count":6,"href":"https:\/\/www.electrahotels.gr\/fr\/wp-json\/wp\/v2\/pages\/10315\/revisions"}],"predecessor-version":[{"id":50704,"href":"https:\/\/www.electrahotels.gr\/fr\/wp-json\/wp\/v2\/pages\/10315\/revisions\/50704"}],"up":[{"embeddable":true,"href":"https:\/\/www.electrahotels.gr\/fr\/wp-json\/wp\/v2\/pages\/10285"}],"wp:featuredmedia":[{"embeddable":true,"href":"https:\/\/www.electrahotels.gr\/fr\/wp-json\/wp\/v2\/media\/50680"}],"wp:attachment":[{"href":"https:\/\/www.electrahotels.gr\/fr\/wp-json\/wp\/v2\/media?parent=10315"}],"wp:term":[{"taxonomy":"page_tag","embeddable":true,"href":"https:\/\/www.electrahotels.gr\/fr\/wp-json\/wp\/v2\/page_tag?post=10315"}],"curies":[{"name":"wp","href":"https:\/\/api.w.org\/{rel}","templated":true}]}}