{"id":10320,"date":"2021-11-26T14:49:20","date_gmt":"2021-11-26T12:49:20","guid":{"rendered":"https:\/\/www.electrahotels.gr\/destinations\/kefalonia\/"},"modified":"2023-04-05T09:06:22","modified_gmt":"2023-04-05T06:06:22","slug":"kefalonia","status":"publish","type":"page","link":"https:\/\/www.electrahotels.gr\/fr\/destinations\/kefalonia\/","title":{"rendered":"Kefalonia"},"content":{"rendered":"\n<p>\u00c0 l&rsquo;ouest de la Gr\u00e8ce se trouve une \u00eele qui n&rsquo;est pas un joyau cach\u00e9. C\u00e9phalonie porte les marques des diff\u00e9rentes cultures qui l&rsquo;ont fa\u00e7onn\u00e9e au fil des si\u00e8cles, chacune laissant derri\u00e8re elle un petit quelque chose \u00e0 d\u00e9couvrir et \u00e0 ch\u00e9rir. Combinez cela avec une beaut\u00e9 naturelle \u00e9poustouflante qui vous coupera le souffle et une multitude d&rsquo;options de loisirs et de d\u00e9tente et vous avez entre les mains un v\u00e9ritable charmeur.<\/p>\n","protected":false},"excerpt":{"rendered":"<p>\u00c0 l&rsquo;ouest de la Gr\u00e8ce se trouve une \u00eele qui n&rsquo;est pas un joyau cach\u00e9. C\u00e9phalonie porte les marques des diff\u00e9rentes cultures qui l&rsquo;ont fa\u00e7onn\u00e9e au fil des si\u00e8cles, chacune laissant derri\u00e8re elle un petit quelque chose \u00e0 d\u00e9couvrir et \u00e0 ch\u00e9rir. Combinez cela avec une beaut\u00e9 naturelle \u00e9poustouflante qui vous coupera le souffle et<\/p>\n","protected":false},"author":1,"featured_media":49052,"parent":10288,"menu_order":8,"comment_status":"closed","ping_status":"closed","template":"page-templates\/hotels.php","meta":{"_acf_changed":false,"footnotes":""},"page_tag":[],"class_list":["post-10320","page","type-page","status-publish","has-post-thumbnail","hentry"],"acf":[],"yoast_head":"<!-- This site is optimized with the Yoast SEO plugin v27.3 - https:\/\/yoast.com\/product\/yoast-seo-wordpress\/ -->\n<title>Le meilleur des h\u00f4tels 5 \u00e9toiles de l&#039;\u00eele de C\u00e9phalonie || Electra Hotels<\/title>\n<meta name=\"description\" content=\"L&#039;Electra Kefalonia Hotel &amp; Spa est l&#039;un des meilleurs h\u00f4tels 5 \u00e9toiles de l&#039;\u00eele de Kefalonia, offrant aux clients un monde de plaisir insulaire \u00e0 deux pas de la mer.\" \/>\n<meta name=\"robots\" content=\"index, follow, max-snippet:-1, max-image-preview:large, max-video-preview:-1\" \/>\n<link rel=\"canonical\" href=\"https:\/\/www.electrahotels.gr\/fr\/destinations\/kefalonia\/\" \/>\n<meta property=\"og:locale\" content=\"fr_FR\" \/>\n<meta property=\"og:type\" content=\"article\" \/>\n<meta property=\"og:title\" content=\"Le meilleur des h\u00f4tels 5 \u00e9toiles de l&#039;\u00eele de C\u00e9phalonie || Electra Hotels\" \/>\n<meta property=\"og:description\" content=\"L&#039;Electra Kefalonia Hotel &amp; Spa est l&#039;un des meilleurs h\u00f4tels 5 \u00e9toiles de l&#039;\u00eele de Kefalonia, offrant aux clients un monde de plaisir insulaire \u00e0 deux pas de la mer.\" \/>\n<meta property=\"og:url\" content=\"https:\/\/www.electrahotels.gr\/fr\/destinations\/kefalonia\/\" \/>\n<meta property=\"og:site_name\" content=\"Electra Hotels &amp; Resorts\" \/>\n<meta property=\"article:modified_time\" content=\"2023-04-05T06:06:22+00:00\" \/>\n<meta property=\"og:image\" content=\"https:\/\/www.electrahotels.gr\/app\/uploads\/sites\/75\/2021\/08\/ace-4476551_1920.jpg\" \/>\n\t<meta property=\"og:image:width\" content=\"1920\" \/>\n\t<meta property=\"og:image:height\" content=\"1280\" \/>\n\t<meta property=\"og:image:type\" content=\"image\/jpeg\" \/>\n<meta name=\"twitter:card\" content=\"summary_large_image\" \/>\n<script type=\"application\/ld+json\" class=\"yoast-schema-graph\">{\"@context\":\"https:\\\/\\\/schema.org\",\"@graph\":[{\"@type\":\"WebPage\",\"@id\":\"https:\\\/\\\/www.electrahotels.gr\\\/fr\\\/destinations\\\/kefalonia\\\/\",\"url\":\"https:\\\/\\\/www.electrahotels.gr\\\/fr\\\/destinations\\\/kefalonia\\\/\",\"name\":\"Le meilleur des h\u00f4tels 5 \u00e9toiles de l'\u00eele de C\u00e9phalonie || Electra Hotels\",\"isPartOf\":{\"@id\":\"https:\\\/\\\/www.electrahotels.gr\\\/fr\\\/#website\"},\"primaryImageOfPage\":{\"@id\":\"https:\\\/\\\/www.electrahotels.gr\\\/fr\\\/destinations\\\/kefalonia\\\/#primaryimage\"},\"image\":{\"@id\":\"https:\\\/\\\/www.electrahotels.gr\\\/fr\\\/destinations\\\/kefalonia\\\/#primaryimage\"},\"thumbnailUrl\":\"https:\\\/\\\/www.electrahotels.gr\\\/app\\\/uploads\\\/2024\\\/07\\\/Kefalonia.png\",\"datePublished\":\"2021-11-26T12:49:20+00:00\",\"dateModified\":\"2023-04-05T06:06:22+00:00\",\"description\":\"L'Electra Kefalonia Hotel & Spa est l'un des meilleurs h\u00f4tels 5 \u00e9toiles de l'\u00eele de Kefalonia, offrant aux clients un monde de plaisir insulaire \u00e0 deux pas de la mer.\",\"breadcrumb\":{\"@id\":\"https:\\\/\\\/www.electrahotels.gr\\\/fr\\\/destinations\\\/kefalonia\\\/#breadcrumb\"},\"inLanguage\":\"fr-FR\",\"potentialAction\":[{\"@type\":\"ReadAction\",\"target\":[\"https:\\\/\\\/www.electrahotels.gr\\\/fr\\\/destinations\\\/kefalonia\\\/\"]}]},{\"@type\":\"ImageObject\",\"inLanguage\":\"fr-FR\",\"@id\":\"https:\\\/\\\/www.electrahotels.gr\\\/fr\\\/destinations\\\/kefalonia\\\/#primaryimage\",\"url\":\"https:\\\/\\\/www.electrahotels.gr\\\/app\\\/uploads\\\/2024\\\/07\\\/Kefalonia.png\",\"contentUrl\":\"https:\\\/\\\/www.electrahotels.gr\\\/app\\\/uploads\\\/2024\\\/07\\\/Kefalonia.png\",\"width\":1080,\"height\":1080},{\"@type\":\"BreadcrumbList\",\"@id\":\"https:\\\/\\\/www.electrahotels.gr\\\/fr\\\/destinations\\\/kefalonia\\\/#breadcrumb\",\"itemListElement\":[{\"@type\":\"ListItem\",\"position\":1,\"name\":\"Home\",\"item\":\"https:\\\/\\\/www.electrahotels.gr\\\/fr\\\/\"},{\"@type\":\"ListItem\",\"position\":2,\"name\":\"Destinations\",\"item\":\"https:\\\/\\\/www.electrahotels.gr\\\/fr\\\/destinations\\\/\"},{\"@type\":\"ListItem\",\"position\":3,\"name\":\"Kefalonia\"}]},{\"@type\":\"WebSite\",\"@id\":\"https:\\\/\\\/www.electrahotels.gr\\\/fr\\\/#website\",\"url\":\"https:\\\/\\\/www.electrahotels.gr\\\/fr\\\/\",\"name\":\"Electra Hotels &amp; Resorts\",\"description\":\"A group of luxury hotels in Athens, Thessaloniki, Rhodes and Kefalonia committed to offering quality hospitality, service and luxury\",\"potentialAction\":[{\"@type\":\"SearchAction\",\"target\":{\"@type\":\"EntryPoint\",\"urlTemplate\":\"https:\\\/\\\/www.electrahotels.gr\\\/fr\\\/?s={search_term_string}\"},\"query-input\":{\"@type\":\"PropertyValueSpecification\",\"valueRequired\":true,\"valueName\":\"search_term_string\"}}],\"inLanguage\":\"fr-FR\"}]}<\/script>\n<!-- \/ Yoast SEO plugin. -->","yoast_head_json":{"title":"Le meilleur des h\u00f4tels 5 \u00e9toiles de l'\u00eele de C\u00e9phalonie || Electra Hotels","description":"L'Electra Kefalonia Hotel & Spa est l'un des meilleurs h\u00f4tels 5 \u00e9toiles de l'\u00eele de Kefalonia, offrant aux clients un monde de plaisir insulaire \u00e0 deux pas de la mer.","robots":{"index":"index","follow":"follow","max-snippet":"max-snippet:-1","max-image-preview":"max-image-preview:large","max-video-preview":"max-video-preview:-1"},"canonical":"https:\/\/www.electrahotels.gr\/fr\/destinations\/kefalonia\/","og_locale":"fr_FR","og_type":"article","og_title":"Le meilleur des h\u00f4tels 5 \u00e9toiles de l'\u00eele de C\u00e9phalonie || Electra Hotels","og_description":"L'Electra Kefalonia Hotel & Spa est l'un des meilleurs h\u00f4tels 5 \u00e9toiles de l'\u00eele de Kefalonia, offrant aux clients un monde de plaisir insulaire \u00e0 deux pas de la mer.","og_url":"https:\/\/www.electrahotels.gr\/fr\/destinations\/kefalonia\/","og_site_name":"Electra Hotels &amp; Resorts","article_modified_time":"2023-04-05T06:06:22+00:00","og_image":[{"width":1920,"height":1280,"url":"https:\/\/www.electrahotels.gr\/app\/uploads\/sites\/75\/2021\/08\/ace-4476551_1920.jpg","type":"image\/jpeg"}],"twitter_card":"summary_large_image","schema":{"@context":"https:\/\/schema.org","@graph":[{"@type":"WebPage","@id":"https:\/\/www.electrahotels.gr\/fr\/destinations\/kefalonia\/","url":"https:\/\/www.electrahotels.gr\/fr\/destinations\/kefalonia\/","name":"Le meilleur des h\u00f4tels 5 \u00e9toiles de l'\u00eele de C\u00e9phalonie || Electra Hotels","isPartOf":{"@id":"https:\/\/www.electrahotels.gr\/fr\/#website"},"primaryImageOfPage":{"@id":"https:\/\/www.electrahotels.gr\/fr\/destinations\/kefalonia\/#primaryimage"},"image":{"@id":"https:\/\/www.electrahotels.gr\/fr\/destinations\/kefalonia\/#primaryimage"},"thumbnailUrl":"https:\/\/www.electrahotels.gr\/app\/uploads\/2024\/07\/Kefalonia.png","datePublished":"2021-11-26T12:49:20+00:00","dateModified":"2023-04-05T06:06:22+00:00","description":"L'Electra Kefalonia Hotel & Spa est l'un des meilleurs h\u00f4tels 5 \u00e9toiles de l'\u00eele de Kefalonia, offrant aux clients un monde de plaisir insulaire \u00e0 deux pas de la mer.","breadcrumb":{"@id":"https:\/\/www.electrahotels.gr\/fr\/destinations\/kefalonia\/#breadcrumb"},"inLanguage":"fr-FR","potentialAction":[{"@type":"ReadAction","target":["https:\/\/www.electrahotels.gr\/fr\/destinations\/kefalonia\/"]}]},{"@type":"ImageObject","inLanguage":"fr-FR","@id":"https:\/\/www.electrahotels.gr\/fr\/destinations\/kefalonia\/#primaryimage","url":"https:\/\/www.electrahotels.gr\/app\/uploads\/2024\/07\/Kefalonia.png","contentUrl":"https:\/\/www.electrahotels.gr\/app\/uploads\/2024\/07\/Kefalonia.png","width":1080,"height":1080},{"@type":"BreadcrumbList","@id":"https:\/\/www.electrahotels.gr\/fr\/destinations\/kefalonia\/#breadcrumb","itemListElement":[{"@type":"ListItem","position":1,"name":"Home","item":"https:\/\/www.electrahotels.gr\/fr\/"},{"@type":"ListItem","position":2,"name":"Destinations","item":"https:\/\/www.electrahotels.gr\/fr\/destinations\/"},{"@type":"ListItem","position":3,"name":"Kefalonia"}]},{"@type":"WebSite","@id":"https:\/\/www.electrahotels.gr\/fr\/#website","url":"https:\/\/www.electrahotels.gr\/fr\/","name":"Electra Hotels &amp; Resorts","description":"A group of luxury hotels in Athens, Thessaloniki, Rhodes and Kefalonia committed to offering quality hospitality, service and luxury","potentialAction":[{"@type":"SearchAction","target":{"@type":"EntryPoint","urlTemplate":"https:\/\/www.electrahotels.gr\/fr\/?s={search_term_string}"},"query-input":{"@type":"PropertyValueSpecification","valueRequired":true,"valueName":"search_term_string"}}],"inLanguage":"fr-FR"}]}},"_links":{"self":[{"href":"https:\/\/www.electrahotels.gr\/fr\/wp-json\/wp\/v2\/pages\/10320","targetHints":{"allow":["GET"]}}],"collection":[{"href":"https:\/\/www.electrahotels.gr\/fr\/wp-json\/wp\/v2\/pages"}],"about":[{"href":"https:\/\/www.electrahotels.gr\/fr\/wp-json\/wp\/v2\/types\/page"}],"author":[{"embeddable":true,"href":"https:\/\/www.electrahotels.gr\/fr\/wp-json\/wp\/v2\/users\/1"}],"replies":[{"embeddable":true,"href":"https:\/\/www.electrahotels.gr\/fr\/wp-json\/wp\/v2\/comments?post=10320"}],"version-history":[{"count":5,"href":"https:\/\/www.electrahotels.gr\/fr\/wp-json\/wp\/v2\/pages\/10320\/revisions"}],"predecessor-version":[{"id":12381,"href":"https:\/\/www.electrahotels.gr\/fr\/wp-json\/wp\/v2\/pages\/10320\/revisions\/12381"}],"up":[{"embeddable":true,"href":"https:\/\/www.electrahotels.gr\/fr\/wp-json\/wp\/v2\/pages\/10288"}],"wp:featuredmedia":[{"embeddable":true,"href":"https:\/\/www.electrahotels.gr\/fr\/wp-json\/wp\/v2\/media\/49052"}],"wp:attachment":[{"href":"https:\/\/www.electrahotels.gr\/fr\/wp-json\/wp\/v2\/media?parent=10320"}],"wp:term":[{"taxonomy":"page_tag","embeddable":true,"href":"https:\/\/www.electrahotels.gr\/fr\/wp-json\/wp\/v2\/page_tag?post=10320"}],"curies":[{"name":"wp","href":"https:\/\/api.w.org\/{rel}","templated":true}]}}