{"id":10325,"date":"2021-11-26T14:49:20","date_gmt":"2021-11-26T12:49:20","guid":{"rendered":"https:\/\/www.electrahotels.gr\/chambres-et-suites-3\/"},"modified":"2024-06-03T16:00:42","modified_gmt":"2024-06-03T13:00:42","slug":"chambres-et-suites-3","status":"publish","type":"page","link":"https:\/\/www.electrahotels.gr\/fr\/nos-hotels\/electra-palace-athenes\/chambres-et-suites-3\/","title":{"rendered":"Chambres et suites"},"content":{"rendered":"","protected":false},"excerpt":{"rendered":"","protected":false},"author":1,"featured_media":0,"parent":10340,"menu_order":0,"comment_status":"closed","ping_status":"closed","template":"page-templates\/rooms.php","meta":{"_acf_changed":false,"footnotes":""},"page_tag":[],"class_list":["post-10325","page","type-page","status-publish","hentry"],"acf":[],"yoast_head":"<!-- This site is optimized with the Yoast SEO plugin v27.3 - https:\/\/yoast.com\/product\/yoast-seo-wordpress\/ -->\n<title>Suites de luxe \u00e9l\u00e9gantes \u00e0 Ath\u00e8nes, \u00e0 Plaka || Electra Palace Athens<\/title>\n<meta name=\"description\" content=\"Les \u00e9l\u00e9gantes suites de luxe d&#039;Ath\u00e8nes de l&#039;Electra Palace Hotel, dans le quartier de Plaka, deviendront votre sanctuaire urbain pour un s\u00e9jour qui laissera des souvenirs imp\u00e9rissables.\" \/>\n<meta name=\"robots\" content=\"index, follow, max-snippet:-1, max-image-preview:large, max-video-preview:-1\" \/>\n<link rel=\"canonical\" href=\"https:\/\/www.electrahotels.gr\/fr\/nos-hotels\/electra-palace-athenes\/chambres-et-suites-3\/\" \/>\n<meta property=\"og:locale\" content=\"fr_FR\" \/>\n<meta property=\"og:type\" content=\"article\" \/>\n<meta property=\"og:title\" content=\"Suites de luxe \u00e9l\u00e9gantes \u00e0 Ath\u00e8nes, \u00e0 Plaka || Electra Palace Athens\" \/>\n<meta property=\"og:description\" content=\"Les \u00e9l\u00e9gantes suites de luxe d&#039;Ath\u00e8nes de l&#039;Electra Palace Hotel, dans le quartier de Plaka, deviendront votre sanctuaire urbain pour un s\u00e9jour qui laissera des souvenirs imp\u00e9rissables.\" \/>\n<meta property=\"og:url\" content=\"https:\/\/www.electrahotels.gr\/fr\/nos-hotels\/electra-palace-athenes\/chambres-et-suites-3\/\" \/>\n<meta property=\"og:site_name\" content=\"Electra Hotels &amp; Resorts\" \/>\n<meta property=\"article:modified_time\" content=\"2024-06-03T13:00:42+00:00\" \/>\n<meta name=\"twitter:card\" content=\"summary_large_image\" \/>\n<script type=\"application\/ld+json\" class=\"yoast-schema-graph\">{\"@context\":\"https:\\\/\\\/schema.org\",\"@graph\":[{\"@type\":\"WebPage\",\"@id\":\"https:\\\/\\\/www.electrahotels.gr\\\/fr\\\/nos-hotels\\\/electra-palace-athenes\\\/chambres-et-suites-3\\\/\",\"url\":\"https:\\\/\\\/www.electrahotels.gr\\\/fr\\\/nos-hotels\\\/electra-palace-athenes\\\/chambres-et-suites-3\\\/\",\"name\":\"Suites de luxe \u00e9l\u00e9gantes \u00e0 Ath\u00e8nes, \u00e0 Plaka || Electra Palace Athens\",\"isPartOf\":{\"@id\":\"https:\\\/\\\/www.electrahotels.gr\\\/fr\\\/#website\"},\"datePublished\":\"2021-11-26T12:49:20+00:00\",\"dateModified\":\"2024-06-03T13:00:42+00:00\",\"description\":\"Les \u00e9l\u00e9gantes suites de luxe d'Ath\u00e8nes de l'Electra Palace Hotel, dans le quartier de Plaka, deviendront votre sanctuaire urbain pour un s\u00e9jour qui laissera des souvenirs imp\u00e9rissables.\",\"breadcrumb\":{\"@id\":\"https:\\\/\\\/www.electrahotels.gr\\\/fr\\\/nos-hotels\\\/electra-palace-athenes\\\/chambres-et-suites-3\\\/#breadcrumb\"},\"inLanguage\":\"fr-FR\",\"potentialAction\":[{\"@type\":\"ReadAction\",\"target\":[\"https:\\\/\\\/www.electrahotels.gr\\\/fr\\\/nos-hotels\\\/electra-palace-athenes\\\/chambres-et-suites-3\\\/\"]}]},{\"@type\":\"BreadcrumbList\",\"@id\":\"https:\\\/\\\/www.electrahotels.gr\\\/fr\\\/nos-hotels\\\/electra-palace-athenes\\\/chambres-et-suites-3\\\/#breadcrumb\",\"itemListElement\":[{\"@type\":\"ListItem\",\"position\":1,\"name\":\"Home\",\"item\":\"https:\\\/\\\/www.electrahotels.gr\\\/fr\\\/\"},{\"@type\":\"ListItem\",\"position\":2,\"name\":\"Nos h\u00f4tels\",\"item\":\"https:\\\/\\\/www.electrahotels.gr\\\/fr\\\/nos-hotels\\\/\"},{\"@type\":\"ListItem\",\"position\":3,\"name\":\"Electra Palace Ath\u00e8nes\",\"item\":\"https:\\\/\\\/www.electrahotels.gr\\\/fr\\\/nos-hotels\\\/electra-palace-athenes\\\/\"},{\"@type\":\"ListItem\",\"position\":4,\"name\":\"Chambres et suites\"}]},{\"@type\":\"WebSite\",\"@id\":\"https:\\\/\\\/www.electrahotels.gr\\\/fr\\\/#website\",\"url\":\"https:\\\/\\\/www.electrahotels.gr\\\/fr\\\/\",\"name\":\"Electra Hotels &amp; Resorts\",\"description\":\"A group of luxury hotels in Athens, Thessaloniki, Rhodes and Kefalonia committed to offering quality hospitality, service and luxury\",\"potentialAction\":[{\"@type\":\"SearchAction\",\"target\":{\"@type\":\"EntryPoint\",\"urlTemplate\":\"https:\\\/\\\/www.electrahotels.gr\\\/fr\\\/?s={search_term_string}\"},\"query-input\":{\"@type\":\"PropertyValueSpecification\",\"valueRequired\":true,\"valueName\":\"search_term_string\"}}],\"inLanguage\":\"fr-FR\"}]}<\/script>\n<!-- \/ Yoast SEO plugin. -->","yoast_head_json":{"title":"Suites de luxe \u00e9l\u00e9gantes \u00e0 Ath\u00e8nes, \u00e0 Plaka || Electra Palace Athens","description":"Les \u00e9l\u00e9gantes suites de luxe d'Ath\u00e8nes de l'Electra Palace Hotel, dans le quartier de Plaka, deviendront votre sanctuaire urbain pour un s\u00e9jour qui laissera des souvenirs imp\u00e9rissables.","robots":{"index":"index","follow":"follow","max-snippet":"max-snippet:-1","max-image-preview":"max-image-preview:large","max-video-preview":"max-video-preview:-1"},"canonical":"https:\/\/www.electrahotels.gr\/fr\/nos-hotels\/electra-palace-athenes\/chambres-et-suites-3\/","og_locale":"fr_FR","og_type":"article","og_title":"Suites de luxe \u00e9l\u00e9gantes \u00e0 Ath\u00e8nes, \u00e0 Plaka || Electra Palace Athens","og_description":"Les \u00e9l\u00e9gantes suites de luxe d'Ath\u00e8nes de l'Electra Palace Hotel, dans le quartier de Plaka, deviendront votre sanctuaire urbain pour un s\u00e9jour qui laissera des souvenirs imp\u00e9rissables.","og_url":"https:\/\/www.electrahotels.gr\/fr\/nos-hotels\/electra-palace-athenes\/chambres-et-suites-3\/","og_site_name":"Electra Hotels &amp; Resorts","article_modified_time":"2024-06-03T13:00:42+00:00","twitter_card":"summary_large_image","schema":{"@context":"https:\/\/schema.org","@graph":[{"@type":"WebPage","@id":"https:\/\/www.electrahotels.gr\/fr\/nos-hotels\/electra-palace-athenes\/chambres-et-suites-3\/","url":"https:\/\/www.electrahotels.gr\/fr\/nos-hotels\/electra-palace-athenes\/chambres-et-suites-3\/","name":"Suites de luxe \u00e9l\u00e9gantes \u00e0 Ath\u00e8nes, \u00e0 Plaka || Electra Palace Athens","isPartOf":{"@id":"https:\/\/www.electrahotels.gr\/fr\/#website"},"datePublished":"2021-11-26T12:49:20+00:00","dateModified":"2024-06-03T13:00:42+00:00","description":"Les \u00e9l\u00e9gantes suites de luxe d'Ath\u00e8nes de l'Electra Palace Hotel, dans le quartier de Plaka, deviendront votre sanctuaire urbain pour un s\u00e9jour qui laissera des souvenirs imp\u00e9rissables.","breadcrumb":{"@id":"https:\/\/www.electrahotels.gr\/fr\/nos-hotels\/electra-palace-athenes\/chambres-et-suites-3\/#breadcrumb"},"inLanguage":"fr-FR","potentialAction":[{"@type":"ReadAction","target":["https:\/\/www.electrahotels.gr\/fr\/nos-hotels\/electra-palace-athenes\/chambres-et-suites-3\/"]}]},{"@type":"BreadcrumbList","@id":"https:\/\/www.electrahotels.gr\/fr\/nos-hotels\/electra-palace-athenes\/chambres-et-suites-3\/#breadcrumb","itemListElement":[{"@type":"ListItem","position":1,"name":"Home","item":"https:\/\/www.electrahotels.gr\/fr\/"},{"@type":"ListItem","position":2,"name":"Nos h\u00f4tels","item":"https:\/\/www.electrahotels.gr\/fr\/nos-hotels\/"},{"@type":"ListItem","position":3,"name":"Electra Palace Ath\u00e8nes","item":"https:\/\/www.electrahotels.gr\/fr\/nos-hotels\/electra-palace-athenes\/"},{"@type":"ListItem","position":4,"name":"Chambres et suites"}]},{"@type":"WebSite","@id":"https:\/\/www.electrahotels.gr\/fr\/#website","url":"https:\/\/www.electrahotels.gr\/fr\/","name":"Electra Hotels &amp; Resorts","description":"A group of luxury hotels in Athens, Thessaloniki, Rhodes and Kefalonia committed to offering quality hospitality, service and luxury","potentialAction":[{"@type":"SearchAction","target":{"@type":"EntryPoint","urlTemplate":"https:\/\/www.electrahotels.gr\/fr\/?s={search_term_string}"},"query-input":{"@type":"PropertyValueSpecification","valueRequired":true,"valueName":"search_term_string"}}],"inLanguage":"fr-FR"}]}},"_links":{"self":[{"href":"https:\/\/www.electrahotels.gr\/fr\/wp-json\/wp\/v2\/pages\/10325","targetHints":{"allow":["GET"]}}],"collection":[{"href":"https:\/\/www.electrahotels.gr\/fr\/wp-json\/wp\/v2\/pages"}],"about":[{"href":"https:\/\/www.electrahotels.gr\/fr\/wp-json\/wp\/v2\/types\/page"}],"author":[{"embeddable":true,"href":"https:\/\/www.electrahotels.gr\/fr\/wp-json\/wp\/v2\/users\/1"}],"replies":[{"embeddable":true,"href":"https:\/\/www.electrahotels.gr\/fr\/wp-json\/wp\/v2\/comments?post=10325"}],"version-history":[{"count":9,"href":"https:\/\/www.electrahotels.gr\/fr\/wp-json\/wp\/v2\/pages\/10325\/revisions"}],"predecessor-version":[{"id":37449,"href":"https:\/\/www.electrahotels.gr\/fr\/wp-json\/wp\/v2\/pages\/10325\/revisions\/37449"}],"up":[{"embeddable":true,"href":"https:\/\/www.electrahotels.gr\/fr\/wp-json\/wp\/v2\/pages\/10340"}],"wp:attachment":[{"href":"https:\/\/www.electrahotels.gr\/fr\/wp-json\/wp\/v2\/media?parent=10325"}],"wp:term":[{"taxonomy":"page_tag","embeddable":true,"href":"https:\/\/www.electrahotels.gr\/fr\/wp-json\/wp\/v2\/page_tag?post=10325"}],"curies":[{"name":"wp","href":"https:\/\/api.w.org\/{rel}","templated":true}]}}