{"id":10333,"date":"2021-11-26T14:49:21","date_gmt":"2021-11-26T12:49:21","guid":{"rendered":"https:\/\/www.electrahotels.gr\/nos-hotels\/electra-metropolis-athenes\/chambres-et-suites\/"},"modified":"2023-04-11T14:21:01","modified_gmt":"2023-04-11T11:21:01","slug":"chambres-et-suites","status":"publish","type":"page","link":"https:\/\/www.electrahotels.gr\/fr\/nos-hotels\/electra-metropolis-athenes\/chambres-et-suites\/","title":{"rendered":"Chambres et suites"},"content":{"rendered":"","protected":false},"excerpt":{"rendered":"","protected":false},"author":1,"featured_media":0,"parent":10306,"menu_order":0,"comment_status":"closed","ping_status":"closed","template":"page-templates\/rooms.php","meta":{"_acf_changed":false,"footnotes":""},"page_tag":[],"class_list":["post-10333","page","type-page","status-publish","hentry"],"acf":[],"yoast_head":"<!-- This site is optimized with the Yoast SEO plugin v27.4 - https:\/\/yoast.com\/product\/yoast-seo-wordpress\/ -->\n<title>H\u00e9bergement de luxe en ville pr\u00e8s de Syntagma || Electra Metropolis<\/title>\n<meta name=\"description\" content=\"Choisissez l&#039;Electra Metropolis pour un h\u00e9bergement de luxe pr\u00e8s de la place Syntagma \u00e0 Ath\u00e8nes, en Gr\u00e8ce, un h\u00f4tel situ\u00e9 au centre de la ville et impr\u00e9gn\u00e9 de l&#039;ambiance typique de la ville.\" \/>\n<meta name=\"robots\" content=\"index, follow, max-snippet:-1, max-image-preview:large, max-video-preview:-1\" \/>\n<link rel=\"canonical\" href=\"https:\/\/www.electrahotels.gr\/fr\/nos-hotels\/electra-metropolis-athenes\/chambres-et-suites\/\" \/>\n<meta property=\"og:locale\" content=\"fr_FR\" \/>\n<meta property=\"og:type\" content=\"article\" \/>\n<meta property=\"og:title\" content=\"H\u00e9bergement de luxe en ville pr\u00e8s de Syntagma || Electra Metropolis\" \/>\n<meta property=\"og:description\" content=\"Choisissez l&#039;Electra Metropolis pour un h\u00e9bergement de luxe pr\u00e8s de la place Syntagma \u00e0 Ath\u00e8nes, en Gr\u00e8ce, un h\u00f4tel situ\u00e9 au centre de la ville et impr\u00e9gn\u00e9 de l&#039;ambiance typique de la ville.\" \/>\n<meta property=\"og:url\" content=\"https:\/\/www.electrahotels.gr\/fr\/nos-hotels\/electra-metropolis-athenes\/chambres-et-suites\/\" \/>\n<meta property=\"og:site_name\" content=\"Electra Hotels &amp; Resorts\" \/>\n<meta property=\"article:modified_time\" content=\"2023-04-11T11:21:01+00:00\" \/>\n<meta name=\"twitter:card\" content=\"summary_large_image\" \/>\n<script type=\"application\/ld+json\" class=\"yoast-schema-graph\">{\"@context\":\"https:\\\/\\\/schema.org\",\"@graph\":[{\"@type\":\"WebPage\",\"@id\":\"https:\\\/\\\/www.electrahotels.gr\\\/fr\\\/nos-hotels\\\/electra-metropolis-athenes\\\/chambres-et-suites\\\/\",\"url\":\"https:\\\/\\\/www.electrahotels.gr\\\/fr\\\/nos-hotels\\\/electra-metropolis-athenes\\\/chambres-et-suites\\\/\",\"name\":\"H\u00e9bergement de luxe en ville pr\u00e8s de Syntagma || Electra Metropolis\",\"isPartOf\":{\"@id\":\"https:\\\/\\\/www.electrahotels.gr\\\/fr\\\/#website\"},\"datePublished\":\"2021-11-26T12:49:21+00:00\",\"dateModified\":\"2023-04-11T11:21:01+00:00\",\"description\":\"Choisissez l'Electra Metropolis pour un h\u00e9bergement de luxe pr\u00e8s de la place Syntagma \u00e0 Ath\u00e8nes, en Gr\u00e8ce, un h\u00f4tel situ\u00e9 au centre de la ville et impr\u00e9gn\u00e9 de l'ambiance typique de la ville.\",\"breadcrumb\":{\"@id\":\"https:\\\/\\\/www.electrahotels.gr\\\/fr\\\/nos-hotels\\\/electra-metropolis-athenes\\\/chambres-et-suites\\\/#breadcrumb\"},\"inLanguage\":\"fr-FR\",\"potentialAction\":[{\"@type\":\"ReadAction\",\"target\":[\"https:\\\/\\\/www.electrahotels.gr\\\/fr\\\/nos-hotels\\\/electra-metropolis-athenes\\\/chambres-et-suites\\\/\"]}]},{\"@type\":\"BreadcrumbList\",\"@id\":\"https:\\\/\\\/www.electrahotels.gr\\\/fr\\\/nos-hotels\\\/electra-metropolis-athenes\\\/chambres-et-suites\\\/#breadcrumb\",\"itemListElement\":[{\"@type\":\"ListItem\",\"position\":1,\"name\":\"Home\",\"item\":\"https:\\\/\\\/www.electrahotels.gr\\\/fr\\\/\"},{\"@type\":\"ListItem\",\"position\":2,\"name\":\"Nos h\u00f4tels\",\"item\":\"https:\\\/\\\/www.electrahotels.gr\\\/fr\\\/nos-hotels\\\/\"},{\"@type\":\"ListItem\",\"position\":3,\"name\":\"Electra Metropolis Ath\u00e8nes\",\"item\":\"https:\\\/\\\/www.electrahotels.gr\\\/fr\\\/nos-hotels\\\/electra-metropolis-athenes\\\/\"},{\"@type\":\"ListItem\",\"position\":4,\"name\":\"Chambres et suites\"}]},{\"@type\":\"WebSite\",\"@id\":\"https:\\\/\\\/www.electrahotels.gr\\\/fr\\\/#website\",\"url\":\"https:\\\/\\\/www.electrahotels.gr\\\/fr\\\/\",\"name\":\"Electra Hotels &amp; Resorts\",\"description\":\"A group of luxury hotels in Athens, Thessaloniki, Rhodes and Kefalonia committed to offering quality hospitality, service and luxury\",\"potentialAction\":[{\"@type\":\"SearchAction\",\"target\":{\"@type\":\"EntryPoint\",\"urlTemplate\":\"https:\\\/\\\/www.electrahotels.gr\\\/fr\\\/?s={search_term_string}\"},\"query-input\":{\"@type\":\"PropertyValueSpecification\",\"valueRequired\":true,\"valueName\":\"search_term_string\"}}],\"inLanguage\":\"fr-FR\"}]}<\/script>\n<!-- \/ Yoast SEO plugin. -->","yoast_head_json":{"title":"H\u00e9bergement de luxe en ville pr\u00e8s de Syntagma || Electra Metropolis","description":"Choisissez l'Electra Metropolis pour un h\u00e9bergement de luxe pr\u00e8s de la place Syntagma \u00e0 Ath\u00e8nes, en Gr\u00e8ce, un h\u00f4tel situ\u00e9 au centre de la ville et impr\u00e9gn\u00e9 de l'ambiance typique de la ville.","robots":{"index":"index","follow":"follow","max-snippet":"max-snippet:-1","max-image-preview":"max-image-preview:large","max-video-preview":"max-video-preview:-1"},"canonical":"https:\/\/www.electrahotels.gr\/fr\/nos-hotels\/electra-metropolis-athenes\/chambres-et-suites\/","og_locale":"fr_FR","og_type":"article","og_title":"H\u00e9bergement de luxe en ville pr\u00e8s de Syntagma || Electra Metropolis","og_description":"Choisissez l'Electra Metropolis pour un h\u00e9bergement de luxe pr\u00e8s de la place Syntagma \u00e0 Ath\u00e8nes, en Gr\u00e8ce, un h\u00f4tel situ\u00e9 au centre de la ville et impr\u00e9gn\u00e9 de l'ambiance typique de la ville.","og_url":"https:\/\/www.electrahotels.gr\/fr\/nos-hotels\/electra-metropolis-athenes\/chambres-et-suites\/","og_site_name":"Electra Hotels &amp; Resorts","article_modified_time":"2023-04-11T11:21:01+00:00","twitter_card":"summary_large_image","schema":{"@context":"https:\/\/schema.org","@graph":[{"@type":"WebPage","@id":"https:\/\/www.electrahotels.gr\/fr\/nos-hotels\/electra-metropolis-athenes\/chambres-et-suites\/","url":"https:\/\/www.electrahotels.gr\/fr\/nos-hotels\/electra-metropolis-athenes\/chambres-et-suites\/","name":"H\u00e9bergement de luxe en ville pr\u00e8s de Syntagma || Electra Metropolis","isPartOf":{"@id":"https:\/\/www.electrahotels.gr\/fr\/#website"},"datePublished":"2021-11-26T12:49:21+00:00","dateModified":"2023-04-11T11:21:01+00:00","description":"Choisissez l'Electra Metropolis pour un h\u00e9bergement de luxe pr\u00e8s de la place Syntagma \u00e0 Ath\u00e8nes, en Gr\u00e8ce, un h\u00f4tel situ\u00e9 au centre de la ville et impr\u00e9gn\u00e9 de l'ambiance typique de la ville.","breadcrumb":{"@id":"https:\/\/www.electrahotels.gr\/fr\/nos-hotels\/electra-metropolis-athenes\/chambres-et-suites\/#breadcrumb"},"inLanguage":"fr-FR","potentialAction":[{"@type":"ReadAction","target":["https:\/\/www.electrahotels.gr\/fr\/nos-hotels\/electra-metropolis-athenes\/chambres-et-suites\/"]}]},{"@type":"BreadcrumbList","@id":"https:\/\/www.electrahotels.gr\/fr\/nos-hotels\/electra-metropolis-athenes\/chambres-et-suites\/#breadcrumb","itemListElement":[{"@type":"ListItem","position":1,"name":"Home","item":"https:\/\/www.electrahotels.gr\/fr\/"},{"@type":"ListItem","position":2,"name":"Nos h\u00f4tels","item":"https:\/\/www.electrahotels.gr\/fr\/nos-hotels\/"},{"@type":"ListItem","position":3,"name":"Electra Metropolis Ath\u00e8nes","item":"https:\/\/www.electrahotels.gr\/fr\/nos-hotels\/electra-metropolis-athenes\/"},{"@type":"ListItem","position":4,"name":"Chambres et suites"}]},{"@type":"WebSite","@id":"https:\/\/www.electrahotels.gr\/fr\/#website","url":"https:\/\/www.electrahotels.gr\/fr\/","name":"Electra Hotels &amp; Resorts","description":"A group of luxury hotels in Athens, Thessaloniki, Rhodes and Kefalonia committed to offering quality hospitality, service and luxury","potentialAction":[{"@type":"SearchAction","target":{"@type":"EntryPoint","urlTemplate":"https:\/\/www.electrahotels.gr\/fr\/?s={search_term_string}"},"query-input":{"@type":"PropertyValueSpecification","valueRequired":true,"valueName":"search_term_string"}}],"inLanguage":"fr-FR"}]}},"_links":{"self":[{"href":"https:\/\/www.electrahotels.gr\/fr\/wp-json\/wp\/v2\/pages\/10333","targetHints":{"allow":["GET"]}}],"collection":[{"href":"https:\/\/www.electrahotels.gr\/fr\/wp-json\/wp\/v2\/pages"}],"about":[{"href":"https:\/\/www.electrahotels.gr\/fr\/wp-json\/wp\/v2\/types\/page"}],"author":[{"embeddable":true,"href":"https:\/\/www.electrahotels.gr\/fr\/wp-json\/wp\/v2\/users\/1"}],"replies":[{"embeddable":true,"href":"https:\/\/www.electrahotels.gr\/fr\/wp-json\/wp\/v2\/comments?post=10333"}],"version-history":[{"count":4,"href":"https:\/\/www.electrahotels.gr\/fr\/wp-json\/wp\/v2\/pages\/10333\/revisions"}],"predecessor-version":[{"id":37453,"href":"https:\/\/www.electrahotels.gr\/fr\/wp-json\/wp\/v2\/pages\/10333\/revisions\/37453"}],"up":[{"embeddable":true,"href":"https:\/\/www.electrahotels.gr\/fr\/wp-json\/wp\/v2\/pages\/10306"}],"wp:attachment":[{"href":"https:\/\/www.electrahotels.gr\/fr\/wp-json\/wp\/v2\/media?parent=10333"}],"wp:term":[{"taxonomy":"page_tag","embeddable":true,"href":"https:\/\/www.electrahotels.gr\/fr\/wp-json\/wp\/v2\/page_tag?post=10333"}],"curies":[{"name":"wp","href":"https:\/\/api.w.org\/{rel}","templated":true}]}}