{"id":10336,"date":"2021-11-26T14:49:21","date_gmt":"2021-11-26T12:49:21","guid":{"rendered":"https:\/\/www.electrahotels.gr\/lexperience-electra\/"},"modified":"2023-05-15T11:43:21","modified_gmt":"2023-05-15T08:43:21","slug":"lexperience-electra","status":"publish","type":"page","link":"https:\/\/www.electrahotels.gr\/fr\/lexperience-electra\/","title":{"rendered":"L&rsquo;exp\u00e9rience Electra"},"content":{"rendered":"\n<p><strong>Un esprit qui est \u00e9tir\u00e9 par une nouvelle exp\u00e9rience ne peut jamais revenir \u00e0 ses anciennes dimensions.<\/strong><\/p>\n","protected":false},"excerpt":{"rendered":"<p>Un esprit qui est \u00e9tir\u00e9 par une nouvelle exp\u00e9rience ne peut jamais revenir \u00e0 ses anciennes dimensions.<\/p>\n","protected":false},"author":1,"featured_media":8645,"parent":0,"menu_order":7,"comment_status":"closed","ping_status":"closed","template":"page-templates\/experiences.php","meta":{"_acf_changed":false,"footnotes":""},"page_tag":[],"class_list":["post-10336","page","type-page","status-publish","has-post-thumbnail","hentry"],"acf":[],"yoast_head":"<!-- This site is optimized with the Yoast SEO plugin v27.3 - https:\/\/yoast.com\/product\/yoast-seo-wordpress\/ -->\n<title>D\u00e9couvrez les exp\u00e9riences Electra de notre groupe || Electra Hotels<\/title>\n<meta name=\"description\" content=\"Les h\u00f4tels Electra cherchent \u00e0 offrir des exp\u00e9riences qui rehausseront votre s\u00e9jour chez nous, quelle que soit la destination ou l&#039;h\u00f4tel que vous avez choisi. D\u00e9couvrez-les tous !\" \/>\n<meta name=\"robots\" content=\"index, follow, max-snippet:-1, max-image-preview:large, max-video-preview:-1\" \/>\n<link rel=\"canonical\" href=\"https:\/\/www.electrahotels.gr\/fr\/lexperience-electra\/\" \/>\n<meta property=\"og:locale\" content=\"fr_FR\" \/>\n<meta property=\"og:type\" content=\"article\" \/>\n<meta property=\"og:title\" content=\"D\u00e9couvrez les exp\u00e9riences Electra de notre groupe || Electra Hotels\" \/>\n<meta property=\"og:description\" content=\"Les h\u00f4tels Electra cherchent \u00e0 offrir des exp\u00e9riences qui rehausseront votre s\u00e9jour chez nous, quelle que soit la destination ou l&#039;h\u00f4tel que vous avez choisi. D\u00e9couvrez-les tous !\" \/>\n<meta property=\"og:url\" content=\"https:\/\/www.electrahotels.gr\/fr\/lexperience-electra\/\" \/>\n<meta property=\"og:site_name\" content=\"Electra Hotels &amp; Resorts\" \/>\n<meta property=\"article:modified_time\" content=\"2023-05-15T08:43:21+00:00\" \/>\n<meta property=\"og:image\" content=\"https:\/\/www.electrahotels.gr\/app\/uploads\/sites\/75\/2021\/08\/electra_metropolis_athens_atrium_resized.jpg\" \/>\n\t<meta property=\"og:image:width\" content=\"1920\" \/>\n\t<meta property=\"og:image:height\" content=\"1280\" \/>\n\t<meta property=\"og:image:type\" content=\"image\/jpeg\" \/>\n<meta name=\"twitter:card\" content=\"summary_large_image\" \/>\n<meta name=\"twitter:label1\" content=\"Dur\u00e9e de lecture estim\u00e9e\" \/>\n\t<meta name=\"twitter:data1\" content=\"1 minute\" \/>\n<script type=\"application\/ld+json\" class=\"yoast-schema-graph\">{\"@context\":\"https:\\\/\\\/schema.org\",\"@graph\":[{\"@type\":\"WebPage\",\"@id\":\"https:\\\/\\\/www.electrahotels.gr\\\/fr\\\/lexperience-electra\\\/\",\"url\":\"https:\\\/\\\/www.electrahotels.gr\\\/fr\\\/lexperience-electra\\\/\",\"name\":\"D\u00e9couvrez les exp\u00e9riences Electra de notre groupe || Electra Hotels\",\"isPartOf\":{\"@id\":\"https:\\\/\\\/www.electrahotels.gr\\\/fr\\\/#website\"},\"primaryImageOfPage\":{\"@id\":\"https:\\\/\\\/www.electrahotels.gr\\\/fr\\\/lexperience-electra\\\/#primaryimage\"},\"image\":{\"@id\":\"https:\\\/\\\/www.electrahotels.gr\\\/fr\\\/lexperience-electra\\\/#primaryimage\"},\"thumbnailUrl\":\"https:\\\/\\\/www.electrahotels.gr\\\/app\\\/uploads\\\/2021\\\/08\\\/electra_metropolis_athens_atrium_resized.jpg\",\"datePublished\":\"2021-11-26T12:49:21+00:00\",\"dateModified\":\"2023-05-15T08:43:21+00:00\",\"description\":\"Les h\u00f4tels Electra cherchent \u00e0 offrir des exp\u00e9riences qui rehausseront votre s\u00e9jour chez nous, quelle que soit la destination ou l'h\u00f4tel que vous avez choisi. D\u00e9couvrez-les tous !\",\"breadcrumb\":{\"@id\":\"https:\\\/\\\/www.electrahotels.gr\\\/fr\\\/lexperience-electra\\\/#breadcrumb\"},\"inLanguage\":\"fr-FR\",\"potentialAction\":[{\"@type\":\"ReadAction\",\"target\":[\"https:\\\/\\\/www.electrahotels.gr\\\/fr\\\/lexperience-electra\\\/\"]}]},{\"@type\":\"ImageObject\",\"inLanguage\":\"fr-FR\",\"@id\":\"https:\\\/\\\/www.electrahotels.gr\\\/fr\\\/lexperience-electra\\\/#primaryimage\",\"url\":\"https:\\\/\\\/www.electrahotels.gr\\\/app\\\/uploads\\\/2021\\\/08\\\/electra_metropolis_athens_atrium_resized.jpg\",\"contentUrl\":\"https:\\\/\\\/www.electrahotels.gr\\\/app\\\/uploads\\\/2021\\\/08\\\/electra_metropolis_athens_atrium_resized.jpg\",\"width\":1920,\"height\":1280},{\"@type\":\"BreadcrumbList\",\"@id\":\"https:\\\/\\\/www.electrahotels.gr\\\/fr\\\/lexperience-electra\\\/#breadcrumb\",\"itemListElement\":[{\"@type\":\"ListItem\",\"position\":1,\"name\":\"Home\",\"item\":\"https:\\\/\\\/www.electrahotels.gr\\\/fr\\\/\"},{\"@type\":\"ListItem\",\"position\":2,\"name\":\"L&#8217;exp\u00e9rience Electra\"}]},{\"@type\":\"WebSite\",\"@id\":\"https:\\\/\\\/www.electrahotels.gr\\\/fr\\\/#website\",\"url\":\"https:\\\/\\\/www.electrahotels.gr\\\/fr\\\/\",\"name\":\"Electra Hotels &amp; Resorts\",\"description\":\"A group of luxury hotels in Athens, Thessaloniki, Rhodes and Kefalonia committed to offering quality hospitality, service and luxury\",\"potentialAction\":[{\"@type\":\"SearchAction\",\"target\":{\"@type\":\"EntryPoint\",\"urlTemplate\":\"https:\\\/\\\/www.electrahotels.gr\\\/fr\\\/?s={search_term_string}\"},\"query-input\":{\"@type\":\"PropertyValueSpecification\",\"valueRequired\":true,\"valueName\":\"search_term_string\"}}],\"inLanguage\":\"fr-FR\"}]}<\/script>\n<!-- \/ Yoast SEO plugin. -->","yoast_head_json":{"title":"D\u00e9couvrez les exp\u00e9riences Electra de notre groupe || Electra Hotels","description":"Les h\u00f4tels Electra cherchent \u00e0 offrir des exp\u00e9riences qui rehausseront votre s\u00e9jour chez nous, quelle que soit la destination ou l'h\u00f4tel que vous avez choisi. D\u00e9couvrez-les tous !","robots":{"index":"index","follow":"follow","max-snippet":"max-snippet:-1","max-image-preview":"max-image-preview:large","max-video-preview":"max-video-preview:-1"},"canonical":"https:\/\/www.electrahotels.gr\/fr\/lexperience-electra\/","og_locale":"fr_FR","og_type":"article","og_title":"D\u00e9couvrez les exp\u00e9riences Electra de notre groupe || Electra Hotels","og_description":"Les h\u00f4tels Electra cherchent \u00e0 offrir des exp\u00e9riences qui rehausseront votre s\u00e9jour chez nous, quelle que soit la destination ou l'h\u00f4tel que vous avez choisi. D\u00e9couvrez-les tous !","og_url":"https:\/\/www.electrahotels.gr\/fr\/lexperience-electra\/","og_site_name":"Electra Hotels &amp; Resorts","article_modified_time":"2023-05-15T08:43:21+00:00","og_image":[{"width":1920,"height":1280,"url":"https:\/\/www.electrahotels.gr\/app\/uploads\/sites\/75\/2021\/08\/electra_metropolis_athens_atrium_resized.jpg","type":"image\/jpeg"}],"twitter_card":"summary_large_image","twitter_misc":{"Dur\u00e9e de lecture estim\u00e9e":"1 minute"},"schema":{"@context":"https:\/\/schema.org","@graph":[{"@type":"WebPage","@id":"https:\/\/www.electrahotels.gr\/fr\/lexperience-electra\/","url":"https:\/\/www.electrahotels.gr\/fr\/lexperience-electra\/","name":"D\u00e9couvrez les exp\u00e9riences Electra de notre groupe || Electra Hotels","isPartOf":{"@id":"https:\/\/www.electrahotels.gr\/fr\/#website"},"primaryImageOfPage":{"@id":"https:\/\/www.electrahotels.gr\/fr\/lexperience-electra\/#primaryimage"},"image":{"@id":"https:\/\/www.electrahotels.gr\/fr\/lexperience-electra\/#primaryimage"},"thumbnailUrl":"https:\/\/www.electrahotels.gr\/app\/uploads\/2021\/08\/electra_metropolis_athens_atrium_resized.jpg","datePublished":"2021-11-26T12:49:21+00:00","dateModified":"2023-05-15T08:43:21+00:00","description":"Les h\u00f4tels Electra cherchent \u00e0 offrir des exp\u00e9riences qui rehausseront votre s\u00e9jour chez nous, quelle que soit la destination ou l'h\u00f4tel que vous avez choisi. D\u00e9couvrez-les tous !","breadcrumb":{"@id":"https:\/\/www.electrahotels.gr\/fr\/lexperience-electra\/#breadcrumb"},"inLanguage":"fr-FR","potentialAction":[{"@type":"ReadAction","target":["https:\/\/www.electrahotels.gr\/fr\/lexperience-electra\/"]}]},{"@type":"ImageObject","inLanguage":"fr-FR","@id":"https:\/\/www.electrahotels.gr\/fr\/lexperience-electra\/#primaryimage","url":"https:\/\/www.electrahotels.gr\/app\/uploads\/2021\/08\/electra_metropolis_athens_atrium_resized.jpg","contentUrl":"https:\/\/www.electrahotels.gr\/app\/uploads\/2021\/08\/electra_metropolis_athens_atrium_resized.jpg","width":1920,"height":1280},{"@type":"BreadcrumbList","@id":"https:\/\/www.electrahotels.gr\/fr\/lexperience-electra\/#breadcrumb","itemListElement":[{"@type":"ListItem","position":1,"name":"Home","item":"https:\/\/www.electrahotels.gr\/fr\/"},{"@type":"ListItem","position":2,"name":"L&#8217;exp\u00e9rience Electra"}]},{"@type":"WebSite","@id":"https:\/\/www.electrahotels.gr\/fr\/#website","url":"https:\/\/www.electrahotels.gr\/fr\/","name":"Electra Hotels &amp; Resorts","description":"A group of luxury hotels in Athens, Thessaloniki, Rhodes and Kefalonia committed to offering quality hospitality, service and luxury","potentialAction":[{"@type":"SearchAction","target":{"@type":"EntryPoint","urlTemplate":"https:\/\/www.electrahotels.gr\/fr\/?s={search_term_string}"},"query-input":{"@type":"PropertyValueSpecification","valueRequired":true,"valueName":"search_term_string"}}],"inLanguage":"fr-FR"}]}},"_links":{"self":[{"href":"https:\/\/www.electrahotels.gr\/fr\/wp-json\/wp\/v2\/pages\/10336","targetHints":{"allow":["GET"]}}],"collection":[{"href":"https:\/\/www.electrahotels.gr\/fr\/wp-json\/wp\/v2\/pages"}],"about":[{"href":"https:\/\/www.electrahotels.gr\/fr\/wp-json\/wp\/v2\/types\/page"}],"author":[{"embeddable":true,"href":"https:\/\/www.electrahotels.gr\/fr\/wp-json\/wp\/v2\/users\/1"}],"replies":[{"embeddable":true,"href":"https:\/\/www.electrahotels.gr\/fr\/wp-json\/wp\/v2\/comments?post=10336"}],"version-history":[{"count":5,"href":"https:\/\/www.electrahotels.gr\/fr\/wp-json\/wp\/v2\/pages\/10336\/revisions"}],"predecessor-version":[{"id":21986,"href":"https:\/\/www.electrahotels.gr\/fr\/wp-json\/wp\/v2\/pages\/10336\/revisions\/21986"}],"wp:featuredmedia":[{"embeddable":true,"href":"https:\/\/www.electrahotels.gr\/fr\/wp-json\/wp\/v2\/media\/8645"}],"wp:attachment":[{"href":"https:\/\/www.electrahotels.gr\/fr\/wp-json\/wp\/v2\/media?parent=10336"}],"wp:term":[{"taxonomy":"page_tag","embeddable":true,"href":"https:\/\/www.electrahotels.gr\/fr\/wp-json\/wp\/v2\/page_tag?post=10336"}],"curies":[{"name":"wp","href":"https:\/\/api.w.org\/{rel}","templated":true}]}}