{"id":10340,"date":"2021-11-26T14:49:21","date_gmt":"2021-11-26T12:49:21","guid":{"rendered":"https:\/\/www.electrahotels.gr\/nos-hotels\/electra-palace-athenes\/"},"modified":"2023-05-15T11:44:51","modified_gmt":"2023-05-15T08:44:51","slug":"electra-palace-athenes","status":"publish","type":"page","link":"https:\/\/www.electrahotels.gr\/fr\/nos-hotels\/electra-palace-athenes\/","title":{"rendered":"Electra Palace Ath\u00e8nes"},"content":{"rendered":"\n<p>Le visage de l&rsquo;Electra Palace Athens refl\u00e8te le pass\u00e9 aristocratique de la ville qui se m\u00eale \u00e0 son pr\u00e9sent et \u00e0 son avenir passionnant dans une interpr\u00e9tation intemporelle du luxe.<\/p>\n","protected":false},"excerpt":{"rendered":"<p>Le visage de l&rsquo;Electra Palace Athens refl\u00e8te le pass\u00e9 aristocratique de la ville qui se m\u00eale \u00e0 son pr\u00e9sent et \u00e0 son avenir passionnant dans une interpr\u00e9tation intemporelle du luxe.<\/p>\n","protected":false},"author":1,"featured_media":54538,"parent":10283,"menu_order":0,"comment_status":"closed","ping_status":"closed","template":"page-templates\/hotel.php","meta":{"_acf_changed":false,"footnotes":""},"page_tag":[309,290,286,288],"class_list":["post-10340","page","type-page","status-publish","has-post-thumbnail","hentry","page_tag-business-and-leisure-fr","page_tag-moments-de-famille","page_tag-ressentir-les-vibrations-de-la-ville","page_tag-travail-a-distance"],"acf":[],"yoast_head":"<!-- This site is optimized with the Yoast SEO plugin v27.4 - https:\/\/yoast.com\/product\/yoast-seo-wordpress\/ -->\n<title>H\u00f4tel n\u00e9oclassique 5 \u00e9toiles \u00e0 Ath\u00e8nes, Plaka | Electra Palace Athens<\/title>\n<meta name=\"description\" content=\"Alliant le pass\u00e9 aristocratique ath\u00e9nien aux luxes de l&#039;hospitalit\u00e9 moderne, cet h\u00f4tel 5 \u00e9toiles n\u00e9oclassique d&#039;Ath\u00e8nes allie l&#039;\u00e9l\u00e9gance \u00e0 travers les si\u00e8cles.\" \/>\n<meta name=\"robots\" content=\"index, follow, max-snippet:-1, max-image-preview:large, max-video-preview:-1\" \/>\n<link rel=\"canonical\" href=\"https:\/\/www.electrahotels.gr\/fr\/nos-hotels\/electra-palace-athenes\/\" \/>\n<meta property=\"og:locale\" content=\"fr_FR\" \/>\n<meta property=\"og:type\" content=\"article\" \/>\n<meta property=\"og:title\" content=\"H\u00f4tel n\u00e9oclassique 5 \u00e9toiles \u00e0 Ath\u00e8nes, Plaka | Electra Palace Athens\" \/>\n<meta property=\"og:description\" content=\"Alliant le pass\u00e9 aristocratique ath\u00e9nien aux luxes de l&#039;hospitalit\u00e9 moderne, cet h\u00f4tel 5 \u00e9toiles n\u00e9oclassique d&#039;Ath\u00e8nes allie l&#039;\u00e9l\u00e9gance \u00e0 travers les si\u00e8cles.\" \/>\n<meta property=\"og:url\" content=\"https:\/\/www.electrahotels.gr\/fr\/nos-hotels\/electra-palace-athenes\/\" \/>\n<meta property=\"og:site_name\" content=\"Electra Hotels &amp; Resorts\" \/>\n<meta property=\"article:modified_time\" content=\"2023-05-15T08:44:51+00:00\" \/>\n<meta property=\"og:image\" content=\"https:\/\/www.electrahotels.gr\/app\/uploads\/sites\/75\/2021\/09\/img_1769_ok-custom_resized.jpg\" \/>\n\t<meta property=\"og:image:width\" content=\"853\" \/>\n\t<meta property=\"og:image:height\" content=\"1280\" \/>\n\t<meta property=\"og:image:type\" content=\"image\/jpeg\" \/>\n<meta name=\"twitter:card\" content=\"summary_large_image\" \/>\n<script type=\"application\/ld+json\" class=\"yoast-schema-graph\">{\"@context\":\"https:\\\/\\\/schema.org\",\"@graph\":[{\"@type\":\"WebPage\",\"@id\":\"https:\\\/\\\/www.electrahotels.gr\\\/fr\\\/nos-hotels\\\/electra-palace-athenes\\\/\",\"url\":\"https:\\\/\\\/www.electrahotels.gr\\\/fr\\\/nos-hotels\\\/electra-palace-athenes\\\/\",\"name\":\"H\u00f4tel n\u00e9oclassique 5 \u00e9toiles \u00e0 Ath\u00e8nes, Plaka | Electra Palace Athens\",\"isPartOf\":{\"@id\":\"https:\\\/\\\/www.electrahotels.gr\\\/fr\\\/#website\"},\"primaryImageOfPage\":{\"@id\":\"https:\\\/\\\/www.electrahotels.gr\\\/fr\\\/nos-hotels\\\/electra-palace-athenes\\\/#primaryimage\"},\"image\":{\"@id\":\"https:\\\/\\\/www.electrahotels.gr\\\/fr\\\/nos-hotels\\\/electra-palace-athenes\\\/#primaryimage\"},\"thumbnailUrl\":\"https:\\\/\\\/www.electrahotels.gr\\\/app\\\/uploads\\\/2025\\\/07\\\/electra-palace-athens-hotel-exterior-flags-balcony.jpg\",\"datePublished\":\"2021-11-26T12:49:21+00:00\",\"dateModified\":\"2023-05-15T08:44:51+00:00\",\"description\":\"Alliant le pass\u00e9 aristocratique ath\u00e9nien aux luxes de l'hospitalit\u00e9 moderne, cet h\u00f4tel 5 \u00e9toiles n\u00e9oclassique d'Ath\u00e8nes allie l'\u00e9l\u00e9gance \u00e0 travers les si\u00e8cles.\",\"breadcrumb\":{\"@id\":\"https:\\\/\\\/www.electrahotels.gr\\\/fr\\\/nos-hotels\\\/electra-palace-athenes\\\/#breadcrumb\"},\"inLanguage\":\"fr-FR\",\"potentialAction\":[{\"@type\":\"ReadAction\",\"target\":[\"https:\\\/\\\/www.electrahotels.gr\\\/fr\\\/nos-hotels\\\/electra-palace-athenes\\\/\"]}]},{\"@type\":\"ImageObject\",\"inLanguage\":\"fr-FR\",\"@id\":\"https:\\\/\\\/www.electrahotels.gr\\\/fr\\\/nos-hotels\\\/electra-palace-athenes\\\/#primaryimage\",\"url\":\"https:\\\/\\\/www.electrahotels.gr\\\/app\\\/uploads\\\/2025\\\/07\\\/electra-palace-athens-hotel-exterior-flags-balcony.jpg\",\"contentUrl\":\"https:\\\/\\\/www.electrahotels.gr\\\/app\\\/uploads\\\/2025\\\/07\\\/electra-palace-athens-hotel-exterior-flags-balcony.jpg\",\"width\":2250,\"height\":1687},{\"@type\":\"BreadcrumbList\",\"@id\":\"https:\\\/\\\/www.electrahotels.gr\\\/fr\\\/nos-hotels\\\/electra-palace-athenes\\\/#breadcrumb\",\"itemListElement\":[{\"@type\":\"ListItem\",\"position\":1,\"name\":\"Home\",\"item\":\"https:\\\/\\\/www.electrahotels.gr\\\/fr\\\/\"},{\"@type\":\"ListItem\",\"position\":2,\"name\":\"Nos h\u00f4tels\",\"item\":\"https:\\\/\\\/www.electrahotels.gr\\\/fr\\\/nos-hotels\\\/\"},{\"@type\":\"ListItem\",\"position\":3,\"name\":\"Electra Palace Ath\u00e8nes\"}]},{\"@type\":\"WebSite\",\"@id\":\"https:\\\/\\\/www.electrahotels.gr\\\/fr\\\/#website\",\"url\":\"https:\\\/\\\/www.electrahotels.gr\\\/fr\\\/\",\"name\":\"Electra Hotels &amp; Resorts\",\"description\":\"A group of luxury hotels in Athens, Thessaloniki, Rhodes and Kefalonia committed to offering quality hospitality, service and luxury\",\"potentialAction\":[{\"@type\":\"SearchAction\",\"target\":{\"@type\":\"EntryPoint\",\"urlTemplate\":\"https:\\\/\\\/www.electrahotels.gr\\\/fr\\\/?s={search_term_string}\"},\"query-input\":{\"@type\":\"PropertyValueSpecification\",\"valueRequired\":true,\"valueName\":\"search_term_string\"}}],\"inLanguage\":\"fr-FR\"}]}<\/script>\n<!-- \/ Yoast SEO plugin. -->","yoast_head_json":{"title":"H\u00f4tel n\u00e9oclassique 5 \u00e9toiles \u00e0 Ath\u00e8nes, Plaka | Electra Palace Athens","description":"Alliant le pass\u00e9 aristocratique ath\u00e9nien aux luxes de l'hospitalit\u00e9 moderne, cet h\u00f4tel 5 \u00e9toiles n\u00e9oclassique d'Ath\u00e8nes allie l'\u00e9l\u00e9gance \u00e0 travers les si\u00e8cles.","robots":{"index":"index","follow":"follow","max-snippet":"max-snippet:-1","max-image-preview":"max-image-preview:large","max-video-preview":"max-video-preview:-1"},"canonical":"https:\/\/www.electrahotels.gr\/fr\/nos-hotels\/electra-palace-athenes\/","og_locale":"fr_FR","og_type":"article","og_title":"H\u00f4tel n\u00e9oclassique 5 \u00e9toiles \u00e0 Ath\u00e8nes, Plaka | Electra Palace Athens","og_description":"Alliant le pass\u00e9 aristocratique ath\u00e9nien aux luxes de l'hospitalit\u00e9 moderne, cet h\u00f4tel 5 \u00e9toiles n\u00e9oclassique d'Ath\u00e8nes allie l'\u00e9l\u00e9gance \u00e0 travers les si\u00e8cles.","og_url":"https:\/\/www.electrahotels.gr\/fr\/nos-hotels\/electra-palace-athenes\/","og_site_name":"Electra Hotels &amp; Resorts","article_modified_time":"2023-05-15T08:44:51+00:00","og_image":[{"width":853,"height":1280,"url":"https:\/\/www.electrahotels.gr\/app\/uploads\/sites\/75\/2021\/09\/img_1769_ok-custom_resized.jpg","type":"image\/jpeg"}],"twitter_card":"summary_large_image","schema":{"@context":"https:\/\/schema.org","@graph":[{"@type":"WebPage","@id":"https:\/\/www.electrahotels.gr\/fr\/nos-hotels\/electra-palace-athenes\/","url":"https:\/\/www.electrahotels.gr\/fr\/nos-hotels\/electra-palace-athenes\/","name":"H\u00f4tel n\u00e9oclassique 5 \u00e9toiles \u00e0 Ath\u00e8nes, Plaka | Electra Palace Athens","isPartOf":{"@id":"https:\/\/www.electrahotels.gr\/fr\/#website"},"primaryImageOfPage":{"@id":"https:\/\/www.electrahotels.gr\/fr\/nos-hotels\/electra-palace-athenes\/#primaryimage"},"image":{"@id":"https:\/\/www.electrahotels.gr\/fr\/nos-hotels\/electra-palace-athenes\/#primaryimage"},"thumbnailUrl":"https:\/\/www.electrahotels.gr\/app\/uploads\/2025\/07\/electra-palace-athens-hotel-exterior-flags-balcony.jpg","datePublished":"2021-11-26T12:49:21+00:00","dateModified":"2023-05-15T08:44:51+00:00","description":"Alliant le pass\u00e9 aristocratique ath\u00e9nien aux luxes de l'hospitalit\u00e9 moderne, cet h\u00f4tel 5 \u00e9toiles n\u00e9oclassique d'Ath\u00e8nes allie l'\u00e9l\u00e9gance \u00e0 travers les si\u00e8cles.","breadcrumb":{"@id":"https:\/\/www.electrahotels.gr\/fr\/nos-hotels\/electra-palace-athenes\/#breadcrumb"},"inLanguage":"fr-FR","potentialAction":[{"@type":"ReadAction","target":["https:\/\/www.electrahotels.gr\/fr\/nos-hotels\/electra-palace-athenes\/"]}]},{"@type":"ImageObject","inLanguage":"fr-FR","@id":"https:\/\/www.electrahotels.gr\/fr\/nos-hotels\/electra-palace-athenes\/#primaryimage","url":"https:\/\/www.electrahotels.gr\/app\/uploads\/2025\/07\/electra-palace-athens-hotel-exterior-flags-balcony.jpg","contentUrl":"https:\/\/www.electrahotels.gr\/app\/uploads\/2025\/07\/electra-palace-athens-hotel-exterior-flags-balcony.jpg","width":2250,"height":1687},{"@type":"BreadcrumbList","@id":"https:\/\/www.electrahotels.gr\/fr\/nos-hotels\/electra-palace-athenes\/#breadcrumb","itemListElement":[{"@type":"ListItem","position":1,"name":"Home","item":"https:\/\/www.electrahotels.gr\/fr\/"},{"@type":"ListItem","position":2,"name":"Nos h\u00f4tels","item":"https:\/\/www.electrahotels.gr\/fr\/nos-hotels\/"},{"@type":"ListItem","position":3,"name":"Electra Palace Ath\u00e8nes"}]},{"@type":"WebSite","@id":"https:\/\/www.electrahotels.gr\/fr\/#website","url":"https:\/\/www.electrahotels.gr\/fr\/","name":"Electra Hotels &amp; Resorts","description":"A group of luxury hotels in Athens, Thessaloniki, Rhodes and Kefalonia committed to offering quality hospitality, service and luxury","potentialAction":[{"@type":"SearchAction","target":{"@type":"EntryPoint","urlTemplate":"https:\/\/www.electrahotels.gr\/fr\/?s={search_term_string}"},"query-input":{"@type":"PropertyValueSpecification","valueRequired":true,"valueName":"search_term_string"}}],"inLanguage":"fr-FR"}]}},"_links":{"self":[{"href":"https:\/\/www.electrahotels.gr\/fr\/wp-json\/wp\/v2\/pages\/10340","targetHints":{"allow":["GET"]}}],"collection":[{"href":"https:\/\/www.electrahotels.gr\/fr\/wp-json\/wp\/v2\/pages"}],"about":[{"href":"https:\/\/www.electrahotels.gr\/fr\/wp-json\/wp\/v2\/types\/page"}],"author":[{"embeddable":true,"href":"https:\/\/www.electrahotels.gr\/fr\/wp-json\/wp\/v2\/users\/1"}],"replies":[{"embeddable":true,"href":"https:\/\/www.electrahotels.gr\/fr\/wp-json\/wp\/v2\/comments?post=10340"}],"version-history":[{"count":4,"href":"https:\/\/www.electrahotels.gr\/fr\/wp-json\/wp\/v2\/pages\/10340\/revisions"}],"predecessor-version":[{"id":30722,"href":"https:\/\/www.electrahotels.gr\/fr\/wp-json\/wp\/v2\/pages\/10340\/revisions\/30722"}],"up":[{"embeddable":true,"href":"https:\/\/www.electrahotels.gr\/fr\/wp-json\/wp\/v2\/pages\/10283"}],"wp:featuredmedia":[{"embeddable":true,"href":"https:\/\/www.electrahotels.gr\/fr\/wp-json\/wp\/v2\/media\/54538"}],"wp:attachment":[{"href":"https:\/\/www.electrahotels.gr\/fr\/wp-json\/wp\/v2\/media?parent=10340"}],"wp:term":[{"taxonomy":"page_tag","embeddable":true,"href":"https:\/\/www.electrahotels.gr\/fr\/wp-json\/wp\/v2\/page_tag?post=10340"}],"curies":[{"name":"wp","href":"https:\/\/api.w.org\/{rel}","templated":true}]}}