{"id":10346,"date":"2021-11-26T14:49:23","date_gmt":"2021-11-26T12:49:23","guid":{"rendered":"https:\/\/www.electrahotels.gr\/nos-hotels\/electra-palace-rhodes\/"},"modified":"2025-09-01T13:08:33","modified_gmt":"2025-09-01T10:08:33","slug":"electra-palace-rhodes","status":"publish","type":"page","link":"https:\/\/www.electrahotels.gr\/fr\/nos-hotels\/electra-palace-rhodes\/","title":{"rendered":"Electra Palace Rhodes"},"content":{"rendered":"\r\n<p><strong>Votre adresse pour un service de luxe all inclusive sur la Riviera de Rhodes.<\/strong><br \/>Dans la zone sud de la mer M\u00e9diterran\u00e9e, <strong>le complexe h\u00f4telier 5 \u00e9toiles en bord de mer<\/strong> <strong>Electra Palace Rhodes<\/strong> promet de vous offrir une exp\u00e9rience passionnante. Avec des deluxe chambres et des suites familiales spacieuses, sa piscine moderne et s\u00e9duisante, ses suggestions culinaires sophistiqu\u00e9es, ainsi qu\u2019une myriade d\u2019activit\u00e9s et de divertissements riches et vari\u00e9s, l\u2019Electra Palace Rhodes est le r\u00e9sultat d\u2019une s\u00e9lection rigoureuse en termes de style et de services afin de vous accueillir dans son univers luxueux et chic.<\/p>\r\n","protected":false},"excerpt":{"rendered":"<p>Votre adresse pour un service de luxe all inclusive sur la Riviera de Rhodes.Dans la zone sud de la mer M\u00e9diterran\u00e9e, le complexe h\u00f4telier 5 \u00e9toiles en bord de mer Electra Palace Rhodes promet de vous offrir une exp\u00e9rience passionnante. Avec des deluxe chambres et des suites familiales spacieuses, sa piscine moderne et s\u00e9duisante, ses<\/p>\n","protected":false},"author":1,"featured_media":40039,"parent":10283,"menu_order":0,"comment_status":"closed","ping_status":"closed","template":"page-templates\/hotel.php","meta":{"_acf_changed":false,"footnotes":""},"page_tag":[290,715,714],"class_list":["post-10346","page","type-page","status-publish","has-post-thumbnail","hentry","page_tag-moments-de-famille","page_tag-ressentez-les-vibrations-de-la-riviera","page_tag-sur-la-plage"],"acf":[],"yoast_head":"<!-- This site is optimized with the Yoast SEO plugin v27.3 - https:\/\/yoast.com\/product\/yoast-seo-wordpress\/ -->\n<title>Luxueux, tout compris h\u00f4tel 5 \u00e9toiles Rhodes | | Electra Palace Rhodes<\/title>\n<meta name=\"description\" content=\"L&#039;Electra Palace Rhodes vous offre l&#039;option d&#039;une libert\u00e9 et d&#039;un plaisir absolus avec des vacances tout compris dans un h\u00f4tel 5 \u00e9toiles de premier ordre sur l&#039;\u00eele de Rhodes.\" \/>\n<meta name=\"robots\" content=\"index, follow, max-snippet:-1, max-image-preview:large, max-video-preview:-1\" \/>\n<link rel=\"canonical\" href=\"https:\/\/www.electrahotels.gr\/fr\/nos-hotels\/electra-palace-rhodes\/\" \/>\n<meta property=\"og:locale\" content=\"fr_FR\" \/>\n<meta property=\"og:type\" content=\"article\" \/>\n<meta property=\"og:title\" content=\"Luxueux, tout compris h\u00f4tel 5 \u00e9toiles Rhodes | | Electra Palace Rhodes\" \/>\n<meta property=\"og:description\" content=\"L&#039;Electra Palace Rhodes vous offre l&#039;option d&#039;une libert\u00e9 et d&#039;un plaisir absolus avec des vacances tout compris dans un h\u00f4tel 5 \u00e9toiles de premier ordre sur l&#039;\u00eele de Rhodes.\" \/>\n<meta property=\"og:url\" content=\"https:\/\/www.electrahotels.gr\/fr\/nos-hotels\/electra-palace-rhodes\/\" \/>\n<meta property=\"og:site_name\" content=\"Electra Hotels &amp; Resorts\" \/>\n<meta property=\"article:modified_time\" content=\"2025-09-01T10:08:33+00:00\" \/>\n<meta property=\"og:image\" content=\"https:\/\/www.electrahotels.gr\/app\/uploads\/2023\/09\/DJI_0753-Edit-Edit-scaled.jpg\" \/>\n\t<meta property=\"og:image:width\" content=\"2560\" \/>\n\t<meta property=\"og:image:height\" content=\"1707\" \/>\n\t<meta property=\"og:image:type\" content=\"image\/jpeg\" \/>\n<meta name=\"twitter:card\" content=\"summary_large_image\" \/>\n<meta name=\"twitter:label1\" content=\"Dur\u00e9e de lecture estim\u00e9e\" \/>\n\t<meta name=\"twitter:data1\" content=\"1 minute\" \/>\n<script type=\"application\/ld+json\" class=\"yoast-schema-graph\">{\"@context\":\"https:\\\/\\\/schema.org\",\"@graph\":[{\"@type\":\"WebPage\",\"@id\":\"https:\\\/\\\/www.electrahotels.gr\\\/fr\\\/nos-hotels\\\/electra-palace-rhodes\\\/\",\"url\":\"https:\\\/\\\/www.electrahotels.gr\\\/fr\\\/nos-hotels\\\/electra-palace-rhodes\\\/\",\"name\":\"Luxueux, tout compris h\u00f4tel 5 \u00e9toiles Rhodes | | Electra Palace Rhodes\",\"isPartOf\":{\"@id\":\"https:\\\/\\\/www.electrahotels.gr\\\/fr\\\/#website\"},\"primaryImageOfPage\":{\"@id\":\"https:\\\/\\\/www.electrahotels.gr\\\/fr\\\/nos-hotels\\\/electra-palace-rhodes\\\/#primaryimage\"},\"image\":{\"@id\":\"https:\\\/\\\/www.electrahotels.gr\\\/fr\\\/nos-hotels\\\/electra-palace-rhodes\\\/#primaryimage\"},\"thumbnailUrl\":\"https:\\\/\\\/www.electrahotels.gr\\\/app\\\/uploads\\\/2023\\\/09\\\/DJI_0753-Edit-Edit-scaled.jpg\",\"datePublished\":\"2021-11-26T12:49:23+00:00\",\"dateModified\":\"2025-09-01T10:08:33+00:00\",\"description\":\"L'Electra Palace Rhodes vous offre l'option d'une libert\u00e9 et d'un plaisir absolus avec des vacances tout compris dans un h\u00f4tel 5 \u00e9toiles de premier ordre sur l'\u00eele de Rhodes.\",\"breadcrumb\":{\"@id\":\"https:\\\/\\\/www.electrahotels.gr\\\/fr\\\/nos-hotels\\\/electra-palace-rhodes\\\/#breadcrumb\"},\"inLanguage\":\"fr-FR\",\"potentialAction\":[{\"@type\":\"ReadAction\",\"target\":[\"https:\\\/\\\/www.electrahotels.gr\\\/fr\\\/nos-hotels\\\/electra-palace-rhodes\\\/\"]}]},{\"@type\":\"ImageObject\",\"inLanguage\":\"fr-FR\",\"@id\":\"https:\\\/\\\/www.electrahotels.gr\\\/fr\\\/nos-hotels\\\/electra-palace-rhodes\\\/#primaryimage\",\"url\":\"https:\\\/\\\/www.electrahotels.gr\\\/app\\\/uploads\\\/2023\\\/09\\\/DJI_0753-Edit-Edit-scaled.jpg\",\"contentUrl\":\"https:\\\/\\\/www.electrahotels.gr\\\/app\\\/uploads\\\/2023\\\/09\\\/DJI_0753-Edit-Edit-scaled.jpg\",\"width\":2560,\"height\":1707,\"caption\":\"Electra Palace Rhodes & Spa, a luxury seafront hotel is one of top Ialyssos hotels.\u00a0\"},{\"@type\":\"BreadcrumbList\",\"@id\":\"https:\\\/\\\/www.electrahotels.gr\\\/fr\\\/nos-hotels\\\/electra-palace-rhodes\\\/#breadcrumb\",\"itemListElement\":[{\"@type\":\"ListItem\",\"position\":1,\"name\":\"Home\",\"item\":\"https:\\\/\\\/www.electrahotels.gr\\\/fr\\\/\"},{\"@type\":\"ListItem\",\"position\":2,\"name\":\"Nos h\u00f4tels\",\"item\":\"https:\\\/\\\/www.electrahotels.gr\\\/fr\\\/nos-hotels\\\/\"},{\"@type\":\"ListItem\",\"position\":3,\"name\":\"Electra Palace Rhodes\"}]},{\"@type\":\"WebSite\",\"@id\":\"https:\\\/\\\/www.electrahotels.gr\\\/fr\\\/#website\",\"url\":\"https:\\\/\\\/www.electrahotels.gr\\\/fr\\\/\",\"name\":\"Electra Hotels &amp; Resorts\",\"description\":\"A group of luxury hotels in Athens, Thessaloniki, Rhodes and Kefalonia committed to offering quality hospitality, service and luxury\",\"potentialAction\":[{\"@type\":\"SearchAction\",\"target\":{\"@type\":\"EntryPoint\",\"urlTemplate\":\"https:\\\/\\\/www.electrahotels.gr\\\/fr\\\/?s={search_term_string}\"},\"query-input\":{\"@type\":\"PropertyValueSpecification\",\"valueRequired\":true,\"valueName\":\"search_term_string\"}}],\"inLanguage\":\"fr-FR\"}]}<\/script>\n<!-- \/ Yoast SEO plugin. -->","yoast_head_json":{"title":"Luxueux, tout compris h\u00f4tel 5 \u00e9toiles Rhodes | | Electra Palace Rhodes","description":"L'Electra Palace Rhodes vous offre l'option d'une libert\u00e9 et d'un plaisir absolus avec des vacances tout compris dans un h\u00f4tel 5 \u00e9toiles de premier ordre sur l'\u00eele de Rhodes.","robots":{"index":"index","follow":"follow","max-snippet":"max-snippet:-1","max-image-preview":"max-image-preview:large","max-video-preview":"max-video-preview:-1"},"canonical":"https:\/\/www.electrahotels.gr\/fr\/nos-hotels\/electra-palace-rhodes\/","og_locale":"fr_FR","og_type":"article","og_title":"Luxueux, tout compris h\u00f4tel 5 \u00e9toiles Rhodes | | Electra Palace Rhodes","og_description":"L'Electra Palace Rhodes vous offre l'option d'une libert\u00e9 et d'un plaisir absolus avec des vacances tout compris dans un h\u00f4tel 5 \u00e9toiles de premier ordre sur l'\u00eele de Rhodes.","og_url":"https:\/\/www.electrahotels.gr\/fr\/nos-hotels\/electra-palace-rhodes\/","og_site_name":"Electra Hotels &amp; Resorts","article_modified_time":"2025-09-01T10:08:33+00:00","og_image":[{"width":2560,"height":1707,"url":"https:\/\/www.electrahotels.gr\/app\/uploads\/2023\/09\/DJI_0753-Edit-Edit-scaled.jpg","type":"image\/jpeg"}],"twitter_card":"summary_large_image","twitter_misc":{"Dur\u00e9e de lecture estim\u00e9e":"1 minute"},"schema":{"@context":"https:\/\/schema.org","@graph":[{"@type":"WebPage","@id":"https:\/\/www.electrahotels.gr\/fr\/nos-hotels\/electra-palace-rhodes\/","url":"https:\/\/www.electrahotels.gr\/fr\/nos-hotels\/electra-palace-rhodes\/","name":"Luxueux, tout compris h\u00f4tel 5 \u00e9toiles Rhodes | | Electra Palace Rhodes","isPartOf":{"@id":"https:\/\/www.electrahotels.gr\/fr\/#website"},"primaryImageOfPage":{"@id":"https:\/\/www.electrahotels.gr\/fr\/nos-hotels\/electra-palace-rhodes\/#primaryimage"},"image":{"@id":"https:\/\/www.electrahotels.gr\/fr\/nos-hotels\/electra-palace-rhodes\/#primaryimage"},"thumbnailUrl":"https:\/\/www.electrahotels.gr\/app\/uploads\/2023\/09\/DJI_0753-Edit-Edit-scaled.jpg","datePublished":"2021-11-26T12:49:23+00:00","dateModified":"2025-09-01T10:08:33+00:00","description":"L'Electra Palace Rhodes vous offre l'option d'une libert\u00e9 et d'un plaisir absolus avec des vacances tout compris dans un h\u00f4tel 5 \u00e9toiles de premier ordre sur l'\u00eele de Rhodes.","breadcrumb":{"@id":"https:\/\/www.electrahotels.gr\/fr\/nos-hotels\/electra-palace-rhodes\/#breadcrumb"},"inLanguage":"fr-FR","potentialAction":[{"@type":"ReadAction","target":["https:\/\/www.electrahotels.gr\/fr\/nos-hotels\/electra-palace-rhodes\/"]}]},{"@type":"ImageObject","inLanguage":"fr-FR","@id":"https:\/\/www.electrahotels.gr\/fr\/nos-hotels\/electra-palace-rhodes\/#primaryimage","url":"https:\/\/www.electrahotels.gr\/app\/uploads\/2023\/09\/DJI_0753-Edit-Edit-scaled.jpg","contentUrl":"https:\/\/www.electrahotels.gr\/app\/uploads\/2023\/09\/DJI_0753-Edit-Edit-scaled.jpg","width":2560,"height":1707,"caption":"Electra Palace Rhodes & Spa, a luxury seafront hotel is one of top Ialyssos hotels.\u00a0"},{"@type":"BreadcrumbList","@id":"https:\/\/www.electrahotels.gr\/fr\/nos-hotels\/electra-palace-rhodes\/#breadcrumb","itemListElement":[{"@type":"ListItem","position":1,"name":"Home","item":"https:\/\/www.electrahotels.gr\/fr\/"},{"@type":"ListItem","position":2,"name":"Nos h\u00f4tels","item":"https:\/\/www.electrahotels.gr\/fr\/nos-hotels\/"},{"@type":"ListItem","position":3,"name":"Electra Palace Rhodes"}]},{"@type":"WebSite","@id":"https:\/\/www.electrahotels.gr\/fr\/#website","url":"https:\/\/www.electrahotels.gr\/fr\/","name":"Electra Hotels &amp; Resorts","description":"A group of luxury hotels in Athens, Thessaloniki, Rhodes and Kefalonia committed to offering quality hospitality, service and luxury","potentialAction":[{"@type":"SearchAction","target":{"@type":"EntryPoint","urlTemplate":"https:\/\/www.electrahotels.gr\/fr\/?s={search_term_string}"},"query-input":{"@type":"PropertyValueSpecification","valueRequired":true,"valueName":"search_term_string"}}],"inLanguage":"fr-FR"}]}},"_links":{"self":[{"href":"https:\/\/www.electrahotels.gr\/fr\/wp-json\/wp\/v2\/pages\/10346","targetHints":{"allow":["GET"]}}],"collection":[{"href":"https:\/\/www.electrahotels.gr\/fr\/wp-json\/wp\/v2\/pages"}],"about":[{"href":"https:\/\/www.electrahotels.gr\/fr\/wp-json\/wp\/v2\/types\/page"}],"author":[{"embeddable":true,"href":"https:\/\/www.electrahotels.gr\/fr\/wp-json\/wp\/v2\/users\/1"}],"replies":[{"embeddable":true,"href":"https:\/\/www.electrahotels.gr\/fr\/wp-json\/wp\/v2\/comments?post=10346"}],"version-history":[{"count":12,"href":"https:\/\/www.electrahotels.gr\/fr\/wp-json\/wp\/v2\/pages\/10346\/revisions"}],"predecessor-version":[{"id":55873,"href":"https:\/\/www.electrahotels.gr\/fr\/wp-json\/wp\/v2\/pages\/10346\/revisions\/55873"}],"up":[{"embeddable":true,"href":"https:\/\/www.electrahotels.gr\/fr\/wp-json\/wp\/v2\/pages\/10283"}],"wp:featuredmedia":[{"embeddable":true,"href":"https:\/\/www.electrahotels.gr\/fr\/wp-json\/wp\/v2\/media\/40039"}],"wp:attachment":[{"href":"https:\/\/www.electrahotels.gr\/fr\/wp-json\/wp\/v2\/media?parent=10346"}],"wp:term":[{"taxonomy":"page_tag","embeddable":true,"href":"https:\/\/www.electrahotels.gr\/fr\/wp-json\/wp\/v2\/page_tag?post=10346"}],"curies":[{"name":"wp","href":"https:\/\/api.w.org\/{rel}","templated":true}]}}