{"id":10352,"date":"2021-11-26T14:49:25","date_gmt":"2021-11-26T12:49:25","guid":{"rendered":"https:\/\/www.electrahotels.gr\/destinations\/athenes\/"},"modified":"2023-04-05T09:06:20","modified_gmt":"2023-04-05T06:06:20","slug":"athenes","status":"publish","type":"page","link":"https:\/\/www.electrahotels.gr\/fr\/destinations\/athenes\/","title":{"rendered":"Ath\u00e8nes"},"content":{"rendered":"\n<p>Vous connaissez probablement Ath\u00e8nes pour son pass\u00e9 glorieux &#8211; et \u00e0 juste titre &#8211; mais son histoire c\u00e9l\u00e8bre qui s&rsquo;\u00e9tend sur des mill\u00e9naires n&rsquo;est que la moiti\u00e9 de l&rsquo;histoire. D\u00e9couvrez la ville d&rsquo;aujourd&rsquo;hui et faites l&rsquo;exp\u00e9rience d&rsquo;une m\u00e9tropole mondiale dynamique qui ne s&rsquo;arr\u00eate jamais. Multiforme, en constante \u00e9volution, parfois chaotique mais toujours pleine d&rsquo;\u00e9nergie et de surprises, l&rsquo;Ath\u00e8nes contemporaine est pleine d&rsquo;histoires en devenir. Vos propres histoires.<\/p>\n","protected":false},"excerpt":{"rendered":"<p>Vous connaissez probablement Ath\u00e8nes pour son pass\u00e9 glorieux &#8211; et \u00e0 juste titre &#8211; mais son histoire c\u00e9l\u00e8bre qui s&rsquo;\u00e9tend sur des mill\u00e9naires n&rsquo;est que la moiti\u00e9 de l&rsquo;histoire. D\u00e9couvrez la ville d&rsquo;aujourd&rsquo;hui et faites l&rsquo;exp\u00e9rience d&rsquo;une m\u00e9tropole mondiale dynamique qui ne s&rsquo;arr\u00eate jamais. Multiforme, en constante \u00e9volution, parfois chaotique mais toujours pleine d&rsquo;\u00e9nergie et<\/p>\n","protected":false},"author":1,"featured_media":8557,"parent":10288,"menu_order":0,"comment_status":"closed","ping_status":"closed","template":"page-templates\/hotels.php","meta":{"_acf_changed":false,"footnotes":""},"page_tag":[],"class_list":["post-10352","page","type-page","status-publish","has-post-thumbnail","hentry"],"acf":[],"yoast_head":"<!-- This site is optimized with the Yoast SEO plugin v27.3 - https:\/\/yoast.com\/product\/yoast-seo-wordpress\/ -->\n<title>S\u00e9jours exemplaires dans les meilleurs h\u00f4tels d&#039;Ath\u00e8nes || Electra Hotels<\/title>\n<meta name=\"description\" content=\"Passez un s\u00e9jour exemplaire dans l&#039;un des meilleurs h\u00f4tels de la ville d&#039;Ath\u00e8nes, un lieu dynamique qui vous enchante par son histoire ancienne et son allure urbaine moderne.\" \/>\n<meta name=\"robots\" content=\"index, follow, max-snippet:-1, max-image-preview:large, max-video-preview:-1\" \/>\n<link rel=\"canonical\" href=\"https:\/\/www.electrahotels.gr\/fr\/destinations\/athenes\/\" \/>\n<meta property=\"og:locale\" content=\"fr_FR\" \/>\n<meta property=\"og:type\" content=\"article\" \/>\n<meta property=\"og:title\" content=\"S\u00e9jours exemplaires dans les meilleurs h\u00f4tels d&#039;Ath\u00e8nes || Electra Hotels\" \/>\n<meta property=\"og:description\" content=\"Passez un s\u00e9jour exemplaire dans l&#039;un des meilleurs h\u00f4tels de la ville d&#039;Ath\u00e8nes, un lieu dynamique qui vous enchante par son histoire ancienne et son allure urbaine moderne.\" \/>\n<meta property=\"og:url\" content=\"https:\/\/www.electrahotels.gr\/fr\/destinations\/athenes\/\" \/>\n<meta property=\"og:site_name\" content=\"Electra Hotels &amp; Resorts\" \/>\n<meta property=\"article:modified_time\" content=\"2023-04-05T06:06:20+00:00\" \/>\n<meta property=\"og:image\" content=\"https:\/\/www.electrahotels.gr\/app\/uploads\/sites\/75\/2021\/08\/metropolis_roof_garden-10_resized.jpg\" \/>\n\t<meta property=\"og:image:width\" content=\"1920\" \/>\n\t<meta property=\"og:image:height\" content=\"1280\" \/>\n\t<meta property=\"og:image:type\" content=\"image\/jpeg\" \/>\n<meta name=\"twitter:card\" content=\"summary_large_image\" \/>\n<script type=\"application\/ld+json\" class=\"yoast-schema-graph\">{\"@context\":\"https:\\\/\\\/schema.org\",\"@graph\":[{\"@type\":\"WebPage\",\"@id\":\"https:\\\/\\\/www.electrahotels.gr\\\/fr\\\/destinations\\\/athenes\\\/\",\"url\":\"https:\\\/\\\/www.electrahotels.gr\\\/fr\\\/destinations\\\/athenes\\\/\",\"name\":\"S\u00e9jours exemplaires dans les meilleurs h\u00f4tels d'Ath\u00e8nes || Electra Hotels\",\"isPartOf\":{\"@id\":\"https:\\\/\\\/www.electrahotels.gr\\\/fr\\\/#website\"},\"primaryImageOfPage\":{\"@id\":\"https:\\\/\\\/www.electrahotels.gr\\\/fr\\\/destinations\\\/athenes\\\/#primaryimage\"},\"image\":{\"@id\":\"https:\\\/\\\/www.electrahotels.gr\\\/fr\\\/destinations\\\/athenes\\\/#primaryimage\"},\"thumbnailUrl\":\"https:\\\/\\\/www.electrahotels.gr\\\/app\\\/uploads\\\/2021\\\/08\\\/metropolis_roof_garden-10_resized.jpg\",\"datePublished\":\"2021-11-26T12:49:25+00:00\",\"dateModified\":\"2023-04-05T06:06:20+00:00\",\"description\":\"Passez un s\u00e9jour exemplaire dans l'un des meilleurs h\u00f4tels de la ville d'Ath\u00e8nes, un lieu dynamique qui vous enchante par son histoire ancienne et son allure urbaine moderne.\",\"breadcrumb\":{\"@id\":\"https:\\\/\\\/www.electrahotels.gr\\\/fr\\\/destinations\\\/athenes\\\/#breadcrumb\"},\"inLanguage\":\"fr-FR\",\"potentialAction\":[{\"@type\":\"ReadAction\",\"target\":[\"https:\\\/\\\/www.electrahotels.gr\\\/fr\\\/destinations\\\/athenes\\\/\"]}]},{\"@type\":\"ImageObject\",\"inLanguage\":\"fr-FR\",\"@id\":\"https:\\\/\\\/www.electrahotels.gr\\\/fr\\\/destinations\\\/athenes\\\/#primaryimage\",\"url\":\"https:\\\/\\\/www.electrahotels.gr\\\/app\\\/uploads\\\/2021\\\/08\\\/metropolis_roof_garden-10_resized.jpg\",\"contentUrl\":\"https:\\\/\\\/www.electrahotels.gr\\\/app\\\/uploads\\\/2021\\\/08\\\/metropolis_roof_garden-10_resized.jpg\",\"width\":1920,\"height\":1280},{\"@type\":\"BreadcrumbList\",\"@id\":\"https:\\\/\\\/www.electrahotels.gr\\\/fr\\\/destinations\\\/athenes\\\/#breadcrumb\",\"itemListElement\":[{\"@type\":\"ListItem\",\"position\":1,\"name\":\"Home\",\"item\":\"https:\\\/\\\/www.electrahotels.gr\\\/fr\\\/\"},{\"@type\":\"ListItem\",\"position\":2,\"name\":\"Destinations\",\"item\":\"https:\\\/\\\/www.electrahotels.gr\\\/fr\\\/destinations\\\/\"},{\"@type\":\"ListItem\",\"position\":3,\"name\":\"Ath\u00e8nes\"}]},{\"@type\":\"WebSite\",\"@id\":\"https:\\\/\\\/www.electrahotels.gr\\\/fr\\\/#website\",\"url\":\"https:\\\/\\\/www.electrahotels.gr\\\/fr\\\/\",\"name\":\"Electra Hotels &amp; Resorts\",\"description\":\"A group of luxury hotels in Athens, Thessaloniki, Rhodes and Kefalonia committed to offering quality hospitality, service and luxury\",\"potentialAction\":[{\"@type\":\"SearchAction\",\"target\":{\"@type\":\"EntryPoint\",\"urlTemplate\":\"https:\\\/\\\/www.electrahotels.gr\\\/fr\\\/?s={search_term_string}\"},\"query-input\":{\"@type\":\"PropertyValueSpecification\",\"valueRequired\":true,\"valueName\":\"search_term_string\"}}],\"inLanguage\":\"fr-FR\"}]}<\/script>\n<!-- \/ Yoast SEO plugin. -->","yoast_head_json":{"title":"S\u00e9jours exemplaires dans les meilleurs h\u00f4tels d'Ath\u00e8nes || Electra Hotels","description":"Passez un s\u00e9jour exemplaire dans l'un des meilleurs h\u00f4tels de la ville d'Ath\u00e8nes, un lieu dynamique qui vous enchante par son histoire ancienne et son allure urbaine moderne.","robots":{"index":"index","follow":"follow","max-snippet":"max-snippet:-1","max-image-preview":"max-image-preview:large","max-video-preview":"max-video-preview:-1"},"canonical":"https:\/\/www.electrahotels.gr\/fr\/destinations\/athenes\/","og_locale":"fr_FR","og_type":"article","og_title":"S\u00e9jours exemplaires dans les meilleurs h\u00f4tels d'Ath\u00e8nes || Electra Hotels","og_description":"Passez un s\u00e9jour exemplaire dans l'un des meilleurs h\u00f4tels de la ville d'Ath\u00e8nes, un lieu dynamique qui vous enchante par son histoire ancienne et son allure urbaine moderne.","og_url":"https:\/\/www.electrahotels.gr\/fr\/destinations\/athenes\/","og_site_name":"Electra Hotels &amp; Resorts","article_modified_time":"2023-04-05T06:06:20+00:00","og_image":[{"width":1920,"height":1280,"url":"https:\/\/www.electrahotels.gr\/app\/uploads\/sites\/75\/2021\/08\/metropolis_roof_garden-10_resized.jpg","type":"image\/jpeg"}],"twitter_card":"summary_large_image","schema":{"@context":"https:\/\/schema.org","@graph":[{"@type":"WebPage","@id":"https:\/\/www.electrahotels.gr\/fr\/destinations\/athenes\/","url":"https:\/\/www.electrahotels.gr\/fr\/destinations\/athenes\/","name":"S\u00e9jours exemplaires dans les meilleurs h\u00f4tels d'Ath\u00e8nes || Electra Hotels","isPartOf":{"@id":"https:\/\/www.electrahotels.gr\/fr\/#website"},"primaryImageOfPage":{"@id":"https:\/\/www.electrahotels.gr\/fr\/destinations\/athenes\/#primaryimage"},"image":{"@id":"https:\/\/www.electrahotels.gr\/fr\/destinations\/athenes\/#primaryimage"},"thumbnailUrl":"https:\/\/www.electrahotels.gr\/app\/uploads\/2021\/08\/metropolis_roof_garden-10_resized.jpg","datePublished":"2021-11-26T12:49:25+00:00","dateModified":"2023-04-05T06:06:20+00:00","description":"Passez un s\u00e9jour exemplaire dans l'un des meilleurs h\u00f4tels de la ville d'Ath\u00e8nes, un lieu dynamique qui vous enchante par son histoire ancienne et son allure urbaine moderne.","breadcrumb":{"@id":"https:\/\/www.electrahotels.gr\/fr\/destinations\/athenes\/#breadcrumb"},"inLanguage":"fr-FR","potentialAction":[{"@type":"ReadAction","target":["https:\/\/www.electrahotels.gr\/fr\/destinations\/athenes\/"]}]},{"@type":"ImageObject","inLanguage":"fr-FR","@id":"https:\/\/www.electrahotels.gr\/fr\/destinations\/athenes\/#primaryimage","url":"https:\/\/www.electrahotels.gr\/app\/uploads\/2021\/08\/metropolis_roof_garden-10_resized.jpg","contentUrl":"https:\/\/www.electrahotels.gr\/app\/uploads\/2021\/08\/metropolis_roof_garden-10_resized.jpg","width":1920,"height":1280},{"@type":"BreadcrumbList","@id":"https:\/\/www.electrahotels.gr\/fr\/destinations\/athenes\/#breadcrumb","itemListElement":[{"@type":"ListItem","position":1,"name":"Home","item":"https:\/\/www.electrahotels.gr\/fr\/"},{"@type":"ListItem","position":2,"name":"Destinations","item":"https:\/\/www.electrahotels.gr\/fr\/destinations\/"},{"@type":"ListItem","position":3,"name":"Ath\u00e8nes"}]},{"@type":"WebSite","@id":"https:\/\/www.electrahotels.gr\/fr\/#website","url":"https:\/\/www.electrahotels.gr\/fr\/","name":"Electra Hotels &amp; Resorts","description":"A group of luxury hotels in Athens, Thessaloniki, Rhodes and Kefalonia committed to offering quality hospitality, service and luxury","potentialAction":[{"@type":"SearchAction","target":{"@type":"EntryPoint","urlTemplate":"https:\/\/www.electrahotels.gr\/fr\/?s={search_term_string}"},"query-input":{"@type":"PropertyValueSpecification","valueRequired":true,"valueName":"search_term_string"}}],"inLanguage":"fr-FR"}]}},"_links":{"self":[{"href":"https:\/\/www.electrahotels.gr\/fr\/wp-json\/wp\/v2\/pages\/10352","targetHints":{"allow":["GET"]}}],"collection":[{"href":"https:\/\/www.electrahotels.gr\/fr\/wp-json\/wp\/v2\/pages"}],"about":[{"href":"https:\/\/www.electrahotels.gr\/fr\/wp-json\/wp\/v2\/types\/page"}],"author":[{"embeddable":true,"href":"https:\/\/www.electrahotels.gr\/fr\/wp-json\/wp\/v2\/users\/1"}],"replies":[{"embeddable":true,"href":"https:\/\/www.electrahotels.gr\/fr\/wp-json\/wp\/v2\/comments?post=10352"}],"version-history":[{"count":7,"href":"https:\/\/www.electrahotels.gr\/fr\/wp-json\/wp\/v2\/pages\/10352\/revisions"}],"predecessor-version":[{"id":12419,"href":"https:\/\/www.electrahotels.gr\/fr\/wp-json\/wp\/v2\/pages\/10352\/revisions\/12419"}],"up":[{"embeddable":true,"href":"https:\/\/www.electrahotels.gr\/fr\/wp-json\/wp\/v2\/pages\/10288"}],"wp:featuredmedia":[{"embeddable":true,"href":"https:\/\/www.electrahotels.gr\/fr\/wp-json\/wp\/v2\/media\/8557"}],"wp:attachment":[{"href":"https:\/\/www.electrahotels.gr\/fr\/wp-json\/wp\/v2\/media?parent=10352"}],"wp:term":[{"taxonomy":"page_tag","embeddable":true,"href":"https:\/\/www.electrahotels.gr\/fr\/wp-json\/wp\/v2\/page_tag?post=10352"}],"curies":[{"name":"wp","href":"https:\/\/api.w.org\/{rel}","templated":true}]}}