{"id":10372,"date":"2021-11-26T16:49:09","date_gmt":"2021-11-26T14:49:09","guid":{"rendered":"https:\/\/www.electrahotels.gr\/enregistrement-en-ligne\/"},"modified":"2024-03-06T11:18:44","modified_gmt":"2024-03-06T09:18:44","slug":"enregistrement-en-ligne","status":"publish","type":"page","link":"https:\/\/www.electrahotels.gr\/fr\/enregistrement-en-ligne\/","title":{"rendered":"Enregistrement en ligne"},"content":{"rendered":"\n<h2 class=\"wp-block-heading\"><strong>Acc\u00e9l\u00e9rez votre processus d&rsquo;arriv\u00e9e et profitez d&rsquo;un enregistrement sans effort, chez Electra Hotels &amp; Resorts !<\/strong><\/h2>\n\n\n\n<ul class=\"wp-block-list\">\n<li>S\u00e9lectionnez l&rsquo;h\u00f4tel\/le complexe h\u00f4telier dans lequel vous s\u00e9journerez.  <\/li>\n\n\n\n<li>Remplissez l&rsquo;ID de la r\u00e9servation  <\/li>\n\n\n\n<li>Compl\u00e9tez les d\u00e9tails de toutes les personnes s\u00e9journant dans la chambre  <\/li>\n\n\n\n<li>Enregistrez le r\u00e9sum\u00e9 de votre inscription sous forme de code QR dans votre t\u00e9l\u00e9phone portable.<\/li>\n\n\n\n<li>Pr\u00e9sentez-la \u00e0 votre arriv\u00e9e pour la finaliser et profitez de votre s\u00e9jour !<\/li>\n<\/ul>\n\n\n\n<p class=\"has-text-align-left text-right\"><\/p>\n\n\n\n<div class=\"wp-block-columns mt-5 row\">\n<div class=\"wp-block-column col-12 col-md-6\">\n<h4 class=\"wp-block-heading\"><\/h4>\n\n\n<div data-scroll data-scroll-clip>\n<figure class=\"wp-block-image size-full\"><img loading=\"lazy\" decoding=\"async\" width=\"900\" height=\"600\" src=\"https:\/\/www.electrahotels.gr\/app\/uploads\/2021\/10\/1-EXTERIOR-MAIN-1_optimized-900x678-1-1.jpg\" alt=\"\" class=\"wp-image-5456\" srcset=\"https:\/\/www.electrahotels.gr\/app\/uploads\/2021\/10\/1-EXTERIOR-MAIN-1_optimized-900x678-1-1.jpg 900w, https:\/\/www.electrahotels.gr\/app\/uploads\/2021\/10\/1-EXTERIOR-MAIN-1_optimized-900x678-1-1-600x400.jpg 600w, https:\/\/www.electrahotels.gr\/app\/uploads\/2021\/10\/1-EXTERIOR-MAIN-1_optimized-900x678-1-1-768x512.jpg 768w, https:\/\/www.electrahotels.gr\/app\/uploads\/2021\/10\/1-EXTERIOR-MAIN-1_optimized-900x678-1-1-480x320.jpg 480w\" sizes=\"auto, (max-width: 900px) 100vw, 900px\" \/><figcaption class=\"wp-element-caption\">Electra Palace Thessalonique<\/figcaption><\/figure>\n<\/div>\n\n\n<ul class=\"wp-block-list\">\n<li>Enregistrez-vous depuis n&rsquo;importe quel appareil<\/li>\n\n\n\n<li>Depuis le confort de votre domicile<\/li>\n\n\n\n<li>Tout sera pr\u00eat \u00e0 votre arriv\u00e9e<\/li>\n<\/ul>\n\n\n\n<p><strong><a href=\"https:\/\/electrahotels.eurotel.gr\/PmsRegistrationOnline\/login?hotelId=6\" target=\"_blank\" rel=\"noreferrer noopener\">ENREGISTREMENT EN LIGNE<\/a><\/strong><\/p>\n\n\n\n<figure class=\"wp-block-pullquote\"><blockquote><p><\/p><\/blockquote><\/figure>\n\n\n\n<div class=\"wp-block-buttons\"><\/div>\n<\/div>\n\n\n\n<div class=\"wp-block-column col-12 col-md-6 mt-5 mt-md-0\">\n<h4 class=\"wp-block-heading\"><\/h4>\n\n\n<div data-scroll data-scroll-clip>\n<figure class=\"wp-block-image size-full\"><img loading=\"lazy\" decoding=\"async\" width=\"900\" height=\"600\" src=\"https:\/\/www.electrahotels.gr\/app\/uploads\/2021\/10\/electra_kefalonia_hotel_and_spa_exterior_experience-3_resized-900x600-1.jpg\" alt=\"\" class=\"wp-image-5454\" srcset=\"https:\/\/www.electrahotels.gr\/app\/uploads\/2021\/10\/electra_kefalonia_hotel_and_spa_exterior_experience-3_resized-900x600-1.jpg 900w, https:\/\/www.electrahotels.gr\/app\/uploads\/2021\/10\/electra_kefalonia_hotel_and_spa_exterior_experience-3_resized-900x600-1-600x400.jpg 600w, https:\/\/www.electrahotels.gr\/app\/uploads\/2021\/10\/electra_kefalonia_hotel_and_spa_exterior_experience-3_resized-900x600-1-768x512.jpg 768w, https:\/\/www.electrahotels.gr\/app\/uploads\/2021\/10\/electra_kefalonia_hotel_and_spa_exterior_experience-3_resized-900x600-1-480x320.jpg 480w\" sizes=\"auto, (max-width: 900px) 100vw, 900px\" \/><figcaption class=\"wp-element-caption\">Electra Kefalonia<\/figcaption><\/figure>\n<\/div>\n\n\n<ul class=\"wp-block-list\">\n<li>Enregistrez-vous depuis n&rsquo;importe quel appareil<\/li>\n\n\n\n<li>Depuis le confort de votre domicile<\/li>\n\n\n\n<li>Tout sera pr\u00eat \u00e0 votre arriv\u00e9e<\/li>\n<\/ul>\n\n\n\n<p><strong><a href=\"https:\/\/electrahotels.eurotel.gr\/PmsRegistrationOnline\/login?hotelId=3\" target=\"_blank\" rel=\"noreferrer noopener\">ENREGISTREMENT EN LIGNE<\/a><\/strong><\/p>\n\n\n\n<p><\/p>\n<\/div>\n<\/div>\n\n\n\n<div class=\"wp-block-columns mt-5 row\">\n<div class=\"wp-block-column col-12 col-md-6\">\n<h4 class=\"wp-block-heading\"><\/h4>\n\n\n<div data-scroll data-scroll-clip>\n<figure class=\"wp-block-image size-large\"><img loading=\"lazy\" decoding=\"async\" width=\"900\" height=\"600\" src=\"https:\/\/www.electrahotels.gr\/app\/uploads\/2024\/03\/ATRIUM_LOUNGE_BAR-3-900x600.jpg\" alt=\"\" class=\"wp-image-46869\" srcset=\"https:\/\/www.electrahotels.gr\/app\/uploads\/2024\/03\/ATRIUM_LOUNGE_BAR-3-900x600.jpg 900w, https:\/\/www.electrahotels.gr\/app\/uploads\/2024\/03\/ATRIUM_LOUNGE_BAR-3-600x400.jpg 600w, https:\/\/www.electrahotels.gr\/app\/uploads\/2024\/03\/ATRIUM_LOUNGE_BAR-3-768x512.jpg 768w, https:\/\/www.electrahotels.gr\/app\/uploads\/2024\/03\/ATRIUM_LOUNGE_BAR-3-1536x1024.jpg 1536w, https:\/\/www.electrahotels.gr\/app\/uploads\/2024\/03\/ATRIUM_LOUNGE_BAR-3-2048x1365.jpg 2048w, https:\/\/www.electrahotels.gr\/app\/uploads\/2024\/03\/ATRIUM_LOUNGE_BAR-3-480x320.jpg 480w\" sizes=\"auto, (max-width: 900px) 100vw, 900px\" \/><figcaption class=\"wp-element-caption\">Electra Metropolis Ath\u00e8nes<\/figcaption><\/figure>\n<\/div>\n\n\n<ul class=\"wp-block-list\">\n<li>Enregistrez-vous depuis n&rsquo;importe quel appareil<\/li>\n\n\n\n<li>Depuis le confort de votre domicile<\/li>\n\n\n\n<li>Tout sera pr\u00eat \u00e0 votre arriv\u00e9e<\/li>\n<\/ul>\n\n\n\n<p><strong><a href=\"https:\/\/electrahotels.eurotel.gr\/PmsRegistrationOnline\/login?hotelId=4\" target=\"_blank\" rel=\"noreferrer noopener\">ENREGISTREMENT EN LIGNE<\/a><\/strong><\/p>\n<\/div>\n\n\n\n<div class=\"wp-block-column col-12 col-md-6 mt-5 mt-md-0\">\n<h4 class=\"wp-block-heading\"><\/h4>\n\n\n<div data-scroll data-scroll-clip>\n<figure class=\"wp-block-image size-full\"><img loading=\"lazy\" decoding=\"async\" width=\"900\" height=\"600\" src=\"https:\/\/www.electrahotels.gr\/app\/uploads\/2021\/10\/dsc6380_ok-custom_resized.jpg.jpg\" alt=\"\" class=\"wp-image-5467\" srcset=\"https:\/\/www.electrahotels.gr\/app\/uploads\/2021\/10\/dsc6380_ok-custom_resized.jpg.jpg 900w, https:\/\/www.electrahotels.gr\/app\/uploads\/2021\/10\/dsc6380_ok-custom_resized.jpg-600x400.jpg 600w, https:\/\/www.electrahotels.gr\/app\/uploads\/2021\/10\/dsc6380_ok-custom_resized.jpg-768x512.jpg 768w, https:\/\/www.electrahotels.gr\/app\/uploads\/2021\/10\/dsc6380_ok-custom_resized.jpg-480x320.jpg 480w\" sizes=\"auto, (max-width: 900px) 100vw, 900px\" \/><figcaption class=\"wp-element-caption\">Electra Palace Ath\u00e8nes<\/figcaption><\/figure>\n<\/div>\n\n\n<ul class=\"wp-block-list\">\n<li>Enregistrez-vous depuis n&rsquo;importe quel appareil<\/li>\n\n\n\n<li>Depuis le confort de votre domicile<\/li>\n\n\n\n<li>Tout sera pr\u00eat \u00e0 votre arriv\u00e9e<\/li>\n<\/ul>\n\n\n\n<p><a href=\"https:\/\/electrahotels.eurotel.gr\/PmsRegistrationOnline\/login?hotelId=1\" target=\"_blank\" rel=\"noreferrer noopener\"><strong>ENREGISTREMENT EN LIGNE<\/strong><\/a><\/p>\n<\/div>\n<\/div>\n\n\n\n<div class=\"wp-block-columns mt-5 row\">\n<div class=\"wp-block-column col-12 col-md-6\">\n<h4 class=\"wp-block-heading\"><\/h4>\n\n\n<div data-scroll data-scroll-clip>\n<figure class=\"wp-block-image size-full\"><img loading=\"lazy\" decoding=\"async\" width=\"2100\" height=\"1398\" src=\"https:\/\/www.electrahotels.gr\/app\/uploads\/2024\/03\/Electra_Hotel_Athens_Exterior_copped.jpg\" alt=\"\" class=\"wp-image-46882\" srcset=\"https:\/\/www.electrahotels.gr\/app\/uploads\/2024\/03\/Electra_Hotel_Athens_Exterior_copped.jpg 2100w, https:\/\/www.electrahotels.gr\/app\/uploads\/2024\/03\/Electra_Hotel_Athens_Exterior_copped-600x399.jpg 600w, https:\/\/www.electrahotels.gr\/app\/uploads\/2024\/03\/Electra_Hotel_Athens_Exterior_copped-900x599.jpg 900w, https:\/\/www.electrahotels.gr\/app\/uploads\/2024\/03\/Electra_Hotel_Athens_Exterior_copped-768x511.jpg 768w, https:\/\/www.electrahotels.gr\/app\/uploads\/2024\/03\/Electra_Hotel_Athens_Exterior_copped-1536x1023.jpg 1536w, https:\/\/www.electrahotels.gr\/app\/uploads\/2024\/03\/Electra_Hotel_Athens_Exterior_copped-2048x1363.jpg 2048w, https:\/\/www.electrahotels.gr\/app\/uploads\/2024\/03\/Electra_Hotel_Athens_Exterior_copped-480x320.jpg 480w\" sizes=\"auto, (max-width: 2100px) 100vw, 2100px\" \/><figcaption class=\"wp-element-caption\">Electra Ath\u00e8nes<\/figcaption><\/figure>\n<\/div>\n\n\n<ul class=\"wp-block-list\">\n<li>Enregistrez-vous depuis n&rsquo;importe quel appareil<\/li>\n\n\n\n<li>Depuis le confort de votre domicile<\/li>\n\n\n\n<li>Tout sera pr\u00eat \u00e0 votre arriv\u00e9e<\/li>\n<\/ul>\n\n\n\n<p><strong><a href=\"https:\/\/electrahotels.eurotel.gr\/PmsRegistrationOnline\/login?hotelId=2\" target=\"_blank\" rel=\"noreferrer noopener\">ENREGISTREMENT EN LIGNE<\/a><\/strong><\/p>\n<\/div>\n\n\n\n<div class=\"wp-block-column col-12 col-md-6 mt-5 mt-md-0\">\n<h4 class=\"wp-block-heading\"><\/h4>\n\n\n<div data-scroll data-scroll-clip>\n<figure class=\"wp-block-image size-full\"><img loading=\"lazy\" decoding=\"async\" width=\"2560\" height=\"1707\" src=\"https:\/\/www.electrahotels.gr\/app\/uploads\/2023\/09\/DJI_0753-Edit-Edit-1-scaled.jpg\" alt=\"\" class=\"wp-image-40063\" srcset=\"https:\/\/www.electrahotels.gr\/app\/uploads\/2023\/09\/DJI_0753-Edit-Edit-1-scaled.jpg 2560w, https:\/\/www.electrahotels.gr\/app\/uploads\/2023\/09\/DJI_0753-Edit-Edit-1-600x400.jpg 600w, https:\/\/www.electrahotels.gr\/app\/uploads\/2023\/09\/DJI_0753-Edit-Edit-1-900x600.jpg 900w, https:\/\/www.electrahotels.gr\/app\/uploads\/2023\/09\/DJI_0753-Edit-Edit-1-768x512.jpg 768w, https:\/\/www.electrahotels.gr\/app\/uploads\/2023\/09\/DJI_0753-Edit-Edit-1-1536x1024.jpg 1536w, https:\/\/www.electrahotels.gr\/app\/uploads\/2023\/09\/DJI_0753-Edit-Edit-1-2048x1366.jpg 2048w, https:\/\/www.electrahotels.gr\/app\/uploads\/2023\/09\/DJI_0753-Edit-Edit-1-480x320.jpg 480w\" sizes=\"auto, (max-width: 2560px) 100vw, 2560px\" \/><figcaption class=\"wp-element-caption\">Electra Palace Rhodes<\/figcaption><\/figure>\n<\/div>\n\n\n<ul class=\"wp-block-list\">\n<li>Enregistrez-vous depuis n&rsquo;importe quel appareil<\/li>\n\n\n\n<li>Depuis le confort de votre domicile<\/li>\n\n\n\n<li>Tout sera pr\u00eat \u00e0 votre arriv\u00e9e<\/li>\n<\/ul>\n\n\n\n<p><strong><a href=\"https:\/\/electrahotels.eurotel.gr\/PmsRegistrationOnline\/login?hotelId=5\" target=\"_blank\" rel=\"noreferrer noopener\">ENREGISTREMENT EN LIGNE<\/a><\/strong><\/p>\n<\/div>\n<\/div>\n\n\n\n<p><\/p>\n\n\n\n<h2 class=\"wp-block-heading text-center my-5\"><\/h2>\n\n\n\n<div class=\"wp-block-columns mt-5 row\"><\/div>\n\n\n\n<div class=\"wp-block-columns mt-5 row\">\n<div class=\"wp-block-column col-12 col-md-6\"><\/div>\n\n\n\n<div class=\"wp-block-column col-12 col-md-6 mt-5 mt-md-0\"><\/div>\n<\/div>\n\n\n\n<div class=\"wp-block-columns mt-5 row\">\n<div class=\"wp-block-column col-12 col-md-6\"><\/div>\n\n\n\n<div class=\"wp-block-column col-12 col-md-6 mt-5 mt-md-0\"><\/div>\n<\/div>\n","protected":false},"excerpt":{"rendered":"<p>Acc\u00e9l\u00e9rez votre processus d&rsquo;arriv\u00e9e et profitez d&rsquo;un enregistrement sans effort, chez Electra Hotels &amp; Resorts ! ENREGISTREMENT EN LIGNE ENREGISTREMENT EN LIGNE ENREGISTREMENT EN LIGNE ENREGISTREMENT EN LIGNE ENREGISTREMENT EN LIGNE ENREGISTREMENT EN LIGNE<\/p>\n","protected":false},"author":1,"featured_media":0,"parent":0,"menu_order":0,"comment_status":"closed","ping_status":"closed","template":"","meta":{"_acf_changed":false,"footnotes":""},"page_tag":[],"class_list":["post-10372","page","type-page","status-publish","hentry"],"acf":[],"yoast_head":"<!-- This site is optimized with the Yoast SEO plugin v27.3 - https:\/\/yoast.com\/product\/yoast-seo-wordpress\/ -->\n<title>Enregistrement en ligne - Electra Hotels &amp; Resorts<\/title>\n<meta name=\"description\" content=\"Gagnez un temps pr\u00e9cieux \u00e0 votre arriv\u00e9e en utilisant notre service pratique d&#039;enregistrement en ligne pour une proc\u00e9dure d&#039;enregistrement simple et sans contact.\" \/>\n<meta name=\"robots\" content=\"index, follow, max-snippet:-1, max-image-preview:large, max-video-preview:-1\" \/>\n<link rel=\"canonical\" href=\"https:\/\/www.electrahotels.gr\/fr\/enregistrement-en-ligne\/\" \/>\n<meta property=\"og:locale\" content=\"fr_FR\" \/>\n<meta property=\"og:type\" content=\"article\" \/>\n<meta property=\"og:title\" content=\"Enregistrement en ligne - Electra Hotels &amp; Resorts\" \/>\n<meta property=\"og:description\" content=\"Gagnez un temps pr\u00e9cieux \u00e0 votre arriv\u00e9e en utilisant notre service pratique d&#039;enregistrement en ligne pour une proc\u00e9dure d&#039;enregistrement simple et sans contact.\" \/>\n<meta property=\"og:url\" content=\"https:\/\/www.electrahotels.gr\/fr\/enregistrement-en-ligne\/\" \/>\n<meta property=\"og:site_name\" content=\"Electra Hotels &amp; Resorts\" \/>\n<meta property=\"article:modified_time\" content=\"2024-03-06T09:18:44+00:00\" \/>\n<meta property=\"og:image\" content=\"https:\/\/www.electrahotels.gr\/app\/uploads\/2021\/10\/1-EXTERIOR-MAIN-1_optimized-900x678-1-1.jpg\" \/>\n<meta name=\"twitter:card\" content=\"summary_large_image\" \/>\n<meta name=\"twitter:label1\" content=\"Dur\u00e9e de lecture estim\u00e9e\" \/>\n\t<meta name=\"twitter:data1\" content=\"3 minutes\" \/>\n<script type=\"application\/ld+json\" class=\"yoast-schema-graph\">{\"@context\":\"https:\\\/\\\/schema.org\",\"@graph\":[{\"@type\":\"WebPage\",\"@id\":\"https:\\\/\\\/www.electrahotels.gr\\\/fr\\\/enregistrement-en-ligne\\\/\",\"url\":\"https:\\\/\\\/www.electrahotels.gr\\\/fr\\\/enregistrement-en-ligne\\\/\",\"name\":\"Enregistrement en ligne - Electra Hotels &amp; Resorts\",\"isPartOf\":{\"@id\":\"https:\\\/\\\/www.electrahotels.gr\\\/fr\\\/#website\"},\"primaryImageOfPage\":{\"@id\":\"https:\\\/\\\/www.electrahotels.gr\\\/fr\\\/enregistrement-en-ligne\\\/#primaryimage\"},\"image\":{\"@id\":\"https:\\\/\\\/www.electrahotels.gr\\\/fr\\\/enregistrement-en-ligne\\\/#primaryimage\"},\"thumbnailUrl\":\"https:\\\/\\\/www.electrahotels.gr\\\/app\\\/uploads\\\/2021\\\/10\\\/1-EXTERIOR-MAIN-1_optimized-900x678-1-1.jpg\",\"datePublished\":\"2021-11-26T14:49:09+00:00\",\"dateModified\":\"2024-03-06T09:18:44+00:00\",\"description\":\"Gagnez un temps pr\u00e9cieux \u00e0 votre arriv\u00e9e en utilisant notre service pratique d'enregistrement en ligne pour une proc\u00e9dure d'enregistrement simple et sans contact.\",\"breadcrumb\":{\"@id\":\"https:\\\/\\\/www.electrahotels.gr\\\/fr\\\/enregistrement-en-ligne\\\/#breadcrumb\"},\"inLanguage\":\"fr-FR\",\"potentialAction\":[{\"@type\":\"ReadAction\",\"target\":[\"https:\\\/\\\/www.electrahotels.gr\\\/fr\\\/enregistrement-en-ligne\\\/\"]}]},{\"@type\":\"ImageObject\",\"inLanguage\":\"fr-FR\",\"@id\":\"https:\\\/\\\/www.electrahotels.gr\\\/fr\\\/enregistrement-en-ligne\\\/#primaryimage\",\"url\":\"https:\\\/\\\/www.electrahotels.gr\\\/app\\\/uploads\\\/2021\\\/10\\\/1-EXTERIOR-MAIN-1_optimized-900x678-1-1.jpg\",\"contentUrl\":\"https:\\\/\\\/www.electrahotels.gr\\\/app\\\/uploads\\\/2021\\\/10\\\/1-EXTERIOR-MAIN-1_optimized-900x678-1-1.jpg\"},{\"@type\":\"BreadcrumbList\",\"@id\":\"https:\\\/\\\/www.electrahotels.gr\\\/fr\\\/enregistrement-en-ligne\\\/#breadcrumb\",\"itemListElement\":[{\"@type\":\"ListItem\",\"position\":1,\"name\":\"Home\",\"item\":\"https:\\\/\\\/www.electrahotels.gr\\\/fr\\\/\"},{\"@type\":\"ListItem\",\"position\":2,\"name\":\"Enregistrement en ligne\"}]},{\"@type\":\"WebSite\",\"@id\":\"https:\\\/\\\/www.electrahotels.gr\\\/fr\\\/#website\",\"url\":\"https:\\\/\\\/www.electrahotels.gr\\\/fr\\\/\",\"name\":\"Electra Hotels &amp; Resorts\",\"description\":\"A group of luxury hotels in Athens, Thessaloniki, Rhodes and Kefalonia committed to offering quality hospitality, service and luxury\",\"potentialAction\":[{\"@type\":\"SearchAction\",\"target\":{\"@type\":\"EntryPoint\",\"urlTemplate\":\"https:\\\/\\\/www.electrahotels.gr\\\/fr\\\/?s={search_term_string}\"},\"query-input\":{\"@type\":\"PropertyValueSpecification\",\"valueRequired\":true,\"valueName\":\"search_term_string\"}}],\"inLanguage\":\"fr-FR\"}]}<\/script>\n<!-- \/ Yoast SEO plugin. -->","yoast_head_json":{"title":"Enregistrement en ligne - Electra Hotels &amp; Resorts","description":"Gagnez un temps pr\u00e9cieux \u00e0 votre arriv\u00e9e en utilisant notre service pratique d'enregistrement en ligne pour une proc\u00e9dure d'enregistrement simple et sans contact.","robots":{"index":"index","follow":"follow","max-snippet":"max-snippet:-1","max-image-preview":"max-image-preview:large","max-video-preview":"max-video-preview:-1"},"canonical":"https:\/\/www.electrahotels.gr\/fr\/enregistrement-en-ligne\/","og_locale":"fr_FR","og_type":"article","og_title":"Enregistrement en ligne - Electra Hotels &amp; Resorts","og_description":"Gagnez un temps pr\u00e9cieux \u00e0 votre arriv\u00e9e en utilisant notre service pratique d'enregistrement en ligne pour une proc\u00e9dure d'enregistrement simple et sans contact.","og_url":"https:\/\/www.electrahotels.gr\/fr\/enregistrement-en-ligne\/","og_site_name":"Electra Hotels &amp; Resorts","article_modified_time":"2024-03-06T09:18:44+00:00","og_image":[{"url":"https:\/\/www.electrahotels.gr\/app\/uploads\/2021\/10\/1-EXTERIOR-MAIN-1_optimized-900x678-1-1.jpg","type":"","width":"","height":""}],"twitter_card":"summary_large_image","twitter_misc":{"Dur\u00e9e de lecture estim\u00e9e":"3 minutes"},"schema":{"@context":"https:\/\/schema.org","@graph":[{"@type":"WebPage","@id":"https:\/\/www.electrahotels.gr\/fr\/enregistrement-en-ligne\/","url":"https:\/\/www.electrahotels.gr\/fr\/enregistrement-en-ligne\/","name":"Enregistrement en ligne - Electra Hotels &amp; Resorts","isPartOf":{"@id":"https:\/\/www.electrahotels.gr\/fr\/#website"},"primaryImageOfPage":{"@id":"https:\/\/www.electrahotels.gr\/fr\/enregistrement-en-ligne\/#primaryimage"},"image":{"@id":"https:\/\/www.electrahotels.gr\/fr\/enregistrement-en-ligne\/#primaryimage"},"thumbnailUrl":"https:\/\/www.electrahotels.gr\/app\/uploads\/2021\/10\/1-EXTERIOR-MAIN-1_optimized-900x678-1-1.jpg","datePublished":"2021-11-26T14:49:09+00:00","dateModified":"2024-03-06T09:18:44+00:00","description":"Gagnez un temps pr\u00e9cieux \u00e0 votre arriv\u00e9e en utilisant notre service pratique d'enregistrement en ligne pour une proc\u00e9dure d'enregistrement simple et sans contact.","breadcrumb":{"@id":"https:\/\/www.electrahotels.gr\/fr\/enregistrement-en-ligne\/#breadcrumb"},"inLanguage":"fr-FR","potentialAction":[{"@type":"ReadAction","target":["https:\/\/www.electrahotels.gr\/fr\/enregistrement-en-ligne\/"]}]},{"@type":"ImageObject","inLanguage":"fr-FR","@id":"https:\/\/www.electrahotels.gr\/fr\/enregistrement-en-ligne\/#primaryimage","url":"https:\/\/www.electrahotels.gr\/app\/uploads\/2021\/10\/1-EXTERIOR-MAIN-1_optimized-900x678-1-1.jpg","contentUrl":"https:\/\/www.electrahotels.gr\/app\/uploads\/2021\/10\/1-EXTERIOR-MAIN-1_optimized-900x678-1-1.jpg"},{"@type":"BreadcrumbList","@id":"https:\/\/www.electrahotels.gr\/fr\/enregistrement-en-ligne\/#breadcrumb","itemListElement":[{"@type":"ListItem","position":1,"name":"Home","item":"https:\/\/www.electrahotels.gr\/fr\/"},{"@type":"ListItem","position":2,"name":"Enregistrement en ligne"}]},{"@type":"WebSite","@id":"https:\/\/www.electrahotels.gr\/fr\/#website","url":"https:\/\/www.electrahotels.gr\/fr\/","name":"Electra Hotels &amp; Resorts","description":"A group of luxury hotels in Athens, Thessaloniki, Rhodes and Kefalonia committed to offering quality hospitality, service and luxury","potentialAction":[{"@type":"SearchAction","target":{"@type":"EntryPoint","urlTemplate":"https:\/\/www.electrahotels.gr\/fr\/?s={search_term_string}"},"query-input":{"@type":"PropertyValueSpecification","valueRequired":true,"valueName":"search_term_string"}}],"inLanguage":"fr-FR"}]}},"_links":{"self":[{"href":"https:\/\/www.electrahotels.gr\/fr\/wp-json\/wp\/v2\/pages\/10372","targetHints":{"allow":["GET"]}}],"collection":[{"href":"https:\/\/www.electrahotels.gr\/fr\/wp-json\/wp\/v2\/pages"}],"about":[{"href":"https:\/\/www.electrahotels.gr\/fr\/wp-json\/wp\/v2\/types\/page"}],"author":[{"embeddable":true,"href":"https:\/\/www.electrahotels.gr\/fr\/wp-json\/wp\/v2\/users\/1"}],"replies":[{"embeddable":true,"href":"https:\/\/www.electrahotels.gr\/fr\/wp-json\/wp\/v2\/comments?post=10372"}],"version-history":[{"count":10,"href":"https:\/\/www.electrahotels.gr\/fr\/wp-json\/wp\/v2\/pages\/10372\/revisions"}],"predecessor-version":[{"id":46890,"href":"https:\/\/www.electrahotels.gr\/fr\/wp-json\/wp\/v2\/pages\/10372\/revisions\/46890"}],"wp:attachment":[{"href":"https:\/\/www.electrahotels.gr\/fr\/wp-json\/wp\/v2\/media?parent=10372"}],"wp:term":[{"taxonomy":"page_tag","embeddable":true,"href":"https:\/\/www.electrahotels.gr\/fr\/wp-json\/wp\/v2\/page_tag?post=10372"}],"curies":[{"name":"wp","href":"https:\/\/api.w.org\/{rel}","templated":true}]}}