{"id":10398,"date":"2021-11-26T17:01:32","date_gmt":"2021-11-26T15:01:32","guid":{"rendered":"https:\/\/www.electrahotels.gr\/nos-hotels\/electra-palace-athenes\/reunions-et-evenements\/"},"modified":"2025-04-09T11:21:04","modified_gmt":"2025-04-09T08:21:04","slug":"reunions-et-evenements","status":"publish","type":"page","link":"https:\/\/www.electrahotels.gr\/fr\/nos-hotels\/electra-palace-athenes\/reunions-et-evenements\/","title":{"rendered":"R\u00e9unions et \u00e9v\u00e9nements"},"content":{"rendered":"\r\n<p>L&rsquo;h\u00f4tel offre une proposition id\u00e9ale pour les banquets, les \u00e9v\u00e9nements professionnels ou les conf\u00e9rences, en plein c\u0153ur historique de la ville. Profitez d&rsquo;un service cinq \u00e9toiles dans l&rsquo;une de nos six salles de r\u00e9union. Enti\u00e8rement \u00e9quip\u00e9s, climatis\u00e9s et \u00e9clair\u00e9s par la lumi\u00e8re naturelle (pour la majorit\u00e9 d&rsquo;entre eux), avec une ambiance que l&rsquo;on ne retrouve nulle part ailleurs dans la ville, le cadre est id\u00e9al pour vivre une exp\u00e9rience unique. Avec une conception suffisamment flexible pour couvrir tout, des petites r\u00e9unions aux grands \u00e9v\u00e9nements jusqu&rsquo;\u00e0 260 personnes, nous sommes pr\u00eats \u00e0 r\u00e9pondre \u00e0 toute demande individuelle.<\/p>\r\n","protected":false},"excerpt":{"rendered":"<p>L&rsquo;h\u00f4tel offre une proposition id\u00e9ale pour les banquets, les \u00e9v\u00e9nements professionnels ou les conf\u00e9rences, en plein c\u0153ur historique de la ville. Profitez d&rsquo;un service cinq \u00e9toiles dans l&rsquo;une de nos six salles de r\u00e9union. Enti\u00e8rement \u00e9quip\u00e9s, climatis\u00e9s et \u00e9clair\u00e9s par la lumi\u00e8re naturelle (pour la majorit\u00e9 d&rsquo;entre eux), avec une ambiance que l&rsquo;on ne retrouve<\/p>\n","protected":false},"author":1,"featured_media":52521,"parent":10340,"menu_order":0,"comment_status":"closed","ping_status":"closed","template":"page-templates\/events.php","meta":{"_acf_changed":false,"footnotes":""},"page_tag":[],"class_list":["post-10398","page","type-page","status-publish","has-post-thumbnail","hentry"],"acf":[],"yoast_head":"<!-- This site is optimized with the Yoast SEO plugin v27.4 - https:\/\/yoast.com\/product\/yoast-seo-wordpress\/ -->\n<title>Les meilleurs h\u00f4tels de conf\u00e9rence \u00e0 Ath\u00e8nes, Plaka || Electra Palace Athens<\/title>\n<meta name=\"description\" content=\"Ceux qui recherchent les meilleurs h\u00f4tels de conf\u00e9rence d&#039;Ath\u00e8nes, Plaka, trouveront un service cinq \u00e9toiles dans l&#039;une des six salles de r\u00e9union enti\u00e8rement \u00e9quip\u00e9es de l&#039;Electra Palace Hotel.\" \/>\n<meta name=\"robots\" content=\"index, follow, max-snippet:-1, max-image-preview:large, max-video-preview:-1\" \/>\n<link rel=\"canonical\" href=\"https:\/\/www.electrahotels.gr\/fr\/nos-hotels\/electra-palace-athenes\/reunions-et-evenements\/\" \/>\n<meta property=\"og:locale\" content=\"fr_FR\" \/>\n<meta property=\"og:type\" content=\"article\" \/>\n<meta property=\"og:title\" content=\"Les meilleurs h\u00f4tels de conf\u00e9rence \u00e0 Ath\u00e8nes, Plaka || Electra Palace Athens\" \/>\n<meta property=\"og:description\" content=\"Ceux qui recherchent les meilleurs h\u00f4tels de conf\u00e9rence d&#039;Ath\u00e8nes, Plaka, trouveront un service cinq \u00e9toiles dans l&#039;une des six salles de r\u00e9union enti\u00e8rement \u00e9quip\u00e9es de l&#039;Electra Palace Hotel.\" \/>\n<meta property=\"og:url\" content=\"https:\/\/www.electrahotels.gr\/fr\/nos-hotels\/electra-palace-athenes\/reunions-et-evenements\/\" \/>\n<meta property=\"og:site_name\" content=\"Electra Hotels &amp; Resorts\" \/>\n<meta property=\"article:modified_time\" content=\"2025-04-09T08:21:04+00:00\" \/>\n<meta property=\"og:image\" content=\"https:\/\/www.electrahotels.gr\/app\/uploads\/2025\/04\/electra-palace-business.jpg\" \/>\n\t<meta property=\"og:image:width\" content=\"1294\" \/>\n\t<meta property=\"og:image:height\" content=\"1500\" \/>\n\t<meta property=\"og:image:type\" content=\"image\/jpeg\" \/>\n<meta name=\"twitter:card\" content=\"summary_large_image\" \/>\n<meta name=\"twitter:label1\" content=\"Dur\u00e9e de lecture estim\u00e9e\" \/>\n\t<meta name=\"twitter:data1\" content=\"1 minute\" \/>\n<script type=\"application\/ld+json\" class=\"yoast-schema-graph\">{\"@context\":\"https:\\\/\\\/schema.org\",\"@graph\":[{\"@type\":\"WebPage\",\"@id\":\"https:\\\/\\\/www.electrahotels.gr\\\/fr\\\/nos-hotels\\\/electra-palace-athenes\\\/reunions-et-evenements\\\/\",\"url\":\"https:\\\/\\\/www.electrahotels.gr\\\/fr\\\/nos-hotels\\\/electra-palace-athenes\\\/reunions-et-evenements\\\/\",\"name\":\"Les meilleurs h\u00f4tels de conf\u00e9rence \u00e0 Ath\u00e8nes, Plaka || Electra Palace Athens\",\"isPartOf\":{\"@id\":\"https:\\\/\\\/www.electrahotels.gr\\\/fr\\\/#website\"},\"primaryImageOfPage\":{\"@id\":\"https:\\\/\\\/www.electrahotels.gr\\\/fr\\\/nos-hotels\\\/electra-palace-athenes\\\/reunions-et-evenements\\\/#primaryimage\"},\"image\":{\"@id\":\"https:\\\/\\\/www.electrahotels.gr\\\/fr\\\/nos-hotels\\\/electra-palace-athenes\\\/reunions-et-evenements\\\/#primaryimage\"},\"thumbnailUrl\":\"https:\\\/\\\/www.electrahotels.gr\\\/app\\\/uploads\\\/2025\\\/04\\\/electra-palace-business.jpg\",\"datePublished\":\"2021-11-26T15:01:32+00:00\",\"dateModified\":\"2025-04-09T08:21:04+00:00\",\"description\":\"Ceux qui recherchent les meilleurs h\u00f4tels de conf\u00e9rence d'Ath\u00e8nes, Plaka, trouveront un service cinq \u00e9toiles dans l'une des six salles de r\u00e9union enti\u00e8rement \u00e9quip\u00e9es de l'Electra Palace Hotel.\",\"breadcrumb\":{\"@id\":\"https:\\\/\\\/www.electrahotels.gr\\\/fr\\\/nos-hotels\\\/electra-palace-athenes\\\/reunions-et-evenements\\\/#breadcrumb\"},\"inLanguage\":\"fr-FR\",\"potentialAction\":[{\"@type\":\"ReadAction\",\"target\":[\"https:\\\/\\\/www.electrahotels.gr\\\/fr\\\/nos-hotels\\\/electra-palace-athenes\\\/reunions-et-evenements\\\/\"]}]},{\"@type\":\"ImageObject\",\"inLanguage\":\"fr-FR\",\"@id\":\"https:\\\/\\\/www.electrahotels.gr\\\/fr\\\/nos-hotels\\\/electra-palace-athenes\\\/reunions-et-evenements\\\/#primaryimage\",\"url\":\"https:\\\/\\\/www.electrahotels.gr\\\/app\\\/uploads\\\/2025\\\/04\\\/electra-palace-business.jpg\",\"contentUrl\":\"https:\\\/\\\/www.electrahotels.gr\\\/app\\\/uploads\\\/2025\\\/04\\\/electra-palace-business.jpg\",\"width\":1294,\"height\":1500},{\"@type\":\"BreadcrumbList\",\"@id\":\"https:\\\/\\\/www.electrahotels.gr\\\/fr\\\/nos-hotels\\\/electra-palace-athenes\\\/reunions-et-evenements\\\/#breadcrumb\",\"itemListElement\":[{\"@type\":\"ListItem\",\"position\":1,\"name\":\"Home\",\"item\":\"https:\\\/\\\/www.electrahotels.gr\\\/fr\\\/\"},{\"@type\":\"ListItem\",\"position\":2,\"name\":\"Nos h\u00f4tels\",\"item\":\"https:\\\/\\\/www.electrahotels.gr\\\/fr\\\/nos-hotels\\\/\"},{\"@type\":\"ListItem\",\"position\":3,\"name\":\"Electra Palace Ath\u00e8nes\",\"item\":\"https:\\\/\\\/www.electrahotels.gr\\\/fr\\\/nos-hotels\\\/electra-palace-athenes\\\/\"},{\"@type\":\"ListItem\",\"position\":4,\"name\":\"R\u00e9unions et \u00e9v\u00e9nements\"}]},{\"@type\":\"WebSite\",\"@id\":\"https:\\\/\\\/www.electrahotels.gr\\\/fr\\\/#website\",\"url\":\"https:\\\/\\\/www.electrahotels.gr\\\/fr\\\/\",\"name\":\"Electra Hotels &amp; Resorts\",\"description\":\"A group of luxury hotels in Athens, Thessaloniki, Rhodes and Kefalonia committed to offering quality hospitality, service and luxury\",\"potentialAction\":[{\"@type\":\"SearchAction\",\"target\":{\"@type\":\"EntryPoint\",\"urlTemplate\":\"https:\\\/\\\/www.electrahotels.gr\\\/fr\\\/?s={search_term_string}\"},\"query-input\":{\"@type\":\"PropertyValueSpecification\",\"valueRequired\":true,\"valueName\":\"search_term_string\"}}],\"inLanguage\":\"fr-FR\"}]}<\/script>\n<!-- \/ Yoast SEO plugin. -->","yoast_head_json":{"title":"Les meilleurs h\u00f4tels de conf\u00e9rence \u00e0 Ath\u00e8nes, Plaka || Electra Palace Athens","description":"Ceux qui recherchent les meilleurs h\u00f4tels de conf\u00e9rence d'Ath\u00e8nes, Plaka, trouveront un service cinq \u00e9toiles dans l'une des six salles de r\u00e9union enti\u00e8rement \u00e9quip\u00e9es de l'Electra Palace Hotel.","robots":{"index":"index","follow":"follow","max-snippet":"max-snippet:-1","max-image-preview":"max-image-preview:large","max-video-preview":"max-video-preview:-1"},"canonical":"https:\/\/www.electrahotels.gr\/fr\/nos-hotels\/electra-palace-athenes\/reunions-et-evenements\/","og_locale":"fr_FR","og_type":"article","og_title":"Les meilleurs h\u00f4tels de conf\u00e9rence \u00e0 Ath\u00e8nes, Plaka || Electra Palace Athens","og_description":"Ceux qui recherchent les meilleurs h\u00f4tels de conf\u00e9rence d'Ath\u00e8nes, Plaka, trouveront un service cinq \u00e9toiles dans l'une des six salles de r\u00e9union enti\u00e8rement \u00e9quip\u00e9es de l'Electra Palace Hotel.","og_url":"https:\/\/www.electrahotels.gr\/fr\/nos-hotels\/electra-palace-athenes\/reunions-et-evenements\/","og_site_name":"Electra Hotels &amp; Resorts","article_modified_time":"2025-04-09T08:21:04+00:00","og_image":[{"width":1294,"height":1500,"url":"https:\/\/www.electrahotels.gr\/app\/uploads\/2025\/04\/electra-palace-business.jpg","type":"image\/jpeg"}],"twitter_card":"summary_large_image","twitter_misc":{"Dur\u00e9e de lecture estim\u00e9e":"1 minute"},"schema":{"@context":"https:\/\/schema.org","@graph":[{"@type":"WebPage","@id":"https:\/\/www.electrahotels.gr\/fr\/nos-hotels\/electra-palace-athenes\/reunions-et-evenements\/","url":"https:\/\/www.electrahotels.gr\/fr\/nos-hotels\/electra-palace-athenes\/reunions-et-evenements\/","name":"Les meilleurs h\u00f4tels de conf\u00e9rence \u00e0 Ath\u00e8nes, Plaka || Electra Palace Athens","isPartOf":{"@id":"https:\/\/www.electrahotels.gr\/fr\/#website"},"primaryImageOfPage":{"@id":"https:\/\/www.electrahotels.gr\/fr\/nos-hotels\/electra-palace-athenes\/reunions-et-evenements\/#primaryimage"},"image":{"@id":"https:\/\/www.electrahotels.gr\/fr\/nos-hotels\/electra-palace-athenes\/reunions-et-evenements\/#primaryimage"},"thumbnailUrl":"https:\/\/www.electrahotels.gr\/app\/uploads\/2025\/04\/electra-palace-business.jpg","datePublished":"2021-11-26T15:01:32+00:00","dateModified":"2025-04-09T08:21:04+00:00","description":"Ceux qui recherchent les meilleurs h\u00f4tels de conf\u00e9rence d'Ath\u00e8nes, Plaka, trouveront un service cinq \u00e9toiles dans l'une des six salles de r\u00e9union enti\u00e8rement \u00e9quip\u00e9es de l'Electra Palace Hotel.","breadcrumb":{"@id":"https:\/\/www.electrahotels.gr\/fr\/nos-hotels\/electra-palace-athenes\/reunions-et-evenements\/#breadcrumb"},"inLanguage":"fr-FR","potentialAction":[{"@type":"ReadAction","target":["https:\/\/www.electrahotels.gr\/fr\/nos-hotels\/electra-palace-athenes\/reunions-et-evenements\/"]}]},{"@type":"ImageObject","inLanguage":"fr-FR","@id":"https:\/\/www.electrahotels.gr\/fr\/nos-hotels\/electra-palace-athenes\/reunions-et-evenements\/#primaryimage","url":"https:\/\/www.electrahotels.gr\/app\/uploads\/2025\/04\/electra-palace-business.jpg","contentUrl":"https:\/\/www.electrahotels.gr\/app\/uploads\/2025\/04\/electra-palace-business.jpg","width":1294,"height":1500},{"@type":"BreadcrumbList","@id":"https:\/\/www.electrahotels.gr\/fr\/nos-hotels\/electra-palace-athenes\/reunions-et-evenements\/#breadcrumb","itemListElement":[{"@type":"ListItem","position":1,"name":"Home","item":"https:\/\/www.electrahotels.gr\/fr\/"},{"@type":"ListItem","position":2,"name":"Nos h\u00f4tels","item":"https:\/\/www.electrahotels.gr\/fr\/nos-hotels\/"},{"@type":"ListItem","position":3,"name":"Electra Palace Ath\u00e8nes","item":"https:\/\/www.electrahotels.gr\/fr\/nos-hotels\/electra-palace-athenes\/"},{"@type":"ListItem","position":4,"name":"R\u00e9unions et \u00e9v\u00e9nements"}]},{"@type":"WebSite","@id":"https:\/\/www.electrahotels.gr\/fr\/#website","url":"https:\/\/www.electrahotels.gr\/fr\/","name":"Electra Hotels &amp; Resorts","description":"A group of luxury hotels in Athens, Thessaloniki, Rhodes and Kefalonia committed to offering quality hospitality, service and luxury","potentialAction":[{"@type":"SearchAction","target":{"@type":"EntryPoint","urlTemplate":"https:\/\/www.electrahotels.gr\/fr\/?s={search_term_string}"},"query-input":{"@type":"PropertyValueSpecification","valueRequired":true,"valueName":"search_term_string"}}],"inLanguage":"fr-FR"}]}},"_links":{"self":[{"href":"https:\/\/www.electrahotels.gr\/fr\/wp-json\/wp\/v2\/pages\/10398","targetHints":{"allow":["GET"]}}],"collection":[{"href":"https:\/\/www.electrahotels.gr\/fr\/wp-json\/wp\/v2\/pages"}],"about":[{"href":"https:\/\/www.electrahotels.gr\/fr\/wp-json\/wp\/v2\/types\/page"}],"author":[{"embeddable":true,"href":"https:\/\/www.electrahotels.gr\/fr\/wp-json\/wp\/v2\/users\/1"}],"replies":[{"embeddable":true,"href":"https:\/\/www.electrahotels.gr\/fr\/wp-json\/wp\/v2\/comments?post=10398"}],"version-history":[{"count":8,"href":"https:\/\/www.electrahotels.gr\/fr\/wp-json\/wp\/v2\/pages\/10398\/revisions"}],"predecessor-version":[{"id":52614,"href":"https:\/\/www.electrahotels.gr\/fr\/wp-json\/wp\/v2\/pages\/10398\/revisions\/52614"}],"up":[{"embeddable":true,"href":"https:\/\/www.electrahotels.gr\/fr\/wp-json\/wp\/v2\/pages\/10340"}],"wp:featuredmedia":[{"embeddable":true,"href":"https:\/\/www.electrahotels.gr\/fr\/wp-json\/wp\/v2\/media\/52521"}],"wp:attachment":[{"href":"https:\/\/www.electrahotels.gr\/fr\/wp-json\/wp\/v2\/media?parent=10398"}],"wp:term":[{"taxonomy":"page_tag","embeddable":true,"href":"https:\/\/www.electrahotels.gr\/fr\/wp-json\/wp\/v2\/page_tag?post=10398"}],"curies":[{"name":"wp","href":"https:\/\/api.w.org\/{rel}","templated":true}]}}