{"id":10400,"date":"2021-11-26T17:01:32","date_gmt":"2021-11-26T15:01:32","guid":{"rendered":"https:\/\/www.electrahotels.gr\/nos-hotels\/electra-palace-thessalonique\/activites-a-faire\/"},"modified":"2024-07-31T10:04:17","modified_gmt":"2024-07-31T07:04:17","slug":"notre-site","status":"publish","type":"page","link":"https:\/\/www.electrahotels.gr\/fr\/nos-hotels\/electra-palace-thessalonique\/notre-site\/","title":{"rendered":"Notre Site"},"content":{"rendered":"\n<p>Riche en histoire, en culture et en beaut\u00e9, Thessalonique est l&rsquo;une des destinations que l&rsquo;on ne cesse de visiter. Des mus\u00e9es fascinants, d&rsquo;innombrables monuments de toutes les p\u00e9riodes historiques, une sc\u00e8ne culinaire complexe, une vie nocturne anim\u00e9e et une \u00e9tonnante promenade le long de la mer font de cette ville un coup de c\u0153ur facile. Et l&rsquo;Electra Palace Thessalonique est au centre de tout cela !  <\/p>\n\n\n\n<p><\/p>\n","protected":false},"excerpt":{"rendered":"<p>Riche en histoire, en culture et en beaut\u00e9, Thessalonique est l&rsquo;une des destinations que l&rsquo;on ne cesse de visiter. Des mus\u00e9es fascinants, d&rsquo;innombrables monuments de toutes les p\u00e9riodes historiques, une sc\u00e8ne culinaire complexe, une vie nocturne anim\u00e9e et une \u00e9tonnante promenade le long de la mer font de cette ville un coup de c\u0153ur facile.<\/p>\n","protected":false},"author":1,"featured_media":48852,"parent":10349,"menu_order":0,"comment_status":"closed","ping_status":"closed","template":"page-templates\/single-restaurant.php","meta":{"_acf_changed":false,"footnotes":""},"page_tag":[],"class_list":["post-10400","page","type-page","status-publish","has-post-thumbnail","hentry"],"acf":[],"yoast_head":"<!-- This site is optimized with the Yoast SEO plugin v27.4 - https:\/\/yoast.com\/product\/yoast-seo-wordpress\/ -->\n<title>Top things to do in Thessaloniki || Electra Palace Thessaloniki<\/title>\n<meta name=\"description\" content=\"Notre ville est une ville baln\u00e9aire anim\u00e9e, remplie d&#039;images et de sons passionnants, de jour comme de nuit. Profitez de notre avis local sur les meilleures choses \u00e0 faire dans le centre de Thessalonique.\" \/>\n<meta name=\"robots\" content=\"index, follow, max-snippet:-1, max-image-preview:large, max-video-preview:-1\" \/>\n<link rel=\"canonical\" href=\"https:\/\/www.electrahotels.gr\/fr\/nos-hotels\/electra-palace-thessalonique\/notre-site\/\" \/>\n<meta property=\"og:locale\" content=\"fr_FR\" \/>\n<meta property=\"og:type\" content=\"article\" \/>\n<meta property=\"og:title\" content=\"Top things to do in Thessaloniki || Electra Palace Thessaloniki\" \/>\n<meta property=\"og:description\" content=\"Notre ville est une ville baln\u00e9aire anim\u00e9e, remplie d&#039;images et de sons passionnants, de jour comme de nuit. Profitez de notre avis local sur les meilleures choses \u00e0 faire dans le centre de Thessalonique.\" \/>\n<meta property=\"og:url\" content=\"https:\/\/www.electrahotels.gr\/fr\/nos-hotels\/electra-palace-thessalonique\/notre-site\/\" \/>\n<meta property=\"og:site_name\" content=\"Electra Hotels &amp; Resorts\" \/>\n<meta property=\"article:modified_time\" content=\"2024-07-31T07:04:17+00:00\" \/>\n<meta property=\"og:image\" content=\"https:\/\/www.electrahotels.gr\/app\/uploads\/2024\/06\/9K6A6963_ok-1-2500px-copy-900x600.jpg\" \/>\n\t<meta property=\"og:image:width\" content=\"900\" \/>\n\t<meta property=\"og:image:height\" content=\"600\" \/>\n\t<meta property=\"og:image:type\" content=\"image\/jpeg\" \/>\n<meta name=\"twitter:card\" content=\"summary_large_image\" \/>\n<meta name=\"twitter:label1\" content=\"Dur\u00e9e de lecture estim\u00e9e\" \/>\n\t<meta name=\"twitter:data1\" content=\"1 minute\" \/>\n<script type=\"application\/ld+json\" class=\"yoast-schema-graph\">{\"@context\":\"https:\\\/\\\/schema.org\",\"@graph\":[{\"@type\":\"WebPage\",\"@id\":\"https:\\\/\\\/www.electrahotels.gr\\\/fr\\\/nos-hotels\\\/electra-palace-thessalonique\\\/notre-site\\\/\",\"url\":\"https:\\\/\\\/www.electrahotels.gr\\\/fr\\\/nos-hotels\\\/electra-palace-thessalonique\\\/notre-site\\\/\",\"name\":\"Top things to do in Thessaloniki || Electra Palace Thessaloniki\",\"isPartOf\":{\"@id\":\"https:\\\/\\\/www.electrahotels.gr\\\/fr\\\/#website\"},\"primaryImageOfPage\":{\"@id\":\"https:\\\/\\\/www.electrahotels.gr\\\/fr\\\/nos-hotels\\\/electra-palace-thessalonique\\\/notre-site\\\/#primaryimage\"},\"image\":{\"@id\":\"https:\\\/\\\/www.electrahotels.gr\\\/fr\\\/nos-hotels\\\/electra-palace-thessalonique\\\/notre-site\\\/#primaryimage\"},\"thumbnailUrl\":\"https:\\\/\\\/www.electrahotels.gr\\\/app\\\/uploads\\\/2024\\\/06\\\/9K6A6963_ok-1-2500px-copy.jpg\",\"datePublished\":\"2021-11-26T15:01:32+00:00\",\"dateModified\":\"2024-07-31T07:04:17+00:00\",\"description\":\"Notre ville est une ville baln\u00e9aire anim\u00e9e, remplie d'images et de sons passionnants, de jour comme de nuit. Profitez de notre avis local sur les meilleures choses \u00e0 faire dans le centre de Thessalonique.\",\"breadcrumb\":{\"@id\":\"https:\\\/\\\/www.electrahotels.gr\\\/fr\\\/nos-hotels\\\/electra-palace-thessalonique\\\/notre-site\\\/#breadcrumb\"},\"inLanguage\":\"fr-FR\",\"potentialAction\":[{\"@type\":\"ReadAction\",\"target\":[\"https:\\\/\\\/www.electrahotels.gr\\\/fr\\\/nos-hotels\\\/electra-palace-thessalonique\\\/notre-site\\\/\"]}]},{\"@type\":\"ImageObject\",\"inLanguage\":\"fr-FR\",\"@id\":\"https:\\\/\\\/www.electrahotels.gr\\\/fr\\\/nos-hotels\\\/electra-palace-thessalonique\\\/notre-site\\\/#primaryimage\",\"url\":\"https:\\\/\\\/www.electrahotels.gr\\\/app\\\/uploads\\\/2024\\\/06\\\/9K6A6963_ok-1-2500px-copy.jpg\",\"contentUrl\":\"https:\\\/\\\/www.electrahotels.gr\\\/app\\\/uploads\\\/2024\\\/06\\\/9K6A6963_ok-1-2500px-copy.jpg\",\"width\":2500,\"height\":1667},{\"@type\":\"BreadcrumbList\",\"@id\":\"https:\\\/\\\/www.electrahotels.gr\\\/fr\\\/nos-hotels\\\/electra-palace-thessalonique\\\/notre-site\\\/#breadcrumb\",\"itemListElement\":[{\"@type\":\"ListItem\",\"position\":1,\"name\":\"Home\",\"item\":\"https:\\\/\\\/www.electrahotels.gr\\\/fr\\\/\"},{\"@type\":\"ListItem\",\"position\":2,\"name\":\"Nos h\u00f4tels\",\"item\":\"https:\\\/\\\/www.electrahotels.gr\\\/fr\\\/nos-hotels\\\/\"},{\"@type\":\"ListItem\",\"position\":3,\"name\":\"Electra Palace Thessalonique\",\"item\":\"https:\\\/\\\/www.electrahotels.gr\\\/fr\\\/nos-hotels\\\/electra-palace-thessalonique\\\/\"},{\"@type\":\"ListItem\",\"position\":4,\"name\":\"Notre Site\"}]},{\"@type\":\"WebSite\",\"@id\":\"https:\\\/\\\/www.electrahotels.gr\\\/fr\\\/#website\",\"url\":\"https:\\\/\\\/www.electrahotels.gr\\\/fr\\\/\",\"name\":\"Electra Hotels &amp; Resorts\",\"description\":\"A group of luxury hotels in Athens, Thessaloniki, Rhodes and Kefalonia committed to offering quality hospitality, service and luxury\",\"potentialAction\":[{\"@type\":\"SearchAction\",\"target\":{\"@type\":\"EntryPoint\",\"urlTemplate\":\"https:\\\/\\\/www.electrahotels.gr\\\/fr\\\/?s={search_term_string}\"},\"query-input\":{\"@type\":\"PropertyValueSpecification\",\"valueRequired\":true,\"valueName\":\"search_term_string\"}}],\"inLanguage\":\"fr-FR\"}]}<\/script>\n<!-- \/ Yoast SEO plugin. -->","yoast_head_json":{"title":"Top things to do in Thessaloniki || Electra Palace Thessaloniki","description":"Notre ville est une ville baln\u00e9aire anim\u00e9e, remplie d'images et de sons passionnants, de jour comme de nuit. Profitez de notre avis local sur les meilleures choses \u00e0 faire dans le centre de Thessalonique.","robots":{"index":"index","follow":"follow","max-snippet":"max-snippet:-1","max-image-preview":"max-image-preview:large","max-video-preview":"max-video-preview:-1"},"canonical":"https:\/\/www.electrahotels.gr\/fr\/nos-hotels\/electra-palace-thessalonique\/notre-site\/","og_locale":"fr_FR","og_type":"article","og_title":"Top things to do in Thessaloniki || Electra Palace Thessaloniki","og_description":"Notre ville est une ville baln\u00e9aire anim\u00e9e, remplie d'images et de sons passionnants, de jour comme de nuit. Profitez de notre avis local sur les meilleures choses \u00e0 faire dans le centre de Thessalonique.","og_url":"https:\/\/www.electrahotels.gr\/fr\/nos-hotels\/electra-palace-thessalonique\/notre-site\/","og_site_name":"Electra Hotels &amp; Resorts","article_modified_time":"2024-07-31T07:04:17+00:00","og_image":[{"width":900,"height":600,"url":"https:\/\/www.electrahotels.gr\/app\/uploads\/2024\/06\/9K6A6963_ok-1-2500px-copy-900x600.jpg","type":"image\/jpeg"}],"twitter_card":"summary_large_image","twitter_misc":{"Dur\u00e9e de lecture estim\u00e9e":"1 minute"},"schema":{"@context":"https:\/\/schema.org","@graph":[{"@type":"WebPage","@id":"https:\/\/www.electrahotels.gr\/fr\/nos-hotels\/electra-palace-thessalonique\/notre-site\/","url":"https:\/\/www.electrahotels.gr\/fr\/nos-hotels\/electra-palace-thessalonique\/notre-site\/","name":"Top things to do in Thessaloniki || Electra Palace Thessaloniki","isPartOf":{"@id":"https:\/\/www.electrahotels.gr\/fr\/#website"},"primaryImageOfPage":{"@id":"https:\/\/www.electrahotels.gr\/fr\/nos-hotels\/electra-palace-thessalonique\/notre-site\/#primaryimage"},"image":{"@id":"https:\/\/www.electrahotels.gr\/fr\/nos-hotels\/electra-palace-thessalonique\/notre-site\/#primaryimage"},"thumbnailUrl":"https:\/\/www.electrahotels.gr\/app\/uploads\/2024\/06\/9K6A6963_ok-1-2500px-copy.jpg","datePublished":"2021-11-26T15:01:32+00:00","dateModified":"2024-07-31T07:04:17+00:00","description":"Notre ville est une ville baln\u00e9aire anim\u00e9e, remplie d'images et de sons passionnants, de jour comme de nuit. Profitez de notre avis local sur les meilleures choses \u00e0 faire dans le centre de Thessalonique.","breadcrumb":{"@id":"https:\/\/www.electrahotels.gr\/fr\/nos-hotels\/electra-palace-thessalonique\/notre-site\/#breadcrumb"},"inLanguage":"fr-FR","potentialAction":[{"@type":"ReadAction","target":["https:\/\/www.electrahotels.gr\/fr\/nos-hotels\/electra-palace-thessalonique\/notre-site\/"]}]},{"@type":"ImageObject","inLanguage":"fr-FR","@id":"https:\/\/www.electrahotels.gr\/fr\/nos-hotels\/electra-palace-thessalonique\/notre-site\/#primaryimage","url":"https:\/\/www.electrahotels.gr\/app\/uploads\/2024\/06\/9K6A6963_ok-1-2500px-copy.jpg","contentUrl":"https:\/\/www.electrahotels.gr\/app\/uploads\/2024\/06\/9K6A6963_ok-1-2500px-copy.jpg","width":2500,"height":1667},{"@type":"BreadcrumbList","@id":"https:\/\/www.electrahotels.gr\/fr\/nos-hotels\/electra-palace-thessalonique\/notre-site\/#breadcrumb","itemListElement":[{"@type":"ListItem","position":1,"name":"Home","item":"https:\/\/www.electrahotels.gr\/fr\/"},{"@type":"ListItem","position":2,"name":"Nos h\u00f4tels","item":"https:\/\/www.electrahotels.gr\/fr\/nos-hotels\/"},{"@type":"ListItem","position":3,"name":"Electra Palace Thessalonique","item":"https:\/\/www.electrahotels.gr\/fr\/nos-hotels\/electra-palace-thessalonique\/"},{"@type":"ListItem","position":4,"name":"Notre Site"}]},{"@type":"WebSite","@id":"https:\/\/www.electrahotels.gr\/fr\/#website","url":"https:\/\/www.electrahotels.gr\/fr\/","name":"Electra Hotels &amp; Resorts","description":"A group of luxury hotels in Athens, Thessaloniki, Rhodes and Kefalonia committed to offering quality hospitality, service and luxury","potentialAction":[{"@type":"SearchAction","target":{"@type":"EntryPoint","urlTemplate":"https:\/\/www.electrahotels.gr\/fr\/?s={search_term_string}"},"query-input":{"@type":"PropertyValueSpecification","valueRequired":true,"valueName":"search_term_string"}}],"inLanguage":"fr-FR"}]}},"_links":{"self":[{"href":"https:\/\/www.electrahotels.gr\/fr\/wp-json\/wp\/v2\/pages\/10400","targetHints":{"allow":["GET"]}}],"collection":[{"href":"https:\/\/www.electrahotels.gr\/fr\/wp-json\/wp\/v2\/pages"}],"about":[{"href":"https:\/\/www.electrahotels.gr\/fr\/wp-json\/wp\/v2\/types\/page"}],"author":[{"embeddable":true,"href":"https:\/\/www.electrahotels.gr\/fr\/wp-json\/wp\/v2\/users\/1"}],"replies":[{"embeddable":true,"href":"https:\/\/www.electrahotels.gr\/fr\/wp-json\/wp\/v2\/comments?post=10400"}],"version-history":[{"count":10,"href":"https:\/\/www.electrahotels.gr\/fr\/wp-json\/wp\/v2\/pages\/10400\/revisions"}],"predecessor-version":[{"id":49296,"href":"https:\/\/www.electrahotels.gr\/fr\/wp-json\/wp\/v2\/pages\/10400\/revisions\/49296"}],"up":[{"embeddable":true,"href":"https:\/\/www.electrahotels.gr\/fr\/wp-json\/wp\/v2\/pages\/10349"}],"wp:featuredmedia":[{"embeddable":true,"href":"https:\/\/www.electrahotels.gr\/fr\/wp-json\/wp\/v2\/media\/48852"}],"wp:attachment":[{"href":"https:\/\/www.electrahotels.gr\/fr\/wp-json\/wp\/v2\/media?parent=10400"}],"wp:term":[{"taxonomy":"page_tag","embeddable":true,"href":"https:\/\/www.electrahotels.gr\/fr\/wp-json\/wp\/v2\/page_tag?post=10400"}],"curies":[{"name":"wp","href":"https:\/\/api.w.org\/{rel}","templated":true}]}}