{"id":10402,"date":"2021-11-26T17:01:32","date_gmt":"2021-11-26T15:01:32","guid":{"rendered":"https:\/\/www.electrahotels.gr\/nos-hotels\/electra-palace-rhodes\/restaurants-et-bars\/"},"modified":"2025-01-15T11:14:36","modified_gmt":"2025-01-15T09:14:36","slug":"restaurants-et-bars","status":"publish","type":"page","link":"https:\/\/www.electrahotels.gr\/fr\/nos-hotels\/electra-palace-rhodes\/restaurants-et-bars\/","title":{"rendered":"Restaurants et bars"},"content":{"rendered":"\r\n<p>D\u00e9couvrez nos nouveaux points de vente F&amp;B !<\/p>\r\n","protected":false},"excerpt":{"rendered":"<p>D\u00e9couvrez nos nouveaux points de vente F&amp;B !<\/p>\n","protected":false},"author":1,"featured_media":9158,"parent":10346,"menu_order":0,"comment_status":"closed","ping_status":"closed","template":"page-templates\/restaurants.php","meta":{"_acf_changed":false,"footnotes":""},"page_tag":[],"class_list":["post-10402","page","type-page","status-publish","has-post-thumbnail","hentry"],"acf":[],"yoast_head":"<!-- This site is optimized with the Yoast SEO plugin v27.4 - https:\/\/yoast.com\/product\/yoast-seo-wordpress\/ -->\n<title>D\u00eener dans les meilleurs restaurants de Rhodes || Electra Palace Rhodes<\/title>\n<meta name=\"description\" content=\"Savourez un monde de saveurs d\u00e9lectables gr\u00e2ce aux exp\u00e9riences gastronomiques raffin\u00e9es que vous pourrez vivre dans certains des meilleurs restaurants de Rhodes, situ\u00e9s \u00e0 l&#039;Electra Palace.\" \/>\n<meta name=\"robots\" content=\"index, follow, max-snippet:-1, max-image-preview:large, max-video-preview:-1\" \/>\n<link rel=\"canonical\" href=\"https:\/\/www.electrahotels.gr\/fr\/nos-hotels\/electra-palace-rhodes\/restaurants-et-bars\/\" \/>\n<meta property=\"og:locale\" content=\"fr_FR\" \/>\n<meta property=\"og:type\" content=\"article\" \/>\n<meta property=\"og:title\" content=\"D\u00eener dans les meilleurs restaurants de Rhodes || Electra Palace Rhodes\" \/>\n<meta property=\"og:description\" content=\"Savourez un monde de saveurs d\u00e9lectables gr\u00e2ce aux exp\u00e9riences gastronomiques raffin\u00e9es que vous pourrez vivre dans certains des meilleurs restaurants de Rhodes, situ\u00e9s \u00e0 l&#039;Electra Palace.\" \/>\n<meta property=\"og:url\" content=\"https:\/\/www.electrahotels.gr\/fr\/nos-hotels\/electra-palace-rhodes\/restaurants-et-bars\/\" \/>\n<meta property=\"og:site_name\" content=\"Electra Hotels &amp; Resorts\" \/>\n<meta property=\"article:modified_time\" content=\"2025-01-15T09:14:36+00:00\" \/>\n<meta property=\"og:image\" content=\"https:\/\/www.electrahotels.gr\/app\/uploads\/2021\/04\/electra-rhodes-pool-bar-3_resized.jpg\" \/>\n\t<meta property=\"og:image:width\" content=\"1920\" \/>\n\t<meta property=\"og:image:height\" content=\"1279\" \/>\n\t<meta property=\"og:image:type\" content=\"image\/jpeg\" \/>\n<meta name=\"twitter:card\" content=\"summary_large_image\" \/>\n<meta name=\"twitter:label1\" content=\"Dur\u00e9e de lecture estim\u00e9e\" \/>\n\t<meta name=\"twitter:data1\" content=\"1 minute\" \/>\n<script type=\"application\/ld+json\" class=\"yoast-schema-graph\">{\"@context\":\"https:\\\/\\\/schema.org\",\"@graph\":[{\"@type\":\"WebPage\",\"@id\":\"https:\\\/\\\/www.electrahotels.gr\\\/fr\\\/nos-hotels\\\/electra-palace-rhodes\\\/restaurants-et-bars\\\/\",\"url\":\"https:\\\/\\\/www.electrahotels.gr\\\/fr\\\/nos-hotels\\\/electra-palace-rhodes\\\/restaurants-et-bars\\\/\",\"name\":\"D\u00eener dans les meilleurs restaurants de Rhodes || Electra Palace Rhodes\",\"isPartOf\":{\"@id\":\"https:\\\/\\\/www.electrahotels.gr\\\/fr\\\/#website\"},\"primaryImageOfPage\":{\"@id\":\"https:\\\/\\\/www.electrahotels.gr\\\/fr\\\/nos-hotels\\\/electra-palace-rhodes\\\/restaurants-et-bars\\\/#primaryimage\"},\"image\":{\"@id\":\"https:\\\/\\\/www.electrahotels.gr\\\/fr\\\/nos-hotels\\\/electra-palace-rhodes\\\/restaurants-et-bars\\\/#primaryimage\"},\"thumbnailUrl\":\"https:\\\/\\\/www.electrahotels.gr\\\/app\\\/uploads\\\/2021\\\/04\\\/electra-rhodes-pool-bar-3_resized.jpg\",\"datePublished\":\"2021-11-26T15:01:32+00:00\",\"dateModified\":\"2025-01-15T09:14:36+00:00\",\"description\":\"Savourez un monde de saveurs d\u00e9lectables gr\u00e2ce aux exp\u00e9riences gastronomiques raffin\u00e9es que vous pourrez vivre dans certains des meilleurs restaurants de Rhodes, situ\u00e9s \u00e0 l'Electra Palace.\",\"breadcrumb\":{\"@id\":\"https:\\\/\\\/www.electrahotels.gr\\\/fr\\\/nos-hotels\\\/electra-palace-rhodes\\\/restaurants-et-bars\\\/#breadcrumb\"},\"inLanguage\":\"fr-FR\",\"potentialAction\":[{\"@type\":\"ReadAction\",\"target\":[\"https:\\\/\\\/www.electrahotels.gr\\\/fr\\\/nos-hotels\\\/electra-palace-rhodes\\\/restaurants-et-bars\\\/\"]}]},{\"@type\":\"ImageObject\",\"inLanguage\":\"fr-FR\",\"@id\":\"https:\\\/\\\/www.electrahotels.gr\\\/fr\\\/nos-hotels\\\/electra-palace-rhodes\\\/restaurants-et-bars\\\/#primaryimage\",\"url\":\"https:\\\/\\\/www.electrahotels.gr\\\/app\\\/uploads\\\/2021\\\/04\\\/electra-rhodes-pool-bar-3_resized.jpg\",\"contentUrl\":\"https:\\\/\\\/www.electrahotels.gr\\\/app\\\/uploads\\\/2021\\\/04\\\/electra-rhodes-pool-bar-3_resized.jpg\",\"width\":1920,\"height\":1279},{\"@type\":\"BreadcrumbList\",\"@id\":\"https:\\\/\\\/www.electrahotels.gr\\\/fr\\\/nos-hotels\\\/electra-palace-rhodes\\\/restaurants-et-bars\\\/#breadcrumb\",\"itemListElement\":[{\"@type\":\"ListItem\",\"position\":1,\"name\":\"Home\",\"item\":\"https:\\\/\\\/www.electrahotels.gr\\\/fr\\\/\"},{\"@type\":\"ListItem\",\"position\":2,\"name\":\"Nos h\u00f4tels\",\"item\":\"https:\\\/\\\/www.electrahotels.gr\\\/fr\\\/nos-hotels\\\/\"},{\"@type\":\"ListItem\",\"position\":3,\"name\":\"Electra Palace Rhodes\",\"item\":\"https:\\\/\\\/www.electrahotels.gr\\\/fr\\\/nos-hotels\\\/electra-palace-rhodes\\\/\"},{\"@type\":\"ListItem\",\"position\":4,\"name\":\"Restaurants et bars\"}]},{\"@type\":\"WebSite\",\"@id\":\"https:\\\/\\\/www.electrahotels.gr\\\/fr\\\/#website\",\"url\":\"https:\\\/\\\/www.electrahotels.gr\\\/fr\\\/\",\"name\":\"Electra Hotels &amp; Resorts\",\"description\":\"A group of luxury hotels in Athens, Thessaloniki, Rhodes and Kefalonia committed to offering quality hospitality, service and luxury\",\"potentialAction\":[{\"@type\":\"SearchAction\",\"target\":{\"@type\":\"EntryPoint\",\"urlTemplate\":\"https:\\\/\\\/www.electrahotels.gr\\\/fr\\\/?s={search_term_string}\"},\"query-input\":{\"@type\":\"PropertyValueSpecification\",\"valueRequired\":true,\"valueName\":\"search_term_string\"}}],\"inLanguage\":\"fr-FR\"}]}<\/script>\n<!-- \/ Yoast SEO plugin. -->","yoast_head_json":{"title":"D\u00eener dans les meilleurs restaurants de Rhodes || Electra Palace Rhodes","description":"Savourez un monde de saveurs d\u00e9lectables gr\u00e2ce aux exp\u00e9riences gastronomiques raffin\u00e9es que vous pourrez vivre dans certains des meilleurs restaurants de Rhodes, situ\u00e9s \u00e0 l'Electra Palace.","robots":{"index":"index","follow":"follow","max-snippet":"max-snippet:-1","max-image-preview":"max-image-preview:large","max-video-preview":"max-video-preview:-1"},"canonical":"https:\/\/www.electrahotels.gr\/fr\/nos-hotels\/electra-palace-rhodes\/restaurants-et-bars\/","og_locale":"fr_FR","og_type":"article","og_title":"D\u00eener dans les meilleurs restaurants de Rhodes || Electra Palace Rhodes","og_description":"Savourez un monde de saveurs d\u00e9lectables gr\u00e2ce aux exp\u00e9riences gastronomiques raffin\u00e9es que vous pourrez vivre dans certains des meilleurs restaurants de Rhodes, situ\u00e9s \u00e0 l'Electra Palace.","og_url":"https:\/\/www.electrahotels.gr\/fr\/nos-hotels\/electra-palace-rhodes\/restaurants-et-bars\/","og_site_name":"Electra Hotels &amp; Resorts","article_modified_time":"2025-01-15T09:14:36+00:00","og_image":[{"width":1920,"height":1279,"url":"https:\/\/www.electrahotels.gr\/app\/uploads\/2021\/04\/electra-rhodes-pool-bar-3_resized.jpg","type":"image\/jpeg"}],"twitter_card":"summary_large_image","twitter_misc":{"Dur\u00e9e de lecture estim\u00e9e":"1 minute"},"schema":{"@context":"https:\/\/schema.org","@graph":[{"@type":"WebPage","@id":"https:\/\/www.electrahotels.gr\/fr\/nos-hotels\/electra-palace-rhodes\/restaurants-et-bars\/","url":"https:\/\/www.electrahotels.gr\/fr\/nos-hotels\/electra-palace-rhodes\/restaurants-et-bars\/","name":"D\u00eener dans les meilleurs restaurants de Rhodes || Electra Palace Rhodes","isPartOf":{"@id":"https:\/\/www.electrahotels.gr\/fr\/#website"},"primaryImageOfPage":{"@id":"https:\/\/www.electrahotels.gr\/fr\/nos-hotels\/electra-palace-rhodes\/restaurants-et-bars\/#primaryimage"},"image":{"@id":"https:\/\/www.electrahotels.gr\/fr\/nos-hotels\/electra-palace-rhodes\/restaurants-et-bars\/#primaryimage"},"thumbnailUrl":"https:\/\/www.electrahotels.gr\/app\/uploads\/2021\/04\/electra-rhodes-pool-bar-3_resized.jpg","datePublished":"2021-11-26T15:01:32+00:00","dateModified":"2025-01-15T09:14:36+00:00","description":"Savourez un monde de saveurs d\u00e9lectables gr\u00e2ce aux exp\u00e9riences gastronomiques raffin\u00e9es que vous pourrez vivre dans certains des meilleurs restaurants de Rhodes, situ\u00e9s \u00e0 l'Electra Palace.","breadcrumb":{"@id":"https:\/\/www.electrahotels.gr\/fr\/nos-hotels\/electra-palace-rhodes\/restaurants-et-bars\/#breadcrumb"},"inLanguage":"fr-FR","potentialAction":[{"@type":"ReadAction","target":["https:\/\/www.electrahotels.gr\/fr\/nos-hotels\/electra-palace-rhodes\/restaurants-et-bars\/"]}]},{"@type":"ImageObject","inLanguage":"fr-FR","@id":"https:\/\/www.electrahotels.gr\/fr\/nos-hotels\/electra-palace-rhodes\/restaurants-et-bars\/#primaryimage","url":"https:\/\/www.electrahotels.gr\/app\/uploads\/2021\/04\/electra-rhodes-pool-bar-3_resized.jpg","contentUrl":"https:\/\/www.electrahotels.gr\/app\/uploads\/2021\/04\/electra-rhodes-pool-bar-3_resized.jpg","width":1920,"height":1279},{"@type":"BreadcrumbList","@id":"https:\/\/www.electrahotels.gr\/fr\/nos-hotels\/electra-palace-rhodes\/restaurants-et-bars\/#breadcrumb","itemListElement":[{"@type":"ListItem","position":1,"name":"Home","item":"https:\/\/www.electrahotels.gr\/fr\/"},{"@type":"ListItem","position":2,"name":"Nos h\u00f4tels","item":"https:\/\/www.electrahotels.gr\/fr\/nos-hotels\/"},{"@type":"ListItem","position":3,"name":"Electra Palace Rhodes","item":"https:\/\/www.electrahotels.gr\/fr\/nos-hotels\/electra-palace-rhodes\/"},{"@type":"ListItem","position":4,"name":"Restaurants et bars"}]},{"@type":"WebSite","@id":"https:\/\/www.electrahotels.gr\/fr\/#website","url":"https:\/\/www.electrahotels.gr\/fr\/","name":"Electra Hotels &amp; Resorts","description":"A group of luxury hotels in Athens, Thessaloniki, Rhodes and Kefalonia committed to offering quality hospitality, service and luxury","potentialAction":[{"@type":"SearchAction","target":{"@type":"EntryPoint","urlTemplate":"https:\/\/www.electrahotels.gr\/fr\/?s={search_term_string}"},"query-input":{"@type":"PropertyValueSpecification","valueRequired":true,"valueName":"search_term_string"}}],"inLanguage":"fr-FR"}]}},"_links":{"self":[{"href":"https:\/\/www.electrahotels.gr\/fr\/wp-json\/wp\/v2\/pages\/10402","targetHints":{"allow":["GET"]}}],"collection":[{"href":"https:\/\/www.electrahotels.gr\/fr\/wp-json\/wp\/v2\/pages"}],"about":[{"href":"https:\/\/www.electrahotels.gr\/fr\/wp-json\/wp\/v2\/types\/page"}],"author":[{"embeddable":true,"href":"https:\/\/www.electrahotels.gr\/fr\/wp-json\/wp\/v2\/users\/1"}],"replies":[{"embeddable":true,"href":"https:\/\/www.electrahotels.gr\/fr\/wp-json\/wp\/v2\/comments?post=10402"}],"version-history":[{"count":10,"href":"https:\/\/www.electrahotels.gr\/fr\/wp-json\/wp\/v2\/pages\/10402\/revisions"}],"predecessor-version":[{"id":36961,"href":"https:\/\/www.electrahotels.gr\/fr\/wp-json\/wp\/v2\/pages\/10402\/revisions\/36961"}],"up":[{"embeddable":true,"href":"https:\/\/www.electrahotels.gr\/fr\/wp-json\/wp\/v2\/pages\/10346"}],"wp:featuredmedia":[{"embeddable":true,"href":"https:\/\/www.electrahotels.gr\/fr\/wp-json\/wp\/v2\/media\/9158"}],"wp:attachment":[{"href":"https:\/\/www.electrahotels.gr\/fr\/wp-json\/wp\/v2\/media?parent=10402"}],"wp:term":[{"taxonomy":"page_tag","embeddable":true,"href":"https:\/\/www.electrahotels.gr\/fr\/wp-json\/wp\/v2\/page_tag?post=10402"}],"curies":[{"name":"wp","href":"https:\/\/api.w.org\/{rel}","templated":true}]}}